{"id":10137,"date":"2024-07-18T11:47:44","date_gmt":"2024-07-18T14:47:44","guid":{"rendered":"https:\/\/wp.ufpel.edu.br\/ppgbiotec\/?page_id=10137"},"modified":"2024-07-18T12:36:06","modified_gmt":"2024-07-18T15:36:06","slug":"patentes-concedidas-ano-de-2022","status":"publish","type":"page","link":"https:\/\/wp.ufpel.edu.br\/ppgbiotec\/patentes-concedidas-ano-de-2022\/","title":{"rendered":"Patentes concedidas &#8211; ano de 2022"},"content":{"rendered":"<p style=\"text-align: center;\"><span style=\"color: #000000;\">Patentes <strong>concedidas<\/strong> no ano de 2022 \u2013 INPI \u2013 Instituto Nacional da Propriedade Industrial<\/span><\/p>\n<p><span style=\"font-size: 10pt; color: #000000;\">PEREIRA, C. M. P.; TUCHTENHAGEN, C. P. ; BECKER, E. M. ; RITTER, M. ; GONCALVES, P. R. ; PIVA, E. ; MARTINS, R. M. ; PACHECO, BRUNA SILVEIRA ; OLIVEIRA, M. ; ROSA, W. L. . <strong>APLICA\u00c7\u00c3O DE CHALCONAS COMO REAGENTE ANTIOXIDANTE EM BIODIESEL<\/strong>. 2013, Brasil. Patente: Privil\u00e9gio de Inova\u00e7\u00e3o. N\u00famero do registro: BR 10 2013 030049 7, t\u00edtulo: &#8220;APLICA\u00c7\u00c3O DE CHALCONAS COMO REAGENTE ANTIOXIDANTE EM BIODIESEL&#8221; , Institui\u00e7\u00e3o de registro: INPI &#8211; Instituto Nacional da Propriedade Industrial. Dep\u00f3sito: 22\/11\/2013; Concess\u00e3o: 13\/09\/2022.<\/span><\/p>\n<hr \/>\n<p><span style=\"font-size: 10pt; color: #000000;\">LEON, P.M. ; CAMPOS, VINICIUS FARIAS ; SEIXAS, FABIANA K\u00d6MMLING ; DESCHAMPS, JO\u00c3O CARLOS ; COLLARES, TIAGO . <strong>METODOLOGIA DE AVALIA\u00c7\u00c3O DE TOXICIDADE DE ONCOF\u00c1RMACOS E DE NANOESTRUTURAS EM O\u00d3CITOS E EMBRI\u00d5ES BOVINOS<\/strong>. 2014, Brasil. Patente: Privil\u00e9gio de Inova\u00e7\u00e3o. N\u00famero do registro: BR 10 2014 016268 2, t\u00edtulo: &#8220;Metodologia de avalia\u00e7\u00e3o de toxicidade de oncof\u00e1rmacos e de nanoestruturas em o\u00f3citos e embri\u00f5es bovinos&#8221;, Institui\u00e7\u00e3o de registro: INPI &#8211; Instituto Nacional da Propriedade Industrial. Dep\u00f3sito: 30\/06\/2014; Concess\u00e3o: 13\/12\/2022.<\/span><\/p>\n<hr \/>\n<p><span style=\"font-size: 10pt; color: #000000;\">CAMPOS, V.F. ; SIMIONATTO, SIMONE ; SEIXAS, FABIANA K. ; DELLAGOSTIN, O. A. ; COLLARES, T. . <strong>SEQUENCIA DE DNA RECOMBINANTE PARA PRODU\u00c7\u00c3O DE ERITROPOETINA RECOMBINANTE EM GALINHAS TRANSG\u00caNICAS<\/strong>. 2012, Brasil. Patente: Privil\u00e9gio de Inova\u00e7\u00e3o. N\u00famero do registro: BR 10 2012 021811 9, t\u00edtulo: &#8220;Sequencia de DNA recombinante para produ\u00e7\u00e3o de eritropoetina recombinante em galinhas transg\u00eanicas&#8221; , Institui\u00e7\u00e3o de registro: INPI &#8211; Instituto Nacional da Propriedade Industrial. Dep\u00f3sito: 30\/08\/2012; Concess\u00e3o: 07\/06\/2022.<\/span><\/p>\n","protected":false},"excerpt":{"rendered":"<p>Patentes concedidas no ano de 2022 \u2013 INPI \u2013 Instituto Nacional da Propriedade Industrial PEREIRA, C. M. P.; TUCHTENHAGEN, C. P. ; BECKER, E. M. ; RITTER, M. ; GONCALVES, P. R. ; PIVA, E. ; MARTINS, R. M. ; PACHECO, BRUNA SILVEIRA ; OLIVEIRA, M. ; ROSA, W. L. . APLICA\u00c7\u00c3O DE CHALCONAS COMO [&hellip;]<\/p>\n","protected":false},"author":735,"featured_media":0,"parent":0,"menu_order":0,"comment_status":"closed","ping_status":"closed","template":"","meta":{"jetpack_post_was_ever_published":false,"footnotes":""},"class_list":["post-10137","page","type-page","status-publish","hentry"],"jetpack_sharing_enabled":true,"_links":{"self":[{"href":"https:\/\/wp.ufpel.edu.br\/ppgbiotec\/wp-json\/wp\/v2\/pages\/10137","targetHints":{"allow":["GET"]}}],"collection":[{"href":"https:\/\/wp.ufpel.edu.br\/ppgbiotec\/wp-json\/wp\/v2\/pages"}],"about":[{"href":"https:\/\/wp.ufpel.edu.br\/ppgbiotec\/wp-json\/wp\/v2\/types\/page"}],"author":[{"embeddable":true,"href":"https:\/\/wp.ufpel.edu.br\/ppgbiotec\/wp-json\/wp\/v2\/users\/735"}],"replies":[{"embeddable":true,"href":"https:\/\/wp.ufpel.edu.br\/ppgbiotec\/wp-json\/wp\/v2\/comments?post=10137"}],"version-history":[{"count":4,"href":"https:\/\/wp.ufpel.edu.br\/ppgbiotec\/wp-json\/wp\/v2\/pages\/10137\/revisions"}],"predecessor-version":[{"id":10158,"href":"https:\/\/wp.ufpel.edu.br\/ppgbiotec\/wp-json\/wp\/v2\/pages\/10137\/revisions\/10158"}],"wp:attachment":[{"href":"https:\/\/wp.ufpel.edu.br\/ppgbiotec\/wp-json\/wp\/v2\/media?parent=10137"}],"curies":[{"name":"wp","href":"https:\/\/api.w.org\/{rel}","templated":true}]}}