{"id":10134,"date":"2024-07-18T11:46:40","date_gmt":"2024-07-18T14:46:40","guid":{"rendered":"https:\/\/wp.ufpel.edu.br\/ppgbiotec\/?page_id=10134"},"modified":"2024-07-18T14:13:50","modified_gmt":"2024-07-18T17:13:50","slug":"patentes-depositadas-ano-de-2022","status":"publish","type":"page","link":"https:\/\/wp.ufpel.edu.br\/ppgbiotec\/patentes-depositadas-ano-de-2022\/","title":{"rendered":"Patentes depositadas &#8211; ano de 2022"},"content":{"rendered":"<p style=\"text-align: center;\">Patentes\u00a0<strong>depositadas<\/strong> no ano de 2022 \u2013 INPI \u2013 Instituto Nacional da Propriedade Industrial<\/p>\n<p><span style=\"font-size: 10pt;\">JOSIANE DE OLIVEIRA FEIJ\u00d3; LONDERO, U. S.; CORREA, MARCIO NUNES ; RUBENS ALVES PEREIRA ; PIZONI, C. ; AVILA, M. M. ; DEL PINO, FRANCISCO AUGUSTO BURKERT ; EDUARDO SCHMITT. <strong>ADAPTADOR DO METABOLISMO DE C\u00c1LCIO PARA PREVEN\u00c7\u00c3O DE HIPOCALCEMIA EM VACAS LEITEIRAS<\/strong>. 2022, Brasil. Patente: Privil\u00e9gio de Inova\u00e7\u00e3o. N\u00famero do registro: BR 10 2022 018653 7, t\u00edtulo: &#8220;ADAPTADOR DO METABOLISMO DE C\u00c1LCIO PARA PREVEN\u00c7\u00c3O DE HIPOCALCEMIA EM VACAS LEITEIRAS&#8221;, Institui\u00e7\u00e3o de registro: INPI &#8211; Instituto Nacional da Propriedade Industrial. Dep\u00f3sito: 16\/09\/2022.<\/span><\/p>\n<hr \/>\n<p><span style=\"font-size: 10pt;\">LEITE, FABIO LEIVAS; CONRAD, NEIDA L.; CONCEICAO, FABRICIO; PINTO L. S.; MOREIRA, A. N.; MCBRIDE, ALAN J ; MCBRIDE, A. J. ; DONASSOLO, R. A. ; RODRIGUES, R. R. ; MOREIRA JUNIOR, C.; FERREIRA, M. R. A. ; SANTOS, F. D. S. ; ALVES, M. L. F. . <strong>ANTICORPOS CONTRA EP\u00edTOPOS RECOMBINANTES DE SARS-COV-2 COMO IMUNOBIOL\u00d3GICO PARA TRATAMENTO E PREVEN\u00c7\u00c3O DE COVID-19<\/strong>. 2022, Brasil. Patente: Privil\u00e9gio de Inova\u00e7\u00e3o. N\u00famero do registro: BR 10 2022 006647 7, t\u00edtulo: &#8220;ANTICORPOS CONTRA EP\u00edTOPOS RECOMBINANTES DE SARS-COV-2 COMO IMUNOBIOL\u00d3GICO PARA TRATAMENTO E PREVEN\u00c7\u00c3O DE COVID-19&#8221;, Institui\u00e7\u00e3o de registro: INPI &#8211; Instituto Nacional da Propriedade Industrial. Dep\u00f3sito: 06\/04\/2022.<\/span><\/p>\n<hr \/>\n<p><span style=\"font-size: 10pt;\">KREMER, F. S.; GUIDOTTI, I. L . <strong>BAMBU<\/strong>. 2022. Patente: Programa de Computador. N\u00famero do registro: BR 51 2022 001543 9, data de registro: 27\/06\/2022, t\u00edtulo: &#8220;Bambu&#8221;, Institui\u00e7\u00e3o de registro: INPI &#8211; Instituto Nacional da Propriedade Industrial.<\/span><\/p>\n<hr \/>\n<p><span style=\"font-size: 10pt;\">GUIDONI, L.L.C.; CORR\u00caA, E.K.; MONCKS, P.C.S.; LUCIA, T. JR. . <strong>COMPOSTEIRA ROTATIVA DE REATOR DUPLO COM MONITORAMENTO E REGISTRO DE TEMPERATURA ELETR\u00d4NICO REMOTO ALIMENTADO POR PAINEL FOTOVOLTAICO<\/strong>. 2022, Brasil.\u00a0 Patente: Privil\u00e9gio de Inova\u00e7\u00e3o. N\u00famero do registro: BR 10 2022 020088 2, t\u00edtulo: &#8220;Composteira rotativa de reator duplo com monitoramento e registro de temperatura eletr\u00f4nico remoto alimentado por painel fotovoltaico&#8221;, Institui\u00e7\u00e3o de registro: INPI &#8211; Instituto Nacional da Propriedade Industrial. Dep\u00f3sito: 08\/07\/2022.<\/span><\/p>\n<hr \/>\n<p><span style=\"font-size: 10pt;\">DELLAGOSTIN, O. A.; SEIXAS, F. K.; BORSUK, S.; COLLARES, T.; OLIVEIRA, T. L. ; HARTWIG, D. D. ; SILVA, M. T. O. . <strong>CONSTRU\u00c7\u00c3O DE PROT\u00d3TIPOS VACINAIS BASEADOS EM BCG RECOMBINANTE EXPRESSANDO ANT\u00cdGENOS DE SARS-CoV-2<\/strong>. 2022, Brasil. Patente: Privil\u00e9gio de Inova\u00e7\u00e3o. N\u00famero do registro: BR 10 2022 013392 1, t\u00edtulo: &#8220;Constru\u00e7\u00e3o de prot\u00f3tipos vacinais baseados em BCG recombinante expressando ant\u00edgenos de SARS-CoV-2&#8221;, Institui\u00e7\u00e3o de registro: INPI &#8211; Instituto Nacional da Propriedade Industrial. Dep\u00f3sito: 05\/07\/2022.<\/span><\/p>\n<hr \/>\n<p><span style=\"font-size: 10pt;\">SEIXAS, FABIANA K\u00d6MMLING; ACUNHA, S. T. S.; COLLARES, TIAGO VEIRAS ; BORSUK, SIBELE ; BENDER, C. B. ; SIMOES, L. D. ; SEGATTO, NAT\u00c1LIA VIEIRA ; BARBOSA, T. N. ; BEZERRA, FRANCISCO SILVESTRE BRILHANTE . <strong>CONSTRU\u00c7\u00c3O E APLICA\u00c7\u00c3O DE CEPA RECOMBINANTE DE MYCOBACTERIUM BOVIS BCG EXPRESSANDO A PROTE\u00cdNA 1802 DE CORYNEBACTERIUM PSEUDOTUBERCULOSIS NO TRATAMENTO DE MELANOMA<\/strong>. 2022, Brasil. Patente: Privil\u00e9gio de Inova\u00e7\u00e3o. N\u00famero do registro: BR 10 2022 012884 7, t\u00edtulo: &#8220;Constru\u00e7\u00e3o e aplica\u00e7\u00e3o de cepa recombinante de Mycobacterium bovis BCG expressando a prote\u00edna 1802 de corynebacterium pseudotuberculosis no tratamento de melanoma&#8221;, Institui\u00e7\u00e3o de registro: INPI &#8211; Instituto Nacional da Propriedade Industrial. Dep\u00f3sito: 28\/06\/2022.<\/span><\/p>\n<hr \/>\n<p><span style=\"font-size: 10pt;\">CAMPOS, V. F.; SOUZA, L. P. ; DOMINGUES, W. B. ; NONATO, N. S. ; GONCALVES, L. S. ; ORTIZ, H. G. . <strong>DETEC\u00c7\u00c3O DE PAT\u00d3GENOS CAUSADORES DE TRISTEZA PARASIT\u00c1RIA BOVINA POR MEIO DE PAINEL DE OLIGONUCLEOT\u00cdDEOS SINT\u00c9TICOS LAMP.<\/strong> 2022, Brasil. Patente: Privil\u00e9gio de Inova\u00e7\u00e3o. N\u00famero do registro: BR 10 2022 013337 9, t\u00edtulo: &#8220;Detec\u00e7\u00e3o de pat\u00f3genos causadores de Tristeza Parasit\u00e1ria Bovina por meio de painel de oligonucleot\u00eddeos sint\u00e9ticos LAMP&#8221;, Institui\u00e7\u00e3o de registro: INPI &#8211; Instituto Nacional da Propriedade Industrial. Dep\u00f3sito: 04\/07\/2022.<\/span><\/p>\n<hr \/>\n<p><span style=\"font-size: 10pt;\">GRAMINHO, J. R. ; NUNES, L. S. ; DOMINGUES, W. B. ; CAMPOS, V. F. . <strong>DNA SINT\u00c9TICO RECOMBINANTE PARA GERA\u00c7\u00c3O DE MODELOS TRANSG\u00caNICOS TRANSLACIONAIS<\/strong>. 2022, Brasil. Patente: Privil\u00e9gio de Inova\u00e7\u00e3o. N\u00famero do registro: BR 10 2022 006140 8, t\u00edtulo: &#8220;DNA sint\u00e9tico recombinante para gera\u00e7\u00e3o de modelos transg\u00eanicos translacionais&#8221;, Institui\u00e7\u00e3o de registro: INPI &#8211; Instituto Nacional da Propriedade Industrial. Dep\u00f3sito: 30\/03\/2022.<\/span><\/p>\n<hr \/>\n<p><span style=\"font-size: 10pt;\">NUNES, L. S. ; GRAMINHO, J. R. ; DOMINGUES, W. B. ; CAMPOS, V. F. . <strong>DNA SINT\u00c9TICO RECOMBINANTE PARA MELHORIA DA REGENERA\u00c7\u00c3O TECIDUAL<\/strong>. 2022, Brasil. Patente: Privil\u00e9gio de Inova\u00e7\u00e3o. N\u00famero do registro: BR 10 2022 006108 4, t\u00edtulo: &#8220;DNA sint\u00e9tico recombinante para melhoria da regenera\u00e7\u00e3o tecidual&#8221;, Institui\u00e7\u00e3o de registro: INPI &#8211; Instituto Nacional da Propriedade Industrial. Dep\u00f3sito: 30\/03\/2022.<\/span><\/p>\n<hr \/>\n<p><span style=\"font-size: 10pt;\">DELLAGOSTIN, EDUARDO N. ; NUNES, L. S. ; DOMINGUES, W. B. ; MARTINS, AMANDA W. S. ; CAMPOS, V. F. . <strong>MOL\u00c9CULA DE DNA SINT\u00c9TICO PARA AJUSTE DA OSMORREGULA\u00c7\u00c3O.<\/strong> 2022, Brasil. Patente: Privil\u00e9gio de Inova\u00e7\u00e3o. N\u00famero do registro: BR 10 2022 006111 4, t\u00edtulo: &#8220;Mol\u00e9cula de DNA sint\u00e9tico para ajuste da osmorregula\u00e7\u00e3o&#8221;, Institui\u00e7\u00e3o de registro: INPI &#8211; Instituto Nacional da Propriedade Industrial. Dep\u00f3sito: 30\/03\/2022.<\/span><\/p>\n<hr \/>\n<p><span style=\"font-size: 10pt;\">HARTWIG, D. D.; ALLEND, S. O. ; PANAGIO, L. A. ; NAKAZATO, G. ; REIS, G. F. ; CUNHA, K. F. ; GARCIA, M. O. ; SEIXAS NETO, A. C. P. . <strong>NANOPART\u00cdCULA DE PRATA BIOG\u00caNICA COMBINADA AO MEROPENEM NA PREPARA\u00c7\u00c3O DE MEDICAMENTO ANTIBI\u00d3TICO PARA TRATAR INFEC\u00c7\u00d5ES CAUSADAS POR ACINETOBACTER BAUMANNII MULTIRRESISTENTE<\/strong>. 2022, Brasil. Patente: Privil\u00e9gio de Inova\u00e7\u00e3o. N\u00famero do registro: BR 10 2022 023378 0, t\u00edtulo: &#8220;Nanopart\u00edcula de prata biog\u00eanica combinada ao meropenem na prepara\u00e7\u00e3o de medicamento antibi\u00f3tico para tratar infec\u00e7\u00f5es causadas por Acinetobacter baumannii multirresistente&#8221; , Institui\u00e7\u00e3o de registro: INPI &#8211; Instituto Nacional da Propriedade Industrial. Dep\u00f3sito: 17\/11\/2022.<\/span><\/p>\n<hr \/>\n<p><span style=\"font-size: 10pt;\">CORREA, MARCIO NUNES; GARCIA, C. A. S. C. .<strong> PERS\u00d4METRO.<\/strong> 2022. Patente: Programa de Computador. N\u00famero do registro: BR 51 2022 001751 2, data de registro: 30\/03\/2022, t\u00edtulo: &#8220;Pers\u00f4metro&#8221;, Institui\u00e7\u00e3o de registro: INPI &#8211; Instituto Nacional da Propriedade Industrial.<\/span><\/p>\n<hr \/>\n<p><span style=\"font-size: 10pt;\">CORREA, MARCIO NUNES; PEREIRA, RUBENS ALVES ; FEIJ\u00d3, JOSIANE DE OLIVEIRA ; SILVA, T. C. ; GASPERIN, B. G. ; SANTOS, J. T. ; IZQUIERDO, V. S. ; MARTIN, C. E. G. . <strong>PLATAFORMA POLIM\u00c9RICA INJET\u00c1VEL PARA ADMINISTRA\u00c7\u00c3O SUSTENTADA DE FSH<\/strong>. 2022, Brasil. Patente: Privil\u00e9gio de Inova\u00e7\u00e3o. N\u00famero do registro: BR 10 2022 020676 7, t\u00edtulo: &#8220;Plataforma polim\u00e9rica injet\u00e1vel para administra\u00e7\u00e3o sustentada de FSH&#8221;, Institui\u00e7\u00e3o de registro: INPI &#8211; Instituto Nacional da Propriedade Industrial. Dep\u00f3sito: 11\/10\/2022.<\/span><\/p>\n<hr \/>\n<p><span style=\"font-size: 10pt;\">BLODORN, E. B. ; BORGES DOMINGUES, WILLIAM ; DA SILVEIRA MARTINS, AMANDA WEEGE ; DELLAGOSTIN, E. N. ; CAMPOS, V. F. . <strong>PROCESSO DE DIAGN\u00d3STICO DA TOLER\u00c2NCIA T\u00c9RMICA DE PEIXES ATRAV\u00c9S DE microRNAs.<\/strong> 2022, Brasil. Patente: Privil\u00e9gio de Inova\u00e7\u00e3o. N\u00famero do registro: BR 10 2022 005923 3, t\u00edtulo: &#8220;Processo de diagn\u00f3stico da toler\u00e2ncia t\u00e9rmica de peixes atrav\u00e9s de microRNAs&#8221; , Institui\u00e7\u00e3o de registro: INPI &#8211; Instituto Nacional da Propriedade Industrial. Dep\u00f3sito: 29\/03\/2022.<\/span><\/p>\n<hr \/>\n<p><span style=\"font-size: 10pt;\">PINTO, L. S. ; WOLOSKI, RAFAEL D. S. ; SEIXAS NETO, A. C. P. ; NEIS, A. ; SOUSA, E. G. F. O. ; LIMA, A. C. ; FERREIRA, K. Q. ; KREMER, F. S. . <strong>PROCESSO DE OBTEN\u00c7\u00c3O DE ENDOGLUCANASE RECOMBINANTE<\/strong>. 2022, Brasil. Patente: Privil\u00e9gio de Inova\u00e7\u00e3o. N\u00famero do registro: BR 10 2022 023895 2, t\u00edtulo: &#8220;Processo de obten\u00e7\u00e3o de Endoglucanase recombinante&#8221;, Institui\u00e7\u00e3o de registro: INPI &#8211; Instituto Nacional da Propriedade Industrial. Dep\u00f3sito: 23\/11\/2022.<\/span><\/p>\n<hr \/>\n<p><span style=\"font-size: 10pt;\">CAMPOS, V. F.; ORTIZ, H. G. ; GONCALVES, L. S. ; REIS, L. F. V. ; NASCIMENTO, M. C. ; DOMINGUES, W. B. . <strong>PROCESSO DE SELE\u00c7\u00c3O EPIGEN\u00c9TICA DE BOVINOS PARA PRODU\u00c7\u00c3O DE LEITE POR MEIO DA MEDI\u00c7\u00c3O DE microRNAs<\/strong>. 2022, Brasil. Patente: Privil\u00e9gio de Inova\u00e7\u00e3o. N\u00famero do registro: BR 10 2022 013353 0, t\u00edtulo: &#8220;Processo de sele\u00e7\u00e3o epigen\u00e9tica de bovinos para produ\u00e7\u00e3o de leite por meio da medi\u00e7\u00e3o de microRNAs&#8221;, Institui\u00e7\u00e3o de registro: INPI &#8211; Instituto Nacional da Propriedade Industrial. Dep\u00f3sito: 04\/07\/2022.<\/span><\/p>\n<hr \/>\n<p><span style=\"font-size: 10pt;\">MARTINS, AMANDA S.W. ; DELLAGOSTIN, EDUARDO NUNES ; BL\u00d6DORN, EDUARDO BIERHAUS ; GONCALVES, L. S. ; DOMINGUES, W. B. ; CAMPOS, V. F. . <strong>PROTOCOLO DE SELE\u00c7\u00c3O DE PEIXES COM MELHOR TAXA DE CRESCIMENTO ATRAV\u00c9S DA QUANTIFICA\u00c7\u00c3O DE microRNAs.<\/strong> 2022, Brasil. Patente: Privil\u00e9gio de Inova\u00e7\u00e3o. N\u00famero do registro: BR 10 2022 006144 0, t\u00edtulo: &#8220;Protocolo de sele\u00e7\u00e3o de peixes com melhor taxa de crescimento atrav\u00e9s da quantifica\u00e7\u00e3o de microRNAs&#8221;, Institui\u00e7\u00e3o de registro: INPI &#8211; Instituto Nacional da Propriedade Industrial. Dep\u00f3sito: 30\/03\/2022.<\/span><\/p>\n<hr \/>\n<p><span style=\"font-size: 10pt;\">HARTWIG, D. D.; CUNHA, K. F. ; ALLEND, S. O. ; GARCIA, M. O. ; ALBERNAZ, D\u00c9BORAH TROTA FARIA ; NETO, AMILTON CLAIR PINTO SEIXAS ; PANAGIO, L. A. ; NAKAZATO, G. ; REIS, G. F. . <strong>USO DE NANOPART\u00cdCULA DE PRATA BIOG\u00caNICA COMO ANTIBACTERIANO E ANTIBIOFILME FRENTE STAPHYLOCOCCUS AUREUS E STAPHYLOCOCCUS COAGULASE NEGATIVA MULTI-DROGA RESISTENTES<\/strong>. 2022, Brasil. Patente: Privil\u00e9gio de Inova\u00e7\u00e3o. N\u00famero do registro: BR 10 2022 012715 8, t\u00edtulo: &#8220;Uso de nanopart\u00edcula de prata biog\u00eanica como antibacteriano e antibiofilme frente Staphylococcus aureus e Staphylococcus coagulase negativa multi-droga resistentes&#8221;, Institui\u00e7\u00e3o de registro: INPI &#8211; Instituto Nacional da Propriedade Industrial. Dep\u00f3sito: 24\/06\/2022.<\/span><\/p>\n<hr \/>\n<p><span style=\"font-size: 10pt;\">HARTWIG, D. D.; PEREIRA, C. M. P. ; CUNHA, K. F. ; ROSA, B. N. ; GARCIA, M. O. ; ALLEND, S. O. ; ALBERNAZ, D\u00c9BORAH TROTA FARIA ; SEIXAS NETO, A. C. P. . <strong>USO DO COMPOSTO (2E,5E)-2,5-BIS(4-METHYLBENZYLIDENE) CYCLOPENTANONE (5B) COMO ANTIBACTERIANO<\/strong>. 2022, Brasil. Patente: Privil\u00e9gio de Inova\u00e7\u00e3o. N\u00famero do registro: BR 10 2022 009711 9, t\u00edtulo: &#8220;Uso do composto (2E,5E)-2,5-bis(4-methylbenzylidene) cyclopentanone (5B) como antibacteriano&#8221; , Institui\u00e7\u00e3o de registro: INPI &#8211; Instituto Nacional da Propriedade Industrial. Dep\u00f3sito: 18\/05\/2022.<\/span><\/p>\n<hr \/>\n<p><span style=\"font-size: 10pt;\">HARTWIG, D. D.; GARCIA, M. O. ; SILVA, M. E. ; ALLEND, S. O. ; ALBERNAZ2, D. T. F. ; CUNHA, K. F. ; ISHIKAME, R. Y. . <strong>USO DO EXTRATO DE EUGENIA UNIFLORA L. (PITANGA) NA PREPARA\u00c7\u00c3O DE MEDICAMENTO ANTIBI\u00d3TICO E ANTIBIOFILME PARA TRATAR INFEC\u00c7\u00d5ES CAUSADAS POR ACINETOBACTER BAUMANNII MULTIRRESISTENTE.<\/strong> 2022, Brasil. Patente: Privil\u00e9gio de Inova\u00e7\u00e3o. N\u00famero do registro: BR 10 2022 006745 7, t\u00edtulo: &#8220;Uso do extrato de Eugenia uniflora L. (pitanga) na prepara\u00e7\u00e3o de medicamento antibi\u00f3tico e antibiofilme para tratar infec\u00e7\u00f5es causadas por Acinetobacter baumannii multirresistente&#8221;, Institui\u00e7\u00e3o de registro: INPI &#8211; Instituto Nacional da Propriedade Industrial. Dep\u00f3sito: 07\/04\/2022.<\/span><\/p>\n<hr \/>\n<p><span style=\"font-size: 10pt;\">Seixas, Fabiana K.; COLLARES, T ; SEGATTO, N. ; JACOB, RAQUEL G. ; OLIVEIRA, D. H. ; ABIB, P. ; Savegnago L ; SCHUMACHER, R. F. . <strong>UTILIZA\u00c7\u00c3O DE DERIVADOS DE 5-AMINO-4- CALCOGENILPIRAZ\u00d3IS COMO AGENTES ANTITUMORAIS PARA C\u00c2NCER DE BEXIGA<\/strong>. 2022, Brasil. Patente: Privil\u00e9gio de Inova\u00e7\u00e3o. N\u00famero do registro: BR 10 2022 021429 8, t\u00edtulo: &#8220;UTILIZA\u00c7\u00c3O DE DERIVADOS DE 5-AMINO-4- CALCOGENILPIRAZ\u00d3IS COMO AGENTES ANTITUMORAIS PARA C\u00c2NCER DE BEXIGA&#8221;, Institui\u00e7\u00e3o de registro: INPI &#8211; Instituto Nacional da Propriedade Industrial. Dep\u00f3sito: 21\/10\/2022.<\/span><\/p>\n<p>&nbsp;<\/p>\n<p>&nbsp;<\/p>\n<p>&nbsp;<\/p>\n","protected":false},"excerpt":{"rendered":"<p>Patentes\u00a0depositadas no ano de 2022 \u2013 INPI \u2013 Instituto Nacional da Propriedade Industrial JOSIANE DE OLIVEIRA FEIJ\u00d3; LONDERO, U. S.; CORREA, MARCIO NUNES ; RUBENS ALVES PEREIRA ; PIZONI, C. ; AVILA, M. M. ; DEL PINO, FRANCISCO AUGUSTO BURKERT ; EDUARDO SCHMITT. ADAPTADOR DO METABOLISMO DE C\u00c1LCIO PARA PREVEN\u00c7\u00c3O DE HIPOCALCEMIA EM VACAS LEITEIRAS. [&hellip;]<\/p>\n","protected":false},"author":735,"featured_media":0,"parent":0,"menu_order":0,"comment_status":"closed","ping_status":"closed","template":"","meta":{"jetpack_post_was_ever_published":false,"footnotes":""},"class_list":["post-10134","page","type-page","status-publish","hentry"],"jetpack_sharing_enabled":true,"_links":{"self":[{"href":"https:\/\/wp.ufpel.edu.br\/ppgbiotec\/wp-json\/wp\/v2\/pages\/10134","targetHints":{"allow":["GET"]}}],"collection":[{"href":"https:\/\/wp.ufpel.edu.br\/ppgbiotec\/wp-json\/wp\/v2\/pages"}],"about":[{"href":"https:\/\/wp.ufpel.edu.br\/ppgbiotec\/wp-json\/wp\/v2\/types\/page"}],"author":[{"embeddable":true,"href":"https:\/\/wp.ufpel.edu.br\/ppgbiotec\/wp-json\/wp\/v2\/users\/735"}],"replies":[{"embeddable":true,"href":"https:\/\/wp.ufpel.edu.br\/ppgbiotec\/wp-json\/wp\/v2\/comments?post=10134"}],"version-history":[{"count":3,"href":"https:\/\/wp.ufpel.edu.br\/ppgbiotec\/wp-json\/wp\/v2\/pages\/10134\/revisions"}],"predecessor-version":[{"id":10166,"href":"https:\/\/wp.ufpel.edu.br\/ppgbiotec\/wp-json\/wp\/v2\/pages\/10134\/revisions\/10166"}],"wp:attachment":[{"href":"https:\/\/wp.ufpel.edu.br\/ppgbiotec\/wp-json\/wp\/v2\/media?parent=10134"}],"curies":[{"name":"wp","href":"https:\/\/api.w.org\/{rel}","templated":true}]}}