{"id":10128,"date":"2024-07-18T11:19:01","date_gmt":"2024-07-18T14:19:01","guid":{"rendered":"https:\/\/wp.ufpel.edu.br\/ppgbiotec\/?page_id=10128"},"modified":"2025-03-06T14:00:58","modified_gmt":"2025-03-06T17:00:58","slug":"patentes-concedidas-ano-de-2023","status":"publish","type":"page","link":"https:\/\/wp.ufpel.edu.br\/ppgbiotec\/patentes-concedidas-ano-de-2023\/","title":{"rendered":"Patentes concedidas &#8211; ano de 2023"},"content":{"rendered":"<p style=\"text-align: center;\"><span style=\"color: #000000;\">Patentes <b>concedidas <\/b>no ano de 2023 \u2013 INPI \u2013 Instituto Nacional da Propriedade Industrial<\/span><\/p>\n<p><span style=\"font-size: 10pt; color: #000000;\">RODRIGUES, OSCAR ; MUNCHEN, T. S. ; ROCHA, J. B. T. ; PICCOLI, B. C. ; SOUZA, D. ; DORNELLES, L. ; Collares, T. ; Seixas, Fabiana K ; Sonego M ; SCHULTZE, E. . <strong>Compostos organocalcog\u00eanios nucleos\u00eddicos derivados de Zidovudina, usos e processo de s\u00edntese dos mesmos<\/strong>.. 2015, Brasil. Patente: Privil\u00e9gio de Inova\u00e7\u00e3o. N\u00famero do registro: BR 10 2015 032955 5, t\u00edtulo: &#8220;Compostos organocalcog\u00eanios nucleos\u00eddicos derivados de Zidovudina, usos e processo de s\u00edntese dos mesmos.&#8221; , Institui\u00e7\u00e3o de registro: INPI &#8211; Instituto Nacional da Propriedade Industrial. Dep\u00f3sito: 30\/12\/2015; Concess\u00e3o: 31\/01\/2023.<\/span><\/p>\n<hr \/>\n<p><span style=\"font-size: 10pt; color: #000000;\">FERREIRA, C. S. ; BRITO, I. ; ALMEIDA, D. D. ; VIVAS, W. L. ; REZENDE, A. F. S. ; BORSUK, S. ; DELAGOSTIN, O. A. ; LIMA VERDE, I. B. ; RODRIGUEZ, J. A. L. ; NASCIMENTO, R.J.M. ; PADILHA, F. F. ; ALMEIDA, E. B. . <strong>Prote\u00edna recombinante de <em>Corynebacterium pseudotuberculosis<\/em> para utiliza\u00e7\u00e3o em composi\u00e7\u00e3o vacinal e kit de diagn\u00f3stico sorol\u00f3gico para Linfadenite caseosa<\/strong>. 2015, Brasil. Patente: Modelo de Utilidade. N\u00famero do registro: BR 10 2015 033023 5, t\u00edtulo: &#8220;PROTE\u00cdNA RECOMBINANTE DE CORYNEBACTERIUM PSEUDOTUBERCULOSIS PARA UTILIZA\u00c7\u00c3O EM COMPOSI\u00c7\u00c3O VACINAL E KIT DE DIAGN\u00d3STICO SOROL\u00d3GICO PARA LINFADENITE CASEOSA&#8221; , Institui\u00e7\u00e3o de registro: INPI &#8211; Instituto Nacional da Propriedade Industrial. Dep\u00f3sito: 30\/12\/2015; Dep\u00f3sito PCT: 30\/12\/2015; Concess\u00e3o: 11\/07\/2023.<\/span><\/p>\n<p>&nbsp;<\/p>\n<hr \/>\n<p><span style=\"font-size: 10pt; color: #000000;\">BORSUK, S.; SILVA, M. T. O. ; BEZERRA, F. S. B. ; REZENDE, A. F. S. ; LOPES, A. S. ; LEAL, K. S. ; AZEVEDO, V. ; SANTOS, ANDERSON ; PORTELA, R. W. D. ; BRUM, ALEXANDRE ; KEGLES, F. ; MAIA, M. A. C. .\u00a0<strong>Esterase recombinante rCP09720 DE <em>Corynebacterium pseudotuberculosis<\/em> para utiliza\u00e7\u00e3o como vacina de subunidade contra Linfadenite caseosa<\/strong>. 2016, Brasil. Patente: Privil\u00e9gio de Inova\u00e7\u00e3o. N\u00famero do registro: BR 10 2016 016754 0, t\u00edtulo: &#8220;ESTERASE RECOMBINANTE rCP09720 DE Corynebacterium pseudotuberculosis PARA UTILIZA\u00c7\u00c3O COMO VACINA DE SUBUNIDADE CONTRA LINFADENITE CASEOSA&#8221; , Institui\u00e7\u00e3o de registro: INPI &#8211; Instituto Nacional da Propriedade Industrial. Dep\u00f3sito: 20\/07\/2016; Concess\u00e3o: 15\/08\/2023.<\/span><\/p>\n<p>&nbsp;<\/p>\n","protected":false},"excerpt":{"rendered":"<p>Patentes concedidas no ano de 2023 \u2013 INPI \u2013 Instituto Nacional da Propriedade Industrial RODRIGUES, OSCAR ; MUNCHEN, T. S. ; ROCHA, J. B. T. ; PICCOLI, B. C. ; SOUZA, D. ; DORNELLES, L. ; Collares, T. ; Seixas, Fabiana K ; Sonego M ; SCHULTZE, E. . Compostos organocalcog\u00eanios nucleos\u00eddicos derivados de Zidovudina, [&hellip;]<\/p>\n","protected":false},"author":735,"featured_media":0,"parent":0,"menu_order":0,"comment_status":"closed","ping_status":"closed","template":"","meta":{"jetpack_post_was_ever_published":false,"footnotes":""},"class_list":["post-10128","page","type-page","status-publish","hentry"],"jetpack_sharing_enabled":true,"_links":{"self":[{"href":"https:\/\/wp.ufpel.edu.br\/ppgbiotec\/wp-json\/wp\/v2\/pages\/10128","targetHints":{"allow":["GET"]}}],"collection":[{"href":"https:\/\/wp.ufpel.edu.br\/ppgbiotec\/wp-json\/wp\/v2\/pages"}],"about":[{"href":"https:\/\/wp.ufpel.edu.br\/ppgbiotec\/wp-json\/wp\/v2\/types\/page"}],"author":[{"embeddable":true,"href":"https:\/\/wp.ufpel.edu.br\/ppgbiotec\/wp-json\/wp\/v2\/users\/735"}],"replies":[{"embeddable":true,"href":"https:\/\/wp.ufpel.edu.br\/ppgbiotec\/wp-json\/wp\/v2\/comments?post=10128"}],"version-history":[{"count":5,"href":"https:\/\/wp.ufpel.edu.br\/ppgbiotec\/wp-json\/wp\/v2\/pages\/10128\/revisions"}],"predecessor-version":[{"id":10936,"href":"https:\/\/wp.ufpel.edu.br\/ppgbiotec\/wp-json\/wp\/v2\/pages\/10128\/revisions\/10936"}],"wp:attachment":[{"href":"https:\/\/wp.ufpel.edu.br\/ppgbiotec\/wp-json\/wp\/v2\/media?parent=10128"}],"curies":[{"name":"wp","href":"https:\/\/api.w.org\/{rel}","templated":true}]}}