{"id":10101,"date":"2024-07-12T21:50:16","date_gmt":"2024-07-13T00:50:16","guid":{"rendered":"https:\/\/wp.ufpel.edu.br\/ppgbiotec\/?page_id=10101"},"modified":"2024-07-18T13:57:17","modified_gmt":"2024-07-18T16:57:17","slug":"patentes-concedidas-ano-de-2021","status":"publish","type":"page","link":"https:\/\/wp.ufpel.edu.br\/ppgbiotec\/producao\/tecnologica\/patentes-concedidas-ano-de-2021\/","title":{"rendered":"Patentes concedidas &#8211; ano de 2021"},"content":{"rendered":"<p style=\"text-align: center;\"><span style=\"color: #000000;\">Patentes\u00a0<strong>concedidas<\/strong> no ano de 2021 \u2013 INPI \u2013 Instituto Nacional da Propriedade Industrial<\/span><\/p>\n<p style=\"text-align: justify;\"><span style=\"color: #000000; font-size: 10pt;\">RODRIGUES, OED ; SOUZA, D ; ROCHA, JO\u00c3O BATISTA TEIXEIRA ; SEIXAS, FABIANA K\u00d6MMLING ; COLLARES, TIAGO. <strong>CALCOGENO-NUCLEOS\u00cdDEOS, USO DE CALCOGENO-NUCLEOS\u00cdDEOS COM A\u00c7\u00c3O ANTIOXIDANTE\/ANTITUMORAL, COMPOSI\u00c7\u00c3O E PROCESSO DE S\u00cdNTESE DE CALCOGENO-NUCLEOS\u00cdDEOS<\/strong>. 2013, Brasil. Patente: Privil\u00e9gio de Inova\u00e7\u00e3o. N\u00famero do registro: BR 10 2013 021263 6, t\u00edtulo: &#8220;Calcogeno-nucleos\u00eddeos, Uso de Calcogeno-nucleos\u00eddeos com A\u00e7\u00e3o Antioxidante\/Antitumoral, Composi\u00e7\u00e3o e Processo de S\u00edntese de Calcogeno-nucleos\u00eddeos&#8221;, Institui\u00e7\u00e3o de registro: INPI &#8211; Instituto Nacional da Propriedade Industrial. Dep\u00f3sito: 21\/08\/2013; Concess\u00e3o: 08\/09\/2021.<\/span><\/p>\n<hr \/>\n<p style=\"text-align: justify;\"><span style=\"color: #000000; font-size: 10pt;\">MOREIRA, A. S.; VENDRUSCOLO, C. T. ; SALLES, C. A. ; CALCAGNO, C. I. W. . <strong>COMPOSI\u00c7\u00d5ES \u00c0 BASE DE XANTANA PARA OBTEN\u00c7\u00c3O DE BIOPL\u00c1STICOS BIOCOMPAT\u00cdVEIS E BIODEGRAD\u00c1VEIS E BIOPL\u00c1STICOS BIOCOMPAT\u00cdVEIS E BIODEGRAD\u00c1VEIS OBTIDOS<\/strong>. 2013, Brasil. Patente: Privil\u00e9gio de Inova\u00e7\u00e3o. N\u00famero do registro: BR 11 2014 029845 9, t\u00edtulo: &#8220;COMPOSI\u00c7\u00d5ES \u00c0 BASE DE XANTANA PARA OBTEN\u00c7\u00c3O DE BIOPL\u00c1STICOS BIOCOMPAT\u00cdVEIS E BIODEGRAD\u00c1VEIS E BIOPL\u00c1STICOS BIOCOMPAT\u00cdVEIS E BIODEGRAD\u00c1VEIS OBTIDOS&#8221; , Institui\u00e7\u00e3o de registro: INPI &#8211; Instituto Nacional da Propriedade Industrial. Dep\u00f3sito: 05\/06\/2013; Dep\u00f3sito PCT: 12\/12\/2013; Pedido do Exame: 15\/05\/2018; Concess\u00e3o: 20\/04\/2021.<\/span><\/p>\n<hr \/>\n<p style=\"text-align: justify;\"><span style=\"color: #000000; font-size: 10pt;\">CORR\u00caA, MARCIO NUNES; LONDERO, U. S. ; JOSIANE DE OLIVEIRA FEIJ\u00d3 ; FEIJO, J. O. ; PES, A. P. ; OLLE, M. A. ; OLLE, M. A. ; TEIXEIRA, R. . <strong>DESENVOLVIMENTO DE UMA SUSPENS\u00c3O ORAL PARA PREVEN\u00c7\u00c3O E AUXILIAR NO TRATAMENTO DE HIPOCALCEMIA EM VACAS LEITEIRAS<\/strong>. 2018, Brasil. Patente: Privil\u00e9gio de Inova\u00e7\u00e3o. N\u00famero do registro: BR 10 2021 009681 0, t\u00edtulo: &#8220;DESENVOLVIMENTO DE UMA SUSPENS\u00c3O ORAL PARA PREVEN\u00c7\u00c3O E AUXILIAR NO TRATAMENTO DE HIPOCALCEMIA EM VACAS LEITEIRAS&#8221; , Institui\u00e7\u00e3o de registro: INPI &#8211; Instituto Nacional da Propriedade Industrial. Dep\u00f3sito: 18\/05\/2018; Licenciamento: 10\/06\/2021; Comercializa\u00e7\u00e3o: 13\/07\/2021.<\/span><\/p>\n<hr \/>\n<p style=\"text-align: justify;\"><span style=\"color: #000000; font-size: 10pt;\">FERNANDES, C. H. ; MONTE, L. G. ; S\u00c1, G. L. ; PACHECO, D. ; BORSUK, S. ; SINOTT, F. . <strong>ENSAIO DE DIAGN\u00d3STICO DA NEOSPOROSE BASEADO NA T\u00c9CNICA DE POLARIZA\u00c7\u00c3O DA FLUORESC\u00caNCIA<\/strong>. 2014, Brasil. Patente: Modelo de Utilidade. N\u00famero do registro: BR 10 2014 018059 1, t\u00edtulo: &#8220;Ensaio de diagn\u00f3stico da neosporose baseado na t\u00e9cnica de polariza\u00e7\u00e3o da fluoresc\u00eancia&#8221; , Institui\u00e7\u00e3o de registro: INPI &#8211; Instituto Nacional da Propriedade Industrial. Dep\u00f3sito: 23\/07\/2014; Concess\u00e3o: 17\/02\/2021.<\/span><\/p>\n<hr \/>\n<p style=\"text-align: justify;\"><span style=\"color: #000000; font-size: 10pt;\">CONCEI\u00c7\u00c3O, FABRICIO ROCHEDO; MOREIRA, \u00c2NGELA NUNES ; MENDON\u00c7A, MARCELO ; MOREIRA, G. M. ; CUNHA, C. E. P. ; SALVARANI, F. M. . <strong>PROCESSO DE PREPARA\u00c7\u00c3O DE VACINA RECOMBINANTE CONTRA NEUROTOXINAS BOTUL\u00cdNICAS TIPO C E D E VACINA OBTIDA.<\/strong> 2014, Brasil. Patente: Privil\u00e9gio de Inova\u00e7\u00e3o. N\u00famero do registro: BR 10 2014 015783 2, t\u00edtulo: &#8220;Processo de prepara\u00e7\u00e3o de vacina recombinante contra neurotoxinas botul\u00ednicas tipo C e D e vacina obtida&#8221; , Institui\u00e7\u00e3o de registro: INPI &#8211; Instituto Nacional da Propriedade Industrial. Dep\u00f3sito: 26\/06\/2014; Licenciamento: 28\/03\/2018; Concess\u00e3o: 26\/10\/2021.<\/span><\/p>\n<hr \/>\n<p style=\"text-align: justify;\"><span style=\"color: #000000; font-size: 10pt;\">BARBOSA, A. M. ; MOURA, S. ; DARIVA, C. ; FONSECA, R. ; KRAUSE, L. C. ; SAVEGNAGO, LUCIELLI ; DELAGOSTIN, O. A. ; BORSUK, SIBELE ; COLLARES, T. ; ROESCH-ELY, MARIANA ; SEIXAS, F. K. ; HENRIQUES, J.A.P ; PEREYRA, B. B. S. ; SANTOS, K. S. ; PADILHA, F. F. . <strong>&#8216;PROCESSO PARA OBTEN\u00c7\u00c3O DE 7- HIDROXI- 4&#8217;METOXIISOFLAVONA (FORMONONETINA) A PARTIR DO FRACIONAMENTO DE PR\u00d3POLIS VERMELHA PELA EXTRA\u00c7\u00c3O COM L\u00cdQUIDOS PRESSURIZADOS<\/strong>. 2015, Brasil. Patente: Modelo de Utilidade. N\u00famero do registro: BR 10 2015 033018 9, t\u00edtulo: &#8220;&#8216;PROCESSO PARA OBTEN\u00c7\u00c3O DE 7- HIDROXI- 4&#8217;METOXIISOFLAVONA (FORMONONETINA) A PARTIR DO FRACIONAMENTO DE PR\u00d3POLIS VERMELHA PELA EXTRA\u00c7\u00c3O COM L\u00cdQUIDOS PRESSURIZADOS&#8221; , Institui\u00e7\u00e3o de registro: INPI &#8211; Instituto Nacional da Propriedade Industrial. Dep\u00f3sito: 30\/12\/2015; Concess\u00e3o: 19\/01\/2021.<\/span><\/p>\n<hr \/>\n<p style=\"text-align: justify;\"><span style=\"color: #000000; font-size: 10pt;\">GONCALVES, F. M. ; CORREA, MARCIO NUNES ; MONTERO, A. V. ; RUBENS ALVES PEREIRA ; LONDERO, U. S. . <strong>SISTEMA DE FORNECIMENTO DE \u00c1GUA INDIVIDUALIZADA PARA VACAS LEITEIRAS DURANTE A ORDENHA<\/strong>. 2015, Brasil. Patente: Privil\u00e9gio de Inova\u00e7\u00e3o. N\u00famero do registro: BR 10 2015 031755 7, t\u00edtulo: &#8220;Sistema de fornecimento de \u00e1gua individualizada para vacas leiteiras durante a ordenha&#8221; , Institui\u00e7\u00e3o de registro: INPI &#8211; Instituto Nacional da Propriedade Industrial. Dep\u00f3sito: 17\/12\/2015; Concess\u00e3o: 05\/10\/2021.<\/span><\/p>\n<hr \/>\n<p style=\"text-align: justify;\"><span style=\"color: #000000; font-size: 10pt;\">BEGNINE, K. ; CAMPOS, VINICIUS FARIAS ; DELAGOSTIN, O. A. ; BORSUK, SIBELE ; LEON, P. M. ; COLLARES, T. ; SEIXAS, FABIANA K . <strong>UTILIZA\u00c7\u00c3O DE MYCOBACTERIUM BOVIS BCG AUXOTROFICO SUPEREXPRESSANDO AG85B COMO AGENTE TERAPEUTICO E\/OU IMUNOTERUTICO PARA C\u00c2NCER DE BEXIGA<\/strong>. 2012, Brasil. Patente: Modelo de Utilidade. N\u00famero do registro: BR 10 2012 021809 7, t\u00edtulo: &#8220;Utiliza\u00e7\u00e3o de Mycobacterium bovis BCG auxotrofico superexpressando AG85B como agente terapeutico e\/ou imunoterutico para c\u00e2ncer de bexiga&#8221; , Institui\u00e7\u00e3o de registro: :INPI &#8211; Instituto Nacional da Propriedade Industrial. Dep\u00f3sito: 30\/08\/2012; Concess\u00e3o: 21\/09\/2021.<\/span><\/p>\n<p>&nbsp;<\/p>\n","protected":false},"excerpt":{"rendered":"<p>Patentes\u00a0concedidas no ano de 2021 \u2013 INPI \u2013 Instituto Nacional da Propriedade Industrial RODRIGUES, OED ; SOUZA, D ; ROCHA, JO\u00c3O BATISTA TEIXEIRA ; SEIXAS, FABIANA K\u00d6MMLING ; COLLARES, TIAGO. CALCOGENO-NUCLEOS\u00cdDEOS, USO DE CALCOGENO-NUCLEOS\u00cdDEOS COM A\u00c7\u00c3O ANTIOXIDANTE\/ANTITUMORAL, COMPOSI\u00c7\u00c3O E PROCESSO DE S\u00cdNTESE DE CALCOGENO-NUCLEOS\u00cdDEOS. 2013, Brasil. Patente: Privil\u00e9gio de Inova\u00e7\u00e3o. N\u00famero do registro: BR 10 [&hellip;]<\/p>\n","protected":false},"author":735,"featured_media":0,"parent":7253,"menu_order":0,"comment_status":"closed","ping_status":"closed","template":"","meta":{"jetpack_post_was_ever_published":false,"footnotes":""},"class_list":["post-10101","page","type-page","status-publish","hentry"],"jetpack_sharing_enabled":true,"_links":{"self":[{"href":"https:\/\/wp.ufpel.edu.br\/ppgbiotec\/wp-json\/wp\/v2\/pages\/10101","targetHints":{"allow":["GET"]}}],"collection":[{"href":"https:\/\/wp.ufpel.edu.br\/ppgbiotec\/wp-json\/wp\/v2\/pages"}],"about":[{"href":"https:\/\/wp.ufpel.edu.br\/ppgbiotec\/wp-json\/wp\/v2\/types\/page"}],"author":[{"embeddable":true,"href":"https:\/\/wp.ufpel.edu.br\/ppgbiotec\/wp-json\/wp\/v2\/users\/735"}],"replies":[{"embeddable":true,"href":"https:\/\/wp.ufpel.edu.br\/ppgbiotec\/wp-json\/wp\/v2\/comments?post=10101"}],"version-history":[{"count":2,"href":"https:\/\/wp.ufpel.edu.br\/ppgbiotec\/wp-json\/wp\/v2\/pages\/10101\/revisions"}],"predecessor-version":[{"id":10163,"href":"https:\/\/wp.ufpel.edu.br\/ppgbiotec\/wp-json\/wp\/v2\/pages\/10101\/revisions\/10163"}],"up":[{"embeddable":true,"href":"https:\/\/wp.ufpel.edu.br\/ppgbiotec\/wp-json\/wp\/v2\/pages\/7253"}],"wp:attachment":[{"href":"https:\/\/wp.ufpel.edu.br\/ppgbiotec\/wp-json\/wp\/v2\/media?parent=10101"}],"curies":[{"name":"wp","href":"https:\/\/api.w.org\/{rel}","templated":true}]}}