{"id":10098,"date":"2024-07-12T21:47:16","date_gmt":"2024-07-13T00:47:16","guid":{"rendered":"https:\/\/wp.ufpel.edu.br\/ppgbiotec\/?page_id=10098"},"modified":"2024-07-18T11:50:50","modified_gmt":"2024-07-18T14:50:50","slug":"patentes-depositadas-ano-de-2021","status":"publish","type":"page","link":"https:\/\/wp.ufpel.edu.br\/ppgbiotec\/producao\/tecnologica\/patentes-depositadas-ano-de-2021\/","title":{"rendered":"Patentes depositadas &#8211; ano de 2021"},"content":{"rendered":"<p style=\"text-align: center;\">Patentes\u00a0<strong>depositadas<\/strong> no ano de 2021 \u2013 INPI \u2013 Instituto Nacional da Propriedade Industrial<\/p>\n<p style=\"text-align: justify;\"><span style=\"color: #000000; font-size: 10pt;\">PESARICO, A. P. ; BIRMANN, P. T. ; SAVEGNAGO, L. ; PINTO, RODRIGO ; LENARDAO, E. J. ; SCARANARO, F. V. P. . <strong>A MOL\u00c9CULA 3-(4-CLOROFENILSELANIL)-1-METIL-1H-INDOL COM ATIVIDADE FRENTE \u00c0 DEPRESS\u00c3O CAUSADA PELO ESTRESSE P\u00d3STRAUM\u00c1TICO<\/strong>. 2021, Brasil. Patente: Privil\u00e9gio de Inova\u00e7\u00e3o. N\u00famero do registro: BR 10 2021 005313 5, t\u00edtulo: &#8220;A MOL\u00c9CULA 3-(4-CLOROFENILSELANIL)-1-METIL-1H-INDOL COM ATIVIDADE FRENTE \u00c0 DEPRESS\u00c3O CAUSADA PELO ESTRESSE P\u00d3STRAUM\u00c1TICO&#8221; , Institui\u00e7\u00e3o de registro: INPI &#8211; Instituto Nacional da Propriedade Industrial. Dep\u00f3sito: 19\/03\/2021.<\/span><\/p>\n<hr \/>\n<p style=\"text-align: justify;\"><span style=\"color: #000000; font-size: 10pt;\">CONCEICAO, F. R. ; PINTO, L. S. ; MOREIRA, A. N. ; ALVES, M. L. F. ; FERREIRA, M. R. A. ; MCBRIDE, A. J. A. ; SEIXAS NETO, A. ; BARBOSA, L. N. ; VIGHI, I. L. ; NEIS, A. ; KREMER, F. S. ; GUIMARAES, A. M. ; WOLOSKI, R. S. ; MOREIRA JUNIOR, C. ; DONASSOLO, R. A. ; OLIVEIRA, N. R. ; RODRIGUES, R. R. ; SANTOS, L. M. ; SANTOS, F. D. S. ; OLIVEIRA, T. L. . <strong>ANT\u00cdGENO QUIM\u00c9RICO DE SARS-COV-2 PARA DIAGN\u00d3STICO SOROL\u00d3GICO DE SARS-COV-2<\/strong>. 2021, Brasil. Patente: Privil\u00e9gio de Inova\u00e7\u00e3o. N\u00famero do registro: BR 10 2021 025770 9, t\u00edtulo: &#8220;Ant\u00edgeno quim\u00e9rico de Sars-Cov-2 para diagn\u00f3stico sorol\u00f3gico de SARS-CoV-2&#8221; , Institui\u00e7\u00e3o de registro: INPI &#8211; Instituto Nacional da Propriedade Industrial. Dep\u00f3sito: 20\/12\/2021.<\/span><\/p>\n<hr \/>\n<p style=\"text-align: justify;\"><span style=\"color: #000000; font-size: 10pt;\">PEREIRA, C. M. P. ; ROSSATO, J. H. H. ; CARRENO, N. L. V. ; OLIVEIRA, M. E. ; LOPES, B. V. ; MARON, G. K. ; ROSA, A. B. L. ; GALLO, B. B. ; BALBONI, R. D. C. ; RODRIGUES, L. S. ; ESCOTE, M. T. ; VIGHI, I. L. ; CONCEICAO, F. R. ; FERREIRA, M. R. A. ; PINTO, L. S. ; KREMER, FREDERICO SCHMITT ; RODRIGUES, R. R. . <strong>BIOSSENSOR ELETROQU\u00cdMICA DE GRAFENO FUNCIONALIZADA COM NANOPARTICULAS DE PT PARA O IMUNODIAGN\u00d3STICO DE COVID-19<\/strong>. 2021, Brasil. Patente: Privil\u00e9gio de Inova\u00e7\u00e3o. N\u00famero do registro: BR 10 2021 009120 7, t\u00edtulo: &#8220;Biossensor eletroqu\u00edmica de grafeno funcionalizada com nanoparticulas de Pt para o imunodiagn\u00f3stico de COVID-19&#8221; , Institui\u00e7\u00e3o de registro: INPI &#8211; Instituto Nacional da Propriedade Industrial. Dep\u00f3sito: 11\/05\/2021.<\/span><\/p>\n<hr \/>\n<p style=\"text-align: justify;\"><span style=\"color: #000000; font-size: 10pt;\">FISCHER, G. ; PETER, C. M. ; BOTTON, N. Y. ; BARICHELLO, J. M. ; CONCEICAO, F. R. ; AL., E. . <strong>COMPOSI\u00c7\u00c3O DE VACINA INTRAVAGINAL E VACINA INTRAVAGINAL INATIVADA CONTRA ALPHAHERPESV\u00cdRUS BOVINO TIPO 5<\/strong>. 2021, Brasil. Patente: Privil\u00e9gio de Inova\u00e7\u00e3o. N\u00famero do registro: BR 10 2021 020128 2, t\u00edtulo: &#8220;Composi\u00e7\u00e3o de vacina intravaginal e vacina intravaginal inativada contra Alphaherpesv\u00edrus bovino tipo 5&#8221; , Institui\u00e7\u00e3o de registro: INPI &#8211; Instituto Nacional da Propriedade Industrial. Dep\u00f3sito: 06\/10\/2021.<\/span><\/p>\n<hr \/>\n<p style=\"text-align: justify;\"><span style=\"color: #000000; font-size: 10pt;\">HARTWIG, D. D.; PEREIRA, C. M. P. ; CUNHA, K. F. ; GARCIA, M. O. ; ROSA, B. N. ; ALLEND, S. O. ; ALBERNAZ2, D. T. F. . <strong>COMPOSTOS PIRAZ\u00d3LICOS DERIVADOS DO 1-THIOCARBAMOYL-3,5-DIARYL-4,5-DIHYDRO-1H COMO ANTIBACTERIANOS PARA TRATAMENTO DE INFEC\u00c7\u00d5ES CAUSADAS POR ACINETOBACTER BAUMANNII E KLEBSIELLA PNEUMONIAE MULTI-DROGA RESISTENTES.<\/strong> 2021, Brasil. Patente: Privil\u00e9gio de Inova\u00e7\u00e3o. N\u00famero do registro: BR 10 2021 026106 4, t\u00edtulo: &#8220;Compostos piraz\u00f3licos derivados do 1-thiocarbamoyl-3,5-diaryl-4,5-dihydro-1H como antibacterianos para tratamento de infec\u00e7\u00f5es causadas por Acinetobacter baumannii E Klebsiella pneumoniae multi-droga resistentes&#8221; , Institui\u00e7\u00e3o de registro: INPI &#8211; Instituto Nacional da Propriedade Industrial. Dep\u00f3sito: 22\/12\/2021.<\/span><\/p>\n<hr \/>\n<p style=\"text-align: justify;\"><span style=\"color: #000000; font-size: 10pt;\">DIAZ, PATR\u00cdCIA DE OLIVEIRA; RIBEIRO, E. S. ; FARIAS, B. S. ; CADAVAL JUNIOR, T. R. S. ; PINTO, D. L. A. A. ; DIAZ, P. S. . <strong>DESENVOLVIMENTO DE FIBRAS \u00c0 BASE DE QUITOSANA E GOMA XANTANA ATRAV\u00c9S DA T\u00c9CNICA DE ELETROFIA\u00c7\u00c3O<\/strong>. 2021, Brasil. Patente: Privil\u00e9gio de Inova\u00e7\u00e3o. N\u00famero do registro: BR 10 2021 004892 1, t\u00edtulo: &#8220;DESENVOLVIMENTO DE FIBRAS \u00c0 BASE DE QUITOSANA E GOMA XANTANA ATRAV\u00c9S DA T\u00c9CNICA DE ELETROFIA\u00c7\u00c3O&#8221; , Institui\u00e7\u00e3o de registro: INPI &#8211; Instituto Nacional da Propriedade Industrial. Dep\u00f3sito: 15\/03\/2021.<\/span><\/p>\n<hr \/>\n<p style=\"text-align: justify;\"><span style=\"color: #000000; font-size: 10pt;\">PINTO, D. L. A. A. ; CADAVAL JUNIOR, T. R. S. ; DIAZ, PATRICIA SILVA ; FARIAS, B. S. ; ENGELMANN ; VILANCULOS, J. R. Z. ; RIBEIRO, E. S. . <strong>DESENVOLVIMENTO DE NANOC\u00c1PSULAS DE QUITOSANA E GOMA XANTANA PARA A PRESERVA\u00c7\u00c3O DE CONCENTRADOS DE \u00c1CIDOS GRAXOS POLIINSATURADOS.<\/strong> 2021, Brasil. Patente: Privil\u00e9gio de Inova\u00e7\u00e3o. N\u00famero do registro: BR 10 2021 018249 0, t\u00edtulo: &#8220;DESENVOLVIMENTO DE NANOC\u00c1PSULAS DE QUITOSANA E GOMA XANTANA PARA A PRESERVA\u00c7\u00c3O DE CONCENTRADOS DE \u00c1CIDOS GRAXOS POLIINSATURADOS&#8221;, Institui\u00e7\u00e3o de registro: INPI &#8211; Instituto Nacional da Propriedade Industrial. Dep\u00f3sito: 14\/09\/2021.<\/span><\/p>\n<hr \/>\n<p style=\"text-align: justify;\"><span style=\"color: #000000; font-size: 10pt;\">CONCEICAO, FABRICIO ; COSTA, A. V. ; FERREIRA, M. R. A. ; PINTO L. S. ; MOREIRA, A. N. ; MCBRIDE, ALAN J ; MCBRIDE, A. J. ; ALVES, M. L. F. ; MOREIRA JUNIOR, C. ; DONASSOLO, R. A. ; RODRIGUES, R. R. ; SEIXAS NETO, A. C. P. ; BARBOSA, LIANA N. ; OLIVEIRA, N. R. ; SANTOS, F. D. S. ; SANTOS, L. M. ; BILHALVA, M. A. . <strong>DIAGN\u00d3STICO IMUNOL\u00d3GICO DA COVID-19<\/strong>. 2021, Brasil. Patente: Privil\u00e9gio de Inova\u00e7\u00e3o. N\u00famero do registro: BR 10 2021 013930 7, t\u00edtulo: &#8220;DIAGN\u00d3STICO IMUNOL\u00d3GICO DA COVID-19&#8221; , Institui\u00e7\u00e3o de registro: INPI &#8211; Instituto Nacional da Propriedade Industrial. Dep\u00f3sito: 03\/02\/2021.<\/span><\/p>\n<hr \/>\n<p style=\"text-align: justify;\"><span style=\"color: #000000; font-size: 10pt;\">BARROS CC; SCHADOCK, I ; HOFFMANN, L. V. . <strong>M\u00c9TODO PARA GENOTIPAGEM DO POLIMORFISMO rs9939609 DO GENE FTO<\/strong>. 2021, Brasil. Patente: Privil\u00e9gio de Inova\u00e7\u00e3o. N\u00famero do registro: BR 10 2021 025560 9, t\u00edtulo: &#8220;M\u00e9todo para genotipagem do polimorfismo rs9939609 do gene FTO&#8221; , Institui\u00e7\u00e3o de registro: INPI &#8211; Instituto Nacional da Propriedade Industrial. Dep\u00f3sito: 17\/04\/2021.<\/span><\/p>\n<hr \/>\n<p style=\"text-align: justify;\"><span style=\"color: #000000; font-size: 10pt;\">MOREIRA, ANGELITA DA S.; VENDRUSCOLO, C. T. ; MACAGNAN, K. L. ; FURLAN, L. ; OLIVEIRA, M. P. ; KLAIC, P. M. A. . <strong>PROCESSO DE OBTEN\u00c7\u00c3O DE XANTANA INSOL\u00daVEL, XANTANA INSOL\u00daVEL OBTIDA E USOS DA MESMA.<\/strong> 2021, Brasil. Patente: Privil\u00e9gio de Inova\u00e7\u00e3o. N\u00famero do registro: BR 10 2021 025800 4, t\u00edtulo: &#8220;PROCESSO DE OBTEN\u00c7\u00c3O DE XANTANA INSOL\u00daVEL, XANTANA INSOL\u00daVEL OBTIDA E USOS DA MESMA&#8221; , Institui\u00e7\u00e3o de registro: INPI &#8211; Instituto Nacional da Propriedade Industrial. Dep\u00f3sito: 20\/12\/2021.<\/span><\/p>\n<hr \/>\n<p style=\"text-align: justify;\"><span style=\"color: #000000; font-size: 10pt;\">HARTWIG, D. D.; FREITAS, S. B. ; SEIXAS NETO, A. C. P. ; CARDOSO, T. L. ; VOZEAK, D. R. . <strong>USO DE UMA PROTE\u00cdNA ADESINA RECOMBINANTE NA PRODU\u00c7\u00c3O DE ANTICORPOS POLICLONAIS PARA CONTROLE DA FORMA\u00c7\u00c3O DE BIOFILME POR ACINETOBACTER BAUMANNII<\/strong>. 2021, Brasil. Patente: Privil\u00e9gio de Inova\u00e7\u00e3o. N\u00famero do registro: BR 10 2021 025748 2, t\u00edtulo: &#8220;Uso de uma prote\u00edna adesina recombinante na produ\u00e7\u00e3o de anticorpos policlonais para controle da forma\u00e7\u00e3o de biofilme por Acinetobacter baumannii&#8221; , Institui\u00e7\u00e3o de registro: INPI &#8211; Instituto Nacional da Propriedade Industrial. Dep\u00f3sito: 20\/12\/2021.<\/span><\/p>\n<hr \/>\n<p style=\"text-align: justify;\"><span style=\"color: #000000; font-size: 10pt;\">DELLAGOSTIN, A. O. ; OLIVEIRA, T. L. ; BETTIN, E. B. ; GRASSMANN, A. A. ; MCBRIDE, A. J. A. ; HECKTHEUER, A. ; DORNELES, J. . <strong>VACINA CONTRA LEPTOSPIROSE COMPOSTA POR CEPA DE BCG RECOMBINANTE EXPRESSANDO POR\u00c7\u00d5ES DE RECEPTORES DEPENDENTES DE TONB DE LEPTOSPIRA SPP. E SEU PROCESSO DE OBTEN\u00c7\u00c3O<\/strong>. 2021, Brasil. Patente: Privil\u00e9gio de Inova\u00e7\u00e3o. N\u00famero do registro: BR 10 2021 020444 3, t\u00edtulo: &#8220;Vacina contra leptospirose composta por cepa de BCG recombinante expressando por\u00e7\u00f5es de receptores dependentes de TonB de Leptospira spp. e seu processo de obten\u00e7\u00e3o&#8221; , Institui\u00e7\u00e3o de registro: INPI &#8211; Instituto Nacional da Propriedade Industrial. Dep\u00f3sito: 11\/10\/2021.<\/span><\/p>\n","protected":false},"excerpt":{"rendered":"<p>Patentes\u00a0depositadas no ano de 2021 \u2013 INPI \u2013 Instituto Nacional da Propriedade Industrial PESARICO, A. P. ; BIRMANN, P. T. ; SAVEGNAGO, L. ; PINTO, RODRIGO ; LENARDAO, E. J. ; SCARANARO, F. V. P. . A MOL\u00c9CULA 3-(4-CLOROFENILSELANIL)-1-METIL-1H-INDOL COM ATIVIDADE FRENTE \u00c0 DEPRESS\u00c3O CAUSADA PELO ESTRESSE P\u00d3STRAUM\u00c1TICO. 2021, Brasil. Patente: Privil\u00e9gio de Inova\u00e7\u00e3o. N\u00famero [&hellip;]<\/p>\n","protected":false},"author":735,"featured_media":0,"parent":7253,"menu_order":0,"comment_status":"closed","ping_status":"closed","template":"","meta":{"jetpack_post_was_ever_published":false,"footnotes":""},"class_list":["post-10098","page","type-page","status-publish","hentry"],"jetpack_sharing_enabled":true,"_links":{"self":[{"href":"https:\/\/wp.ufpel.edu.br\/ppgbiotec\/wp-json\/wp\/v2\/pages\/10098","targetHints":{"allow":["GET"]}}],"collection":[{"href":"https:\/\/wp.ufpel.edu.br\/ppgbiotec\/wp-json\/wp\/v2\/pages"}],"about":[{"href":"https:\/\/wp.ufpel.edu.br\/ppgbiotec\/wp-json\/wp\/v2\/types\/page"}],"author":[{"embeddable":true,"href":"https:\/\/wp.ufpel.edu.br\/ppgbiotec\/wp-json\/wp\/v2\/users\/735"}],"replies":[{"embeddable":true,"href":"https:\/\/wp.ufpel.edu.br\/ppgbiotec\/wp-json\/wp\/v2\/comments?post=10098"}],"version-history":[{"count":2,"href":"https:\/\/wp.ufpel.edu.br\/ppgbiotec\/wp-json\/wp\/v2\/pages\/10098\/revisions"}],"predecessor-version":[{"id":10145,"href":"https:\/\/wp.ufpel.edu.br\/ppgbiotec\/wp-json\/wp\/v2\/pages\/10098\/revisions\/10145"}],"up":[{"embeddable":true,"href":"https:\/\/wp.ufpel.edu.br\/ppgbiotec\/wp-json\/wp\/v2\/pages\/7253"}],"wp:attachment":[{"href":"https:\/\/wp.ufpel.edu.br\/ppgbiotec\/wp-json\/wp\/v2\/media?parent=10098"}],"curies":[{"name":"wp","href":"https:\/\/api.w.org\/{rel}","templated":true}]}}