{"id":10071,"date":"2024-07-09T15:20:41","date_gmt":"2024-07-09T18:20:41","guid":{"rendered":"https:\/\/wp.ufpel.edu.br\/ppgbiotec\/?page_id=10071"},"modified":"2024-07-09T15:34:31","modified_gmt":"2024-07-09T18:34:31","slug":"vi-mostra-academica","status":"publish","type":"page","link":"https:\/\/wp.ufpel.edu.br\/ppgbiotec\/mostra-academica\/vi-mostra-academica\/","title":{"rendered":"VI &#8211; Mostra Acad\u00eamica"},"content":{"rendered":"<p style=\"text-align: center;\"><span style=\"color: #000000;\"><strong><em>VI &#8211; Mostra Acad\u00eamica<\/em><\/strong><\/span><\/p>\n<p style=\"text-align: center;\"><span style=\"color: #000000;\"><em>Data: 21 a 25 de novembro de 2022<\/em><\/span><\/p>\n<p style=\"text-align: center;\"><span style=\"color: #000000;\"><em>Local: <span id=\"evento_presencial\">Faculdade de Agronomia Eliseu Maciel &#8211; Cap\u00e3o do Le\u00e3o &#8211; Rio Grande do Sul &#8211; Brasil<\/span><\/em><\/span><\/p>\n<p style=\"text-align: justify;\"><span style=\"color: #000000;\">No evento pesquisadores e alunos do Programa da P\u00f3s-Gradua\u00e7\u00e3o em Biotecnologia (PPGBiotec \u2013 UFPel), participam tanto na avalia\u00e7\u00e3o dos resumos submetidos como na submiss\u00e3o de resumos.<\/span><\/p>\n<p><span style=\"color: #000000;\"><a style=\"color: #000000;\" href=\"https:\/\/wp.ufpel.edu.br\/ppgbiotec\/files\/2024\/07\/Anais-da-VI-Mostra.pdf\">Anais-da-VI-Mostra<\/a><\/span><\/p>\n<p>&nbsp;<\/p>\n","protected":false},"excerpt":{"rendered":"<p>VI &#8211; Mostra Acad\u00eamica Data: 21 a 25 de novembro de 2022 Local: Faculdade de Agronomia Eliseu Maciel &#8211; Cap\u00e3o do Le\u00e3o &#8211; Rio Grande do Sul &#8211; Brasil No evento pesquisadores e alunos do Programa da P\u00f3s-Gradua\u00e7\u00e3o em Biotecnologia (PPGBiotec \u2013 UFPel), participam tanto na avalia\u00e7\u00e3o dos resumos submetidos como na submiss\u00e3o de resumos. [&hellip;]<\/p>\n","protected":false},"author":735,"featured_media":0,"parent":4412,"menu_order":6,"comment_status":"closed","ping_status":"closed","template":"","meta":{"jetpack_post_was_ever_published":false,"footnotes":""},"class_list":["post-10071","page","type-page","status-publish","hentry"],"jetpack_sharing_enabled":true,"_links":{"self":[{"href":"https:\/\/wp.ufpel.edu.br\/ppgbiotec\/wp-json\/wp\/v2\/pages\/10071","targetHints":{"allow":["GET"]}}],"collection":[{"href":"https:\/\/wp.ufpel.edu.br\/ppgbiotec\/wp-json\/wp\/v2\/pages"}],"about":[{"href":"https:\/\/wp.ufpel.edu.br\/ppgbiotec\/wp-json\/wp\/v2\/types\/page"}],"author":[{"embeddable":true,"href":"https:\/\/wp.ufpel.edu.br\/ppgbiotec\/wp-json\/wp\/v2\/users\/735"}],"replies":[{"embeddable":true,"href":"https:\/\/wp.ufpel.edu.br\/ppgbiotec\/wp-json\/wp\/v2\/comments?post=10071"}],"version-history":[{"count":3,"href":"https:\/\/wp.ufpel.edu.br\/ppgbiotec\/wp-json\/wp\/v2\/pages\/10071\/revisions"}],"predecessor-version":[{"id":10076,"href":"https:\/\/wp.ufpel.edu.br\/ppgbiotec\/wp-json\/wp\/v2\/pages\/10071\/revisions\/10076"}],"up":[{"embeddable":true,"href":"https:\/\/wp.ufpel.edu.br\/ppgbiotec\/wp-json\/wp\/v2\/pages\/4412"}],"wp:attachment":[{"href":"https:\/\/wp.ufpel.edu.br\/ppgbiotec\/wp-json\/wp\/v2\/media?parent=10071"}],"curies":[{"name":"wp","href":"https:\/\/api.w.org\/{rel}","templated":true}]}}