{"id":847,"date":"2023-06-01T09:11:26","date_gmt":"2023-06-01T12:11:26","guid":{"rendered":"https:\/\/wp.ufpel.edu.br\/ppgbioanimal\/?page_id=847"},"modified":"2023-06-01T09:20:25","modified_gmt":"2023-06-01T12:20:25","slug":"novo-programa-novo-site-ppg-em-biodiversidade-animal","status":"publish","type":"page","link":"https:\/\/wp.ufpel.edu.br\/ppgbioanimal\/","title":{"rendered":"NOVO PROGRAMA, NOVO SITE: PPG em Biodiversidade Animal"},"content":{"rendered":"<p>Prezados(as),<\/p>\n<p>&nbsp;<\/p>\n<p>A Coordena\u00e7\u00e3o do Programa de P\u00f3s-Gradua\u00e7\u00e3o em Biologia Animal tem o prazer de anunciar que, em conformidade com a Portaria CAPES n\u00ba 256\/2018, foi concretizada a fus\u00e3o entre os Programas de P\u00f3s-Gradua\u00e7\u00e3o em Biologia Animal e Entomologia da Universidade Federal de Pelotas (UFPel). O resultado \u00e9 o nascimento do nosso <strong>Programa de P\u00f3s-Gradua\u00e7\u00e3o em Biodiversidade Animal<\/strong>.<\/p>\n<p>Voc\u00ea pode encontrar mais detalhes sobre este novo programa em nossa p\u00e1gina da web &#8211; <a href=\"https:\/\/wp.ufpel.edu.br\/ppgbdiv\/\"><strong>https:\/\/wp.ufpel.edu.br\/ppgbdiv\/<\/strong><\/a>.<\/p>\n<p>Convidamos todos a conhecerem a proposta do novo Programa.\u00a0Esta \u00e9 uma mudan\u00e7a empolgante para o nosso Programa e estamos ansiosos para explorar as oportunidades que essa fus\u00e3o trar\u00e1.<\/p>\n<p>Obrigado pelo seu cont\u00ednuo apoio.<\/p>\n<p>&nbsp;<\/p>\n<p>Atenciosamente,<\/p>\n<p>Coordena\u00e7\u00e3o do PPG em Biodiversidade Animal<\/p>\n<p>ppgbdiv@ufpel.edu.br.<\/p>\n<p>&nbsp;<\/p>\n","protected":false},"excerpt":{"rendered":"<p>Prezados(as), &nbsp; A Coordena\u00e7\u00e3o do Programa de P\u00f3s-Gradua\u00e7\u00e3o em Biologia Animal tem o prazer de anunciar que, em conformidade com a Portaria CAPES n\u00ba 256\/2018, foi concretizada a fus\u00e3o entre os Programas de P\u00f3s-Gradua\u00e7\u00e3o em Biologia Animal e Entomologia da Universidade Federal de Pelotas (UFPel). O resultado \u00e9 o nascimento do nosso Programa de P\u00f3s-Gradua\u00e7\u00e3o [&hellip;]<\/p>\n","protected":false},"author":490,"featured_media":0,"parent":0,"menu_order":0,"comment_status":"closed","ping_status":"closed","template":"","meta":{"footnotes":""},"class_list":["post-847","page","type-page","status-publish","hentry"],"_links":{"self":[{"href":"https:\/\/wp.ufpel.edu.br\/ppgbioanimal\/wp-json\/wp\/v2\/pages\/847","targetHints":{"allow":["GET"]}}],"collection":[{"href":"https:\/\/wp.ufpel.edu.br\/ppgbioanimal\/wp-json\/wp\/v2\/pages"}],"about":[{"href":"https:\/\/wp.ufpel.edu.br\/ppgbioanimal\/wp-json\/wp\/v2\/types\/page"}],"author":[{"embeddable":true,"href":"https:\/\/wp.ufpel.edu.br\/ppgbioanimal\/wp-json\/wp\/v2\/users\/490"}],"replies":[{"embeddable":true,"href":"https:\/\/wp.ufpel.edu.br\/ppgbioanimal\/wp-json\/wp\/v2\/comments?post=847"}],"version-history":[{"count":3,"href":"https:\/\/wp.ufpel.edu.br\/ppgbioanimal\/wp-json\/wp\/v2\/pages\/847\/revisions"}],"predecessor-version":[{"id":855,"href":"https:\/\/wp.ufpel.edu.br\/ppgbioanimal\/wp-json\/wp\/v2\/pages\/847\/revisions\/855"}],"wp:attachment":[{"href":"https:\/\/wp.ufpel.edu.br\/ppgbioanimal\/wp-json\/wp\/v2\/media?parent=847"}],"curies":[{"name":"wp","href":"https:\/\/api.w.org\/{rel}","templated":true}]}}