{"id":985,"date":"2025-11-28T14:31:16","date_gmt":"2025-11-28T17:31:16","guid":{"rendered":"https:\/\/wp.ufpel.edu.br\/ppgbdiv\/?page_id=985"},"modified":"2026-03-13T15:49:12","modified_gmt":"2026-03-13T18:49:12","slug":"corpo-docente","status":"publish","type":"page","link":"https:\/\/wp.ufpel.edu.br\/ppgbdiv\/corpo-docente\/","title":{"rendered":"Corpo docente"},"content":{"rendered":"<p>&nbsp;<\/p>\n<table class=\"aligncenter\" style=\"width: 100%; border-collapse: collapse;\" border=\"1\">\n<tbody>\n<tr style=\"height: 37px;\">\n<td style=\"width: 32.5714%; text-align: center; height: 37px;\"><strong><span style=\"color: #000000; font-size: 14pt;\">Docente<\/span><\/strong><\/td>\n<td style=\"width: 35.1429%; text-align: center; height: 37px;\"><strong><span style=\"color: #000000; font-size: 14pt;\">Linha de pesquisa<\/span><\/strong><\/td>\n<td style=\"width: 30.1429%; text-align: center; height: 37px;\"><strong><span style=\"color: #000000; font-size: 14pt;\">Contato<\/span><\/strong><\/td>\n<\/tr>\n<tr style=\"height: 22px;\">\n<td style=\"width: 97.8571%; text-align: center; height: 22px;\" colspan=\"3\"><strong><span style=\"color: #000000; font-size: 14pt;\">N\u00facleo Docente Permanente<\/span><\/strong><strong><span style=\"color: #000000; font-size: 14pt;\"><br \/>\n<\/span><\/strong><\/td>\n<\/tr>\n<tr style=\"height: 10px;\">\n<td style=\"width: 32.5714%; text-align: center; height: 22px; vertical-align: middle;\"><span style=\"font-size: 10pt; color: #0000ff;\"><a style=\"color: #0000ff;\" href=\"http:\/\/lattes.cnpq.br\/1453061038778250\" target=\"_blank\" rel=\"noopener\">Dra. Ana Maria Rui<\/a><\/span><\/td>\n<td style=\"width: 35.1429%; text-align: center; height: 43px; vertical-align: middle;\"><span style=\"color: #000000; font-size: 10pt;\">Ecologia de popula\u00e7\u00f5es de esp\u00e9cies de mam\u00edferos Neotropicais,\u00a0 com \u00eanfase em Chiroptera.<\/span><\/td>\n<td style=\"width: 30.1429%; text-align: center; height: 43px; vertical-align: middle;\"><span style=\"font-size: 10pt; color: #000000;\">ana.rui@ufpel.edu.br<\/span><\/td>\n<\/tr>\n<tr style=\"height: 10px;\">\n<td style=\"width: 32.5714%; text-align: center; vertical-align: middle; height: 10px;\"><span style=\"font-size: 10pt; color: #0000ff;\"><a style=\"color: #0000ff;\" href=\"http:\/\/lattes.cnpq.br\/6722497708487528\" target=\"_blank\" rel=\"noopener\">Dr. Cristiano Agra Iserhard<\/a><\/span><\/td>\n<td style=\"width: 35.1429%; text-align: center; vertical-align: middle; height: 10px;\"><span style=\"font-size: 10pt; color: #000000;\">Ecologia e diversidade de insetos, com \u00eanfase em Lepidoptera<\/span><\/td>\n<td style=\"width: 30.1429%; text-align: center; vertical-align: middle; height: 10px;\"><span style=\"font-size: 10pt; color: #000000;\">cristianoagra@yahoo.com.br<\/span><\/td>\n<\/tr>\n<tr style=\"height: 10px;\">\n<td style=\"width: 32.5714%; text-align: center; vertical-align: middle; height: 10px;\"><span style=\"font-size: 10pt; color: #0000ff;\"><a style=\"color: #0000ff;\" href=\"http:\/\/lattes.cnpq.br\/6597237943759822\" target=\"_blank\" rel=\"noopener\">Dr. Daniel Loebmann<\/a><\/span><\/td>\n<td style=\"width: 35.1429%; text-align: center; vertical-align: middle; height: 10px;\"><span style=\"font-size: 10pt; color: #000000;\">Biologia e sistem\u00e1tica de r\u00e9pteis e anf\u00edbios<\/span><\/td>\n<td style=\"width: 30.1429%; text-align: center; vertical-align: middle; height: 10px;\"><span style=\"font-size: 10pt;\"><span style=\"color: #000000;\">pinguimfiel@yahoo.com.br<\/span><\/span><\/td>\n<\/tr>\n<tr style=\"height: 10px;\">\n<td style=\"width: 32.5714%; text-align: center; height: 22px;\"><span style=\"color: #0000ff; font-size: 10pt;\"><a style=\"color: #0000ff;\" href=\"http:\/\/lattes.cnpq.br\/7398906470318595\" target=\"_blank\" rel=\"noopener\">Dr. Edison Zefa<\/a><\/span><\/td>\n<td style=\"width: 35.1429%; text-align: center; height: 22px;\"><span style=\"color: #000000; font-size: 10pt;\">Taxonomia, citogen\u00e9tica e bioac\u00fastica de Grylloidea\u00a0<\/span><\/td>\n<td style=\"width: 30.1429%; text-align: center; height: 22px;\"><span style=\"color: #000000; font-size: 10pt;\">edzefa@gmail.com<\/span><\/td>\n<\/tr>\n<tr style=\"height: 10px;\">\n<td style=\"width: 32.5714%; text-align: center; vertical-align: middle; height: 24px;\"><span style=\"font-size: 10pt; color: #0000ff;\"><a style=\"color: #0000ff;\" href=\"http:\/\/lattes.cnpq.br\/0371096131093979\" target=\"_blank\" rel=\"noopener\">Dr. Fla\u0301vio Roberto Mello Garcia<\/a><\/span><\/td>\n<td style=\"width: 35.1429%; text-align: center; vertical-align: middle; height: 24px;\"><span style=\"font-size: 10pt; color: #000000;\">Entomologia, manejo integrado de pragas, controle biol\u00f3gico de insetos<\/span><\/td>\n<td style=\"width: 30.1429%; text-align: center; vertical-align: middle; height: 24px;\"><span style=\"font-size: 10pt;\"><span style=\"color: #000000;\">flavio.garcia@ufpel.edu.br<\/span><\/span><\/td>\n<\/tr>\n<tr style=\"height: 10px;\">\n<td style=\"width: 32.5714%; text-align: center; vertical-align: middle; height: 10px;\"><span style=\"font-size: 10pt; color: #0000ff;\"><a style=\"color: #0000ff;\" href=\"http:\/\/lattes.cnpq.br\/7622456566682610\" target=\"_blank\" rel=\"noopener\">Dr. Jeferson Vizentin-Bugoni<\/a><\/span><\/td>\n<td style=\"width: 35.1429%; text-align: center; vertical-align: middle; height: 10px;\"><span style=\"font-size: 10pt; color: #000000;\">\u00a0Ecologia de intera\u00e7\u00f5es planta-animal<\/span><\/td>\n<td style=\"width: 30.1429%; text-align: center; vertical-align: middle; height: 10px;\"><span style=\"font-size: 10pt; color: #000000;\">jbugoni@yahoo.com.br<\/span><\/td>\n<\/tr>\n<tr style=\"height: 10px;\">\n<td style=\"width: 32.5714%; text-align: center; vertical-align: middle; height: 10px;\"><span style=\"font-size: 10pt; color: #0000ff;\"><a style=\"color: #0000ff;\" href=\"http:\/\/lattes.cnpq.br\/7801464080743088\" target=\"_blank\" rel=\"noopener\">Dra. Juliana Cordeiro<\/a><\/span><\/td>\n<td style=\"width: 35.1429%; text-align: center; vertical-align: middle; height: 10px;\"><span style=\"font-size: 10pt; color: #000000;\">Ecologia molecular de esp\u00e9cies Neotropicais<\/span><\/td>\n<td style=\"width: 30.1429%; text-align: center; vertical-align: middle; height: 10px;\"><span style=\"font-size: 10pt;\"><span style=\"color: #000000;\">jlncdr@gmail.com<\/span><\/span><\/td>\n<\/tr>\n<tr style=\"height: 10px;\">\n<td style=\"width: 32.5714%; text-align: center; vertical-align: middle; height: 10px;\"><span style=\"font-size: 10pt; color: #0000ff;\"><a style=\"color: #0000ff;\" href=\"http:\/\/lattes.cnpq.br\/1402956553786728\" target=\"_blank\" rel=\"noopener\">Dr. Luiz Ernesto Costa-Schmidt<\/a><br \/>\n<\/span><\/td>\n<td style=\"width: 35.1429%; text-align: center; vertical-align: middle; height: 10px;\"><span style=\"font-size: 10pt; color: #000000;\">\u00a0Ecologia comportamental com \u00eanfase em Arachnida<\/span><\/td>\n<td style=\"width: 30.1429%; text-align: center; vertical-align: middle; height: 10px;\"><span style=\"font-size: 10pt; color: #000000;\">luiz.ernesto@ufpel.edu.br<\/span><\/td>\n<\/tr>\n<tr style=\"height: 10px;\">\n<td style=\"width: 32.5714%; text-align: center; height: 26px;\"><span style=\"color: #0000ff;\"><a style=\"color: #0000ff;\" href=\"http:\/\/lattes.cnpq.br\/3632078197153438\" target=\"_blank\" rel=\"noopener\"><span style=\"font-size: 10pt;\">Dr. Marco Silva Gottschalk<\/span><\/a><\/span><\/td>\n<td style=\"width: 35.1429%; text-align: center; height: 26px;\"><span style=\"color: #000000; font-size: 10pt;\">Ecologia e evolu\u00e7\u00e3o de Diptera, com \u00eanfase em Drosophilidae<\/span><\/td>\n<td style=\"width: 30.1429%; text-align: center; height: 26px;\"><span style=\"color: #000000; font-size: 10pt;\">marco.gottschalk@ufpel.edu.br<\/span><\/td>\n<\/tr>\n<tr style=\"height: 10px;\">\n<td style=\"width: 32.5714%; text-align: center; vertical-align: middle; height: 10px;\"><span style=\"font-size: 10pt; color: #0000ff;\"><a style=\"color: #0000ff;\" href=\"http:\/\/lattes.cnpq.br\/2418010151929319\" target=\"_blank\" rel=\"noopener\">Dr. Rafael Antunes Dias<\/a><\/span><\/td>\n<td style=\"width: 35.1429%; text-align: center; vertical-align: middle; height: 10px;\"><span style=\"font-size: 10pt; color: #000000;\">Diversidade e ecologia de Aves, conserva\u00e7\u00e3o e manejo<\/span><\/td>\n<td style=\"width: 30.1429%; text-align: center; vertical-align: middle; height: 10px;\"><span style=\"font-size: 10pt;\"><span style=\"color: #000000;\">rafael.dias@ufpel.edu.br<\/span><\/span><\/td>\n<\/tr>\n<tr style=\"height: 123px;\">\n<td style=\"width: 32.5714%; text-align: center; vertical-align: middle; height: 10px;\"><span style=\"font-size: 10pt; color: #0000ff;\"><a style=\"color: #0000ff;\" href=\"http:\/\/lattes.cnpq.br\/9058637936801168\" target=\"_blank\" rel=\"noopener\">Dr. Rodrigo Ferreira Kr\u00fcger<\/a><\/span><\/td>\n<td style=\"width: 35.1429%; text-align: center; vertical-align: middle; height: 10px;\"><span style=\"font-size: 10pt; color: #000000;\">Parasitologia, entomologia forense e intera\u00e7\u00f5es parasit\u00e1rias, com \u00eanfase em aplica\u00e7\u00f5es ecol\u00f3gicas e epidemiol\u00f3gicas<\/span><\/td>\n<td style=\"width: 30.1429%; text-align: center; vertical-align: middle; height: 10px;\"><span style=\"font-size: 10pt;\"><span style=\"color: #000000;\">rodrigo.kruger@ufpel.edu.br<\/span><\/span><\/td>\n<\/tr>\n<tr style=\"height: 10px;\">\n<td style=\"width: 32.5714%; text-align: center; vertical-align: middle; height: 10px;\"><span style=\"font-size: 10pt; color: #0000ff;\"><a style=\"color: #0000ff;\" href=\"http:\/\/lattes.cnpq.br\/8773478118683609\" target=\"_blank\" rel=\"noopener\">Dr. Sebastian Felipe Sendoya Echeverry<\/a><\/span><\/td>\n<td style=\"width: 35.1429%; text-align: center; vertical-align: middle; height: 10px;\"><span style=\"font-size: 10pt; color: #000000;\">Ecologia de Formicidae e intera\u00e7\u00f5es formiga-planta<\/span><\/td>\n<td style=\"width: 30.1429%; text-align: center; vertical-align: middle; height: 10px;\"><span style=\"font-size: 10pt;\"><span style=\"color: #000000;\">sebasendo@gmail.com<\/span><\/span><\/td>\n<\/tr>\n<tr style=\"height: 21px;\">\n<td style=\"width: 97.8571%; text-align: center; vertical-align: middle; height: 21px;\" colspan=\"3\">\n<p>&nbsp;<\/p>\n<p><strong><span style=\"font-size: 12pt; color: #000000;\">N\u00facleo Docente Colaborador<\/span><\/strong><span style=\"font-size: 10pt; color: #000000;\"><br \/>\n<\/span><\/td>\n<\/tr>\n<tr style=\"height: 10px;\">\n<td style=\"width: 32.5714%; text-align: center; vertical-align: middle; height: 47px;\"><span style=\"font-size: 10pt; color: #0000ff;\"><a style=\"color: #0000ff;\" href=\"http:\/\/lattes.cnpq.br\/6364339737843541\" target=\"_blank\" rel=\"noopener\">Dra. Ana Lui\u0301sa Schifino Valente<\/a><\/span><\/td>\n<td style=\"width: 35.1429%; text-align: center; vertical-align: middle; height: 47px;\"><span style=\"font-size: 10pt; color: #000000;\">Morfologia e parasitologia de vertebrados e recupera\u00e7\u00e3o de fauna silvestre<\/span><\/td>\n<td style=\"width: 30.1429%; text-align: center; vertical-align: middle; height: 47px;\"><span style=\"font-size: 10pt; color: #000000;\">schifinoval@hotmail.com<\/span><\/td>\n<\/tr>\n<tr style=\"height: 10px;\">\n<td style=\"width: 32.5714%; height: 11px; text-align: center; vertical-align: middle;\"><span style=\"font-size: 10pt; color: #0000ff;\"><a style=\"color: #0000ff;\" href=\"http:\/\/lattes.cnpq.br\/1010854680087943\" target=\"_blank\" rel=\"noopener\">Dr. Marco Ant\u00f4nio Tonus Marinho<\/a><\/span><\/td>\n<td style=\"width: 35.1429%; height: 11px; text-align: center; vertical-align: middle;\"><span style=\"font-size: 10pt; color: #000000;\">Sistem\u00e1tica e evolu\u00e7\u00e3o de Diptera<\/span><\/td>\n<td style=\"width: 30.1429%; height: 11px; text-align: center; vertical-align: middle;\"><span style=\"font-size: 10pt;\"><span style=\"color: #000000;\">marco.marinho@ufpel.edu.br<\/span><span style=\"color: #000000;\"><br \/>\n<\/span><\/span><\/td>\n<\/tr>\n<tr style=\"height: 10px;\">\n<td style=\"width: 32.5714%; height: 10px; text-align: center; vertical-align: middle;\"><span style=\"font-size: 10pt; color: #0000ff;\"><a style=\"color: #0000ff;\" href=\"http:\/\/lattes.cnpq.br\/3663290040106495\" target=\"_blank\" rel=\"noopener\">Dra. Nat\u00e1lia Maritza Ladino Lopez<\/a><\/span><\/td>\n<td style=\"width: 35.1429%; height: 10px; text-align: center; vertical-align: middle;\"><span style=\"color: #000000; font-size: 10pt;\">Taxonomia, sistem\u00e1tica e biogeografia de Formicidae Neotropical<\/span><\/td>\n<td style=\"width: 30.1429%; height: 10px; text-align: center; vertical-align: middle;\"><span style=\"color: #000000; font-size: 10pt;\">nmladino@gmail.com<\/span><\/td>\n<\/tr>\n<\/tbody>\n<\/table>\n<p>&nbsp;<\/p>\n","protected":false},"excerpt":{"rendered":"<p>&nbsp; Docente Linha de pesquisa Contato N\u00facleo Docente Permanente Dra. Ana Maria Rui Ecologia de popula\u00e7\u00f5es de esp\u00e9cies de mam\u00edferos Neotropicais,\u00a0 com \u00eanfase em Chiroptera. ana.rui@ufpel.edu.br Dr. Cristiano Agra Iserhard Ecologia e diversidade de insetos, com \u00eanfase em Lepidoptera cristianoagra@yahoo.com.br Dr. Daniel Loebmann Biologia e sistem\u00e1tica de r\u00e9pteis e anf\u00edbios pinguimfiel@yahoo.com.br Dr. Edison Zefa Taxonomia,&hellip;<\/p>\n","protected":false},"author":1215,"featured_media":0,"parent":0,"menu_order":0,"comment_status":"closed","ping_status":"closed","template":"","meta":{"footnotes":""},"class_list":["post-985","page","type-page","status-publish","hentry"],"_links":{"self":[{"href":"https:\/\/wp.ufpel.edu.br\/ppgbdiv\/wp-json\/wp\/v2\/pages\/985","targetHints":{"allow":["GET"]}}],"collection":[{"href":"https:\/\/wp.ufpel.edu.br\/ppgbdiv\/wp-json\/wp\/v2\/pages"}],"about":[{"href":"https:\/\/wp.ufpel.edu.br\/ppgbdiv\/wp-json\/wp\/v2\/types\/page"}],"author":[{"embeddable":true,"href":"https:\/\/wp.ufpel.edu.br\/ppgbdiv\/wp-json\/wp\/v2\/users\/1215"}],"replies":[{"embeddable":true,"href":"https:\/\/wp.ufpel.edu.br\/ppgbdiv\/wp-json\/wp\/v2\/comments?post=985"}],"version-history":[{"count":4,"href":"https:\/\/wp.ufpel.edu.br\/ppgbdiv\/wp-json\/wp\/v2\/pages\/985\/revisions"}],"predecessor-version":[{"id":1057,"href":"https:\/\/wp.ufpel.edu.br\/ppgbdiv\/wp-json\/wp\/v2\/pages\/985\/revisions\/1057"}],"wp:attachment":[{"href":"https:\/\/wp.ufpel.edu.br\/ppgbdiv\/wp-json\/wp\/v2\/media?parent=985"}],"curies":[{"name":"wp","href":"https:\/\/api.w.org\/{rel}","templated":true}]}}