{"id":869,"date":"2025-04-03T14:24:17","date_gmt":"2025-04-03T17:24:17","guid":{"rendered":"https:\/\/wp.ufpel.edu.br\/ppgbdiv\/?page_id=869"},"modified":"2025-04-03T14:53:16","modified_gmt":"2025-04-03T17:53:16","slug":"2025-1","status":"publish","type":"page","link":"https:\/\/wp.ufpel.edu.br\/ppgbdiv\/2025-1\/","title":{"rendered":"Oferta de disciplinas 2025-1"},"content":{"rendered":"<p><span style=\"font-size: 12pt; color: #000000;\">In\u00edcio do semestre: 22 de abril de 2025<\/span><br \/>\n<span style=\"font-size: 12pt; color: #000000;\">Final do semestre: 01 de agosto de 2025<\/span><br \/>\n<span style=\"color: #000000;\">Para visualizar a ementa das disciplinas, <span style=\"color: #3366ff;\"><a style=\"color: #3366ff;\" href=\"https:\/\/wp.ufpel.edu.br\/ppgbdiv\/disciplinas\/\" target=\"_blank\" rel=\"noopener\">clique aqui<\/a><\/span><\/span><\/p>\n<p><span style=\"color: #000000;\"><strong>*Alunas\/os de outros PPGs da UFPel:<\/strong> a solicita\u00e7\u00e3o de abertura de vagas em disciplinas do PPGBDiv deve ser encaminhada <strong>via SEI pelo Colegiado do curso de PPG da\/o interessada\/o<\/strong>. Ap\u00f3s a abertura da vaga, a\/o estudante poder\u00e1 se matricular por meio do Sistema Cobalto.<\/span><br \/>\n<span style=\"color: #000000;\"><strong>**Alunas\/os de PPGs externos \u00e0 UFPel:<\/strong> interessadas\/os em cursar disciplinas do PPGBDiv devem aguardar a publica\u00e7\u00e3o do Edital de Sele\u00e7\u00e3o para Aluno Especial.<\/span><\/p>\n<table style=\"width: 100%; border-collapse: collapse;\" border=\"1\">\n<tbody>\n<tr style=\"border-color: #ffffff;\">\n<td style=\"width: 15.52%; height: 32px; text-align: center;\"><span style=\"font-size: 12pt; color: #000000;\">C\u00f3digo<\/span><\/td>\n<td style=\"width: 38.24%; height: 32px; text-align: center;\"><span style=\"font-size: 12pt; color: #000000;\">Disciplina<\/span><\/td>\n<td style=\"width: 22.88%; height: 32px; text-align: center;\"><span style=\"font-size: 12pt; color: #000000;\">Per\u00edodo de oferta<\/span><\/td>\n<td style=\"width: 183.386%; height: 32px; text-align: center;\"><span style=\"font-size: 12pt; color: #000000;\">Professor respons\u00e1vel<\/span><\/td>\n<\/tr>\n<tr style=\"border-color: #ffffff;\">\n<td style=\"width: 15.52%; height: 44px; text-align: center;\"><span style=\"font-size: 12pt; color: #000000;\">9050090<\/span><\/td>\n<td style=\"width: 38.24%; height: 44px; text-align: center;\"><span style=\"font-size: 12pt; color: #000000;\">Semin\u00e1rios I<\/span><\/td>\n<td style=\"width: 22.88%; height: 44px; text-align: center;\"><span style=\"font-size: 12pt; color: #000000;\">28\/04 \u00e0 28\/07<\/span><\/td>\n<td style=\"width: 183.386%; height: 44px; text-align: center;\"><span style=\"font-size: 12pt; color: #000000;\">Fl\u00e1vio Garcia<\/span><\/td>\n<\/tr>\n<tr style=\"border-color: #ffffff;\">\n<td style=\"width: 15.52%; height: 44px; text-align: center;\"><span style=\"font-size: 12pt; color: #000000;\">D001198<\/span><\/td>\n<td style=\"width: 38.24%; height: 44px; text-align: center;\"><span style=\"font-size: 12pt; color: #000000;\">Diversidade de Metazoa<\/span><\/td>\n<td style=\"width: 22.88%; height: 44px; text-align: center;\"><span style=\"font-size: 12pt; color: #000000;\">23\/04 \u00e0 23\/07<\/span><\/td>\n<td style=\"width: 183.386%; height: 44px; text-align: center;\"><span style=\"font-size: 12pt; color: #000000;\">Marco Gottschalk<\/span><\/td>\n<\/tr>\n<tr style=\"border-color: #ffffff;\">\n<td style=\"width: 15.52%; height: 44px; text-align: center;\"><span style=\"font-size: 12pt; color: #000000;\">09030084<\/span><\/td>\n<td style=\"width: 38.24%; height: 44px; text-align: center;\"><span style=\"font-size: 12pt; color: #000000;\">Biodiversidade de Insetos<\/span><\/td>\n<td style=\"width: 22.88%; height: 44px; text-align: center;\"><span style=\"font-size: 12pt; color: #000000;\">22\/04 \u00e0 22\/05<\/span><\/td>\n<td style=\"width: 183.386%; height: 44px; text-align: center;\"><span style=\"font-size: 12pt; color: #000000;\">Rodrigo Kruger<\/span><\/td>\n<\/tr>\n<tr style=\"border-color: #ffffff;\">\n<td style=\"width: 15.52%; height: 48px; text-align: center;\"><span style=\"font-size: 12pt; color: #000000;\">09050071<\/span><\/td>\n<td style=\"width: 38.24%; height: 48px; text-align: center;\"><span style=\"font-size: 12pt; color: #000000;\">Introdu\u00e7\u00e3o ao ambiente R<\/span><\/td>\n<td style=\"width: 22.88%; height: 48px; text-align: center;\"><span style=\"font-size: 12pt; color: #000000;\">05\/05 \u00e0 23\/05<\/span><\/td>\n<td style=\"width: 183.386%; height: 48px; text-align: center;\"><span style=\"font-size: 12pt; color: #000000;\">Sebastian Sendoya<\/span><\/td>\n<\/tr>\n<tr style=\"border-color: #ffffff;\">\n<td style=\"width: 15.52%; height: 48px; text-align: center;\"><span style=\"font-size: 12pt; color: #000000;\">09050095<\/span><\/td>\n<td style=\"width: 38.24%; height: 48px; text-align: center;\"><span style=\"font-size: 12pt; color: #000000;\">Conserva\u00e7\u00e3o e manejo de fauna<\/span><\/td>\n<td style=\"width: 22.88%; height: 48px; text-align: center;\"><span style=\"font-size: 12pt; color: #000000;\">27\/05 \u00e0 03\/07<\/span><\/td>\n<td style=\"width: 183.386%; height: 48px; text-align: center;\"><span style=\"font-size: 12pt; color: #000000;\">Ana Rui<\/span><\/td>\n<\/tr>\n<tr style=\"border-color: #ffffff;\">\n<td style=\"width: 15.52%; height: 109px; text-align: center;\"><span style=\"font-size: 12pt; color: #000000;\">09050102<\/span><\/td>\n<td style=\"width: 38.24%; height: 109px; text-align: center;\"><span style=\"font-size: 12pt; color: #000000;\">T\u00f3picos especiais: Taxonomia e Sistem\u00e1tica de Drosophilidae (Diptera)<\/span><\/td>\n<td style=\"width: 22.88%; height: 109px; text-align: center;\"><span style=\"font-size: 12pt; color: #000000;\">07\/07 \u00e0 11\/07<\/span><\/td>\n<td style=\"width: 183.386%; height: 109px; text-align: center;\"><span style=\"font-size: 12pt; color: #000000;\">Marco Gottschalk<\/span><\/td>\n<\/tr>\n<tr style=\"border-color: #ffffff;\">\n<td style=\"width: 15.52%; height: 89px; text-align: center;\"><span style=\"font-size: 12pt; color: #000000;\">D001206<\/span><\/td>\n<td style=\"width: 38.24%; height: 89px; text-align: center;\"><span style=\"font-size: 12pt; color: #000000;\">Intera\u00e7\u00f5es ecol\u00f3gicas<\/span><\/td>\n<td style=\"width: 22.88%; height: 89px; text-align: center;\"><span style=\"font-size: 12pt; color: #000000;\">14\/07 \u00e0 30\/07<\/span><\/td>\n<td style=\"width: 183.386%; height: 89px; text-align: center;\"><span style=\"font-size: 12pt; color: #000000;\">Cristiano Iserhard<\/span><\/td>\n<\/tr>\n<\/tbody>\n<\/table>\n<p>&nbsp;<\/p>\n","protected":false},"excerpt":{"rendered":"<p>In\u00edcio do semestre: 22 de abril de 2025 Final do semestre: 01 de agosto de 2025 Para visualizar a ementa das disciplinas, clique aqui *Alunas\/os de outros PPGs da UFPel: a solicita\u00e7\u00e3o de abertura de vagas em disciplinas do PPGBDiv deve ser encaminhada via SEI pelo Colegiado do curso de PPG da\/o interessada\/o. Ap\u00f3s a&hellip;<\/p>\n","protected":false},"author":1215,"featured_media":0,"parent":0,"menu_order":0,"comment_status":"closed","ping_status":"closed","template":"","meta":{"footnotes":""},"class_list":["post-869","page","type-page","status-publish","hentry"],"_links":{"self":[{"href":"https:\/\/wp.ufpel.edu.br\/ppgbdiv\/wp-json\/wp\/v2\/pages\/869","targetHints":{"allow":["GET"]}}],"collection":[{"href":"https:\/\/wp.ufpel.edu.br\/ppgbdiv\/wp-json\/wp\/v2\/pages"}],"about":[{"href":"https:\/\/wp.ufpel.edu.br\/ppgbdiv\/wp-json\/wp\/v2\/types\/page"}],"author":[{"embeddable":true,"href":"https:\/\/wp.ufpel.edu.br\/ppgbdiv\/wp-json\/wp\/v2\/users\/1215"}],"replies":[{"embeddable":true,"href":"https:\/\/wp.ufpel.edu.br\/ppgbdiv\/wp-json\/wp\/v2\/comments?post=869"}],"version-history":[{"count":9,"href":"https:\/\/wp.ufpel.edu.br\/ppgbdiv\/wp-json\/wp\/v2\/pages\/869\/revisions"}],"predecessor-version":[{"id":881,"href":"https:\/\/wp.ufpel.edu.br\/ppgbdiv\/wp-json\/wp\/v2\/pages\/869\/revisions\/881"}],"wp:attachment":[{"href":"https:\/\/wp.ufpel.edu.br\/ppgbdiv\/wp-json\/wp\/v2\/media?parent=869"}],"curies":[{"name":"wp","href":"https:\/\/api.w.org\/{rel}","templated":true}]}}