{"id":772,"date":"2024-12-17T17:24:05","date_gmt":"2024-12-17T20:24:05","guid":{"rendered":"https:\/\/wp.ufpel.edu.br\/ppgbdiv\/?page_id=772"},"modified":"2025-11-28T13:09:02","modified_gmt":"2025-11-28T16:09:02","slug":"ingresso-2025","status":"publish","type":"page","link":"https:\/\/wp.ufpel.edu.br\/ppgbdiv\/ingresso-2025\/","title":{"rendered":"Sele\u00e7\u00e3o mestrado 2025"},"content":{"rendered":"<p><strong>Edital e documentos para inscri\u00e7\u00e3o:<\/strong><br \/>\n<span style=\"color: #000000;\">Edital 21\/2025: Processo seletivo para mestrado no PPGBDiv 2025 \u2013<\/span> <span style=\"color: #0000ff;\"><a style=\"color: #0000ff;\" href=\"https:\/\/drive.google.com\/file\/d\/1b0Lg51jbAnOD-5FHCZZgtRWn-e_WBgmR\/view?usp=sharing\" target=\"_blank\" rel=\"noopener\">Download<\/a><\/span><br \/>\n<span style=\"color: #000000;\">Formul\u00e1rio de Inscri\u00e7\u00e3o \u2013 <\/span><span style=\"color: #0000ff;\"><a style=\"color: #0000ff;\" href=\"https:\/\/docs.google.com\/document\/d\/1E-WoAYon9Mgu7rrOsxp7WeNDbPYOIPH8\/edit?usp=sharing&amp;ouid=101663015705597813009&amp;rtpof=true&amp;sd=true\" target=\"_blank\" rel=\"noopener\">Download<\/a><\/span><br \/>\n<span style=\"color: #000000;\">Planilha de Avalia\u00e7\u00e3o do Curr\u00edculo (formato .xlsx) \u2013<\/span> <span style=\"color: #0000ff;\"><a style=\"color: #0000ff;\" href=\"https:\/\/docs.google.com\/spreadsheets\/d\/1Q_Su7ccLM8NgxaqqOucl5jlvBoU2O7Fc\/edit?usp=sharing&amp;ouid=101663015705597813009&amp;rtpof=true&amp;sd=true\" target=\"_blank\" rel=\"noopener\">Download<\/a><\/span><br \/>\n<span style=\"color: #000000;\">Guia para elabora\u00e7\u00e3o do Memorial Acad\u00eamico com Plano de Atividades &#8211;<\/span> <span style=\"color: #0000ff;\"><a style=\"color: #0000ff;\" href=\"https:\/\/drive.google.com\/file\/d\/19Ih_dme4qb3hLBDekhUXpvP5_T3ezRPQ\/view?usp=sharing\" target=\"_blank\" rel=\"noopener\">Download<\/a><\/span><br \/>\n<span style=\"color: #000000;\">Declara\u00e7\u00e3o de Etnia &#8211;<\/span> <span style=\"color: #0000ff;\"><a style=\"color: #0000ff;\" href=\"https:\/\/docs.google.com\/document\/d\/1ZVe93_pgKezT4vxhLGLkBdTcgDD0MK0M\/edit?usp=sharing&amp;ouid=101663015705597813009&amp;rtpof=true&amp;sd=true\" target=\"_blank\" rel=\"noopener\">Download<\/a><\/span><br \/>\n<span style=\"color: #000000;\">Autodeclara\u00e7\u00e3o de Identidade de G\u00eanero &#8211;<\/span> <span style=\"color: #0000ff;\"><a style=\"color: #0000ff;\" href=\"https:\/\/docs.google.com\/document\/d\/10--xx2W9aH4qvCZIIO20QP-EzT2qsxhc\/edit?usp=sharing&amp;ouid=101663015705597813009&amp;rtpof=true&amp;sd=true\" target=\"_blank\" rel=\"noopener\">Download<\/a><\/span><br \/>\n<span style=\"color: #000000;\">Autodeclara\u00e7\u00e3o de defici\u00eancia &#8211;<\/span> <a href=\"https:\/\/docs.google.com\/document\/d\/1VbSGSm7mGLbU1JosgEILhEkeZ5LgqnKB\/edit?usp=sharing&amp;ouid=101663015705597813009&amp;rtpof=true&amp;sd=true\" target=\"_blank\" rel=\"noopener\"><span style=\"color: #0000ff;\">Download<\/span><\/a><\/p>\n<p><span style=\"color: #000000;\">O requerimento de inscri\u00e7\u00e3o, declara\u00e7\u00e3o de etnia e autodeclara\u00e7\u00e3o de identidade de g\u00eanero tamb\u00e9m se encontram dispon\u00edveis para download na p\u00e1gina da PRPPG\/UFPel \u2013 <\/span><a href=\"https:\/\/wp.ufpel.edu.br\/prppg\/documentos-2\/\" target=\"_blank\" rel=\"noopener\"><span style=\"color: #0000ff;\">acesse aqui<\/span><\/a><\/p>\n<p><strong>Docentes aptos a orientar: <\/strong><span style=\"color: #000000;\"><em>Para linha de pesquisa e contato <span style=\"color: #0000ff;\"><a style=\"color: #0000ff;\" href=\"https:\/\/wp.ufpel.edu.br\/ppgbdiv\/corpo-docente\/\" target=\"_blank\" rel=\"noopener\">clique aqui<\/a><\/span>.<\/em><\/span><\/p>\n<p><strong>Processo seletivo:<\/strong><br \/>\n<a href=\"https:\/\/drive.google.com\/file\/d\/1n6FFulXt8sc2yAJ0-iJH6zeQ7EJT_ks6\/view?usp=sharing\" target=\"_blank\" rel=\"noopener\"><span style=\"color: #0000ff;\">Inscri\u00e7\u00f5es recebidas e situa\u00e7\u00e3o de homologa\u00e7\u00e3o<\/span><\/a> &#8211; publicado em 27\/02\/2025<br \/>\n<span style=\"color: #0000ff;\"><a style=\"color: #0000ff;\" href=\"https:\/\/drive.google.com\/file\/d\/18kGvyhTWaJBZ9Ib5q7D657MPsD2IkdmE\/view?usp=sharing\" target=\"_blank\" rel=\"noopener\">Cronograma das entrevistas<\/a><\/span> <em>&#8211; <\/em>publica\u00e7\u00e3o em 28\/02\/2025<br \/>\n<a href=\"https:\/\/drive.google.com\/file\/d\/1qY7uuqvzBLdmV9tXrRMszky2cEPmTyh_\/view?usp=sharing\" target=\"_blank\" rel=\"noopener\"><span style=\"color: #0000ff;\">Inscri\u00e7\u00f5es recebidas e situa\u00e7\u00e3o de homologa\u00e7\u00e3o<\/span><\/a> &#8211; ERRATA &#8211; atualizado em 07\/03\/2025<br \/>\n<span style=\"color: #0000ff;\"><a style=\"color: #0000ff;\" href=\"https:\/\/drive.google.com\/file\/d\/1qY7uuqvzBLdmV9tXrRMszky2cEPmTyh_\/view?usp=sharing\" target=\"_blank\" rel=\"noopener\">Homologa\u00e7\u00e3o final (ap\u00f3s per\u00edodo de recursos)<\/a> <\/span>&#8211; publicado em 07\/03\/2025<br \/>\n<span style=\"color: #0000ff;\"><a style=\"color: #0000ff;\" href=\"https:\/\/drive.google.com\/file\/d\/1NqtaZBvcYC8tEWe8muCOKxN3K20XrGoJ\/view?usp=sharing\" target=\"_blank\" rel=\"noopener\">Resultado final<\/a> <\/span><em>&#8211; <\/em>publicado em 26\/03\/2025<\/p>\n","protected":false},"excerpt":{"rendered":"<p>Edital e documentos para inscri\u00e7\u00e3o: Edital 21\/2025: Processo seletivo para mestrado no PPGBDiv 2025 \u2013 Download Formul\u00e1rio de Inscri\u00e7\u00e3o \u2013 Download Planilha de Avalia\u00e7\u00e3o do Curr\u00edculo (formato .xlsx) \u2013 Download Guia para elabora\u00e7\u00e3o do Memorial Acad\u00eamico com Plano de Atividades &#8211; Download Declara\u00e7\u00e3o de Etnia &#8211; Download Autodeclara\u00e7\u00e3o de Identidade de G\u00eanero &#8211; Download Autodeclara\u00e7\u00e3o&hellip;<\/p>\n","protected":false},"author":1215,"featured_media":0,"parent":0,"menu_order":0,"comment_status":"closed","ping_status":"closed","template":"","meta":{"footnotes":""},"class_list":["post-772","page","type-page","status-publish","hentry"],"_links":{"self":[{"href":"https:\/\/wp.ufpel.edu.br\/ppgbdiv\/wp-json\/wp\/v2\/pages\/772","targetHints":{"allow":["GET"]}}],"collection":[{"href":"https:\/\/wp.ufpel.edu.br\/ppgbdiv\/wp-json\/wp\/v2\/pages"}],"about":[{"href":"https:\/\/wp.ufpel.edu.br\/ppgbdiv\/wp-json\/wp\/v2\/types\/page"}],"author":[{"embeddable":true,"href":"https:\/\/wp.ufpel.edu.br\/ppgbdiv\/wp-json\/wp\/v2\/users\/1215"}],"replies":[{"embeddable":true,"href":"https:\/\/wp.ufpel.edu.br\/ppgbdiv\/wp-json\/wp\/v2\/comments?post=772"}],"version-history":[{"count":3,"href":"https:\/\/wp.ufpel.edu.br\/ppgbdiv\/wp-json\/wp\/v2\/pages\/772\/revisions"}],"predecessor-version":[{"id":965,"href":"https:\/\/wp.ufpel.edu.br\/ppgbdiv\/wp-json\/wp\/v2\/pages\/772\/revisions\/965"}],"wp:attachment":[{"href":"https:\/\/wp.ufpel.edu.br\/ppgbdiv\/wp-json\/wp\/v2\/media?parent=772"}],"curies":[{"name":"wp","href":"https:\/\/api.w.org\/{rel}","templated":true}]}}