{"id":751,"date":"2024-08-12T17:20:46","date_gmt":"2024-08-12T20:20:46","guid":{"rendered":"https:\/\/wp.ufpel.edu.br\/ppgbdiv\/?page_id=751"},"modified":"2024-08-20T09:37:38","modified_gmt":"2024-08-20T12:37:38","slug":"oferta-de-disciplinas-2024-02","status":"publish","type":"page","link":"https:\/\/wp.ufpel.edu.br\/ppgbdiv\/oferta-de-disciplinas-2024-02\/","title":{"rendered":"Oferta de disciplinas 2024\/02"},"content":{"rendered":"<header class=\"entry-header\">\n<p class=\"entry-title\"><span style=\"font-size: 1rem;\">Informamos as datas importante para o Semestre 2024\/02:<\/span><\/p>\n<p><strong>Matr\u00edcula dos alunos do curso: <\/strong>de 26 a 30 de agosto de 2024 (as matr\u00edculas ocorrer\u00e3o diretamente no Sistema Cobalto)<\/p>\n<p><strong>Per\u00edodo letivo: <\/strong>de 09 de setembro a 20 de dezembro de 2024<\/p>\n<\/header>\n<div class=\"entry-content\">\n<p>A seguir, \u00e9 apresentada listagem das disciplinas ofertadas pelo PPG Biodiversidade Animal. Tenham aten\u00e7\u00e3o que muitas disciplinas ser\u00e3o realizadas de forma concentrada. Eventualmente, podem ser realizados ajustes dos dias e hor\u00e1rios pelos professores das disciplinas, combinados ap\u00f3s a primeira aula.<\/p>\n<p>(1)\u00a0<strong>c\u00f3d. <span style=\"font-weight: 400;\"><strong>09050094<\/strong> <\/span>\u2013 Semin\u00e1rios II<\/strong> (obrigat\u00f3ria)<br \/>\n<strong>Cr\u00e9ditos:<\/strong>\u00a02<br \/>\n<strong>Professores:<\/strong> Prof Dr Marco Silva Gottschalk e Prof Dr Marco Antonio Tonus Marinho<br \/>\n<strong>Per\u00edodo de execu\u00e7\u00e3o:<\/strong> de 09 de setembro a 20 de dezembro de 2024<br \/>\n<strong>Dia e hor\u00e1rios:<\/strong> Quartas-feiras (14h00 &#8211; 15h40)<br \/>\n<strong>Local:<\/strong>\u00a0Sala 08, DEZG, pr\u00e9dio 23, IB \u2013 Campus Cap\u00e3o do Le\u00e3o\/UFPel<\/p>\n<p>(2)\u00a0<strong>c\u00f3d. <\/strong><span style=\"font-weight: 400;\"><strong>D001212<\/strong> <\/span><strong>\u2013 Sistem\u00e1tica Filogen\u00e9tica<\/strong><br \/>\n<strong>Cr\u00e9ditos:<\/strong>\u00a02<br \/>\n<strong>Professor:<\/strong> Prof Dr Marco Silva Gottschalk<br \/>\n<strong>Per\u00edodo de execu\u00e7\u00e3o:<\/strong> de 09 de setembro a 20 de dezembro de 2024<br \/>\n<strong>Dia e hor\u00e1rios:<\/strong> Quartas-feiras (16h00 &#8211; 17h40)<br \/>\n<strong>Local:<\/strong>\u00a0Sala 08, DEZG, pr\u00e9dio 23, IB \u2013 Campus Cap\u00e3o do Le\u00e3o\/UFPel<br \/>\n<b>Observa\u00e7\u00f5es: <\/b><span style=\"font-weight: 400;\">H\u00e1 necessidade de utiliza\u00e7\u00e3o de computadores.<\/span><\/p>\n<p>(3)\u00a0<strong>c\u00f3d. 09050104 \u2013 Organiza\u00e7\u00e3o e Estrutura\u00e7\u00e3o de Comunidades Ecol\u00f3gicas<\/strong><br \/>\n<strong>Cr\u00e9ditos:<\/strong>\u00a02<br \/>\n<strong>Professor:<\/strong> Prof Dr\u00a0<span style=\"font-weight: 400;\">Rafael Antunes Dias<\/span><br \/>\n<strong>Per\u00edodo de execu\u00e7\u00e3o:<\/strong> <span style=\"font-weight: 400;\">de 09 de setembro a 11 de outubro de 2024<\/span> (concentrada)<br \/>\n<strong>Dia e hor\u00e1rios:<\/strong> <span style=\"font-weight: 400;\">ter\u00e7as-feiras (13h30 &#8211; 18h00)<\/span><br \/>\n<strong>Local:<\/strong>\u00a0Sala 08, DEZG, pr\u00e9dio 23, IB \u2013 Campus Cap\u00e3o do Le\u00e3o\/UFPel<br \/>\n<b>Observa\u00e7\u00f5es: <\/b><span style=\"font-weight: 400;\">O enfoque ser\u00e1 dado em Ecologia Funcional e Filogen\u00e9tica. H\u00e1 necessidade de utiliza\u00e7\u00e3o de computadores e conhecimentos b\u00e1sicos do programa R. <\/span><\/p>\n<p>(4)\u00a0<strong>c\u00f3d. 09050100 \u2013 Biologia de Grilos<\/strong><br \/>\n<strong>Cr\u00e9ditos:<\/strong> 2<br \/>\n<strong>Professor:<\/strong> Prof Dr <span style=\"font-weight: 400;\">Edison Zefa<\/span><br \/>\n<strong>Per\u00edodo de execu\u00e7\u00e3o:<\/strong> de<span style=\"font-weight: 400;\"> 21 de outubro a 05 de novembro <\/span>de 2024 (concentrada)<br \/>\n<strong>Dias e hor\u00e1rios: <\/strong><span style=\"font-weight: 400;\">segunda \u00e0 sexta (9h00-12h00; 14h00-16h00).<\/span><br \/>\n<strong>Local:<\/strong>\u00a0Laborat\u00f3rio de Zoologia de Invertebrados, DEZG, pr\u00e9dio 23, IB \u2013 Campus Cap\u00e3o do Le\u00e3o\/UFPel<\/p>\n<p>(5)\u00a0<strong>c\u00f3d. 09050071 \u2013 An\u00e1lise de dados biol\u00f3gicos: Modelos lineares, generalizados e mistos<\/strong><br \/>\n<strong>Cr\u00e9ditos:<\/strong> 3<br \/>\n<strong>Professor:<\/strong> Prof Dr Sebastian Felipe Sendoya<br \/>\n<strong>Per\u00edodo de execu\u00e7\u00e3o:<\/strong> <span style=\"font-weight: 400;\">de 14 de outubro a 15 de novembro de 2024<\/span> (concentrada)<br \/>\n<strong>Dia e hor\u00e1rios:<\/strong> <span style=\"font-weight: 400;\">Segundas-feiras (9h00-12h00; 14h00-17h00), Ter\u00e7as-feiras (9h00-12h00), Quintas-feiras (9h00-12h00; 14h00-17h00), Sextas-feiras (9h00-12h00).<\/span><br \/>\n<strong>Local:<\/strong> Inicialmente agendado na Sala 08, DEZG, pr\u00e9dio 23, IB \u2013 Campus Cap\u00e3o do Le\u00e3o\/UFPel<br \/>\n<b>Observa\u00e7\u00f5es: <\/b><span style=\"font-weight: 400;\">Alunos precisam usar computador. Dar prefer\u00eancia a reservar a sala dos computadores ou alguma sala com mesas ou &#8220;carteiras&#8221; e tomadas (desde que comporte o n\u00famero de inscritos).<\/span><\/p>\n<p>(6)\u00a0<strong>c\u00f3d. 09050091 \u2013 M\u00e9todos em Filogenia Molecular<\/strong><br \/>\n<strong>Cr\u00e9ditos:<\/strong> 4<br \/>\n<strong>Professor:<\/strong> Prof Dr <span style=\"font-weight: 400;\">Marco Antonio Tonus Marinho<\/span><br \/>\n<strong>Per\u00edodo de execu\u00e7\u00e3o:<\/strong> de 18 de novembro a 20 de dezembro de 2024 (concentrada)<br \/>\n<strong>Dia e hor\u00e1rios:<\/strong> <span style=\"font-weight: 400;\">Quintas-feiras (14h00-18h00), Sextas-Feiras (14h00-18h00)<\/span><br \/>\n<strong>Local:<\/strong>\u00a0Sala 08, DEZG, pr\u00e9dio 23, IB \u2013 Campus Cap\u00e3o do Le\u00e3o\/UFPel<br \/>\n<b>Observa\u00e7\u00f5es: <\/b><span style=\"font-weight: 400;\">H\u00e1 necessidade de utiliza\u00e7\u00e3o de computadores.<\/span><\/p>\n<p>As ementas das disciplinas do Programa podem ser conferidas\u00a0<a href=\"https:\/\/wp.ufpel.edu.br\/ppgbdiv\/disciplinas\/\">aqui<\/a>.<\/p>\n<p>Solicita\u00e7\u00f5es de aberturas de vagas para outros Programas de P\u00f3s-Gradua\u00e7\u00e3o da UFPel devem ser encaminhadas <em><strong>PELOS COLEGIADOS DE CURSO DOS ALUNOS INTERESSADOS ATRAV\u00c9S DE MEMORANDO VIA SEI<\/strong><\/em>\u00a0e, ap\u00f3s abertura das vagas, os estudantes poder\u00e3o se matricular atrav\u00e9s do sistema Cobalto.<\/p>\n<p>Interessados em cursar disciplinas do Programa que sejam externos \u00e0 UFPel dever\u00e3o aguardar a publica\u00e7\u00e3o de nosso Edital de Sele\u00e7\u00e3o para Aluno Especial.<\/p>\n<p>Para maiores informa\u00e7\u00f5es, entre em contato pelo e-mail: &lt;ppgbdiv@ufpel.edu.br&gt;<\/p>\n<\/div>\n","protected":false},"excerpt":{"rendered":"<p>Informamos as datas importante para o Semestre 2024\/02: Matr\u00edcula dos alunos do curso: de 26 a 30 de agosto de 2024 (as matr\u00edculas ocorrer\u00e3o diretamente no Sistema Cobalto) Per\u00edodo letivo: de 09 de setembro a 20 de dezembro de 2024 A seguir, \u00e9 apresentada listagem das disciplinas ofertadas pelo PPG Biodiversidade Animal. Tenham aten\u00e7\u00e3o que&hellip;<\/p>\n","protected":false},"author":1215,"featured_media":0,"parent":0,"menu_order":0,"comment_status":"closed","ping_status":"closed","template":"","meta":{"footnotes":""},"class_list":["post-751","page","type-page","status-publish","hentry"],"_links":{"self":[{"href":"https:\/\/wp.ufpel.edu.br\/ppgbdiv\/wp-json\/wp\/v2\/pages\/751","targetHints":{"allow":["GET"]}}],"collection":[{"href":"https:\/\/wp.ufpel.edu.br\/ppgbdiv\/wp-json\/wp\/v2\/pages"}],"about":[{"href":"https:\/\/wp.ufpel.edu.br\/ppgbdiv\/wp-json\/wp\/v2\/types\/page"}],"author":[{"embeddable":true,"href":"https:\/\/wp.ufpel.edu.br\/ppgbdiv\/wp-json\/wp\/v2\/users\/1215"}],"replies":[{"embeddable":true,"href":"https:\/\/wp.ufpel.edu.br\/ppgbdiv\/wp-json\/wp\/v2\/comments?post=751"}],"version-history":[{"count":2,"href":"https:\/\/wp.ufpel.edu.br\/ppgbdiv\/wp-json\/wp\/v2\/pages\/751\/revisions"}],"predecessor-version":[{"id":756,"href":"https:\/\/wp.ufpel.edu.br\/ppgbdiv\/wp-json\/wp\/v2\/pages\/751\/revisions\/756"}],"wp:attachment":[{"href":"https:\/\/wp.ufpel.edu.br\/ppgbdiv\/wp-json\/wp\/v2\/media?parent=751"}],"curies":[{"name":"wp","href":"https:\/\/api.w.org\/{rel}","templated":true}]}}