{"id":742,"date":"2024-08-08T08:57:10","date_gmt":"2024-08-08T11:57:10","guid":{"rendered":"https:\/\/wp.ufpel.edu.br\/ppgbdiv\/?page_id=742"},"modified":"2024-08-08T08:57:10","modified_gmt":"2024-08-08T11:57:10","slug":"solicitacao-de-defesa-de-dissertacao","status":"publish","type":"page","link":"https:\/\/wp.ufpel.edu.br\/ppgbdiv\/solicitacao-de-defesa-de-dissertacao\/","title":{"rendered":"Solicita\u00e7\u00e3o de Defesa de Disserta\u00e7\u00e3o"},"content":{"rendered":"<p>Nesta p\u00e1gina, mestrandos e docentes do Programa de P\u00f3s-Gradua\u00e7\u00e3o em Biodiversidade Animal da UFPel encontrar\u00e3o orienta\u00e7\u00f5es sobre como encaminhar a documenta\u00e7\u00e3o necess\u00e1ria para a defesa de disserta\u00e7\u00e3o.<\/p>\n<p><strong>Procedimentos para Solicita\u00e7\u00e3o de Defesa<\/strong><\/p>\n<ul>\n<li style=\"list-style-type: none;\">\n<ul>\n<li>Preencha o formul\u00e1rio 4 de encaminhamento de defesa com as informa\u00e7\u00f5es do estudante encontrado na p\u00e1gina da PRPPG (<a href=\"https:\/\/wp.ufpel.edu.br\/prppg\/documentos-2\/\" target=\"_blank\" rel=\"noopener\">link<\/a>) ou no sistema SEI, incluindo nome, matr\u00edcula, curso ou programa, n\u00edvel (Mestrado) e t\u00edtulo da disserta\u00e7\u00e3o.<\/li>\n<li>Especifique o tipo de defesa a ser realizada (Defesa de Disserta\u00e7\u00e3o).<\/li>\n<li>Sugira a composi\u00e7\u00e3o da banca examinadora, incluindo presidente, titulares e suplentes.<\/li>\n<li>Sugira a data e hor\u00e1rio da defesa.<\/li>\n<li>Preenchimento do Formul\u00e1rio de Encaminhamento de Defesa<\/li>\n<\/ul>\n<\/li>\n<\/ul>\n<p><strong>Documentos Necess\u00e1rios<\/strong><\/p>\n<ul>\n<li style=\"list-style-type: none;\">\n<ul>\n<li>C\u00f3pias da disserta\u00e7\u00e3o para todos os membros da banca.<\/li>\n<li>Curr\u00edculo Lattes atualizado dos membros da banca que n\u00e3o s\u00e3o professores da UFPel.<\/li>\n<li>Informar RG e data de nascimento dos membros da banca que n\u00e3o s\u00e3o professores da UFPel.<\/li>\n<\/ul>\n<\/li>\n<\/ul>\n<p><strong>Composi\u00e7\u00e3o da Banca Examinadora<\/strong><\/p>\n<ul>\n<li style=\"list-style-type: none;\">\n<ul>\n<li>A banca examinadora deve ser composta por, no m\u00ednimo, tr\u00eas membros al\u00e9m do orientador, sendo pelo menos um deles externo ao Programa de P\u00f3s-Gradua\u00e7\u00e3o em Biodiversidade Animal. O orientador \u00e9, obrigatoriamente, o presidente da banca.<\/li>\n<li>Todos os membros devem possuir t\u00edtulo de Doutor ou equivalente.<\/li>\n<\/ul>\n<\/li>\n<\/ul>\n<p><strong>Sugest\u00e3o de Data para a Defesa<\/strong><\/p>\n<ul>\n<li style=\"list-style-type: none;\">\n<ul>\n<li>Proponha uma data para a defesa, respeitando o prazo m\u00ednimo de 20 dias ap\u00f3s o encaminhamento da solicita\u00e7\u00e3o.<\/li>\n<\/ul>\n<\/li>\n<\/ul>\n<p><strong>Encaminhamento ao Colegiado<\/strong><\/p>\n<ul>\n<li style=\"list-style-type: none;\">\n<ul>\n<li>O encaminhamento do formul\u00e1rio preenchido e\u00a0 da disserta\u00e7\u00e3o a ser defendida deve ser realizada pelo orientador, \u00e0 Coordena\u00e7\u00e3o do Programa, para avalia\u00e7\u00e3o e aprova\u00e7\u00e3o pelo Colegiado. Pode ser encaminhada pelo e-mail ppgbdiv@ufpel.edu.br ou pelo sistema SEI.<\/li>\n<li>O Colegiado do Programa avaliar\u00e1 a solicita\u00e7\u00e3o e homologar\u00e1 a composi\u00e7\u00e3o da banca examinadora, a data e o hor\u00e1rio da defesa.<\/li>\n<\/ul>\n<\/li>\n<\/ul>\n<ul>\n<li style=\"list-style-type: none;\"><\/li>\n<\/ul>\n<p><strong>Defesa da Disserta\u00e7\u00e3o<\/strong><\/p>\n<ul>\n<li style=\"list-style-type: none;\">\n<ul>\n<li>A defesa ser\u00e1 p\u00fablica e realizada na data e hor\u00e1rio aprovados pelo Colegiado. O estudante dever\u00e1 apresentar sua disserta\u00e7\u00e3o perante a banca examinadora, que far\u00e1 a avalia\u00e7\u00e3o e emitir\u00e1 o parecer final.<\/li>\n<li><strong>Tempo da Defesa<\/strong>: O aluno tem entre 30 e 40 minutos para apresentar o trabalho e cada membro da banca tem at\u00e9 30 minutos para a argui\u00e7\u00e3o.<\/li>\n<\/ul>\n<\/li>\n<\/ul>\n<p>Seguir todas as orienta\u00e7\u00f5es e prazos estabelecidos \u00e9 essencial para garantir uma defesa tranquila e sem imprevistos.<\/p>\n","protected":false},"excerpt":{"rendered":"<p>Nesta p\u00e1gina, mestrandos e docentes do Programa de P\u00f3s-Gradua\u00e7\u00e3o em Biodiversidade Animal da UFPel encontrar\u00e3o orienta\u00e7\u00f5es sobre como encaminhar a documenta\u00e7\u00e3o necess\u00e1ria para a defesa de disserta\u00e7\u00e3o. Procedimentos para Solicita\u00e7\u00e3o de Defesa Preencha o formul\u00e1rio 4 de encaminhamento de defesa com as informa\u00e7\u00f5es do estudante encontrado na p\u00e1gina da PRPPG (link) ou no sistema SEI,&hellip;<\/p>\n","protected":false},"author":1215,"featured_media":0,"parent":0,"menu_order":0,"comment_status":"closed","ping_status":"closed","template":"","meta":{"footnotes":""},"class_list":["post-742","page","type-page","status-publish","hentry"],"_links":{"self":[{"href":"https:\/\/wp.ufpel.edu.br\/ppgbdiv\/wp-json\/wp\/v2\/pages\/742","targetHints":{"allow":["GET"]}}],"collection":[{"href":"https:\/\/wp.ufpel.edu.br\/ppgbdiv\/wp-json\/wp\/v2\/pages"}],"about":[{"href":"https:\/\/wp.ufpel.edu.br\/ppgbdiv\/wp-json\/wp\/v2\/types\/page"}],"author":[{"embeddable":true,"href":"https:\/\/wp.ufpel.edu.br\/ppgbdiv\/wp-json\/wp\/v2\/users\/1215"}],"replies":[{"embeddable":true,"href":"https:\/\/wp.ufpel.edu.br\/ppgbdiv\/wp-json\/wp\/v2\/comments?post=742"}],"version-history":[{"count":1,"href":"https:\/\/wp.ufpel.edu.br\/ppgbdiv\/wp-json\/wp\/v2\/pages\/742\/revisions"}],"predecessor-version":[{"id":744,"href":"https:\/\/wp.ufpel.edu.br\/ppgbdiv\/wp-json\/wp\/v2\/pages\/742\/revisions\/744"}],"wp:attachment":[{"href":"https:\/\/wp.ufpel.edu.br\/ppgbdiv\/wp-json\/wp\/v2\/media?parent=742"}],"curies":[{"name":"wp","href":"https:\/\/api.w.org\/{rel}","templated":true}]}}