{"id":625,"date":"2023-11-21T08:39:34","date_gmt":"2023-11-21T11:39:34","guid":{"rendered":"https:\/\/wp.ufpel.edu.br\/ppgbdiv\/?page_id=625"},"modified":"2026-03-25T15:12:07","modified_gmt":"2026-03-25T18:12:07","slug":"sobre-o-programa","status":"publish","type":"page","link":"https:\/\/wp.ufpel.edu.br\/ppgbdiv\/","title":{"rendered":"Sobre o Programa"},"content":{"rendered":"<p style=\"text-align: justify;\"><span style=\"color: #000000; font-size: 12pt;\">O Programa de P\u00f3s-Gradua\u00e7\u00e3o em Biodiversidade Animal (PPGBDiv) da Universidade Federal de Pelotas (UFPel), vinculado ao Instituto de Biologia, foi criado em 2022 por meio da fus\u00e3o dos programas de Biologia Animal e Entomologia, e oferece forma\u00e7\u00e3o <em>stricto sensu<\/em> em n\u00edvel de mestrado acad\u00eamico. \u00c9 destinado a candidatas e candidatos diplomados em cursos universit\u00e1rios superiores que atendam as exig\u00eancias da institui\u00e7\u00e3o e dos \u00f3rg\u00e3os reguladores.<\/span><\/p>\n<p style=\"text-align: justify;\"><span style=\"color: #000000; font-size: 12pt;\">O Programa est\u00e1 classificado pela CAPES na Grande \u00c1rea \u201cCi\u00eancias Exatas e da Terra\u201d, \u00c1rea do Conhecimento \u201cCi\u00eancias Biol\u00f3gicas\u201d, \u00c1rea de Avalia\u00e7\u00e3o \u201cBiodiversidade\u201d, com Sub\u00e1reas em \u201cZoologia\u201d e \u201cEcologia\u201d. Sua \u00fanica \u00c1rea de Concentra\u00e7\u00e3o \u00e9 Biodiversidade Animal, \u00e0 qual se vincula sua \u00fanica Linha de Pesquisa, tamb\u00e9m denominada Biodiversidade Animal.<\/span><\/p>\n<p style=\"text-align: justify;\"><span style=\"color: #000000; font-size: 12pt;\">O PPGBDiv tem como finalidade formar profissionais capazes de pesquisar, compreender e ensinar sobre biodiversidade animal, contribuindo para a conserva\u00e7\u00e3o da fauna, especialmente do Bioma Pampa, e para o desenvolvimento sustent\u00e1vel em diferentes escalas. O Programa foi concebido para aprimorar \u00e1reas-chave do conhecimento, promover um ambiente de incentivo \u00e0 produ\u00e7\u00e3o cient\u00edfica, e formar recursos humanos qualificados para atuar em pesquisa, ensino, extens\u00e3o e inova\u00e7\u00e3o.<\/span><\/p>\n<p style=\"text-align: justify;\"><span style=\"color: #000000; font-size: 12pt;\">Al\u00e9m disso, o Programa produz impacto social por meio da qualifica\u00e7\u00e3o do mercado de trabalho e da atua\u00e7\u00e3o de seus pesquisadores, e oferece a possibilidade de est\u00e1gio p\u00f3s-doutoral, conforme regulamenta\u00e7\u00f5es espec\u00edficas da UFPel e das ag\u00eancias de fomento.<\/span><\/p>\n<p style=\"text-align: justify;\"><span style=\"font-size: 12pt; color: #000000;\">O Programa integra a \u00c1rea de Avalia\u00e7\u00e3o em Biodiversidade da CAPES e organiza-se em uma \u00fanica \u00c1rea de Concentra\u00e7\u00e3o, Biodiversidade Animal, que tamb\u00e9m estrutura sua \u00fanica Linha de Pesquisa, igualmente intitulada Biodiversidade Animal.<\/span><\/p>\n<p><strong><span style=\"font-size: 12pt; color: #000000;\">Objetivos do Programa:<\/span><\/strong><\/p>\n<p style=\"padding-left: 40px; text-align: justify;\"><span style=\"font-size: 12pt; color: #000000;\">1- Aprimorar conhecimentos em diferentes \u00e1reas do saber, oferecendo forma\u00e7\u00e3o t\u00e9cnica, cient\u00edfica e profissional de elevado padr\u00e3o.<\/span><br \/>\n<span style=\"font-size: 12pt; color: #000000;\">2- Promover um ambiente de est\u00edmulo \u00e0 produ\u00e7\u00e3o de conhecimento, integrando ensino e pesquisa.<\/span><br \/>\n<span style=\"font-size: 12pt; color: #000000;\">3- Formar recursos humanos qualificados para atender \u00e0s demandas do ensino superior e atuar com excel\u00eancia em pesquisa, ensino, extens\u00e3o e inova\u00e7\u00e3o.<\/span><br \/>\n<span style=\"font-size: 12pt; color: #000000;\">4- Gerar impacto social, contribuindo para a qualifica\u00e7\u00e3o do mercado de trabalho e para o desenvolvimento sustent\u00e1vel em \u00e2mbito local, regional, nacional e internacional.<\/span><\/p>\n<p><span style=\"color: #000000; font-size: 12pt;\"><strong>INFORMA\u00c7\u00d5ES DO PROGRAMA<\/strong><\/span><br \/>\n<span style=\"color: #000000; font-size: 12pt;\">Nome do Programa: <strong>BIODIVERSIDADE ANIMAL<\/strong> (42003016053P8)<\/span><br \/>\n<span style=\"color: #000000; font-size: 12pt;\">Institui\u00e7\u00e3o de Ensino: <strong>UNIVERSIDADE FEDERAL DE PELOTAS (UFPEL)<\/strong><\/span><br \/>\n<span style=\"color: #000000; font-size: 12pt;\">Curso vinculado: <strong>MESTRADO ACAD\u00caMICO<\/strong><\/span><br \/>\n<span style=\"color: #000000; font-size: 12pt;\">\u00c1rea de Avalia\u00e7\u00e3o: <strong>BIODIVERSIDADE\u00a0<\/strong><\/span><br \/>\n<span style=\"font-size: 12pt; color: #000000;\">\u00c1rea de Concentra\u00e7\u00e3o: <strong>BIODIVERSIDADE ANIMAL<\/strong><\/span><br \/>\n<span style=\"font-size: 12pt; color: #000000;\">Linha de Pesquisa: <strong>BIODIVERSIDADE ANIMAL<\/strong><\/span><br \/>\n<span style=\"color: #000000; font-size: 12pt;\">Nota na avalia\u00e7\u00e3o CAPES &#8211; Quadrienal 2017-2020: <strong>4<\/strong><\/span><\/p>\n","protected":false},"excerpt":{"rendered":"<p>O Programa de P\u00f3s-Gradua\u00e7\u00e3o em Biodiversidade Animal (PPGBDiv) da Universidade Federal de Pelotas (UFPel), vinculado ao Instituto de Biologia, foi criado em 2022 por meio da fus\u00e3o dos programas de Biologia Animal e Entomologia, e oferece forma\u00e7\u00e3o stricto sensu em n\u00edvel de mestrado acad\u00eamico. \u00c9 destinado a candidatas e candidatos diplomados em cursos universit\u00e1rios superiores&hellip;<\/p>\n","protected":false},"author":1215,"featured_media":0,"parent":0,"menu_order":0,"comment_status":"closed","ping_status":"closed","template":"","meta":{"footnotes":""},"class_list":["post-625","page","type-page","status-publish","hentry"],"_links":{"self":[{"href":"https:\/\/wp.ufpel.edu.br\/ppgbdiv\/wp-json\/wp\/v2\/pages\/625","targetHints":{"allow":["GET"]}}],"collection":[{"href":"https:\/\/wp.ufpel.edu.br\/ppgbdiv\/wp-json\/wp\/v2\/pages"}],"about":[{"href":"https:\/\/wp.ufpel.edu.br\/ppgbdiv\/wp-json\/wp\/v2\/types\/page"}],"author":[{"embeddable":true,"href":"https:\/\/wp.ufpel.edu.br\/ppgbdiv\/wp-json\/wp\/v2\/users\/1215"}],"replies":[{"embeddable":true,"href":"https:\/\/wp.ufpel.edu.br\/ppgbdiv\/wp-json\/wp\/v2\/comments?post=625"}],"version-history":[{"count":4,"href":"https:\/\/wp.ufpel.edu.br\/ppgbdiv\/wp-json\/wp\/v2\/pages\/625\/revisions"}],"predecessor-version":[{"id":1004,"href":"https:\/\/wp.ufpel.edu.br\/ppgbdiv\/wp-json\/wp\/v2\/pages\/625\/revisions\/1004"}],"wp:attachment":[{"href":"https:\/\/wp.ufpel.edu.br\/ppgbdiv\/wp-json\/wp\/v2\/media?parent=625"}],"curies":[{"name":"wp","href":"https:\/\/api.w.org\/{rel}","templated":true}]}}