{"id":580,"date":"2023-11-19T22:08:57","date_gmt":"2023-11-20T01:08:57","guid":{"rendered":"https:\/\/wp.ufpel.edu.br\/ppgbdiv\/?page_id=580"},"modified":"2025-11-28T13:07:00","modified_gmt":"2025-11-28T16:07:00","slug":"ingresso-2024","status":"publish","type":"page","link":"https:\/\/wp.ufpel.edu.br\/ppgbdiv\/ingresso-2024\/","title":{"rendered":"Sele\u00e7\u00e3o mestrado 2024"},"content":{"rendered":"<header class=\"entry-header\">\n<h1 class=\"entry-title\"><em style=\"font-size: 1rem;\"><strong>EDITAL E DOCUMENTOS PARA A INSCRI\u00c7\u00c3O<\/strong><\/em><\/h1>\n<\/header>\n<div class=\"entry-content\">\n<p>Edital de sele\u00e7\u00e3o para alunos regulares 2024 \u2013 <a href=\"https:\/\/drive.google.com\/file\/d\/11lQawxjm92o3lfkDMrZ9GvHRcuR1OX2t\/view?usp=sharing\" target=\"_blank\" rel=\"noopener\">download<\/a><\/p>\n<p>Anexo I &#8211; Formul\u00e1rio de Inscri\u00e7\u00e3o da\/do Candidata\/o \u2013 <a href=\"https:\/\/docs.google.com\/document\/d\/1EI_Fca1Y8ftJnfJPEoTq6YRqtHsTE8-3\/edit?usp=sharing&amp;ouid=101663015705597813009&amp;rtpof=true&amp;sd=true\" target=\"_blank\" rel=\"noopener\">download<\/a><\/p>\n<p>Anexo II &#8211; Planilha de Avalia\u00e7\u00e3o do Curr\u00edculo (formato .xlsx) \u2013 <a href=\"https:\/\/docs.google.com\/spreadsheets\/d\/17sdV7GQZyGm7tJIoUJ8gulQZX6bays6j\/edit?usp=sharing&amp;ouid=101663015705597813009&amp;rtpof=true&amp;sd=true\" target=\"_blank\" rel=\"noopener\">download<\/a><\/p>\n<p>Anexo III &#8211; Itens para Elabora\u00e7\u00e3o do Memorial Descritivo &#8211; <a href=\"https:\/\/docs.google.com\/document\/d\/1wzRhjLTxL5P_MOwOB2dbvI8GotxnKQ6G\/edit?usp=sharing&amp;ouid=101663015705597813009&amp;rtpof=true&amp;sd=true\" target=\"_blank\" rel=\"noopener\">download<\/a><\/p>\n<p>Anexo IV &#8211; Declara\u00e7\u00e3o de Etnia &#8211; <a href=\"https:\/\/docs.google.com\/document\/d\/1KU6XHX6dmxTAWrCcfgBzC5Kx2Fta1CLU\/edit?usp=sharing&amp;ouid=101663015705597813009&amp;rtpof=true&amp;sd=true\" target=\"_blank\" rel=\"noopener\">download<\/a><\/p>\n<p>Anexo V &#8211; Autodeclara\u00e7\u00e3o de Identidade de G\u00eanero &#8211; <a href=\"https:\/\/docs.google.com\/document\/d\/1wWjaZMZfXei7UcObs-KZzTl1n-C9ZQSi\/edit?usp=sharing&amp;ouid=101663015705597813009&amp;rtpof=true&amp;sd=true\" target=\"_blank\" rel=\"noopener\">download<\/a><\/p>\n<p>O requerimento de inscri\u00e7\u00e3o, declara\u00e7\u00e3o de etnia e autodeclara\u00e7\u00e3o de identidade de g\u00eanero tamb\u00e9m se encontram dispon\u00edveis para download na p\u00e1gina\u00a0da PRPPG\/UFPel \u2013 acesse-a\u00a0<a href=\"https:\/\/wp.ufpel.edu.br\/prppgi\/documentos-2\/\">aqui<\/a><\/p>\n<p>Listagem dos docentes habilitados para orientar os mestrandos ingressantes atrav\u00e9s do Edital 219\/2023 &#8211; <a href=\"https:\/\/drive.google.com\/file\/d\/1L2OgAeDKa665EVMiLRTfwYt_73J7yXRy\/view?usp=sharing\" target=\"_blank\" rel=\"noopener\">download<\/a><\/p>\n<\/div>\n<p>_____________________________________________________________________________________________________<\/p>\n<p>Inscri\u00e7\u00f5es recebidas e situa\u00e7\u00e3o de homologa\u00e7\u00e3o &#8211; <a href=\"https:\/\/drive.google.com\/file\/d\/1TJ1s688lS0oxE5Usy84awgHe3weP7vY0\/view?usp=sharing\" target=\"_blank\" rel=\"noopener\">download<\/a><\/p>\n<p><span style=\"background-color: #ffff00;\">Cronograma das entrevistas &#8211; <a href=\"https:\/\/drive.google.com\/file\/d\/1kiIqQ2EZ7EpQHk9pFzEspsQJ4umTM7Mu\/view?usp=sharing\" target=\"_blank\" rel=\"noopener\">download<\/a><\/span><\/p>\n<p>Homologa\u00e7\u00e3o final (ap\u00f3s per\u00edodo de recursos) &#8211; <a href=\"https:\/\/drive.google.com\/file\/d\/1M-BRfweW03LcHM9PT1VOLc6oIVFZDRet\/view?usp=sharing\" target=\"_blank\" rel=\"noopener\">download<\/a><\/p>\n<p>Resultado ETAPA 1 (An\u00e1lise doMemorial Descritivo) &#8211; <a href=\"https:\/\/drive.google.com\/file\/d\/1Mi7eVWSYZh-BPUp0SW51c9yqNJHdgs98\/view?usp=sharing\" target=\"_blank\" rel=\"noopener\">download<\/a><\/p>\n<p>Resultado ETAPA 2 (An\u00e1lise doCurriculum Vitae) &#8211; <a href=\"https:\/\/drive.google.com\/file\/d\/1MihrGy-vQuXOVGrxy1fK3Tbc5DlE0FmY\/view?usp=sharing\" target=\"_blank\" rel=\"noopener\">download<\/a><\/p>\n<p>Resultado FINAL (preliminar) &#8211; <a href=\"https:\/\/drive.google.com\/file\/d\/1MjTKe_fcC8qCiMz9E0xRC3hVeYDVGQsu\/view?usp=sharing\" target=\"_blank\" rel=\"noopener\">download<\/a><\/p>\n","protected":false},"excerpt":{"rendered":"<p>EDITAL E DOCUMENTOS PARA A INSCRI\u00c7\u00c3O Edital de sele\u00e7\u00e3o para alunos regulares 2024 \u2013 download Anexo I &#8211; Formul\u00e1rio de Inscri\u00e7\u00e3o da\/do Candidata\/o \u2013 download Anexo II &#8211; Planilha de Avalia\u00e7\u00e3o do Curr\u00edculo (formato .xlsx) \u2013 download Anexo III &#8211; Itens para Elabora\u00e7\u00e3o do Memorial Descritivo &#8211; download Anexo IV &#8211; Declara\u00e7\u00e3o de Etnia &#8211;&hellip;<\/p>\n","protected":false},"author":1215,"featured_media":0,"parent":0,"menu_order":0,"comment_status":"closed","ping_status":"closed","template":"","meta":{"footnotes":""},"class_list":["post-580","page","type-page","status-publish","hentry"],"_links":{"self":[{"href":"https:\/\/wp.ufpel.edu.br\/ppgbdiv\/wp-json\/wp\/v2\/pages\/580","targetHints":{"allow":["GET"]}}],"collection":[{"href":"https:\/\/wp.ufpel.edu.br\/ppgbdiv\/wp-json\/wp\/v2\/pages"}],"about":[{"href":"https:\/\/wp.ufpel.edu.br\/ppgbdiv\/wp-json\/wp\/v2\/types\/page"}],"author":[{"embeddable":true,"href":"https:\/\/wp.ufpel.edu.br\/ppgbdiv\/wp-json\/wp\/v2\/users\/1215"}],"replies":[{"embeddable":true,"href":"https:\/\/wp.ufpel.edu.br\/ppgbdiv\/wp-json\/wp\/v2\/comments?post=580"}],"version-history":[{"count":4,"href":"https:\/\/wp.ufpel.edu.br\/ppgbdiv\/wp-json\/wp\/v2\/pages\/580\/revisions"}],"predecessor-version":[{"id":964,"href":"https:\/\/wp.ufpel.edu.br\/ppgbdiv\/wp-json\/wp\/v2\/pages\/580\/revisions\/964"}],"wp:attachment":[{"href":"https:\/\/wp.ufpel.edu.br\/ppgbdiv\/wp-json\/wp\/v2\/media?parent=580"}],"curies":[{"name":"wp","href":"https:\/\/api.w.org\/{rel}","templated":true}]}}