{"id":568,"date":"2023-09-14T10:10:28","date_gmt":"2023-09-14T13:10:28","guid":{"rendered":"https:\/\/wp.ufpel.edu.br\/ppgbdiv\/?page_id=568"},"modified":"2023-09-14T10:10:28","modified_gmt":"2023-09-14T13:10:28","slug":"checklist-das-atividades-dos-discentes","status":"publish","type":"page","link":"https:\/\/wp.ufpel.edu.br\/ppgbdiv\/checklist-das-atividades-dos-discentes\/","title":{"rendered":"Checklist das atividades dos discentes"},"content":{"rendered":"<p>Para auxiliar na organiza\u00e7\u00e3o dos discentes do <strong>PPG Biodiversidade Animal da UFPel<\/strong>, elaboramos um <strong>checklist com os principais compromissos e datas relevantes<\/strong>. Um arquivo com essas informa\u00e7\u00f5es est\u00e1 dispon\u00edvel para download <strong><a href=\"https:\/\/docs.google.com\/document\/d\/1Gd7FPQtbq8wliCQmfvulLaRHsCbQz7Ma\/edit?usp=sharing&amp;ouid=101663015705597813009&amp;rtpof=true&amp;sd=true\" target=\"_blank\" rel=\"noopener\">aqui<\/a><\/strong>.<\/p>\n","protected":false},"excerpt":{"rendered":"<p>Para auxiliar na organiza\u00e7\u00e3o dos discentes do PPG Biodiversidade Animal da UFPel, elaboramos um checklist com os principais compromissos e datas relevantes. Um arquivo com essas informa\u00e7\u00f5es est\u00e1 dispon\u00edvel para download aqui.<\/p>\n","protected":false},"author":1215,"featured_media":0,"parent":0,"menu_order":0,"comment_status":"closed","ping_status":"closed","template":"","meta":{"footnotes":""},"class_list":["post-568","page","type-page","status-publish","hentry"],"_links":{"self":[{"href":"https:\/\/wp.ufpel.edu.br\/ppgbdiv\/wp-json\/wp\/v2\/pages\/568","targetHints":{"allow":["GET"]}}],"collection":[{"href":"https:\/\/wp.ufpel.edu.br\/ppgbdiv\/wp-json\/wp\/v2\/pages"}],"about":[{"href":"https:\/\/wp.ufpel.edu.br\/ppgbdiv\/wp-json\/wp\/v2\/types\/page"}],"author":[{"embeddable":true,"href":"https:\/\/wp.ufpel.edu.br\/ppgbdiv\/wp-json\/wp\/v2\/users\/1215"}],"replies":[{"embeddable":true,"href":"https:\/\/wp.ufpel.edu.br\/ppgbdiv\/wp-json\/wp\/v2\/comments?post=568"}],"version-history":[{"count":1,"href":"https:\/\/wp.ufpel.edu.br\/ppgbdiv\/wp-json\/wp\/v2\/pages\/568\/revisions"}],"predecessor-version":[{"id":570,"href":"https:\/\/wp.ufpel.edu.br\/ppgbdiv\/wp-json\/wp\/v2\/pages\/568\/revisions\/570"}],"wp:attachment":[{"href":"https:\/\/wp.ufpel.edu.br\/ppgbdiv\/wp-json\/wp\/v2\/media?parent=568"}],"curies":[{"name":"wp","href":"https:\/\/api.w.org\/{rel}","templated":true}]}}