{"id":557,"date":"2023-09-13T22:16:28","date_gmt":"2023-09-14T01:16:28","guid":{"rendered":"https:\/\/wp.ufpel.edu.br\/ppgbdiv\/?page_id=557"},"modified":"2023-11-20T15:28:01","modified_gmt":"2023-11-20T18:28:01","slug":"comite-de-acompanhamento","status":"publish","type":"page","link":"https:\/\/wp.ufpel.edu.br\/ppgbdiv\/comite-de-acompanhamento\/","title":{"rendered":"Comit\u00ea de Acompanhamento"},"content":{"rendered":"<p>A <strong>cria\u00e7\u00e3o dos Comit\u00eas de Acompanhamento<\/strong> para os discentes tem como objetivo apoiar, monitorar e auxiliar em suas trajet\u00f3rias acad\u00eamicas no PPG Biodiversidade Animal. Cada estudante possui um Comit\u00ea constitu\u00eddo para ele. Este \u00e9 formado por <strong>dois pesquisadores<\/strong>, que podem ser membros do corpo docente permanente, colaboradores ou externos ao Programa. A defini\u00e7\u00e3o desta composi\u00e7\u00e3o \u00e9 realizada junto com o orientador e, posteriormente, encaminhada ao colegiado do Programa junto com o Plano de Estudos. \u00c9 importante ressaltar que, apesar de sua participa\u00e7\u00e3o fundamental na condu\u00e7\u00e3o das reuni\u00f5es de acompanhamento, o orientador ou coorientador do discente n\u00e3o fazem parte do Comit\u00ea de Acompanhamento.<\/p>\n<p>Dentre as <strong>atribui\u00e7\u00f5es<\/strong> deste Comit\u00ea, destaca-se a <strong>avalia\u00e7\u00e3o do Plano de Estudos e do Projeto de Disserta\u00e7\u00e3o<\/strong>. Com base nessa avalia\u00e7\u00e3o, o Comit\u00ea pode sugerir modifica\u00e7\u00f5es, caso julgue necess\u00e1rio. Outra responsabilidade essencial \u00e9 o monitoramento cont\u00ednuo do progresso acad\u00eamico do discente. Esse acompanhamento abrange desde o desempenho nas disciplinas at\u00e9 o desenvolvimento de seu projeto, e a principal ferramenta de avalia\u00e7\u00e3o \u00e9 a <strong>Reuni\u00e3o\u00a0 Avaliativa Anual<\/strong>, que ocorre 12 meses ap\u00f3s o ingresso do estudante no programa.<\/p>\n<p>A <strong>Reuni\u00e3o\u00a0 Avaliativa Anual <\/strong>\u00e9 constitu\u00edda por uma apresenta\u00e7\u00e3o feita pelo estudante, na qual ele evidencia o progresso em seu projeto e analisa o cumprimento do cronograma inicialmente estabelecido. Nesta avalia\u00e7\u00e3o, s\u00e3o considerados tamb\u00e9m os cr\u00e9ditos cursados, a profici\u00eancia em l\u00edngua estrangeira e a realiza\u00e7\u00e3o do Est\u00e1gio de Doc\u00eancia Orientada (quando pertinente). Ao t\u00e9rmino da argui\u00e7\u00e3o do Comit\u00ea de Acompanhamento, o mesmo emite um parecer, podendo ser de aprova\u00e7\u00e3o ou reprova\u00e7\u00e3o. Se o resultado for uma reprova\u00e7\u00e3o, o estudante tem uma nova oportunidade de apresenta\u00e7\u00e3o, que deve ocorrer em um prazo de 30 dias.<\/p>\n<p><a href=\"https:\/\/drive.google.com\/file\/d\/1cvBISn8iRE1RO-sHwsI34_J8cG54FUNr\/view?usp=share_link\" target=\"_blank\" rel=\"noopener\">Aqui<\/a>\u00a0voc\u00ea encontra a <strong>Resolu\u00e7\u00e3o n\u00ba 05\/2022 do PPG Biodiversidade Animal<\/strong>, que disp\u00f5e sobre a composi\u00e7\u00e3o e atua\u00e7\u00e3o dos Comit\u00eas de Acompanhamento no PPG Biodiversidade Animal.<\/p>\n<p><a href=\"https:\/\/docs.google.com\/document\/d\/10zHY6bAvAuOOXEB0NXxknwCgiFypsmmr\/edit?usp=sharing&amp;ouid=101663015705597813009&amp;rtpof=true&amp;sd=true\" target=\"_blank\" rel=\"noopener\">Aqui<\/a> voc\u00ea encontra a <strong>ficha de avalia\u00e7\u00e3o<\/strong> que deve ser preenchida pelos membros do Comit\u00ea de Acompanhamento, referente \u00e0 <strong>reuni\u00e3o anual.<\/strong><\/p>\n","protected":false},"excerpt":{"rendered":"<p>A cria\u00e7\u00e3o dos Comit\u00eas de Acompanhamento para os discentes tem como objetivo apoiar, monitorar e auxiliar em suas trajet\u00f3rias acad\u00eamicas no PPG Biodiversidade Animal. Cada estudante possui um Comit\u00ea constitu\u00eddo para ele. Este \u00e9 formado por dois pesquisadores, que podem ser membros do corpo docente permanente, colaboradores ou externos ao Programa. A defini\u00e7\u00e3o desta composi\u00e7\u00e3o&hellip;<\/p>\n","protected":false},"author":1215,"featured_media":0,"parent":0,"menu_order":0,"comment_status":"closed","ping_status":"closed","template":"","meta":{"footnotes":""},"class_list":["post-557","page","type-page","status-publish","hentry"],"_links":{"self":[{"href":"https:\/\/wp.ufpel.edu.br\/ppgbdiv\/wp-json\/wp\/v2\/pages\/557","targetHints":{"allow":["GET"]}}],"collection":[{"href":"https:\/\/wp.ufpel.edu.br\/ppgbdiv\/wp-json\/wp\/v2\/pages"}],"about":[{"href":"https:\/\/wp.ufpel.edu.br\/ppgbdiv\/wp-json\/wp\/v2\/types\/page"}],"author":[{"embeddable":true,"href":"https:\/\/wp.ufpel.edu.br\/ppgbdiv\/wp-json\/wp\/v2\/users\/1215"}],"replies":[{"embeddable":true,"href":"https:\/\/wp.ufpel.edu.br\/ppgbdiv\/wp-json\/wp\/v2\/comments?post=557"}],"version-history":[{"count":9,"href":"https:\/\/wp.ufpel.edu.br\/ppgbdiv\/wp-json\/wp\/v2\/pages\/557\/revisions"}],"predecessor-version":[{"id":593,"href":"https:\/\/wp.ufpel.edu.br\/ppgbdiv\/wp-json\/wp\/v2\/pages\/557\/revisions\/593"}],"wp:attachment":[{"href":"https:\/\/wp.ufpel.edu.br\/ppgbdiv\/wp-json\/wp\/v2\/media?parent=557"}],"curies":[{"name":"wp","href":"https:\/\/api.w.org\/{rel}","templated":true}]}}