{"id":458,"date":"2023-05-05T16:46:55","date_gmt":"2023-05-05T19:46:55","guid":{"rendered":"https:\/\/wp.ufpel.edu.br\/ppgbdiv\/?page_id=458"},"modified":"2025-11-28T13:06:31","modified_gmt":"2025-11-28T16:06:31","slug":"ingresso-2023-2","status":"publish","type":"page","link":"https:\/\/wp.ufpel.edu.br\/ppgbdiv\/ingresso-2023-2\/","title":{"rendered":"Sele\u00e7\u00e3o mestrado 2023-2"},"content":{"rendered":"<header class=\"entry-header\">\n<h1 class=\"entry-title\"><em style=\"font-size: 1rem;\"><strong>EDITAL E DOCUMENTOS PARA A INSCRI\u00c7\u00c3O<\/strong><\/em><\/h1>\n<\/header>\n<div class=\"entry-content\">\n<p>Edital de sele\u00e7\u00e3o para alunos regulares 2023-1 \u2013 <a href=\"https:\/\/drive.google.com\/file\/d\/1_-WanOs24UfvBPfqebuvmqThZJkzBr_t\/view?usp=share_link\" target=\"_blank\" rel=\"noopener\">download<\/a><\/p>\n<p>Anexo I &#8211; Formul\u00e1rio de Inscri\u00e7\u00e3o da\/do Candidata\/o \u2013 <a href=\"https:\/\/docs.google.com\/document\/d\/1D2SQy2sk4NvXn_PcSldnCNbOSCMFEldj\/edit?usp=sharing&amp;ouid=101663015705597813009&amp;rtpof=true&amp;sd=true\" target=\"_blank\" rel=\"noopener\">download<\/a><\/p>\n<ul>\n<li><strong><em>NOTA: A indica\u00e7\u00e3o de duas pessoas como refer\u00eancia ao candidato, como solicitado no requerimento padr\u00e3o de inscri\u00e7\u00e3o, n\u00e3o est\u00e1 previsto no edital de sele\u00e7\u00e3o e n\u00e3o deve ser encaminhado junto com os documentos de inscri\u00e7\u00e3o.<\/em><\/strong><\/li>\n<\/ul>\n<p>Anexo II &#8211; Planilha de Avalia\u00e7\u00e3o do Curr\u00edculo (formato .xlsx) \u2013 <a href=\"https:\/\/docs.google.com\/spreadsheets\/d\/1D3xXtXR29YMAofEUKuvjW4ccoh94BjfJ\/edit?usp=sharing&amp;ouid=101663015705597813009&amp;rtpof=true&amp;sd=true\" target=\"_blank\" rel=\"noopener\">download<\/a><\/p>\n<p>Anexo III &#8211; Itens para Elabora\u00e7\u00e3o do Memorial Descritivo &#8211; <a href=\"https:\/\/docs.google.com\/document\/d\/1D7MXy0SbZ8VqIQA5M3aVReyy4fSEXah6\/edit?usp=sharing&amp;ouid=101663015705597813009&amp;rtpof=true&amp;sd=true\" target=\"_blank\" rel=\"noopener\">download<\/a><\/p>\n<p>Anexo IV &#8211; Declara\u00e7\u00e3o de Etnia &#8211; <a href=\"https:\/\/docs.google.com\/document\/d\/1D9pm1xPzojj1znXE6LnGd6vrnhG99_Cp\/edit?usp=sharing&amp;ouid=101663015705597813009&amp;rtpof=true&amp;sd=true\" target=\"_blank\" rel=\"noopener\">download<\/a><\/p>\n<p>Anexo V &#8211; Autodeclara\u00e7\u00e3o de Identidade de G\u00eanero &#8211; <a href=\"https:\/\/docs.google.com\/document\/d\/1DEoIKtPncPdJ1un3jVIPKbKTUEomHdQG\/edit?usp=sharing&amp;ouid=101663015705597813009&amp;rtpof=true&amp;sd=true\" target=\"_blank\" rel=\"noopener\">download<\/a><\/p>\n<p>O requerimento de inscri\u00e7\u00e3o, declara\u00e7\u00e3o de etnia e autodeclara\u00e7\u00e3o de identidade de g\u00eanero tamb\u00e9m se encontram dispon\u00edveis para download na p\u00e1gina\u00a0da PRPPG\/UFPel \u2013 acesse-a\u00a0<a href=\"https:\/\/wp.ufpel.edu.br\/prppgi\/documentos-2\/\">aqui<\/a><\/p>\n<p>_____________________________________________________________________________________________________<\/p>\n<p>Inscri\u00e7\u00f5es recebidas e situa\u00e7\u00e3o de homologa\u00e7\u00e3o &#8211; <a href=\"https:\/\/wp.ufpel.edu.br\/ppgbdiv\/files\/2023\/06\/Edital-No-116-2023-Homologacao-inscricoes-candidatos.pdf\" target=\"_blank\" rel=\"noopener\">download<\/a><\/p>\n<p><span style=\"background-color: #ffff00;\">Cronograma das entrevistas &#8211; <a style=\"background-color: #ffff00;\" href=\"https:\/\/wp.ufpel.edu.br\/ppgbdiv\/files\/2023\/07\/Edital-No-116-2023-Dias-e-horarios-das-entrevistas-com-candidatos.pdf\" target=\"_blank\" rel=\"noopener\">download<\/a><\/span><\/p>\n<p>Resultados e classifica\u00e7\u00e3o &#8211; <a href=\"https:\/\/wp.ufpel.edu.br\/ppgbdiv\/files\/2023\/07\/Edital-N-116-2023-Divulgacao-dos-resultados-finais-do-processo-seletivo.pdf\">download<\/a><\/p>\n<\/div>\n","protected":false},"excerpt":{"rendered":"<p>EDITAL E DOCUMENTOS PARA A INSCRI\u00c7\u00c3O Edital de sele\u00e7\u00e3o para alunos regulares 2023-1 \u2013 download Anexo I &#8211; Formul\u00e1rio de Inscri\u00e7\u00e3o da\/do Candidata\/o \u2013 download NOTA: A indica\u00e7\u00e3o de duas pessoas como refer\u00eancia ao candidato, como solicitado no requerimento padr\u00e3o de inscri\u00e7\u00e3o, n\u00e3o est\u00e1 previsto no edital de sele\u00e7\u00e3o e n\u00e3o deve ser encaminhado junto&hellip;<\/p>\n","protected":false},"author":1215,"featured_media":0,"parent":0,"menu_order":0,"comment_status":"closed","ping_status":"closed","template":"","meta":{"footnotes":""},"class_list":["post-458","page","type-page","status-publish","hentry"],"_links":{"self":[{"href":"https:\/\/wp.ufpel.edu.br\/ppgbdiv\/wp-json\/wp\/v2\/pages\/458","targetHints":{"allow":["GET"]}}],"collection":[{"href":"https:\/\/wp.ufpel.edu.br\/ppgbdiv\/wp-json\/wp\/v2\/pages"}],"about":[{"href":"https:\/\/wp.ufpel.edu.br\/ppgbdiv\/wp-json\/wp\/v2\/types\/page"}],"author":[{"embeddable":true,"href":"https:\/\/wp.ufpel.edu.br\/ppgbdiv\/wp-json\/wp\/v2\/users\/1215"}],"replies":[{"embeddable":true,"href":"https:\/\/wp.ufpel.edu.br\/ppgbdiv\/wp-json\/wp\/v2\/comments?post=458"}],"version-history":[{"count":3,"href":"https:\/\/wp.ufpel.edu.br\/ppgbdiv\/wp-json\/wp\/v2\/pages\/458\/revisions"}],"predecessor-version":[{"id":921,"href":"https:\/\/wp.ufpel.edu.br\/ppgbdiv\/wp-json\/wp\/v2\/pages\/458\/revisions\/921"}],"wp:attachment":[{"href":"https:\/\/wp.ufpel.edu.br\/ppgbdiv\/wp-json\/wp\/v2\/media?parent=458"}],"curies":[{"name":"wp","href":"https:\/\/api.w.org\/{rel}","templated":true}]}}