{"id":419,"date":"2023-02-27T10:51:23","date_gmt":"2023-02-27T13:51:23","guid":{"rendered":"https:\/\/wp.ufpel.edu.br\/ppgbdiv\/?page_id=419"},"modified":"2023-02-27T10:51:23","modified_gmt":"2023-02-27T13:51:23","slug":"planejamento-estrategico-do-programa","status":"publish","type":"page","link":"https:\/\/wp.ufpel.edu.br\/ppgbdiv\/planejamento-estrategico-do-programa\/","title":{"rendered":"Planejamento Estrat\u00e9gico do Programa"},"content":{"rendered":"<p>O Planejamento Estrat\u00e9gico em Programas de P\u00f3s-Gradua\u00e7\u00e3o \u00e9 uma ferramenta fundamental para garantir a qualidade da forma\u00e7\u00e3o de pesquisadores e a excel\u00eancia das atividades de pesquisa desenvolvidas. \u00c9 por meio dele que estabelecemos metas, objetivos e a\u00e7\u00f5es concretas para alcan\u00e7ar resultados relevantes. Al\u00e9m disso, o Planejamento Estrat\u00e9gico permite identificar os recursos necess\u00e1rios para o desenvolvimento das atividades do programa, bem como as oportunidades e amea\u00e7as que podem influenciar seu desempenho. Dessa forma, \u00e9 poss\u00edvel definir estrat\u00e9gias adequadas para superar os desafios e aproveitar as oportunidades, tornando o PPG mais eficiente.<\/p>\n<p>Neste contexto, o Planejamento Estrat\u00e9gico do Programa de P\u00f3s-Gradua\u00e7\u00e3o em Biodiversidade Animal foi elaborado para o per\u00edodo de 2022 \u00e0 2024. Ele foi aprovado em reuni\u00e3o do Colegiado de Curso em 28 de novembro de 2022, pode ser acessado na integra atrav\u00e9s deste <a href=\"https:\/\/drive.google.com\/file\/d\/1D9dOpBUSobFgA7-Fk5ig1ilTJ2P-klxA\/view?usp=share_link\">link<\/a>.<\/p>\n","protected":false},"excerpt":{"rendered":"<p>O Planejamento Estrat\u00e9gico em Programas de P\u00f3s-Gradua\u00e7\u00e3o \u00e9 uma ferramenta fundamental para garantir a qualidade da forma\u00e7\u00e3o de pesquisadores e a excel\u00eancia das atividades de pesquisa desenvolvidas. \u00c9 por meio dele que estabelecemos metas, objetivos e a\u00e7\u00f5es concretas para alcan\u00e7ar resultados relevantes. Al\u00e9m disso, o Planejamento Estrat\u00e9gico permite identificar os recursos necess\u00e1rios para o desenvolvimento&hellip;<\/p>\n","protected":false},"author":1215,"featured_media":0,"parent":0,"menu_order":0,"comment_status":"closed","ping_status":"closed","template":"","meta":{"footnotes":""},"class_list":["post-419","page","type-page","status-publish","hentry"],"_links":{"self":[{"href":"https:\/\/wp.ufpel.edu.br\/ppgbdiv\/wp-json\/wp\/v2\/pages\/419","targetHints":{"allow":["GET"]}}],"collection":[{"href":"https:\/\/wp.ufpel.edu.br\/ppgbdiv\/wp-json\/wp\/v2\/pages"}],"about":[{"href":"https:\/\/wp.ufpel.edu.br\/ppgbdiv\/wp-json\/wp\/v2\/types\/page"}],"author":[{"embeddable":true,"href":"https:\/\/wp.ufpel.edu.br\/ppgbdiv\/wp-json\/wp\/v2\/users\/1215"}],"replies":[{"embeddable":true,"href":"https:\/\/wp.ufpel.edu.br\/ppgbdiv\/wp-json\/wp\/v2\/comments?post=419"}],"version-history":[{"count":1,"href":"https:\/\/wp.ufpel.edu.br\/ppgbdiv\/wp-json\/wp\/v2\/pages\/419\/revisions"}],"predecessor-version":[{"id":421,"href":"https:\/\/wp.ufpel.edu.br\/ppgbdiv\/wp-json\/wp\/v2\/pages\/419\/revisions\/421"}],"wp:attachment":[{"href":"https:\/\/wp.ufpel.edu.br\/ppgbdiv\/wp-json\/wp\/v2\/media?parent=419"}],"curies":[{"name":"wp","href":"https:\/\/api.w.org\/{rel}","templated":true}]}}