{"id":413,"date":"2023-02-27T01:34:56","date_gmt":"2023-02-27T04:34:56","guid":{"rendered":"https:\/\/wp.ufpel.edu.br\/ppgbdiv\/?page_id=413"},"modified":"2023-02-27T01:34:56","modified_gmt":"2023-02-27T04:34:56","slug":"aproveitamento-de-disciplinas-e-creditos","status":"publish","type":"page","link":"https:\/\/wp.ufpel.edu.br\/ppgbdiv\/aproveitamento-de-disciplinas-e-creditos\/","title":{"rendered":"Aproveitamento de disciplinas e cr\u00e9ditos"},"content":{"rendered":"<p>Os estudantes do Programa de P\u00f3s-Gradua\u00e7\u00e3o em Biodiversidade Animal t\u00eam a possibilidade de solicitar aproveitamento de cr\u00e9ditos por disciplinas cursadas e aprovadas em outros programas de p\u00f3s-gradua\u00e7\u00e3o da UFPel ou de outras institui\u00e7\u00f5es de ensino superior. Para realizar o pedido, \u00e9 necess\u00e1rio preencher e enviar o Formul\u00e1rio de Solicita\u00e7\u00e3o para Aproveitamento de Cr\u00e9ditos para a Coordena\u00e7\u00e3o (pelo e-mail <a href=\"mailto:ppgbdiv@ufpel.edu.br\" target=\"_blank\" rel=\"noopener\">ppgbdiv@ufpel.edu.br<\/a>). O formul\u00e1rio est\u00e1 dispon\u00edvel no site da PRPPGI (<a href=\"https:\/\/wp.ufpel.edu.br\/prppgi\/documentos-2\/\" target=\"_new\" rel=\"noopener\">https:\/\/wp.ufpel.edu.br\/prppgi\/documentos-2\/<\/a>), na se\u00e7\u00e3o &#8220;Formul\u00e1rios&#8221; (Formul\u00e1rio 6). \u00c9 importante lembrar de anexar ao pedido o hist\u00f3rico escolar com o conceito obtido na disciplina e o programa anal\u00edtico, caso a disciplina seja de fora da UFPel.<\/p>\n","protected":false},"excerpt":{"rendered":"<p>Os estudantes do Programa de P\u00f3s-Gradua\u00e7\u00e3o em Biodiversidade Animal t\u00eam a possibilidade de solicitar aproveitamento de cr\u00e9ditos por disciplinas cursadas e aprovadas em outros programas de p\u00f3s-gradua\u00e7\u00e3o da UFPel ou de outras institui\u00e7\u00f5es de ensino superior. Para realizar o pedido, \u00e9 necess\u00e1rio preencher e enviar o Formul\u00e1rio de Solicita\u00e7\u00e3o para Aproveitamento de Cr\u00e9ditos para a&hellip;<\/p>\n","protected":false},"author":1215,"featured_media":0,"parent":0,"menu_order":0,"comment_status":"closed","ping_status":"closed","template":"","meta":{"footnotes":""},"class_list":["post-413","page","type-page","status-publish","hentry"],"_links":{"self":[{"href":"https:\/\/wp.ufpel.edu.br\/ppgbdiv\/wp-json\/wp\/v2\/pages\/413","targetHints":{"allow":["GET"]}}],"collection":[{"href":"https:\/\/wp.ufpel.edu.br\/ppgbdiv\/wp-json\/wp\/v2\/pages"}],"about":[{"href":"https:\/\/wp.ufpel.edu.br\/ppgbdiv\/wp-json\/wp\/v2\/types\/page"}],"author":[{"embeddable":true,"href":"https:\/\/wp.ufpel.edu.br\/ppgbdiv\/wp-json\/wp\/v2\/users\/1215"}],"replies":[{"embeddable":true,"href":"https:\/\/wp.ufpel.edu.br\/ppgbdiv\/wp-json\/wp\/v2\/comments?post=413"}],"version-history":[{"count":1,"href":"https:\/\/wp.ufpel.edu.br\/ppgbdiv\/wp-json\/wp\/v2\/pages\/413\/revisions"}],"predecessor-version":[{"id":415,"href":"https:\/\/wp.ufpel.edu.br\/ppgbdiv\/wp-json\/wp\/v2\/pages\/413\/revisions\/415"}],"wp:attachment":[{"href":"https:\/\/wp.ufpel.edu.br\/ppgbdiv\/wp-json\/wp\/v2\/media?parent=413"}],"curies":[{"name":"wp","href":"https:\/\/api.w.org\/{rel}","templated":true}]}}