{"id":403,"date":"2023-02-23T00:05:12","date_gmt":"2023-02-23T03:05:12","guid":{"rendered":"https:\/\/wp.ufpel.edu.br\/ppgbdiv\/?page_id=403"},"modified":"2024-08-08T09:23:55","modified_gmt":"2024-08-08T12:23:55","slug":"estagio-de-docencia-orientada","status":"publish","type":"page","link":"https:\/\/wp.ufpel.edu.br\/ppgbdiv\/estagio-de-docencia-orientada\/","title":{"rendered":"Est\u00e1gio de Doc\u00eancia Orientada"},"content":{"rendered":"<p>O <strong>Est\u00e1gio de Doc\u00eancia Orientada (EDO)<\/strong> \u00e9 uma atividade oferecida pela Universidade Federal de Pelotas para alunos de P\u00f3s-Gradua\u00e7\u00e3o Stricto Sensu com o objetivo de <strong>prepar\u00e1-los para a doc\u00eancia em n\u00edvel superior e qualificar o ensino de gradua\u00e7\u00e3o<\/strong>. Ela \u00e9 uma atividade <strong>compuls\u00f3ria para os estudantes bolsistas<\/strong> e <strong>altamente recomendada a todos os estudantes<\/strong>.<\/p>\n<p>Para realizar o est\u00e1gio, \u00e9 necess\u00e1rio que <strong>o discente entre em contato com o professor regente da disciplina de gradua\u00e7\u00e3o<\/strong> que lhe receber\u00e1. Este professor ser\u00e1 respons\u00e1vel por supervisionar e avaliar suas atividades. O discente preparar\u00e1, em conjunto com o supervisor e com o orientador, o <strong>Plano de Atividades<\/strong> do EDO, que ser\u00e1 submetido ao Colegiado do Programa <strong>no prazo de at\u00e9 seis meses da implementa\u00e7\u00e3o da bolsa<\/strong> (artigo 5\u00ba, Resolu\u00e7\u00e3o n\u00ba 02\/2022 do PPG Biodiversidade Animal).<\/p>\n<p>O supervisor incorporar\u00e1 o Plano de EDO ao Plano de Ensino da disciplina da qual \u00e9 regente, informar\u00e1 \u00e0 Coordena\u00e7\u00e3o do Curso de Gradua\u00e7\u00e3o que receber\u00e1 estagi\u00e1rio de doc\u00eancia orientada e estar\u00e1 presente, acompanhando o estagi\u00e1rio, em, pelo menos, setenta por cento das atividades de aula. Al\u00e9m disso, dever\u00e1 realizar a avalia\u00e7\u00e3o dos conte\u00fados ministrados pelo estagi\u00e1rio. Nos at\u00e9 trinta por cento das atividades de aula restantes, \u00e9 obrigat\u00f3rio que o supervisor esteja dispon\u00edvel para a turma, na institui\u00e7\u00e3o, durante as atividades de est\u00e1gio de doc\u00eancia.<\/p>\n<p><strong>Ao final da realiza\u00e7\u00e3o do EDO<\/strong>, o discente dever\u00e1 elaborar um <strong>Relat\u00f3rio de Atividades<\/strong> do EDO que ser\u00e1 encaminhado \u00e0 coordena\u00e7\u00e3o do PPG Biodiversidade Animal.<\/p>\n<p>A <strong>Comiss\u00e3o de Bolsas do PPG Biodiversidade Animal <\/strong>ser\u00e1 respons\u00e1vel por avaliar o Plano de Atividades e o Relat\u00f3rio de Atividades em um <strong>prazo de at\u00e9 30 dias<\/strong> ap\u00f3s a entrega dos mesmos. <strong>Os documentos poder\u00e3o ser aprovados, aprovados com revis\u00f5es necess\u00e1rias ou reprovados.<\/strong> Se o relat\u00f3rio for reprovado ou aprovado com revis\u00f5es, o discente receber\u00e1 um prazo para reenvi\u00e1-lo. Se a nova vers\u00e3o do relat\u00f3rio for considerada insatisfat\u00f3ria, o discente perder\u00e1 a bolsa. O parecer da comiss\u00e3o ser\u00e1 comunicado ao discente e ao orientador formalmente. A comiss\u00e3o tamb\u00e9m pode convocar o discente para esclarecimentos adicionais durante a avalia\u00e7\u00e3o, desde que o fa\u00e7a formalmente e com anteced\u00eancia.<\/p>\n<p>Ficar\u00e1 <strong>dispensado da realiza\u00e7\u00e3o<\/strong> do Est\u00e1gio de Doc\u00eancia Orientada os p\u00f3s-graduandos que, mediante comprova\u00e7\u00e3o documental, <strong>j\u00e1 s\u00e3o docentes em n\u00edvel superior<\/strong>.<\/p>\n<p>A dura\u00e7\u00e3o do Est\u00e1gio de Doc\u00eancia Orientada para o mestrado ser\u00e1 de no m\u00ednimo um semestre letivo e no m\u00e1ximo de dois semestres letivos, sendo uma atividade obrigat\u00f3ria para os bolsistas e optativa para os demais discentes. A carga hor\u00e1ria m\u00e1xima de EDO ser\u00e1 de quatro horas-aula semanais.<\/p>\n<p><a href=\"https:\/\/docs.google.com\/document\/d\/1uuaxduTrDuCcFaK7sEYM1fLw5eKHpNDG\/edit?usp=share_link&amp;ouid=101663015705597813009&amp;rtpof=true&amp;sd=true\" target=\"_blank\" rel=\"noopener\">Aqui<\/a> voc\u00ea encontra um modelo para elaborar seu <strong>Plano de Atividades<\/strong> para o Est\u00e1gio de Doc\u00eancia Orientada.<\/p>\n<p><a href=\"https:\/\/docs.google.com\/document\/d\/1cygin-eojTGT4lG146XpImZaoBJ2qBq6\/edit?usp=sharing&amp;ouid=101663015705597813009&amp;rtpof=true&amp;sd=true\" target=\"_blank\" rel=\"noopener\">Aqui<\/a> voc\u00ea encontra um modelo para elaborar seu <strong>Relat\u00f3rio de Atividades<\/strong> para o Est\u00e1gio de Doc\u00eancia Orientada.<\/p>\n<p><a href=\"https:\/\/drive.google.com\/file\/d\/128fWC6Ed8ZiWr4qN6Jc3LVuIF8zZdDlI\/view\" target=\"_blank\" rel=\"noopener\">Aqui<\/a> voc\u00ea encontra a <strong>Resolu\u00e7\u00e3o n\u00ba 02\/2022 do PPG Biodiversidade Animal<\/strong>, que disp\u00f5e sobre as normas para a implementa\u00e7\u00e3o e gerenciamento de Bolsas do Programa de P\u00f3s-Gradua\u00e7\u00e3o em Biodiversidade Animal.<\/p>\n<p><a href=\"https:\/\/wp.ufpel.edu.br\/prppgi\/files\/2022\/03\/Resolucao-47-de-2017.pdf\" target=\"_blank\" rel=\"noopener\">Aqui<\/a> voc\u00ea encontra a <strong>Resolu\u00e7\u00e3o n\u00b0 47\/2017 do COCEPE<\/strong>, que regulamenta o Est\u00e1gio Doc\u00eancia Orientada nos Programas de P\u00f3s-Gradua\u00e7\u00e3o da UFPel.<\/p>\n","protected":false},"excerpt":{"rendered":"<p>O Est\u00e1gio de Doc\u00eancia Orientada (EDO) \u00e9 uma atividade oferecida pela Universidade Federal de Pelotas para alunos de P\u00f3s-Gradua\u00e7\u00e3o Stricto Sensu com o objetivo de prepar\u00e1-los para a doc\u00eancia em n\u00edvel superior e qualificar o ensino de gradua\u00e7\u00e3o. Ela \u00e9 uma atividade compuls\u00f3ria para os estudantes bolsistas e altamente recomendada a todos os estudantes. Para&hellip;<\/p>\n","protected":false},"author":1215,"featured_media":0,"parent":0,"menu_order":0,"comment_status":"closed","ping_status":"closed","template":"","meta":{"footnotes":""},"class_list":["post-403","page","type-page","status-publish","hentry"],"_links":{"self":[{"href":"https:\/\/wp.ufpel.edu.br\/ppgbdiv\/wp-json\/wp\/v2\/pages\/403","targetHints":{"allow":["GET"]}}],"collection":[{"href":"https:\/\/wp.ufpel.edu.br\/ppgbdiv\/wp-json\/wp\/v2\/pages"}],"about":[{"href":"https:\/\/wp.ufpel.edu.br\/ppgbdiv\/wp-json\/wp\/v2\/types\/page"}],"author":[{"embeddable":true,"href":"https:\/\/wp.ufpel.edu.br\/ppgbdiv\/wp-json\/wp\/v2\/users\/1215"}],"replies":[{"embeddable":true,"href":"https:\/\/wp.ufpel.edu.br\/ppgbdiv\/wp-json\/wp\/v2\/comments?post=403"}],"version-history":[{"count":6,"href":"https:\/\/wp.ufpel.edu.br\/ppgbdiv\/wp-json\/wp\/v2\/pages\/403\/revisions"}],"predecessor-version":[{"id":748,"href":"https:\/\/wp.ufpel.edu.br\/ppgbdiv\/wp-json\/wp\/v2\/pages\/403\/revisions\/748"}],"wp:attachment":[{"href":"https:\/\/wp.ufpel.edu.br\/ppgbdiv\/wp-json\/wp\/v2\/media?parent=403"}],"curies":[{"name":"wp","href":"https:\/\/api.w.org\/{rel}","templated":true}]}}