{"id":398,"date":"2023-02-22T16:52:34","date_gmt":"2023-02-22T19:52:34","guid":{"rendered":"https:\/\/wp.ufpel.edu.br\/ppgbdiv\/?page_id=398"},"modified":"2025-09-01T20:31:00","modified_gmt":"2025-09-01T23:31:00","slug":"proficiencia-em-lingua-estrangeira","status":"publish","type":"page","link":"https:\/\/wp.ufpel.edu.br\/ppgbdiv\/proficiencia-em-lingua-estrangeira\/","title":{"rendered":"Profici\u00eancia em L\u00edngua Inglesa"},"content":{"rendered":"<p>O dom\u00ednio da l\u00edngua inglesa \u00e9 uma habilidade fundamental para o sucesso acad\u00eamico e profissional na maioria das \u00e1reas, incluindo a pesquisa cient\u00edfica. Por isso, o Programa de P\u00f3s-Gradua\u00e7\u00e3o em Biodiversidade Animal da Universidade Federal de Pelotas exige que os alunos demonstrem compet\u00eancia em leitura em l\u00edngua inglesa at\u00e9 o 12\u00ba m\u00eas ap\u00f3s o ingresso no curso.<\/p>\n<p>Caso o aluno n\u00e3o cumpra essa exig\u00eancia dentro do prazo estabelecido na estrutura curricular do programa, ele n\u00e3o poder\u00e1 efetuar matr\u00edcula em disciplinas. No entanto, o prazo pode ser prorrogado em 6 meses mediante solicita\u00e7\u00e3o com justificativa encaminhada pelo orientador.<\/p>\n<p>Para comprovar sua compet\u00eancia em leitura de textos em l\u00edngua inglesa, o programa aceita certificados de teste de profici\u00eancia em ingl\u00eas com notas iguais ou superiores a sete (7,0) realizados na UFPel ou em outras institui\u00e7\u00f5es de ensino superior. Al\u00e9m disso, pontua\u00e7\u00f5es iguais ou superiores a 310 no TOEFL (Test of English as a Foreign Language) &#8211; ITP, pontua\u00e7\u00f5es iguais ou superiores a 60 no TOEFL &#8211; IBT, e bandas iguais ou superiores a cinco (5,0) no IELTS (International English Language Testing System) tamb\u00e9m s\u00e3o aceitas.<\/p>\n<p>\u00c9 importante ressaltar que os testes devem ser realizados em institui\u00e7\u00f5es capacitadas a emitir certificados de profici\u00eancia em l\u00ednguas e devem ser analisados e aprovados pelo Colegiado do Programa. Dessa forma, o programa garante que os alunos possuem o n\u00edvel de compet\u00eancia em leitura em l\u00edngua inglesa necess\u00e1rio para compreender e produzir conhecimento cient\u00edfico na \u00e1rea da biodiversidade animal.<\/p>\n<p><a href=\"https:\/\/drive.google.com\/file\/d\/127qpG2ag2-Ed2HAL_0MDLjqjMau0hV-P\/view?usp=sharing\" target=\"_blank\" rel=\"noopener\">Aqui<\/a>, voc\u00ea encontra a Resolu\u00e7\u00e3o 01\/2022 do PPGBDiv, que regula o Art. 41 do Regimento do Programa referente ao teste de profici\u00eancia em l\u00edngua inglesa.<\/p>\n","protected":false},"excerpt":{"rendered":"<p>O dom\u00ednio da l\u00edngua inglesa \u00e9 uma habilidade fundamental para o sucesso acad\u00eamico e profissional na maioria das \u00e1reas, incluindo a pesquisa cient\u00edfica. Por isso, o Programa de P\u00f3s-Gradua\u00e7\u00e3o em Biodiversidade Animal da Universidade Federal de Pelotas exige que os alunos demonstrem compet\u00eancia em leitura em l\u00edngua inglesa at\u00e9 o 12\u00ba m\u00eas ap\u00f3s o ingresso&hellip;<\/p>\n","protected":false},"author":1215,"featured_media":0,"parent":0,"menu_order":0,"comment_status":"closed","ping_status":"closed","template":"","meta":{"footnotes":""},"class_list":["post-398","page","type-page","status-publish","hentry"],"_links":{"self":[{"href":"https:\/\/wp.ufpel.edu.br\/ppgbdiv\/wp-json\/wp\/v2\/pages\/398","targetHints":{"allow":["GET"]}}],"collection":[{"href":"https:\/\/wp.ufpel.edu.br\/ppgbdiv\/wp-json\/wp\/v2\/pages"}],"about":[{"href":"https:\/\/wp.ufpel.edu.br\/ppgbdiv\/wp-json\/wp\/v2\/types\/page"}],"author":[{"embeddable":true,"href":"https:\/\/wp.ufpel.edu.br\/ppgbdiv\/wp-json\/wp\/v2\/users\/1215"}],"replies":[{"embeddable":true,"href":"https:\/\/wp.ufpel.edu.br\/ppgbdiv\/wp-json\/wp\/v2\/comments?post=398"}],"version-history":[{"count":3,"href":"https:\/\/wp.ufpel.edu.br\/ppgbdiv\/wp-json\/wp\/v2\/pages\/398\/revisions"}],"predecessor-version":[{"id":919,"href":"https:\/\/wp.ufpel.edu.br\/ppgbdiv\/wp-json\/wp\/v2\/pages\/398\/revisions\/919"}],"wp:attachment":[{"href":"https:\/\/wp.ufpel.edu.br\/ppgbdiv\/wp-json\/wp\/v2\/media?parent=398"}],"curies":[{"name":"wp","href":"https:\/\/api.w.org\/{rel}","templated":true}]}}