{"id":145,"date":"2022-10-21T08:19:53","date_gmt":"2022-10-21T11:19:53","guid":{"rendered":"https:\/\/wp.ufpel.edu.br\/ppgbdiv\/?page_id=145"},"modified":"2022-12-15T16:59:50","modified_gmt":"2022-12-15T19:59:50","slug":"edital-de-selecao-para-professor-visitante-172-2022","status":"publish","type":"page","link":"https:\/\/wp.ufpel.edu.br\/ppgbdiv\/edital-de-selecao-para-professor-visitante-172-2022\/","title":{"rendered":"Edital de Sele\u00e7\u00e3o para Professor Visitante &#8211; 172\/2022"},"content":{"rendered":"<p><em><strong>EDITAL E DOCUMENTA\u00c7\u00c3O PARA INSCRI\u00c7\u00c3O<\/strong><\/em><\/p>\n<p>Edital 172, de Setembro de 2022 &#8211; Processo Seletivo Simplificado para Professor Visitante &#8211; <a href=\"https:\/\/drive.google.com\/file\/d\/12aH64ru3-Gvt_V-SmNXGv9em2G5TAG8Q\/view?usp=sharing\" target=\"_blank\" rel=\"noopener\"><em>Download<\/em><\/a><\/p>\n<p>Edital de Retifica\u00e7\u00e3o 42, de Outubro de 2022 &#8211; Retifica a data de t\u00e9rmino das inscri\u00e7\u00f5es &#8211; <a href=\"https:\/\/drive.google.com\/file\/d\/1WXglo36F3oJPy0oAF1u6Fhq-s3T3LwvA\/view?usp=sharing\"><em>Download<\/em><\/a><\/p>\n<p>Anexo I (documento SEI 1840049) &#8211; <a href=\"https:\/\/drive.google.com\/file\/d\/12lN1rZH-NXXG-4qxvjBmK-4iVhZVcx2Q\/view?usp=sharing\" target=\"_blank\" rel=\"noopener\"><em>Download<\/em><\/a><\/p>\n<p>Anexo II (documento SEI 1840050) &#8211;\u00a0<a href=\"https:\/\/drive.google.com\/file\/d\/12n-ZPjK0DMsRQciAqjh6nUjL6gyqjoz0\/view?usp=sharing\" target=\"_blank\" rel=\"noopener\"><em>Download<\/em><\/a><\/p>\n<p><strong>CANDIDATOS INSCRITOS<\/strong> &#8211; <a href=\"https:\/\/drive.google.com\/file\/d\/1agfubOPq0xy4kEwOTa7YcW32vYPEIzEi\/view?usp=share_link\"><em>Download<\/em><\/a><\/p>\n<p><strong>INSCRI\u00c7\u00d5ES HOMOLOGADAS<\/strong> &#8211; <a href=\"https:\/\/drive.google.com\/file\/d\/1eicP_-EZjMm0ctVDcUemOGveq6F_vAbH\/view?usp=share_link\"><em>Download<\/em><\/a><\/p>\n<p><strong>RESULTADO PRELIMINAR &#8211; ETAPA 1<\/strong> &#8211;\u00a0<a href=\"https:\/\/drive.google.com\/file\/d\/1RUdXlG9PnSeKB1NLV_PuadSpQ-m53pZm\/view?usp=share_link\"><em>Download<\/em><\/a><\/p>\n<p><strong>RESULTADO PRELIMINAR &#8211; ETAPA 2<\/strong> &#8211;\u00a0<a href=\"https:\/\/drive.google.com\/file\/d\/1z6cxM8RWgqG91W-r5-e8ELgz0vkQJOxU\/view?usp=share_link\"><em>Download<\/em><\/a><\/p>\n<p><strong>RESULTADO &#8211; ETAPA 1 [HOMOLOGADO PELO COLEGIADO DO PROGRAMA EM 14\/12\/2022] <\/strong>&#8211;\u00a0<a href=\"https:\/\/drive.google.com\/file\/d\/1tzQrPpq9WvUGtTwT-eMv1bUDcQ7cxxla\/view?usp=share_link\"><em>Download<\/em><\/a><\/p>\n<p><strong>RESULTADO &#8211; ETAPA 2 [HOMOLOGADO PELO COLEGIADO DO PROGRAMA EM 14\/12\/2022] <\/strong>&#8211;\u00a0<a href=\"https:\/\/drive.google.com\/file\/d\/1n9i_5H48FwBngtx0MtNl3ARSRtxU3G3_\/view?usp=share_link\"><em>Download<\/em><\/a><\/p>\n","protected":false},"excerpt":{"rendered":"<p>EDITAL E DOCUMENTA\u00c7\u00c3O PARA INSCRI\u00c7\u00c3O Edital 172, de Setembro de 2022 &#8211; Processo Seletivo Simplificado para Professor Visitante &#8211; Download Edital de Retifica\u00e7\u00e3o 42, de Outubro de 2022 &#8211; Retifica a data de t\u00e9rmino das inscri\u00e7\u00f5es &#8211; Download Anexo I (documento SEI 1840049) &#8211; Download Anexo II (documento SEI 1840050) &#8211;\u00a0Download CANDIDATOS INSCRITOS &#8211; Download&hellip;<\/p>\n","protected":false},"author":1215,"featured_media":0,"parent":0,"menu_order":0,"comment_status":"closed","ping_status":"closed","template":"","meta":{"footnotes":""},"class_list":["post-145","page","type-page","status-publish","hentry"],"_links":{"self":[{"href":"https:\/\/wp.ufpel.edu.br\/ppgbdiv\/wp-json\/wp\/v2\/pages\/145","targetHints":{"allow":["GET"]}}],"collection":[{"href":"https:\/\/wp.ufpel.edu.br\/ppgbdiv\/wp-json\/wp\/v2\/pages"}],"about":[{"href":"https:\/\/wp.ufpel.edu.br\/ppgbdiv\/wp-json\/wp\/v2\/types\/page"}],"author":[{"embeddable":true,"href":"https:\/\/wp.ufpel.edu.br\/ppgbdiv\/wp-json\/wp\/v2\/users\/1215"}],"replies":[{"embeddable":true,"href":"https:\/\/wp.ufpel.edu.br\/ppgbdiv\/wp-json\/wp\/v2\/comments?post=145"}],"version-history":[{"count":7,"href":"https:\/\/wp.ufpel.edu.br\/ppgbdiv\/wp-json\/wp\/v2\/pages\/145\/revisions"}],"predecessor-version":[{"id":148,"href":"https:\/\/wp.ufpel.edu.br\/ppgbdiv\/wp-json\/wp\/v2\/pages\/145\/revisions\/148"}],"wp:attachment":[{"href":"https:\/\/wp.ufpel.edu.br\/ppgbdiv\/wp-json\/wp\/v2\/media?parent=145"}],"curies":[{"name":"wp","href":"https:\/\/api.w.org\/{rel}","templated":true}]}}