{"id":1086,"date":"2026-03-24T12:28:10","date_gmt":"2026-03-24T15:28:10","guid":{"rendered":"https:\/\/wp.ufpel.edu.br\/ppgbdiv\/?page_id=1086"},"modified":"2026-03-25T14:00:01","modified_gmt":"2026-03-25T17:00:01","slug":"oferta-de-disciplinas-2026-1","status":"publish","type":"page","link":"https:\/\/wp.ufpel.edu.br\/ppgbdiv\/noticias\/oferta-de-disciplinas-2026-1\/","title":{"rendered":"Oferta de disciplinas 2026-1"},"content":{"rendered":"<p><span style=\"color: #000000;\">As aulas ser\u00e3o presenciais, na Sala 08, pr\u00e9dio 23, Departamento de Ecologia, Zoologia e Gen\u00e9tica, Instituto de Biologia, Campus Cap\u00e3o do Le\u00e3o, UFPel.\u00a0<\/span><br \/>\n<span style=\"color: #000000;\">Para visualizar o per\u00edodo de oferta de cada disciplina, assim como os hor\u00e1rios, clique<span style=\"color: #3366ff;\"> <a style=\"color: #3366ff;\" href=\"https:\/\/docs.google.com\/spreadsheets\/d\/1QBOwgngdX01HxvvjQECAPGVqz-eu47bX\/edit?usp=sharing&amp;ouid=101663015705597813009&amp;rtpof=true&amp;sd=true\" target=\"_blank\" rel=\"noopener\">aqui<\/a><\/span><\/span><\/p>\n<p><span style=\"color: #000000;\"><strong>Semin\u00e1rios I (09050090)<\/strong> \u2013 02 cr\u00e9ditos &#8211; Docente respons\u00e1vel: Ana Maria Rui<\/span><br \/>\n<span style=\"color: #000000;\">Vagas: 18 (somente para ingressantes 2026\/1)<\/span><br \/>\n<span style=\"color: #000000;\"><strong>Semin\u00e1rios II (09050094)<\/strong> \u2013 02 cr\u00e9ditos &#8211; Docente respons\u00e1vel: Rafael A. Dias<\/span><br \/>\n<span style=\"color: #000000;\">Vagas: 6 (somente para ingressantes 2025)<\/span><br \/>\n<span style=\"color: #000000;\"><strong>Evolu\u00e7\u00e3o (D001195)<\/strong> \u2013 02 cr\u00e9ditos &#8211; Docente respons\u00e1vel: Juliana Cordeiro<\/span><br \/>\n<span style=\"color: #000000;\">Vagas: 18<\/span><br \/>\n<span style=\"color: #000000;\"><strong>Diversidade de Metazoa (D001198)<\/strong> \u2013 02 cr\u00e9ditos &#8211; Docente respons\u00e1vel: Marco Silva Gottschalk<\/span><br \/>\n<span style=\"color: #000000;\">Vagas: 18<\/span><br \/>\n<span style=\"color: #000000;\"><strong>Pr\u00e1tica em Reda\u00e7\u00e3o Cient\u00edfica (09050070)<\/strong> \u2013 02 cr\u00e9ditos &#8211; Docente respons\u00e1vel: Cristiano Agra<\/span><br \/>\n<span style=\"color: #000000;\">Vagas: 18<\/span><br \/>\n<span style=\"color: #000000;\"><strong>Introdu\u00e7\u00e3o ao R (09050071)<\/strong> \u2013 03 cr\u00e9ditos &#8211; Docente respons\u00e1vel: Sebastian Sendoya<\/span><br \/>\n<span style=\"color: #000000;\">Vagas: 20 (necess\u00e1rio laptop)<\/span><br \/>\n<span style=\"color: #000000;\"><strong>T\u00f3picos Especiais \u2013 Modelagem de Distribui\u00e7\u00e3o de Esp\u00e9cies com MaxEnt (09050142)<\/strong> \u2013 02 cr\u00e9ditos &#8211; Docente respons\u00e1vel: Rafael A. Dias<\/span><br \/>\n<span style=\"color: #000000;\">Vagas: 15 (necess\u00e1rio laptop e conhecimento b\u00e1sico de R)<\/span><\/p>\n","protected":false},"excerpt":{"rendered":"<p>As aulas ser\u00e3o presenciais, na Sala 08, pr\u00e9dio 23, Departamento de Ecologia, Zoologia e Gen\u00e9tica, Instituto de Biologia, Campus Cap\u00e3o do Le\u00e3o, UFPel.\u00a0 Para visualizar o per\u00edodo de oferta de cada disciplina, assim como os hor\u00e1rios, clique aqui Semin\u00e1rios I (09050090) \u2013 02 cr\u00e9ditos &#8211; Docente respons\u00e1vel: Ana Maria Rui Vagas: 18 (somente para ingressantes&hellip;<\/p>\n","protected":false},"author":1215,"featured_media":0,"parent":942,"menu_order":0,"comment_status":"closed","ping_status":"closed","template":"","meta":{"footnotes":""},"class_list":["post-1086","page","type-page","status-publish","hentry"],"_links":{"self":[{"href":"https:\/\/wp.ufpel.edu.br\/ppgbdiv\/wp-json\/wp\/v2\/pages\/1086","targetHints":{"allow":["GET"]}}],"collection":[{"href":"https:\/\/wp.ufpel.edu.br\/ppgbdiv\/wp-json\/wp\/v2\/pages"}],"about":[{"href":"https:\/\/wp.ufpel.edu.br\/ppgbdiv\/wp-json\/wp\/v2\/types\/page"}],"author":[{"embeddable":true,"href":"https:\/\/wp.ufpel.edu.br\/ppgbdiv\/wp-json\/wp\/v2\/users\/1215"}],"replies":[{"embeddable":true,"href":"https:\/\/wp.ufpel.edu.br\/ppgbdiv\/wp-json\/wp\/v2\/comments?post=1086"}],"version-history":[{"count":3,"href":"https:\/\/wp.ufpel.edu.br\/ppgbdiv\/wp-json\/wp\/v2\/pages\/1086\/revisions"}],"predecessor-version":[{"id":1092,"href":"https:\/\/wp.ufpel.edu.br\/ppgbdiv\/wp-json\/wp\/v2\/pages\/1086\/revisions\/1092"}],"up":[{"embeddable":true,"href":"https:\/\/wp.ufpel.edu.br\/ppgbdiv\/wp-json\/wp\/v2\/pages\/942"}],"wp:attachment":[{"href":"https:\/\/wp.ufpel.edu.br\/ppgbdiv\/wp-json\/wp\/v2\/media?parent=1086"}],"curies":[{"name":"wp","href":"https:\/\/api.w.org\/{rel}","templated":true}]}}