{"id":101,"date":"2022-06-04T14:40:56","date_gmt":"2022-06-04T17:40:56","guid":{"rendered":"https:\/\/wp.ufpel.edu.br\/ppgbdiv\/?page_id=101"},"modified":"2025-11-27T13:10:18","modified_gmt":"2025-11-27T16:10:18","slug":"contato","status":"publish","type":"page","link":"https:\/\/wp.ufpel.edu.br\/ppgbdiv\/contato\/","title":{"rendered":"Contato"},"content":{"rendered":"<p><span style=\"color: #000000;\"><strong>Coordena\u00e7\u00e3o<\/strong><\/span><br \/>\n<span style=\"color: #000000;\">Coordenador: Rafael Antunes Dias<\/span><br \/>\n<span style=\"color: #000000;\">Coordenadora Adjunta: Ana Maria Rui<\/span><br \/>\n<span style=\"color: #000000;\">Secret\u00e1rio: Taiguer Henrique Silva Saraiva<\/span><\/p>\n<p><span style=\"color: #000000;\"><strong>E-mail:<\/strong> ppgbdiv@ufpel.edu.br<\/span><\/p>\n<p><span style=\"color: #000000;\"><strong>Telefone: <\/strong>+55 (53) 3275-7335 (Secretaria do Instituto de Biologia)<\/span><\/p>\n<p><span style=\"color: #000000;\"><strong>Endere\u00e7o:<\/strong><\/span><br \/>\n<span style=\"color: #000000;\">Campus Universit\u00e1rio do Cap\u00e3o do Le\u00e3o, s\/n\u00ba, Travessa Andr\u00e9 Dreyfus, s\/n\u00ba,\u00a0pr\u00e9dio 23<\/span><br \/>\n<span style=\"color: #000000;\">Depto Ecologia, Zoologia e Gen\u00e9tica (DEZG)<\/span><br \/>\n<span style=\"color: #000000;\">Instituto de Biologia (IB)<\/span><br \/>\n<span style=\"color: #000000;\">Universidade Federal de Pelotas (UFPel)<\/span><br \/>\n<span style=\"color: #000000;\">Cap\u00e3o do Le\u00e3o &#8211; RS &#8211; Brasil<\/span><\/p>\n","protected":false},"excerpt":{"rendered":"<p>Coordena\u00e7\u00e3o Coordenador: Rafael Antunes Dias Coordenadora Adjunta: Ana Maria Rui Secret\u00e1rio: Taiguer Henrique Silva Saraiva E-mail: ppgbdiv@ufpel.edu.br Telefone: +55 (53) 3275-7335 (Secretaria do Instituto de Biologia) Endere\u00e7o: Campus Universit\u00e1rio do Cap\u00e3o do Le\u00e3o, s\/n\u00ba, Travessa Andr\u00e9 Dreyfus, s\/n\u00ba,\u00a0pr\u00e9dio 23 Depto Ecologia, Zoologia e Gen\u00e9tica (DEZG) Instituto de Biologia (IB) Universidade Federal de Pelotas (UFPel) Cap\u00e3o&hellip;<\/p>\n","protected":false},"author":1215,"featured_media":0,"parent":0,"menu_order":0,"comment_status":"closed","ping_status":"closed","template":"","meta":{"footnotes":""},"class_list":["post-101","page","type-page","status-publish","hentry"],"_links":{"self":[{"href":"https:\/\/wp.ufpel.edu.br\/ppgbdiv\/wp-json\/wp\/v2\/pages\/101","targetHints":{"allow":["GET"]}}],"collection":[{"href":"https:\/\/wp.ufpel.edu.br\/ppgbdiv\/wp-json\/wp\/v2\/pages"}],"about":[{"href":"https:\/\/wp.ufpel.edu.br\/ppgbdiv\/wp-json\/wp\/v2\/types\/page"}],"author":[{"embeddable":true,"href":"https:\/\/wp.ufpel.edu.br\/ppgbdiv\/wp-json\/wp\/v2\/users\/1215"}],"replies":[{"embeddable":true,"href":"https:\/\/wp.ufpel.edu.br\/ppgbdiv\/wp-json\/wp\/v2\/comments?post=101"}],"version-history":[{"count":3,"href":"https:\/\/wp.ufpel.edu.br\/ppgbdiv\/wp-json\/wp\/v2\/pages\/101\/revisions"}],"predecessor-version":[{"id":954,"href":"https:\/\/wp.ufpel.edu.br\/ppgbdiv\/wp-json\/wp\/v2\/pages\/101\/revisions\/954"}],"wp:attachment":[{"href":"https:\/\/wp.ufpel.edu.br\/ppgbdiv\/wp-json\/wp\/v2\/media?parent=101"}],"curies":[{"name":"wp","href":"https:\/\/api.w.org\/{rel}","templated":true}]}}