{"id":6112,"date":"2025-12-02T12:09:11","date_gmt":"2025-12-02T15:09:11","guid":{"rendered":"https:\/\/wp.ufpel.edu.br\/ppgbbio\/?page_id=6112"},"modified":"2025-12-06T10:32:34","modified_gmt":"2025-12-06T13:32:34","slug":"eleicao-coordenacao-ppgbbio_bienio-2026-2028","status":"publish","type":"page","link":"https:\/\/wp.ufpel.edu.br\/ppgbbio\/eleicao-coordenacao-ppgbbio_bienio-2026-2028\/","title":{"rendered":"Elei\u00e7\u00e3o Coordena\u00e7\u00e3o PPGBBio_bi\u00eanio 2026\/2027"},"content":{"rendered":"<p><a href=\"https:\/\/wp.ufpel.edu.br\/ppgbbio\/files\/2025\/12\/Edital-Coordenacao-PPGBBio-2025.pdf\">Edital Coordena\u00e7\u00e3o PPGBBio-Bi\u00eanio 2026\/2027<\/a><\/p>\n<p><a href=\"https:\/\/wp.ufpel.edu.br\/ppgbbio\/files\/2025\/12\/Homologacao.pdf\">Homologa\u00e7\u00e3o das inscri\u00e7\u00f5es<\/a><\/p>\n<p><a href=\"https:\/\/wp.ufpel.edu.br\/ppgbbio\/files\/2025\/12\/Plano_de_trabalho_PPGBBio_2025.pdf\">Plano_de_trabalho_PPGBBio_2026\/2027<\/a><\/p>\n<p><a href=\"https:\/\/wp.ufpel.edu.br\/ppgbbio\/files\/2025\/12\/Lista_de_eleitores_PPGBBIO_para_divulgacao_2025.docx-1.pdf\">Lista_de_eleitores_PPGBBIO_para_divulgacao_2025.docx (1)<\/a><\/p>\n<p>&nbsp;<\/p>\n<p>&nbsp;<\/p>\n<p>&nbsp;<\/p>\n","protected":false},"excerpt":{"rendered":"<p>Edital Coordena\u00e7\u00e3o PPGBBio-Bi\u00eanio 2026\/2027 Homologa\u00e7\u00e3o das inscri\u00e7\u00f5es Plano_de_trabalho_PPGBBio_2026\/2027 Lista_de_eleitores_PPGBBIO_para_divulgacao_2025.docx (1) &nbsp; &nbsp; &nbsp;<\/p>\n","protected":false},"author":131,"featured_media":0,"parent":0,"menu_order":0,"comment_status":"closed","ping_status":"closed","template":"","meta":{"footnotes":""},"class_list":["post-6112","page","type-page","status-publish","hentry"],"_links":{"self":[{"href":"https:\/\/wp.ufpel.edu.br\/ppgbbio\/wp-json\/wp\/v2\/pages\/6112","targetHints":{"allow":["GET"]}}],"collection":[{"href":"https:\/\/wp.ufpel.edu.br\/ppgbbio\/wp-json\/wp\/v2\/pages"}],"about":[{"href":"https:\/\/wp.ufpel.edu.br\/ppgbbio\/wp-json\/wp\/v2\/types\/page"}],"author":[{"embeddable":true,"href":"https:\/\/wp.ufpel.edu.br\/ppgbbio\/wp-json\/wp\/v2\/users\/131"}],"replies":[{"embeddable":true,"href":"https:\/\/wp.ufpel.edu.br\/ppgbbio\/wp-json\/wp\/v2\/comments?post=6112"}],"version-history":[{"count":4,"href":"https:\/\/wp.ufpel.edu.br\/ppgbbio\/wp-json\/wp\/v2\/pages\/6112\/revisions"}],"predecessor-version":[{"id":6124,"href":"https:\/\/wp.ufpel.edu.br\/ppgbbio\/wp-json\/wp\/v2\/pages\/6112\/revisions\/6124"}],"wp:attachment":[{"href":"https:\/\/wp.ufpel.edu.br\/ppgbbio\/wp-json\/wp\/v2\/media?parent=6112"}],"curies":[{"name":"wp","href":"https:\/\/api.w.org\/{rel}","templated":true}]}}