{"id":6104,"date":"2025-09-28T10:55:44","date_gmt":"2025-09-28T13:55:44","guid":{"rendered":"https:\/\/wp.ufpel.edu.br\/ppgbbio\/?page_id=6104"},"modified":"2025-09-29T22:29:19","modified_gmt":"2025-09-30T01:29:19","slug":"edital-pdse_2025-n-190-2025","status":"publish","type":"page","link":"https:\/\/wp.ufpel.edu.br\/ppgbbio\/edital-pdse_2025-n-190-2025\/","title":{"rendered":"Edital PDSE_2025 (N\u00b0 190\/2025)"},"content":{"rendered":"<p><a href=\"https:\/\/wp.ufpel.edu.br\/ppgbbio\/files\/2025\/09\/Edital-PDSE-Edital-interno-_PPGBBio.pdf\">Edital interno PDSE_PPGBBio<\/a><\/p>\n<p><a href=\"https:\/\/wp.ufpel.edu.br\/ppgbbio\/files\/2025\/09\/Homologacao-PDSE-2025.pdf\">Homologa\u00e7\u00e3o das inscri\u00e7\u00f5es- PDSE 2025<\/a><\/p>\n<p><a href=\"https:\/\/wp.ufpel.edu.br\/ppgbbio\/files\/2025\/09\/Resultado-PDSE-2025.pdf\">Resultado &#8211; PDSE 2025<\/a><\/p>\n<p>&nbsp;<\/p>\n<p>&nbsp;<\/p>\n<p>&nbsp;<\/p>\n<p>&nbsp;<\/p>\n","protected":false},"excerpt":{"rendered":"<p>Edital interno PDSE_PPGBBio Homologa\u00e7\u00e3o das inscri\u00e7\u00f5es- PDSE 2025 Resultado &#8211; PDSE 2025 &nbsp; &nbsp; &nbsp; &nbsp;<\/p>\n","protected":false},"author":131,"featured_media":0,"parent":0,"menu_order":0,"comment_status":"closed","ping_status":"closed","template":"","meta":{"footnotes":""},"class_list":["post-6104","page","type-page","status-publish","hentry"],"_links":{"self":[{"href":"https:\/\/wp.ufpel.edu.br\/ppgbbio\/wp-json\/wp\/v2\/pages\/6104","targetHints":{"allow":["GET"]}}],"collection":[{"href":"https:\/\/wp.ufpel.edu.br\/ppgbbio\/wp-json\/wp\/v2\/pages"}],"about":[{"href":"https:\/\/wp.ufpel.edu.br\/ppgbbio\/wp-json\/wp\/v2\/types\/page"}],"author":[{"embeddable":true,"href":"https:\/\/wp.ufpel.edu.br\/ppgbbio\/wp-json\/wp\/v2\/users\/131"}],"replies":[{"embeddable":true,"href":"https:\/\/wp.ufpel.edu.br\/ppgbbio\/wp-json\/wp\/v2\/comments?post=6104"}],"version-history":[{"count":2,"href":"https:\/\/wp.ufpel.edu.br\/ppgbbio\/wp-json\/wp\/v2\/pages\/6104\/revisions"}],"predecessor-version":[{"id":6111,"href":"https:\/\/wp.ufpel.edu.br\/ppgbbio\/wp-json\/wp\/v2\/pages\/6104\/revisions\/6111"}],"wp:attachment":[{"href":"https:\/\/wp.ufpel.edu.br\/ppgbbio\/wp-json\/wp\/v2\/media?parent=6104"}],"curies":[{"name":"wp","href":"https:\/\/api.w.org\/{rel}","templated":true}]}}