{"id":6097,"date":"2025-08-06T12:10:49","date_gmt":"2025-08-06T15:10:49","guid":{"rendered":"https:\/\/wp.ufpel.edu.br\/ppgbbio\/?page_id=6097"},"modified":"2025-08-06T12:13:41","modified_gmt":"2025-08-06T15:13:41","slug":"eleicao-para-coordenacao-do-ppgbbio-2025","status":"publish","type":"page","link":"https:\/\/wp.ufpel.edu.br\/ppgbbio\/eleicao-para-coordenacao-do-ppgbbio-2025\/","title":{"rendered":"EDITAL_Elei\u00e7\u00e3o para coordena\u00e7\u00e3o do PPGBBio 2025"},"content":{"rendered":"<p><a href=\"https:\/\/wp.ufpel.edu.br\/ppgbbio\/files\/2025\/08\/Edital-coordenacao-PPGBBio-2025-1.pdf\">Edital coordena\u00e7\u00e3o PPGBBio 2025<\/a><\/p>\n<p>&nbsp;<\/p>\n","protected":false},"excerpt":{"rendered":"<p>Edital coordena\u00e7\u00e3o PPGBBio 2025 &nbsp;<\/p>\n","protected":false},"author":131,"featured_media":0,"parent":0,"menu_order":0,"comment_status":"closed","ping_status":"closed","template":"","meta":{"footnotes":""},"class_list":["post-6097","page","type-page","status-publish","hentry"],"_links":{"self":[{"href":"https:\/\/wp.ufpel.edu.br\/ppgbbio\/wp-json\/wp\/v2\/pages\/6097","targetHints":{"allow":["GET"]}}],"collection":[{"href":"https:\/\/wp.ufpel.edu.br\/ppgbbio\/wp-json\/wp\/v2\/pages"}],"about":[{"href":"https:\/\/wp.ufpel.edu.br\/ppgbbio\/wp-json\/wp\/v2\/types\/page"}],"author":[{"embeddable":true,"href":"https:\/\/wp.ufpel.edu.br\/ppgbbio\/wp-json\/wp\/v2\/users\/131"}],"replies":[{"embeddable":true,"href":"https:\/\/wp.ufpel.edu.br\/ppgbbio\/wp-json\/wp\/v2\/comments?post=6097"}],"version-history":[{"count":2,"href":"https:\/\/wp.ufpel.edu.br\/ppgbbio\/wp-json\/wp\/v2\/pages\/6097\/revisions"}],"predecessor-version":[{"id":6103,"href":"https:\/\/wp.ufpel.edu.br\/ppgbbio\/wp-json\/wp\/v2\/pages\/6097\/revisions\/6103"}],"wp:attachment":[{"href":"https:\/\/wp.ufpel.edu.br\/ppgbbio\/wp-json\/wp\/v2\/media?parent=6097"}],"curies":[{"name":"wp","href":"https:\/\/api.w.org\/{rel}","templated":true}]}}