{"id":6047,"date":"2025-05-25T10:04:17","date_gmt":"2025-05-25T13:04:17","guid":{"rendered":"https:\/\/wp.ufpel.edu.br\/ppgbbio\/?page_id=6047"},"modified":"2025-05-25T22:13:57","modified_gmt":"2025-05-26T01:13:57","slug":"membros-da-academia-brasileira-de-ciencias","status":"publish","type":"page","link":"https:\/\/wp.ufpel.edu.br\/ppgbbio\/membros-da-academia-brasileira-de-ciencias\/","title":{"rendered":"Membros da Academia Brasileira de Ci\u00eancias"},"content":{"rendered":"<p><strong>2024<\/strong><\/p>\n<ul>\n<li>A Professora Cristiane Luchese est\u00e1 entre os novos membros afiliados para representar a Regi\u00e3o Sul na Academia Brasileira de Ci\u00eancias (ABC) no per\u00edodo de 2024 a 2028.<\/li>\n<\/ul>\n<p><a href=\"https:\/\/wp.ufpel.edu.br\/ppgbbio\/files\/2017\/03\/cris-luche.jpg\"><img class=\"alignleft  wp-image-5912\" src=\"https:\/\/wp.ufpel.edu.br\/ppgbbio\/files\/2017\/03\/cris-luche-400x268.jpg\" alt=\"\" width=\"184\" height=\"123\" srcset=\"https:\/\/wp.ufpel.edu.br\/ppgbbio\/files\/2017\/03\/cris-luche-400x268.jpg 400w, https:\/\/wp.ufpel.edu.br\/ppgbbio\/files\/2017\/03\/cris-luche-1024x685.jpg 1024w, https:\/\/wp.ufpel.edu.br\/ppgbbio\/files\/2017\/03\/cris-luche-768x514.jpg 768w, https:\/\/wp.ufpel.edu.br\/ppgbbio\/files\/2017\/03\/cris-luche-272x182.jpg 272w, https:\/\/wp.ufpel.edu.br\/ppgbbio\/files\/2017\/03\/cris-luche.jpg 1440w\" sizes=\"(max-width: 184px) 100vw, 184px\" \/><\/a><\/p>\n<p>&nbsp;<\/p>\n<p>&nbsp;<\/p>\n<p>&nbsp;<\/p>\n<p>&nbsp;<\/p>\n<p><strong>2023<\/strong><\/p>\n<ul>\n<li>A Professora Ethel Antunes Wilhelm est\u00e1 entre os jovens cientistas eleitos como novos membros afiliados para representar a Regi\u00e3o Sul na Academia Brasileira de Ci\u00eancias (ABC) no per\u00edodo de 2023 a 2027.<\/li>\n<\/ul>\n<p><a href=\"https:\/\/wp.ufpel.edu.br\/ppgbbio\/files\/2023\/10\/WhatsApp-Image-2023-10-19-at-22.19.20.jpeg\"><img class=\"alignleft wp-image-5258\" src=\"https:\/\/wp.ufpel.edu.br\/ppgbbio\/files\/2023\/10\/WhatsApp-Image-2023-10-19-at-22.19.20-400x286.jpeg\" alt=\"\" width=\"165\" height=\"118\" srcset=\"https:\/\/wp.ufpel.edu.br\/ppgbbio\/files\/2023\/10\/WhatsApp-Image-2023-10-19-at-22.19.20-400x286.jpeg 400w, https:\/\/wp.ufpel.edu.br\/ppgbbio\/files\/2023\/10\/WhatsApp-Image-2023-10-19-at-22.19.20-1024x731.jpeg 1024w, https:\/\/wp.ufpel.edu.br\/ppgbbio\/files\/2023\/10\/WhatsApp-Image-2023-10-19-at-22.19.20-768x548.jpeg 768w, https:\/\/wp.ufpel.edu.br\/ppgbbio\/files\/2023\/10\/WhatsApp-Image-2023-10-19-at-22.19.20-1536x1096.jpeg 1536w, https:\/\/wp.ufpel.edu.br\/ppgbbio\/files\/2023\/10\/WhatsApp-Image-2023-10-19-at-22.19.20.jpeg 1600w\" sizes=\"(max-width: 165px) 100vw, 165px\" \/><\/a><\/p>\n<p>&nbsp;<\/p>\n<p>&nbsp;<\/p>\n<p>&nbsp;<\/p>\n<p>&nbsp;<\/p>\n<p><strong>2021<\/strong><\/p>\n<p><img class=\"\" src=\"https:\/\/wp.ufpel.edu.br\/ppgbbio\/files\/2021\/12\/WhatsApp-Image-2021-12-12-at-21.09.02-400x400.jpeg\" width=\"282\" height=\"282\" \/><\/p>\n<p>&nbsp;<\/p>\n<p>&nbsp;<\/p>\n","protected":false},"excerpt":{"rendered":"<p>2024 A Professora Cristiane Luchese est\u00e1 entre os novos membros afiliados para representar a Regi\u00e3o Sul na Academia Brasileira de Ci\u00eancias (ABC) no per\u00edodo de 2024 a 2028. &nbsp; &nbsp; &nbsp; &nbsp; 2023 A Professora Ethel Antunes Wilhelm est\u00e1 entre os jovens cientistas eleitos como novos membros afiliados para representar a Regi\u00e3o Sul na Academia [&hellip;]<\/p>\n","protected":false},"author":131,"featured_media":0,"parent":0,"menu_order":0,"comment_status":"closed","ping_status":"closed","template":"","meta":{"footnotes":""},"class_list":["post-6047","page","type-page","status-publish","hentry"],"_links":{"self":[{"href":"https:\/\/wp.ufpel.edu.br\/ppgbbio\/wp-json\/wp\/v2\/pages\/6047","targetHints":{"allow":["GET"]}}],"collection":[{"href":"https:\/\/wp.ufpel.edu.br\/ppgbbio\/wp-json\/wp\/v2\/pages"}],"about":[{"href":"https:\/\/wp.ufpel.edu.br\/ppgbbio\/wp-json\/wp\/v2\/types\/page"}],"author":[{"embeddable":true,"href":"https:\/\/wp.ufpel.edu.br\/ppgbbio\/wp-json\/wp\/v2\/users\/131"}],"replies":[{"embeddable":true,"href":"https:\/\/wp.ufpel.edu.br\/ppgbbio\/wp-json\/wp\/v2\/comments?post=6047"}],"version-history":[{"count":7,"href":"https:\/\/wp.ufpel.edu.br\/ppgbbio\/wp-json\/wp\/v2\/pages\/6047\/revisions"}],"predecessor-version":[{"id":6065,"href":"https:\/\/wp.ufpel.edu.br\/ppgbbio\/wp-json\/wp\/v2\/pages\/6047\/revisions\/6065"}],"wp:attachment":[{"href":"https:\/\/wp.ufpel.edu.br\/ppgbbio\/wp-json\/wp\/v2\/media?parent=6047"}],"curies":[{"name":"wp","href":"https:\/\/api.w.org\/{rel}","templated":true}]}}