{"id":6,"date":"2011-09-05T14:55:59","date_gmt":"2011-09-05T17:55:59","guid":{"rendered":"https:\/\/wp.ufpel.edu.br\/ppgbbio\/"},"modified":"2021-08-12T12:58:14","modified_gmt":"2021-08-12T15:58:14","slug":"orientadores","status":"publish","type":"page","link":"https:\/\/wp.ufpel.edu.br\/ppgbbio\/orientadores\/","title":{"rendered":"Orientadores &#8211; 1"},"content":{"rendered":"<p><strong>Coordena\u00e7\u00e3o<\/strong><\/p>\n<p><a title=\"lattes ethel\" href=\"http:\/\/buscatextual.cnpq.br\/buscatextual\/visualizacv.do?id=K4261569U3\" target=\"_blank\" rel=\"noopener noreferrer\">Ethel Antunes Wilhelm<\/a> (coordenadora) &#8211; <span style=\"color: #000000\">ethelwilhelm@yahoo.com.br<\/span><\/p>\n<p><a href=\"http:\/\/lattes.cnpq.br\/2461255030745891\">M\u00e1rcia Foster Mesko<\/a>\u00a0<span style=\"color: #000000\">(coordenadora adjunta)<\/span><a><span style=\"color: #000000\">\u00a0<\/span>&#8211;\u00a0<span style=\"color: #000000\">marciamesko@yahoo.com.br<\/span><\/a><\/p>\n<p><strong><!--more--><\/strong><strong>Docentes Permanentes<\/strong><\/p>\n<ul>\n<li><a href=\"http:\/\/buscatextual.cnpq.br\/buscatextual\/visualizacv.do?id=K4219984Z7\">C\u00e9sar Augusto Bruning<\/a> &#8211; cabruning@yahoo.com.br<\/li>\n<li><a href=\"http:\/\/lattes.cnpq.br\/5722353488752184\">Claudio Martin Pereira de Pereira<\/a><span style=\"color: #000000\"><a style=\"color: #000000\"> &#8211;\u00a0claudiochemistry@gmail.com<\/a><\/span><\/li>\n<li><a title=\"lattes cristiane luchese\" href=\"http:\/\/buscatextual.cnpq.br\/buscatextual\/visualizacv.do?id=K4261937T6\" target=\"_blank\" rel=\"noopener noreferrer\">Cristiane Luchese<\/a> <span style=\"color: #000000\">&#8211; cristiane_luchese@yahoo.com.br<\/span><\/li>\n<li><a href=\"http:\/\/lattes.cnpq.br\/8828875564145245\">Francieli Moro Stefanello<\/a><a>\u00a0<span style=\"color: #000000\">&#8211;\u00a0fmstefanello@gmail.com<\/span><\/a><\/li>\n<li><a href=\"http:\/\/lattes.cnpq.br\/1812396380224339\">Francisco Augusto Burkert Del Pino<\/a><a>\u00a0<span style=\"color: #000000\">&#8211;\u00a0fabdelpino@gmail.com<\/span><\/a><\/li>\n<li><a title=\"lattes giana cognato\" href=\"http:\/\/buscatextual.cnpq.br\/buscatextual\/visualizacv.do?id=K4770561Y3\" target=\"_blank\" rel=\"noopener noreferrer\">Giana de Paula Cognato<\/a> <span style=\"color: #000000\">&#8211; giana.cognato@gmail.com<\/span><\/li>\n<li><a href=\"http:\/\/lattes.cnpq.br\/9351614587557334\">Izabel Cristina Custodio de Souza<\/a> <span style=\"color: #000000\">&#8211;\u00a0belcustodio20@yahoo.com.br<\/span><\/li>\n<li><a href=\"http:\/\/lattes.cnpq.br\/1480751214999787\">Lucielli Savegnago<\/a> &#8211;\u00a0<span style=\"color: #000000\">luciellisavegnago@yahoo.com.br<\/span><\/li>\n<li><a href=\"http:\/\/lattes.cnpq.br\/0022372882780892\">Rafael Guerra Lund<\/a><a>\u00a0&#8211;\u00a0<span style=\"color: #000000\">rafael.lund@gmail.com<\/span><\/a><\/li>\n<li><a href=\"http:\/\/buscatextual.cnpq.br\/buscatextual\/visualizacv.do?id=K4773473H7\">Rodrigo de Almeida Vaucher<\/a> &#8211; <span style=\"color: #000000\">rodvaucher@hotmail.com<\/span><\/li>\n<li><a href=\"http:\/\/lattes.cnpq.br\/3326079765076830\">Rog\u00e9rio Ant\u00f4nio Freitag<\/a><a>\u00a0&#8211; <span style=\"color: #000000\">rafreitag@gmail.com<\/span><\/a><a><br \/>\n<\/a><\/li>\n<li><a href=\"http:\/\/lattes.cnpq.br\/3446031341157893\">Roselia Maria Spanevello<\/a><a>\u00a0&#8211;\u00a0<span style=\"color: #000000\">rspanevello@gmail.com<\/span><\/a><\/li>\n<li><a href=\"http:\/\/lattes.cnpq.br\/5521061970424848\">Tiago Collares<\/a><a> &#8211;\u00a0<span style=\"color: #000000\">collares.t@gmail.com<\/span><\/a><\/li>\n<li><a title=\"vinicius lattes\" href=\"http:\/\/buscatextual.cnpq.br\/buscatextual\/visualizacv.do?metodo=apresentar&amp;id=K4164226Y0\" target=\"_blank\" rel=\"noopener noreferrer\">Vinicius Farias Campos<\/a> &#8211;<span style=\"color: #000000\"> fariascampos@gmail.com<\/span><\/li>\n<li><a href=\"http:\/\/lattes.cnpq.br\/8974631592328450\">Wilson Jo\u00e3o Cunico Filho<\/a> &#8211; <span style=\"color: #000000\">wjcunico@yahoo.com.br<\/span><\/li>\n<\/ul>\n<p><!--more--><\/p>\n<p><strong>Docentes Colaboradores<\/strong><\/p>\n<ul>\n<li><a href=\"http:\/\/lattes.cnpq.br\/3081112950297594\">Elizandra Braganhol<\/a><a> &#8211;\u00a0<\/a>elizbraganhol@yahoo.com.br<\/li>\n<li><a href=\"http:\/\/lattes.cnpq.br\/9476246181895666\">Giovana Duzzo Gamaro<\/a><a>\u00a0&#8211;\u00a0<span style=\"color: #000000\">ggamaro@yahoo.com.br<\/span><\/a><\/li>\n<li><a href=\"http:\/\/lattes.cnpq.br\/9916986411712495\">Marlete Brum Cleff<\/a><a>\u00a0&#8211;\u00a0<span style=\"color: #000000\">marletecleff@gmail.com<\/span><\/a><\/li>\n<\/ul>\n","protected":false},"excerpt":{"rendered":"<p>Coordena\u00e7\u00e3o Ethel Antunes Wilhelm (coordenadora) &#8211; ethelwilhelm@yahoo.com.br M\u00e1rcia Foster Mesko\u00a0(coordenadora adjunta)\u00a0&#8211;\u00a0marciamesko@yahoo.com.br<\/p>\n","protected":false},"author":131,"featured_media":0,"parent":0,"menu_order":0,"comment_status":"closed","ping_status":"closed","template":"","meta":{"footnotes":""},"class_list":["post-6","page","type-page","status-publish","hentry"],"_links":{"self":[{"href":"https:\/\/wp.ufpel.edu.br\/ppgbbio\/wp-json\/wp\/v2\/pages\/6","targetHints":{"allow":["GET"]}}],"collection":[{"href":"https:\/\/wp.ufpel.edu.br\/ppgbbio\/wp-json\/wp\/v2\/pages"}],"about":[{"href":"https:\/\/wp.ufpel.edu.br\/ppgbbio\/wp-json\/wp\/v2\/types\/page"}],"author":[{"embeddable":true,"href":"https:\/\/wp.ufpel.edu.br\/ppgbbio\/wp-json\/wp\/v2\/users\/131"}],"replies":[{"embeddable":true,"href":"https:\/\/wp.ufpel.edu.br\/ppgbbio\/wp-json\/wp\/v2\/comments?post=6"}],"version-history":[{"count":45,"href":"https:\/\/wp.ufpel.edu.br\/ppgbbio\/wp-json\/wp\/v2\/pages\/6\/revisions"}],"predecessor-version":[{"id":4010,"href":"https:\/\/wp.ufpel.edu.br\/ppgbbio\/wp-json\/wp\/v2\/pages\/6\/revisions\/4010"}],"wp:attachment":[{"href":"https:\/\/wp.ufpel.edu.br\/ppgbbio\/wp-json\/wp\/v2\/media?parent=6"}],"curies":[{"name":"wp","href":"https:\/\/api.w.org\/{rel}","templated":true}]}}