{"id":5950,"date":"2025-05-18T18:39:42","date_gmt":"2025-05-18T21:39:42","guid":{"rendered":"https:\/\/wp.ufpel.edu.br\/ppgbbio\/?page_id=5950"},"modified":"2026-04-17T11:08:05","modified_gmt":"2026-04-17T14:08:05","slug":"estudantes-estrangeiros-informacoes","status":"publish","type":"page","link":"https:\/\/wp.ufpel.edu.br\/ppgbbio\/estudantes-estrangeiros-informacoes\/","title":{"rendered":"Estudantes estrangeiros\/Informa\u00e7\u00f5es"},"content":{"rendered":"<p><strong><span style=\"color: #0000ff;\">Discentes estrangeiros no PPGBBio:\u00a0<\/span><\/strong><\/p>\n<table style=\"border-collapse: collapse; width: 99.894%; height: 131px;\" border=\"1\">\n<tbody>\n<tr style=\"height: 24px;\">\n<td style=\"width: 25.2107%; height: 24px; text-align: center;\"><strong>Discente Doutorado\u00a0<\/strong><\/td>\n<td style=\"width: 22.601%; height: 24px; text-align: center;\">\u00a0 \u00a0 \u00a0 \u00a0 \u00a0I<strong>ngresso\u00a0<\/strong><\/td>\n<td style=\"width: 19.8122%; height: 24px; text-align: center;\">\u00a0<strong>Pais de Origem\u00a0<\/strong><\/td>\n<td style=\"width: 25.3161%; height: 24px; text-align: center;\">\u00a0 <strong>Entrada no PPGBBio<\/strong><\/td>\n<\/tr>\n<tr style=\"height: 24px;\">\n<td style=\"width: 25.2107%; height: 24px;\">1. Imtiaz Ahmad<\/td>\n<td style=\"width: 22.601%; height: 24px; text-align: center;\">\u00a0 \u00a006\/03\/2024<\/td>\n<td style=\"width: 19.8122%; height: 24px; text-align: center;\">\u00a0Paquist\u00e3o<\/td>\n<td style=\"width: 25.3161%; height: 24px; text-align: center;\">\u00a0 \u00a0 Programa GCUB-Mob<\/td>\n<\/tr>\n<tr style=\"height: 26px;\">\n<td style=\"width: 25.2107%; height: 27px;\">2. Syed Hassan Mujtaba<\/td>\n<td style=\"width: 22.601%; height: 27px; text-align: center;\">\u00a0 \u00a031\/12\/2024<\/td>\n<td style=\"width: 19.8122%; height: 27px; text-align: center;\">Paquist\u00e3o<\/td>\n<td style=\"width: 25.3161%; height: 27px; text-align: center;\">\u00a0 \u00a0 Edital de sele\u00e7\u00e3o PPGBBio<\/td>\n<\/tr>\n<tr style=\"height: 35px;\">\n<td style=\"width: 25.2107%; height: 35px;\">3. Beldimiro Carlos Chiposse<\/td>\n<td style=\"width: 22.601%; text-align: center; height: 35px;\">30\/03\/2026<\/td>\n<td style=\"width: 19.8122%; text-align: center; height: 35px;\">Mo\u00e7ambique<\/td>\n<td style=\"width: 25.3161%; text-align: center; height: 35px;\">Edital de sele\u00e7\u00e3o PPGBBio<\/td>\n<\/tr>\n<tr>\n<td style=\"width: 25.2107%;\">4. Rifqa Afzal<\/td>\n<td style=\"width: 22.601%; text-align: center;\">10\/04\/2026<\/td>\n<td style=\"width: 19.8122%; text-align: center;\">Paquist\u00e3o<\/td>\n<td style=\"width: 25.3161%; text-align: center;\">\u00a0 \u00a0 Programa GCUB-Mob<\/td>\n<\/tr>\n<\/tbody>\n<\/table>\n<p>&nbsp;<\/p>\n<p><span style=\"color: #0000ff;\"><strong>Informa\u00e7\u00f5es para estudantes estrangeiros:\u00a0<\/strong><\/span><\/p>\n<p><a href=\"https:\/\/wp.ufpel.edu.br\/international\/general-information\/\">https:\/\/wp.ufpel.edu.br\/international\/general-information\/<\/a><\/p>\n<p><a href=\"https:\/\/wp.ufpel.edu.br\/ppgbbio\/files\/2025\/05\/Planta_de_Situacao_Capao_do_Leao_Zoom-1.pdf\">Plant_Campus Capao_do_Leao_Zoom<\/a><\/p>\n<p>&nbsp;<\/p>\n<p>&nbsp;<\/p>\n<p>&nbsp;<\/p>\n","protected":false},"excerpt":{"rendered":"<p>Discentes estrangeiros no PPGBBio:\u00a0 Discente Doutorado\u00a0 \u00a0 \u00a0 \u00a0 \u00a0 \u00a0Ingresso\u00a0 \u00a0Pais de Origem\u00a0 \u00a0 Entrada no PPGBBio 1. Imtiaz Ahmad \u00a0 \u00a006\/03\/2024 \u00a0Paquist\u00e3o \u00a0 \u00a0 Programa GCUB-Mob 2. Syed Hassan Mujtaba \u00a0 \u00a031\/12\/2024 Paquist\u00e3o \u00a0 \u00a0 Edital de sele\u00e7\u00e3o PPGBBio 3. Beldimiro Carlos Chiposse 30\/03\/2026 Mo\u00e7ambique Edital de sele\u00e7\u00e3o PPGBBio 4. Rifqa Afzal 10\/04\/2026 [&hellip;]<\/p>\n","protected":false},"author":131,"featured_media":0,"parent":0,"menu_order":0,"comment_status":"closed","ping_status":"closed","template":"","meta":{"footnotes":""},"class_list":["post-5950","page","type-page","status-publish","hentry"],"_links":{"self":[{"href":"https:\/\/wp.ufpel.edu.br\/ppgbbio\/wp-json\/wp\/v2\/pages\/5950","targetHints":{"allow":["GET"]}}],"collection":[{"href":"https:\/\/wp.ufpel.edu.br\/ppgbbio\/wp-json\/wp\/v2\/pages"}],"about":[{"href":"https:\/\/wp.ufpel.edu.br\/ppgbbio\/wp-json\/wp\/v2\/types\/page"}],"author":[{"embeddable":true,"href":"https:\/\/wp.ufpel.edu.br\/ppgbbio\/wp-json\/wp\/v2\/users\/131"}],"replies":[{"embeddable":true,"href":"https:\/\/wp.ufpel.edu.br\/ppgbbio\/wp-json\/wp\/v2\/comments?post=5950"}],"version-history":[{"count":4,"href":"https:\/\/wp.ufpel.edu.br\/ppgbbio\/wp-json\/wp\/v2\/pages\/5950\/revisions"}],"predecessor-version":[{"id":6196,"href":"https:\/\/wp.ufpel.edu.br\/ppgbbio\/wp-json\/wp\/v2\/pages\/5950\/revisions\/6196"}],"wp:attachment":[{"href":"https:\/\/wp.ufpel.edu.br\/ppgbbio\/wp-json\/wp\/v2\/media?parent=5950"}],"curies":[{"name":"wp","href":"https:\/\/api.w.org\/{rel}","templated":true}]}}