{"id":5865,"date":"2025-04-11T13:03:26","date_gmt":"2025-04-11T16:03:26","guid":{"rendered":"https:\/\/wp.ufpel.edu.br\/ppgbbio\/?page_id=5865"},"modified":"2025-04-14T12:37:52","modified_gmt":"2025-04-14T15:37:52","slug":"edital-no-03-2025-edital-de-selecao-de-bolsista-pipd-capes","status":"publish","type":"page","link":"https:\/\/wp.ufpel.edu.br\/ppgbbio\/edital-no-03-2025-edital-de-selecao-de-bolsista-pipd-capes\/","title":{"rendered":"EDITAL N\u00ba 03\/2025 EDITAL DE SELE\u00c7\u00c3O DE BOLSISTA \u2013 PIPD\/CAPES"},"content":{"rendered":"<p><a href=\"https:\/\/wp.ufpel.edu.br\/ppgbbio\/files\/2025\/04\/EDITAL-No-03-2025.pdf\">EDITAL N\u00ba 03 2025\u00a0<\/a><\/p>\n<p><strong>Homologa\u00e7\u00e3o das inscri\u00e7\u00f5es<\/strong><\/p>\n<p><strong>Homologadas:<\/strong><\/p>\n<p>Mauro Eug\u00eanio Medina Nunes<\/p>\n<p>Pricila Nass Pinheiro<\/p>\n<p>&nbsp;<\/p>\n<p><strong>N\u00e3o Homologada:<\/strong><\/p>\n<p>Eliana Jardim Fernandes (inscri\u00e7\u00e3o fora do prazo)<\/p>\n<p>&nbsp;<\/p>\n<p><strong>\u00a0<\/strong><\/p>\n<p><strong>Resultado<\/strong><\/p>\n<p><strong>Candidata aprovada:<\/strong><\/p>\n<p>Pricila Nass Pinheiro<\/p>\n<p><strong>\u00a0<\/strong><\/p>\n","protected":false},"excerpt":{"rendered":"<p>EDITAL N\u00ba 03 2025\u00a0 Homologa\u00e7\u00e3o das inscri\u00e7\u00f5es Homologadas: Mauro Eug\u00eanio Medina Nunes Pricila Nass Pinheiro &nbsp; N\u00e3o Homologada: Eliana Jardim Fernandes (inscri\u00e7\u00e3o fora do prazo) &nbsp; \u00a0 Resultado Candidata aprovada: Pricila Nass Pinheiro \u00a0<\/p>\n","protected":false},"author":131,"featured_media":0,"parent":0,"menu_order":0,"comment_status":"closed","ping_status":"closed","template":"","meta":{"footnotes":""},"class_list":["post-5865","page","type-page","status-publish","hentry"],"_links":{"self":[{"href":"https:\/\/wp.ufpel.edu.br\/ppgbbio\/wp-json\/wp\/v2\/pages\/5865","targetHints":{"allow":["GET"]}}],"collection":[{"href":"https:\/\/wp.ufpel.edu.br\/ppgbbio\/wp-json\/wp\/v2\/pages"}],"about":[{"href":"https:\/\/wp.ufpel.edu.br\/ppgbbio\/wp-json\/wp\/v2\/types\/page"}],"author":[{"embeddable":true,"href":"https:\/\/wp.ufpel.edu.br\/ppgbbio\/wp-json\/wp\/v2\/users\/131"}],"replies":[{"embeddable":true,"href":"https:\/\/wp.ufpel.edu.br\/ppgbbio\/wp-json\/wp\/v2\/comments?post=5865"}],"version-history":[{"count":4,"href":"https:\/\/wp.ufpel.edu.br\/ppgbbio\/wp-json\/wp\/v2\/pages\/5865\/revisions"}],"predecessor-version":[{"id":5872,"href":"https:\/\/wp.ufpel.edu.br\/ppgbbio\/wp-json\/wp\/v2\/pages\/5865\/revisions\/5872"}],"wp:attachment":[{"href":"https:\/\/wp.ufpel.edu.br\/ppgbbio\/wp-json\/wp\/v2\/media?parent=5865"}],"curies":[{"name":"wp","href":"https:\/\/api.w.org\/{rel}","templated":true}]}}