{"id":5740,"date":"2025-03-26T14:47:48","date_gmt":"2025-03-26T17:47:48","guid":{"rendered":"https:\/\/wp.ufpel.edu.br\/ppgbbio\/?page_id=5740"},"modified":"2025-05-18T18:47:50","modified_gmt":"2025-05-18T21:47:50","slug":"doutorado-sanduiche","status":"publish","type":"page","link":"https:\/\/wp.ufpel.edu.br\/ppgbbio\/doutorado-sanduiche\/","title":{"rendered":"Doutorado sandu\u00edche"},"content":{"rendered":"<p><strong><span style=\"color: #0000ff;\">Universidade Miguel Hern\u00e1ndez de Elche (Espanha) &#8211; 2024\/2025<\/span><\/strong><\/p>\n<p><span style=\"font-weight: 400; color: #000000;\">A doutoranda Ketlyn da Motta, orientada pela professora Ethel Wilhelm, realizou doutorado sandu\u00edche por um per\u00edodo de 06 meses (novembro de 2024 at\u00e9 abril de 2025) na Uiversidade Miguel Hern\u00e1ndez de Elche (Espanha) por meio do Programa Institucional de doutorado sandu\u00edche no exterior <\/span><span style=\"color: var(--cor-texto); font-family: var(--fonte-corpo);\">(PDSE)\/CAPES.<\/span><span style=\"color: var(--cor-texto); font-family: var(--fonte-corpo);\"> As atividades foram desenvolvidas no laborat\u00f3rio <\/span><i><span style=\"font-weight: 400;\">Sensory transduction and nociception group,<\/span><\/i><span style=\"font-weight: 400;\"> sob supervis\u00e3o da coorientadora estrangeira, Dra. Elvira de la Pe\u00f1a Garc\u00eda.\u00a0<\/span><\/p>\n<p><span style=\"color: #0000ff;\"><strong>Universidade de Lisboa (Portugal) &#8211; 2023\/2024<\/strong><\/span><\/p>\n<p><span style=\"font-weight: 400;\">O doutorando Fernando Lopez, orientado pela professora Roselia Spanevello, realizou\u00a0 doutorado sandu\u00edche por um per\u00edodo de 12 meses (abril 2023 at\u00e9 mar\u00e7o de 2024) na Universidade de Lisboa (Portugal), por meio do programa CAPES\/PrInt\/UFPel. As atividades foram desenvolvidas no l<\/span><span style=\"font-weight: 400;\">aborat\u00f3rio <\/span><i><span style=\"font-weight: 400;\">Neurobiology of Inflammation and Neurodegeneration, <\/span><\/i><span style=\"font-weight: 400;\">sob supervis\u00e3o da coorientadora estrangeira, Dra. Claudia de Castro.<\/span><\/p>\n<p><strong><span style=\"color: #0000ff;\">Universidade do Texas (EUA) &#8211; 2023\/2024<\/span><\/strong><\/p>\n<p>A doutoranda Jaini Paltian, orientada pela professora Ethel Wilhelm, realizou doutorado sandu\u00edche por um per\u00edodo de 12 meses (de abril 2023 at\u00e9 mar\u00e7o de 2024) na Universidade do Texas (EUA), <span style=\"font-weight: 400;\">por meio do programa CAPES\/PrInt\/UFPel. As atividades foram desenvolvidas no <\/span><span style=\"color: var(--cor-texto); font-family: var(--fonte-corpo);\">laborat\u00f3rio <\/span><i style=\"color: var(--cor-texto); font-family: var(--fonte-corpo);\">Pain Stress Lab\u00a0<\/i><span style=\"color: var(--cor-texto); font-family: var(--fonte-corpo);\">sob supervis\u00e3o\u00a0<\/span>d<span style=\"color: var(--cor-texto); font-family: var(--fonte-corpo);\">o coorientador estrangeiro, Dr. Benedict James Kolber.<\/span><\/p>\n<p><span style=\"color: #0000ff;\"><strong>Universidade de Coimbra (Portugal) &#8211; 2023\/2024<\/strong><\/span><\/p>\n<p>A doutoranda Karline Rodrigues, orientada pela professora Cristiane Luchese, realizou doutorado sandu\u00edche por um per\u00edodo de 12 meses (de abril 2023 at\u00e9 mar\u00e7o de 2024) na Universidade de Coimbra (Portugal), <span style=\"font-weight: 400;\">por meio do programa CAPES\/PrInt\/UFPel. As atividades foram desenvolvidas<\/span><span style=\"font-weight: 400;\">\u00a0no laborat\u00f3rio <\/span><i><span style=\"font-weight: 400;\">MitoXT &#8211; Mitochondrial Toxicology and Experimental Therapeutics, <\/span><\/i><span style=\"font-weight: 400;\">sob supervis\u00e3o do coorientador estrangeiro, Dr. Paulo Oliveira.\u00a0<\/span><\/p>\n<p><strong><span style=\"color: #0000ff;\">Universidade de Michigan (EUA) &#8211; 2023<\/span><\/strong><\/p>\n<p>A doutoranda Morgana Azevedo, orientada pelo professor Rafael Lund, realizou doutorado sandu\u00edche por um per\u00edodo de seis meses (mar\u00e7o a agosto de 2023) na Universidade de Michigan (EUA), por meio do programa CAPES\/PrInt\/UFPel. As atividades foram desenvolvidas no <em>Bottino Lab (Regenerative Dentistry),<\/em> sob supervis\u00e3o do coorientador estrangeiro, Dr. Marco Bottino.<\/p>\n<p><span style=\"color: #0000ff;\"><strong>Universidade de Poitiers (Fran\u00e7a) &#8211; 2023<\/strong><\/span><\/p>\n<p><span style=\"font-weight: 400;\">A doutoranda Milena Mattes Cerveira, orientada pelo professor Rodrigo Vaucher,\u00a0<\/span><span style=\"font-weight: 400;\">realizou doutorado sandu\u00edche por um per\u00edodo de oito meses (maio a dezembro de 2023) na <\/span><span style=\"font-weight: 400;\">Universidade de Poitiers<\/span><span style=\"font-weight: 400;\">, na Fran\u00e7a, com bolsa do programa CAPES\/COFECUB. As atividades foram desenvolvidas no <\/span><span style=\"font-weight: 400;\">laborat\u00f3rio <\/span><i><span style=\"font-weight: 400;\">Du Site Actif au Mat\u00e9riau Catalytique<\/span><\/i><span style=\"font-weight: 400;\">, sob a supervis\u00e3o da coorientadora estranegira, Dra. Catherine Especel.\u00a0<\/span><\/p>\n","protected":false},"excerpt":{"rendered":"<p>Universidade Miguel Hern\u00e1ndez de Elche (Espanha) &#8211; 2024\/2025 A doutoranda Ketlyn da Motta, orientada pela professora Ethel Wilhelm, realizou doutorado sandu\u00edche por um per\u00edodo de 06 meses (novembro de 2024 at\u00e9 abril de 2025) na Uiversidade Miguel Hern\u00e1ndez de Elche (Espanha) por meio do Programa Institucional de doutorado sandu\u00edche no exterior (PDSE)\/CAPES. As atividades foram [&hellip;]<\/p>\n","protected":false},"author":131,"featured_media":0,"parent":0,"menu_order":0,"comment_status":"closed","ping_status":"closed","template":"","meta":{"footnotes":""},"class_list":["post-5740","page","type-page","status-publish","hentry"],"_links":{"self":[{"href":"https:\/\/wp.ufpel.edu.br\/ppgbbio\/wp-json\/wp\/v2\/pages\/5740","targetHints":{"allow":["GET"]}}],"collection":[{"href":"https:\/\/wp.ufpel.edu.br\/ppgbbio\/wp-json\/wp\/v2\/pages"}],"about":[{"href":"https:\/\/wp.ufpel.edu.br\/ppgbbio\/wp-json\/wp\/v2\/types\/page"}],"author":[{"embeddable":true,"href":"https:\/\/wp.ufpel.edu.br\/ppgbbio\/wp-json\/wp\/v2\/users\/131"}],"replies":[{"embeddable":true,"href":"https:\/\/wp.ufpel.edu.br\/ppgbbio\/wp-json\/wp\/v2\/comments?post=5740"}],"version-history":[{"count":10,"href":"https:\/\/wp.ufpel.edu.br\/ppgbbio\/wp-json\/wp\/v2\/pages\/5740\/revisions"}],"predecessor-version":[{"id":5955,"href":"https:\/\/wp.ufpel.edu.br\/ppgbbio\/wp-json\/wp\/v2\/pages\/5740\/revisions\/5955"}],"wp:attachment":[{"href":"https:\/\/wp.ufpel.edu.br\/ppgbbio\/wp-json\/wp\/v2\/media?parent=5740"}],"curies":[{"name":"wp","href":"https:\/\/api.w.org\/{rel}","templated":true}]}}