{"id":5735,"date":"2025-03-26T14:40:57","date_gmt":"2025-03-26T17:40:57","guid":{"rendered":"https:\/\/wp.ufpel.edu.br\/ppgbbio\/?page_id=5735"},"modified":"2025-05-18T18:44:30","modified_gmt":"2025-05-18T21:44:30","slug":"missoes-de-trabalho","status":"publish","type":"page","link":"https:\/\/wp.ufpel.edu.br\/ppgbbio\/missoes-de-trabalho\/","title":{"rendered":"Miss\u00f5es de trabalho"},"content":{"rendered":"<p><strong><span style=\"font-size: 14pt; color: #0000ff;\">China &#8211; 2025<\/span><\/strong><\/p>\n<p>Entre os dias 5 e 15 de maio de 2025, a professora M\u00e1rcia Mesko realizou uma visita t\u00e9cnico-cient\u00edfica na Shantou University, na cidade de Shantou, China, onde tamb\u00e9m ministrou a palestra intitulada <em data-start=\"300\" data-end=\"408\">&#8220;Preparation Strategies for Determination of Non-metals and Their Species by Mass Spectrometry Techniques&#8221;<\/em>. A apresenta\u00e7\u00e3o abordou os trabalhos mais recentes desenvolvidos por seu grupo de pesquisa na Universidade Federal de Pelotas (UFPel). Durante o per\u00edodo, a professora M\u00e1rcia tamb\u00e9m participou do <em data-start=\"605\" data-end=\"666\">Symposium of Sonochemistry and Colloid Materials (SSCM2025)<\/em>, realizado na Shandong University, onde proferiu a palestra <em data-start=\"727\" data-end=\"857\">&#8220;Ultrasound-assisted Strategies for Sustainable Production of Value-added Compounds and Enhancing Properties of Germinated Rice&#8221;<\/em>. Esta foi a terceira vez que a professora M\u00e1rcia esteve na China, fortalecendo e ampliando as colabora\u00e7\u00f5es internacionais e divulgando os avan\u00e7os cient\u00edficos obtidos em suas pesquisas na UFPel.<\/p>\n<p><strong><span style=\"font-size: 14pt; color: #0000ff;\">\u00c1ustria e Portugal &#8211; 2024<\/span><\/strong><\/p>\n<p>Em outubro de 2024, as professoras Cristiani Folharini Bortolatto, Ethel Antunes Wilhelm, M\u00e1rcia Foster Mesko e Roselia Maria Spanevello realizaram miss\u00f5es de trabalho na \u00c1ustria e em Portugal atrav\u00e9s do Programa CAPES\/PrInt-UFPel. Estas miss\u00f5es inclu\u00edram palestras, reuni\u00f5es e visitas t\u00e9cnicas guiadas, tendo por objetivo estreitar as rela\u00e7\u00f5es com os grupos de pesquisa coordenados pelos pesquisadores \u00a0Dr<sup>a<\/sup>. Cl\u00e1udia Valente e Dr<sup>a<\/sup>. Ana Sebasti\u00e3o (Institute of Molecular Medicine, University of Lisbon) e Dr. Manuel A. Coimbra (Department of Chemistry, University of Aveiro) em Portugal bem como com o Dr. Helmar Wiltscher (Institute of Analytical Chemistry and Food Chemistry, Graz University of Technology), Dr. J\u00f6rg Feldmann (TESLA \u2013 Analytical Chemistry, University of Graz) e Dr. Thomas Probaska (Institute of Analytical Chemistry, Montanuniversit\u00e4t Leoben) na \u00c1ustria, possibilitando a amplia\u00e7\u00e3o de redes de pesquisas internacionais, troca de conhecimentos e experi\u00eancias bem como visando o aprimoramento da qualidade da produ\u00e7\u00e3o acad\u00eamica e perspectivas de mobilidade acad\u00eamica.<\/p>\n<p><span style=\"color: #0000ff;\"><strong><span style=\"font-size: 14pt;\">Fran\u00e7a &#8211; 2023<\/span><\/strong><\/span><\/p>\n<p>O professor Cl\u00e1udio Pereira realizou uma miss\u00e3o de trabalho na\u00a0Universidade de Poitiers, na Fran\u00e7a, pelo CAPES-COFECUB, em junho de 2023. Durante a miss\u00e3o, foram conduzidas visitas t\u00e9cnicas, apresenta\u00e7\u00e3o de resultados e discuss\u00f5es cient\u00edficas no Instituto de Qu\u00edmica de Poitiers junto ao grupo de pesquisa coordenado pela Dra. Catherine Especel.<\/p>\n<p><span style=\"color: #0000ff;\"><strong><span style=\"font-size: 14pt;\">Estados Unidos &#8211; 2023<\/span><\/strong><\/span><\/p>\n<p><span style=\"font-weight: 400;\">O professor Vinicius Campos realizou uma miss\u00e3o de trabalho<\/span><span style=\"font-weight: 400;\"> na Universidade da Calif\u00f3rnia Davis (UCD) e na Universidade de Los Angeles (UCLA) nos Estados Unidos em setembro de 2023 atrav\u00e9s do Programa CAPES\/PrInt-UFPel.<\/span><span style=\"font-weight: 400;\"> Na UCD foram realizadas atividades nos campi de Davis e Sacramento. Em Sacramento, al\u00e9m de reuni\u00f5es com o professor Ai Ming Yu, o professor Vinicius proferiu palestra sobre as tecnologias baseadas em microRNAs. No campus de Davis, foram realizadas reuni\u00f5es com as professoras Andrea Schreier e Melinda Baerwald sobre a utiliza\u00e7\u00e3o de t\u00e9cnicas de edi\u00e7\u00e3o de genomas para a identifica\u00e7\u00e3o de esp\u00e9cies aqu\u00e1ticas. Na cidade de Los Angeles foram realizadas reuni\u00f5es com o professor Paul Barber visando a utiliza\u00e7\u00e3o de DNA ambiental para a identifica\u00e7\u00e3o de esp\u00e9cies.\u00a0<\/span><\/p>\n<p><span style=\"color: #0000ff; font-size: 14pt;\"><strong>Estados Unidos &#8211; 2022<\/strong><\/span><\/p>\n<p><span style=\"font-weight: 400;\">O professor Augusto Schneider realizou miss\u00e3o de trabalho na Universidade da Fl\u00f3rida Central em junho de 2022. Durante a miss\u00e3o, foram estabelecidas metas de colabora\u00e7\u00e3o com o pesquisador Dr. Michal Masternak, incluindo discuss\u00e3o de dados e elabora\u00e7\u00e3o de projeto a ser submetido \u00e0 ag\u00eancia de fomento do governo americano.<\/span><\/p>\n<p><strong><span style=\"font-size: 14pt; color: #0000ff;\">Dinamarca &#8211; 2022<\/span><\/strong><\/p>\n<p><span style=\"font-weight: 400;\">O professor C\u00e9sar Bruning realizou uma miss\u00e3o na Universidade de Copenhagen, na Dinamarca, pelo CAPES PrInt\/UFPel em setembro de 2022. Durante a miss\u00e3o, foi realizada uma visita t\u00e9cnica ao laborat\u00f3rio do professor Michael Davies, cientista renomado na \u00e1rea de estresse oxidativo. Essa miss\u00e3o foi fundamental para o aprimoramento dos estudos conduzidos no PPGBBio sobre o tema, fortalecendo a colabora\u00e7\u00e3o internacional e ampliando as oportunidades de mobilidade acad\u00eamica para os discentes do programa.<\/span><\/p>\n<p><strong><span style=\"font-size: 14pt; color: #0000ff;\">M\u00e9xico &#8211; 2021<\/span><\/strong><\/p>\n<p><span style=\"font-weight: 400;\">O professor Rafael Lund realizou uma miss\u00e3o de trabalho pelo CAPES PrInt\/UFPel em novembro de 2021, na <\/span><i><span style=\"font-weight: 400;\">Universidad Aut\u00f3noma del Estado de Hidalgo<\/span><\/i><span style=\"font-weight: 400;\"> (UAEH), no M\u00e9xico. Durante a miss\u00e3o, foram estabelecidas parcerias com os doutores Carlos Enrique Su\u00e1rez (\u00e1rea de odontologia) e Javier Castro Rosas (\u00e1rea de qu\u00edmica), ambos pesquisadores da UAEH em Pachuca. A miss\u00e3o possibilitou a amplia\u00e7\u00e3o de colabora\u00e7\u00f5es com outros pesquisadores, como o professor Javier Piloni Martini (\u00e1rea da medicina veterin\u00e1ria), do campus da UAEH em Tulancingo. Al\u00e9m disso, a miss\u00e3o incluiu uma visita t\u00e9cnica \u00e0 <\/span><i><span style=\"font-weight: 400;\">Universidad Polit\u00e9cnica de Pachuca<\/span><\/i><span style=\"font-weight: 400;\"> (UPP), onde foi firmado o compromisso de conv\u00eanio entre a UFPel e a UPP.<\/span><\/p>\n<p><span style=\"font-weight: 400;\">https:\/\/wp.ufpel.edu.br\/print\/2021\/11\/26\/professores-do-projeto-nanomed-realizam-missao-academica-no-mexico\/<\/span><\/p>\n<p><strong><span style=\"font-size: 14pt; color: #0000ff;\">Fran\u00e7a &#8211; 2021<\/span><\/strong><\/p>\n<p><span style=\"font-weight: 400;\">As professoras Ethel Antunes Wilhelm e M\u00e1rcia Foster Mesko realizaram uma miss\u00e3o de trabalho pelo CAPES PrInt\/UFPel em dezembro de 2021 na Universidade de Pau, na Fran\u00e7a. Durante a miss\u00e3o, realizaram visitas t\u00e9cnicas no grupo de pesquisa do <\/span><i><span style=\"font-weight: 400;\">Institute of Analytical Sciences and Physico-Chemistry for Environment and Materials<\/span><\/i><span style=\"font-weight: 400;\"> (IPREM), coordenado pelos pesquisadores Joanna Szpunar e Ryszard Lobinski. Essa miss\u00e3o fortaleceu a coopera\u00e7\u00e3o cient\u00edfica entre as institui\u00e7\u00f5es, possibilitando a troca de conhecimentos e experi\u00eancias em an\u00e1lises qu\u00edmicas avan\u00e7adas. Al\u00e9m disso, a intera\u00e7\u00e3o com o grupo de pesquisa do IPREM contribuiu para o desenvolvimento de novas abordagens metodol\u00f3gicas, novos projetos em conjunto e oportunidades de mobilidade acad\u00eamica para docentes e discentes do PPGBBio.<\/span><\/p>\n","protected":false},"excerpt":{"rendered":"<p>China &#8211; 2025 Entre os dias 5 e 15 de maio de 2025, a professora M\u00e1rcia Mesko realizou uma visita t\u00e9cnico-cient\u00edfica na Shantou University, na cidade de Shantou, China, onde tamb\u00e9m ministrou a palestra intitulada &#8220;Preparation Strategies for Determination of Non-metals and Their Species by Mass Spectrometry Techniques&#8221;. A apresenta\u00e7\u00e3o abordou os trabalhos mais recentes [&hellip;]<\/p>\n","protected":false},"author":131,"featured_media":0,"parent":0,"menu_order":0,"comment_status":"closed","ping_status":"closed","template":"","meta":{"footnotes":""},"class_list":["post-5735","page","type-page","status-publish","hentry"],"_links":{"self":[{"href":"https:\/\/wp.ufpel.edu.br\/ppgbbio\/wp-json\/wp\/v2\/pages\/5735","targetHints":{"allow":["GET"]}}],"collection":[{"href":"https:\/\/wp.ufpel.edu.br\/ppgbbio\/wp-json\/wp\/v2\/pages"}],"about":[{"href":"https:\/\/wp.ufpel.edu.br\/ppgbbio\/wp-json\/wp\/v2\/types\/page"}],"author":[{"embeddable":true,"href":"https:\/\/wp.ufpel.edu.br\/ppgbbio\/wp-json\/wp\/v2\/users\/131"}],"replies":[{"embeddable":true,"href":"https:\/\/wp.ufpel.edu.br\/ppgbbio\/wp-json\/wp\/v2\/comments?post=5735"}],"version-history":[{"count":16,"href":"https:\/\/wp.ufpel.edu.br\/ppgbbio\/wp-json\/wp\/v2\/pages\/5735\/revisions"}],"predecessor-version":[{"id":5954,"href":"https:\/\/wp.ufpel.edu.br\/ppgbbio\/wp-json\/wp\/v2\/pages\/5735\/revisions\/5954"}],"wp:attachment":[{"href":"https:\/\/wp.ufpel.edu.br\/ppgbbio\/wp-json\/wp\/v2\/media?parent=5735"}],"curies":[{"name":"wp","href":"https:\/\/api.w.org\/{rel}","templated":true}]}}