{"id":5704,"date":"2025-02-28T15:36:03","date_gmt":"2025-02-28T18:36:03","guid":{"rendered":"https:\/\/wp.ufpel.edu.br\/ppgbbio\/?page_id=5704"},"modified":"2025-03-12T11:50:11","modified_gmt":"2025-03-12T14:50:11","slug":"novo-edital-de-selecao-de-bolsista-de-pos-doutorado-pipd","status":"publish","type":"page","link":"https:\/\/wp.ufpel.edu.br\/ppgbbio\/novo-edital-de-selecao-de-bolsista-de-pos-doutorado-pipd\/","title":{"rendered":"NOVO Edital de Sele\u00e7\u00e3o de Bolsista de P\u00f3s-doutorado (PIPD)"},"content":{"rendered":"<p><a href=\"https:\/\/wp.ufpel.edu.br\/ppgbbio\/files\/2025\/02\/Edital-pos-doutorado.pdf\">Edital PIPD_2025<\/a><\/p>\n<p><a href=\"https:\/\/wp.ufpel.edu.br\/ppgbbio\/files\/2025\/02\/Anexo_I.pdf\">Anexo_I<\/a><\/p>\n<div dir=\"ltr\">Inscri\u00e7\u00e3o homologada:<\/div>\n<div dir=\"ltr\">Kamila Furtado<\/div>\n<div dir=\"ltr\"><\/div>\n<div dir=\"ltr\">Classifica\u00e7\u00e3o:<\/div>\n<div dir=\"ltr\">N\u00e3o houve candidato classificado.<\/div>\n<div dir=\"ltr\"><\/div>\n<p>&nbsp;<\/p>\n","protected":false},"excerpt":{"rendered":"<p>Edital PIPD_2025 Anexo_I Inscri\u00e7\u00e3o homologada: Kamila Furtado Classifica\u00e7\u00e3o: N\u00e3o houve candidato classificado. &nbsp;<\/p>\n","protected":false},"author":131,"featured_media":0,"parent":0,"menu_order":0,"comment_status":"closed","ping_status":"closed","template":"","meta":{"footnotes":""},"class_list":["post-5704","page","type-page","status-publish","hentry"],"_links":{"self":[{"href":"https:\/\/wp.ufpel.edu.br\/ppgbbio\/wp-json\/wp\/v2\/pages\/5704","targetHints":{"allow":["GET"]}}],"collection":[{"href":"https:\/\/wp.ufpel.edu.br\/ppgbbio\/wp-json\/wp\/v2\/pages"}],"about":[{"href":"https:\/\/wp.ufpel.edu.br\/ppgbbio\/wp-json\/wp\/v2\/types\/page"}],"author":[{"embeddable":true,"href":"https:\/\/wp.ufpel.edu.br\/ppgbbio\/wp-json\/wp\/v2\/users\/131"}],"replies":[{"embeddable":true,"href":"https:\/\/wp.ufpel.edu.br\/ppgbbio\/wp-json\/wp\/v2\/comments?post=5704"}],"version-history":[{"count":4,"href":"https:\/\/wp.ufpel.edu.br\/ppgbbio\/wp-json\/wp\/v2\/pages\/5704\/revisions"}],"predecessor-version":[{"id":5720,"href":"https:\/\/wp.ufpel.edu.br\/ppgbbio\/wp-json\/wp\/v2\/pages\/5704\/revisions\/5720"}],"wp:attachment":[{"href":"https:\/\/wp.ufpel.edu.br\/ppgbbio\/wp-json\/wp\/v2\/media?parent=5704"}],"curies":[{"name":"wp","href":"https:\/\/api.w.org\/{rel}","templated":true}]}}