{"id":5537,"date":"2024-11-23T12:17:57","date_gmt":"2024-11-23T15:17:57","guid":{"rendered":"https:\/\/wp.ufpel.edu.br\/ppgbbio\/?page_id=5537"},"modified":"2024-12-05T18:46:41","modified_gmt":"2024-12-05T21:46:41","slug":"selecao-bolsista-de-pos-doutorado-pipd","status":"publish","type":"page","link":"https:\/\/wp.ufpel.edu.br\/ppgbbio\/selecao-bolsista-de-pos-doutorado-pipd\/","title":{"rendered":"Sele\u00e7\u00e3o bolsista de P\u00f3s-doutorado (PIPD)"},"content":{"rendered":"<p><a href=\"https:\/\/wp.ufpel.edu.br\/ppgbbio\/files\/2024\/11\/Edital-Pos-doutorado-PIPD-PPGBBio.pdf\">Edital P\u00f3s-doutorado (PIPD) &#8211; PPGBBio<\/a><!--more--><\/p>\n<p><a href=\"https:\/\/wp.ufpel.edu.br\/ppgbbio\/files\/2024\/11\/ANEXO_planilha-de-titulos-para-avaliacao-do-curriculo-lattes-2024.pdf\">ANEXO_planilha-de-titulos-para-avaliacao-do-curriculo-lattes-2024<\/a><\/p>\n<p><span style=\"background-color: #ccffff;\">Inscri\u00e7\u00f5es Homologadas &#8211; Edital PIPD:<\/span><\/p>\n<p><span style=\"font-size: 12pt;\">Fernanda Pitt Balbinot<\/span><\/p>\n<p><span style=\"font-size: 12pt;\">Filipe Soares Rondan<\/span><\/p>\n<p><span style=\"font-size: 12pt;\">Gabriel Toneto Druzian<\/span><\/p>\n<p><span style=\"font-size: 12pt;\">Mariele Samuel do Nascimento<\/span><\/p>\n<p><strong><span style=\"background-color: #00ff00;\">Resultado final &#8211; Edital PIPD:<\/span><\/strong><\/p>\n<p>1\u00b0) Filipe Soares Rondan<\/p>\n<p>2\u00b0) Gabriel Toneto Druzian<\/p>\n<p>3\u00b0) Fernanda Pitt Balbinot<\/p>\n<p>4\u00b0)\u00a0Mariele Samuel do\u00a0Nascimento<\/p>\n","protected":false},"excerpt":{"rendered":"<p>Edital P\u00f3s-doutorado (PIPD) &#8211; PPGBBio<\/p>\n","protected":false},"author":131,"featured_media":0,"parent":0,"menu_order":0,"comment_status":"closed","ping_status":"closed","template":"","meta":{"footnotes":""},"class_list":["post-5537","page","type-page","status-publish","hentry"],"_links":{"self":[{"href":"https:\/\/wp.ufpel.edu.br\/ppgbbio\/wp-json\/wp\/v2\/pages\/5537","targetHints":{"allow":["GET"]}}],"collection":[{"href":"https:\/\/wp.ufpel.edu.br\/ppgbbio\/wp-json\/wp\/v2\/pages"}],"about":[{"href":"https:\/\/wp.ufpel.edu.br\/ppgbbio\/wp-json\/wp\/v2\/types\/page"}],"author":[{"embeddable":true,"href":"https:\/\/wp.ufpel.edu.br\/ppgbbio\/wp-json\/wp\/v2\/users\/131"}],"replies":[{"embeddable":true,"href":"https:\/\/wp.ufpel.edu.br\/ppgbbio\/wp-json\/wp\/v2\/comments?post=5537"}],"version-history":[{"count":5,"href":"https:\/\/wp.ufpel.edu.br\/ppgbbio\/wp-json\/wp\/v2\/pages\/5537\/revisions"}],"predecessor-version":[{"id":5577,"href":"https:\/\/wp.ufpel.edu.br\/ppgbbio\/wp-json\/wp\/v2\/pages\/5537\/revisions\/5577"}],"wp:attachment":[{"href":"https:\/\/wp.ufpel.edu.br\/ppgbbio\/wp-json\/wp\/v2\/media?parent=5537"}],"curies":[{"name":"wp","href":"https:\/\/api.w.org\/{rel}","templated":true}]}}