{"id":5039,"date":"2023-02-24T15:01:38","date_gmt":"2023-02-24T18:01:38","guid":{"rendered":"https:\/\/wp.ufpel.edu.br\/ppgbbio\/?page_id=5039"},"modified":"2024-04-10T16:23:58","modified_gmt":"2024-04-10T19:23:58","slug":"selecao-edital-carrefour-ppgbbio","status":"publish","type":"page","link":"https:\/\/wp.ufpel.edu.br\/ppgbbio\/selecao-edital-carrefour-ppgbbio\/","title":{"rendered":"Sele\u00e7\u00e3o Edital Carrefour PPGBBio"},"content":{"rendered":"<p>O Programa de P\u00f3s-Gradua\u00e7\u00e3o em Bioqu\u00edmica e Bioprospec\u00e7\u00e3o divulga o edital de sele\u00e7\u00e3o para bolsas de mestrado do Programa de Bolsas Carrefour. <span style=\"background-color: #008000; color: #ccffcc;\">Atualizado em 10.04.2024<\/span><\/p>\n<p><a href=\"https:\/\/wp.ufpel.edu.br\/ppgbbio\/files\/2024\/04\/Edital-CARREFOUR-2024_1-mestrado-1.pdf\">Edital CARREFOUR 2024_1 mestrado<\/a><\/p>\n<p>&#8212;&#8212;&#8212;&#8212;&#8212;&#8212;&#8212;&#8212;&#8212;&#8212;&#8212;&#8212;&#8212;&#8212;&#8212;&#8212;&#8212;&#8212;&#8212;&#8212;&#8211;<\/p>\n<p>O Programa de P\u00f3s-Gradua\u00e7\u00e3o em Bioqu\u00edmica e Bioprospec\u00e7\u00e3o divulga o resultado do edital interno de sele\u00e7\u00e3o para bolsas Carrefour. Atualizado em 01.03.2023<\/p>\n<p><a href=\"https:\/\/wp.ufpel.edu.br\/ppgbbio\/files\/2023\/03\/Resultado-Edital-Carrefour-PPGBBio.pdf\">Resultado Edital Carrefour PPGBBio<\/a><\/p>\n<p>&nbsp;<\/p>\n<p>O Programa de P\u00f3s-Gradua\u00e7\u00e3o em Bioqu\u00edmica e Bioprospec\u00e7\u00e3o divulga a homologa\u00e7\u00e3o do edital interno de sele\u00e7\u00e3o para bolsas Carrefour. Atualizado em 24.02.2023<\/p>\n<p><a href=\"https:\/\/wp.ufpel.edu.br\/ppgbbio\/files\/2023\/02\/Homologados-Edital-Carrefour-PPGBBio.pdf\">Homologados Edital Carrefour PPGBBio<\/a><\/p>\n<p>&nbsp;<\/p>\n<p>O Programa de P\u00f3s-Gradua\u00e7\u00e3o em Bioqu\u00edmica e Bioprospec\u00e7\u00e3o divulga o edital interno de sele\u00e7\u00e3o para bolsas Carrefour. Atualizado em 17.02.2023<\/p>\n<p><a href=\"https:\/\/wp.ufpel.edu.br\/ppgbbio\/files\/2023\/02\/Edital-CARREFOUR-Mestrado.pdf\">Edital CARREFOUR Mestrado<\/a><\/p>\n<p><a href=\"https:\/\/wp.ufpel.edu.br\/ppgbbio\/files\/2023\/02\/Edital-CARREFOUR-Doutorado.pdf\">Edital CARREFOUR Doutorado<\/a><\/p>\n","protected":false},"excerpt":{"rendered":"<p>O Programa de P\u00f3s-Gradua\u00e7\u00e3o em Bioqu\u00edmica e Bioprospec\u00e7\u00e3o divulga o edital de sele\u00e7\u00e3o para bolsas de mestrado do Programa de Bolsas Carrefour. Atualizado em 10.04.2024 Edital CARREFOUR 2024_1 mestrado &#8212;&#8212;&#8212;&#8212;&#8212;&#8212;&#8212;&#8212;&#8212;&#8212;&#8212;&#8212;&#8212;&#8212;&#8212;&#8212;&#8212;&#8212;&#8212;&#8212;&#8211; O Programa de P\u00f3s-Gradua\u00e7\u00e3o em Bioqu\u00edmica e Bioprospec\u00e7\u00e3o divulga o resultado do edital interno de sele\u00e7\u00e3o para bolsas Carrefour. Atualizado em 01.03.2023 Resultado Edital Carrefour [&hellip;]<\/p>\n","protected":false},"author":131,"featured_media":0,"parent":0,"menu_order":0,"comment_status":"closed","ping_status":"closed","template":"","meta":{"footnotes":""},"class_list":["post-5039","page","type-page","status-publish","hentry"],"_links":{"self":[{"href":"https:\/\/wp.ufpel.edu.br\/ppgbbio\/wp-json\/wp\/v2\/pages\/5039","targetHints":{"allow":["GET"]}}],"collection":[{"href":"https:\/\/wp.ufpel.edu.br\/ppgbbio\/wp-json\/wp\/v2\/pages"}],"about":[{"href":"https:\/\/wp.ufpel.edu.br\/ppgbbio\/wp-json\/wp\/v2\/types\/page"}],"author":[{"embeddable":true,"href":"https:\/\/wp.ufpel.edu.br\/ppgbbio\/wp-json\/wp\/v2\/users\/131"}],"replies":[{"embeddable":true,"href":"https:\/\/wp.ufpel.edu.br\/ppgbbio\/wp-json\/wp\/v2\/comments?post=5039"}],"version-history":[{"count":5,"href":"https:\/\/wp.ufpel.edu.br\/ppgbbio\/wp-json\/wp\/v2\/pages\/5039\/revisions"}],"predecessor-version":[{"id":5368,"href":"https:\/\/wp.ufpel.edu.br\/ppgbbio\/wp-json\/wp\/v2\/pages\/5039\/revisions\/5368"}],"wp:attachment":[{"href":"https:\/\/wp.ufpel.edu.br\/ppgbbio\/wp-json\/wp\/v2\/media?parent=5039"}],"curies":[{"name":"wp","href":"https:\/\/api.w.org\/{rel}","templated":true}]}}