{"id":4977,"date":"2022-12-01T11:18:41","date_gmt":"2022-12-01T14:18:41","guid":{"rendered":"https:\/\/wp.ufpel.edu.br\/ppgbbio\/?page_id=4977"},"modified":"2022-12-01T11:31:50","modified_gmt":"2022-12-01T14:31:50","slug":"selecao-para-professor-visitante","status":"publish","type":"page","link":"https:\/\/wp.ufpel.edu.br\/ppgbbio\/selecao-para-professor-visitante\/","title":{"rendered":"Sele\u00e7\u00e3o para professor visitante"},"content":{"rendered":"<p>O PPGBBio divulga abaixo o resultado da sele\u00e7\u00e3o para o EDITAL N\u00b0 147\/2022 \u2013 Sele\u00e7\u00e3o para Professor Visitante (02\/2022). Atualizado em 01.12.22.<\/p>\n<ul>\n<li>Jean Pierre Oses<\/li>\n<\/ul>\n<p><a href=\"https:\/\/wp.ufpel.edu.br\/ppgbbio\/files\/2022\/12\/Resultado-final-para-selecao-de-professor-visitante-2022-2.pdf\">Resultado final para sele\u00e7\u00e3o de professor visitante 2022-2<\/a><\/p>\n<p>&nbsp;<\/p>\n<p><a href=\"https:\/\/wp.ufpel.edu.br\/ppgbbio\/files\/2022\/11\/Retificacao-EDITAL-prof-Visitante.pdf\">Retifica\u00e7\u00e3o EDITAL prof Visitante<\/a><\/p>\n<p>O PPGBBio divulga abaixo a lista de homologados do EDITAL N\u00b0 147\/2022 \u2013 Sele\u00e7\u00e3o para Professor Visitante (02\/2022):<\/p>\n<ul>\n<li>Jean Pierre Oses<\/li>\n<li>Marcel Henrique Marcondes Sari<\/li>\n<\/ul>\n<p><a href=\"https:\/\/wp.ufpel.edu.br\/ppgbbio\/files\/2022\/11\/11_Banca-Examinadora-para-o-Processo-SeletivoProfVisitante.pdf\">11_Banca Examinadora para o Processo SeletivoProfVisitante<\/a><\/p>\n<p>O PPGBBio divulga abaixo a lista de inscritos no EDITAL N\u00b0 147\/2022 \u2013 Sele\u00e7\u00e3o para Professor Visitante (02\/2022):<\/p>\n<ul>\n<li>Jean Pierre Oses<\/li>\n<li>Marcel Henrique Marcondes\u00a0Sari<\/li>\n<li>Menandes Alves de Souza Neto<\/li>\n<\/ul>\n<p><a href=\"https:\/\/wp.ufpel.edu.br\/ppgbbio\/files\/2022\/08\/Edital_147_prof-Visitante.pdf\">Edital_147_prof Visitante<\/a><\/p>\n<p>&nbsp;<\/p>\n","protected":false},"excerpt":{"rendered":"<p>O PPGBBio divulga abaixo o resultado da sele\u00e7\u00e3o para o EDITAL N\u00b0 147\/2022 \u2013 Sele\u00e7\u00e3o para Professor Visitante (02\/2022). Atualizado em 01.12.22. Jean Pierre Oses Resultado final para sele\u00e7\u00e3o de professor visitante 2022-2 &nbsp; Retifica\u00e7\u00e3o EDITAL prof Visitante O PPGBBio divulga abaixo a lista de homologados do EDITAL N\u00b0 147\/2022 \u2013 Sele\u00e7\u00e3o para Professor Visitante [&hellip;]<\/p>\n","protected":false},"author":131,"featured_media":0,"parent":0,"menu_order":0,"comment_status":"closed","ping_status":"closed","template":"","meta":{"footnotes":""},"class_list":["post-4977","page","type-page","status-publish","hentry"],"_links":{"self":[{"href":"https:\/\/wp.ufpel.edu.br\/ppgbbio\/wp-json\/wp\/v2\/pages\/4977","targetHints":{"allow":["GET"]}}],"collection":[{"href":"https:\/\/wp.ufpel.edu.br\/ppgbbio\/wp-json\/wp\/v2\/pages"}],"about":[{"href":"https:\/\/wp.ufpel.edu.br\/ppgbbio\/wp-json\/wp\/v2\/types\/page"}],"author":[{"embeddable":true,"href":"https:\/\/wp.ufpel.edu.br\/ppgbbio\/wp-json\/wp\/v2\/users\/131"}],"replies":[{"embeddable":true,"href":"https:\/\/wp.ufpel.edu.br\/ppgbbio\/wp-json\/wp\/v2\/comments?post=4977"}],"version-history":[{"count":9,"href":"https:\/\/wp.ufpel.edu.br\/ppgbbio\/wp-json\/wp\/v2\/pages\/4977\/revisions"}],"predecessor-version":[{"id":4995,"href":"https:\/\/wp.ufpel.edu.br\/ppgbbio\/wp-json\/wp\/v2\/pages\/4977\/revisions\/4995"}],"wp:attachment":[{"href":"https:\/\/wp.ufpel.edu.br\/ppgbbio\/wp-json\/wp\/v2\/media?parent=4977"}],"curies":[{"name":"wp","href":"https:\/\/api.w.org\/{rel}","templated":true}]}}