{"id":4681,"date":"2021-10-29T16:05:47","date_gmt":"2021-10-29T19:05:47","guid":{"rendered":"https:\/\/wp.ufpel.edu.br\/ppgbbio\/?page_id=4681"},"modified":"2021-10-29T16:08:49","modified_gmt":"2021-10-29T19:08:49","slug":"proyectos-impulsados-%e2%80%8b%e2%80%8ben-el-cuatrienio-2021-2025","status":"publish","type":"page","link":"https:\/\/wp.ufpel.edu.br\/ppgbbio\/proyectos-impulsados-%e2%80%8b%e2%80%8ben-el-cuatrienio-2021-2025\/","title":{"rendered":"Proyectos impulsados \u200b\u200ben el cuatrienio 2021-2025"},"content":{"rendered":"<blockquote class=\"wp-embedded-content\" data-secret=\"wlKovmYKhs\"><p><a href=\"https:\/\/wp.ufpel.edu.br\/ppgbbio\/pt\/2021\/05\/15\/docentes-do-ppgbbio-contemplados-com-auxilio-recem-doutor-ard\/\">Docentes do PPGBBio contemplados com AUX\u00cdLIO REC\u00c9M-DOUTOR \u2013 ARD<\/a><\/p><\/blockquote>\n<p><iframe class=\"wp-embedded-content\" sandbox=\"allow-scripts\" security=\"restricted\" style=\"position: absolute; clip: rect(1px, 1px, 1px, 1px);\" title=\"\u00abDocentes do PPGBBio contemplados com AUX\u00cdLIO REC\u00c9M-DOUTOR \u2013 ARD\u00bb \u2014 Programa de P\u00f3s-Gradua\u00e7\u00e3o em Bioqu\u00edmica e Bioprospec\u00e7\u00e3o\" src=\"https:\/\/wp.ufpel.edu.br\/ppgbbio\/pt\/2021\/05\/15\/docentes-do-ppgbbio-contemplados-com-auxilio-recem-doutor-ard\/embed\/#?secret=MLrpGBYl8o#?secret=wlKovmYKhs\" data-secret=\"wlKovmYKhs\" width=\"500\" height=\"282\" frameborder=\"0\" marginwidth=\"0\" marginheight=\"0\" scrolling=\"no\"><\/iframe><\/p>\n","protected":false},"excerpt":{"rendered":"<p>Docentes do PPGBBio contemplados com AUX\u00cdLIO REC\u00c9M-DOUTOR \u2013 ARD<\/p>\n","protected":false},"author":131,"featured_media":0,"parent":0,"menu_order":0,"comment_status":"closed","ping_status":"closed","template":"","meta":{"footnotes":""},"class_list":["post-4681","page","type-page","status-publish","hentry"],"_links":{"self":[{"href":"https:\/\/wp.ufpel.edu.br\/ppgbbio\/wp-json\/wp\/v2\/pages\/4681","targetHints":{"allow":["GET"]}}],"collection":[{"href":"https:\/\/wp.ufpel.edu.br\/ppgbbio\/wp-json\/wp\/v2\/pages"}],"about":[{"href":"https:\/\/wp.ufpel.edu.br\/ppgbbio\/wp-json\/wp\/v2\/types\/page"}],"author":[{"embeddable":true,"href":"https:\/\/wp.ufpel.edu.br\/ppgbbio\/wp-json\/wp\/v2\/users\/131"}],"replies":[{"embeddable":true,"href":"https:\/\/wp.ufpel.edu.br\/ppgbbio\/wp-json\/wp\/v2\/comments?post=4681"}],"version-history":[{"count":2,"href":"https:\/\/wp.ufpel.edu.br\/ppgbbio\/wp-json\/wp\/v2\/pages\/4681\/revisions"}],"predecessor-version":[{"id":4685,"href":"https:\/\/wp.ufpel.edu.br\/ppgbbio\/wp-json\/wp\/v2\/pages\/4681\/revisions\/4685"}],"wp:attachment":[{"href":"https:\/\/wp.ufpel.edu.br\/ppgbbio\/wp-json\/wp\/v2\/media?parent=4681"}],"curies":[{"name":"wp","href":"https:\/\/api.w.org\/{rel}","templated":true}]}}