{"id":4607,"date":"2021-10-26T11:44:07","date_gmt":"2021-10-26T14:44:07","guid":{"rendered":"https:\/\/wp.ufpel.edu.br\/ppgbbio\/?page_id=4607"},"modified":"2025-04-07T12:02:37","modified_gmt":"2025-04-07T15:02:37","slug":"projetos-fomentados-no-quadrienio-2021-2025","status":"publish","type":"page","link":"https:\/\/wp.ufpel.edu.br\/ppgbbio\/projetos-fomentados-no-quadrienio-2021-2025\/","title":{"rendered":"Projetos fomentados no quadri\u00eanio 2021-2024"},"content":{"rendered":"<p><span style=\"color: #0000ff;\"><strong>Projetos aprovados em 2024:<\/strong><\/span><\/p>\n<p><span style=\"font-weight: 400;\">PROGRAMA FUTURAS CIENTISTAS-CETENE\/MCTI-CNPQ 2023. T\u00edtulo do projeto:\u00a0 Futuras Cientistas na UFPel: Prospectando Jovens Talentos para a Qu\u00edmica e para a Constru\u00e7\u00e3o de uma Sociedade Diversa e mais Sustent\u00e1vel. Coordenadora:\u00a0 Profa. Dra M\u00e1rcia Foster Mesko.<\/span><\/p>\n<p><span style=\"font-weight: 400;\">EDITAL APOIO A PROJETOS INTERNACIONAIS DE PESQUISA CIENT\u00cdFICA, TECNOL\u00d3GICA E DE INOVA\u00c7\u00c3O CNPq 2024 \u2013 T\u00edtulo do projeto: Esse \u00e9 Efeito da dieta e atividade f\u00edsica no envelhecimento ovariano de camundongos. Coordenador: Prof. Dr. Augusto Schneider.<\/span><\/p>\n<p><span style=\"font-weight: 400;\">EDITAL FAPERGS 07\/2023 AUX\u00cdLIO PARA ORGANIZA\u00c7\u00c3O DE EVENTOS &#8211; AOE. T\u00edtulo do projeto:\u00a0 III Workshop on Biochemistry and Bioprospecting. Coordenadora: Profa. Dra. Roselia Maria Spanevello.\u00a0<\/span><\/p>\n<p><span style=\"font-weight: 400;\">EDITAL MCTI\/FINEP\/FNDCT \u2013 INFRAESTRUTURA DE PESQUISA PROINFRA 2023 &#8211; EXPANS\u00c3O. T\u00edtulo do projeto: Nanotecnologia como estrat\u00e9gia para a produ\u00e7\u00e3o de alimentos saud\u00e1veis e seguros. Coordenadoras: Profa. Dra. Elessandra Zavareze, Profa. Dra.\u00a0 Ethel Wilhelm, Profa. Dra. M\u00e1rcia Mesko e\u00a0 Profa. Dra. Roselia Spanevello,<\/span><\/p>\n<p><span style=\"font-weight: 400;\">CHAMADA CNPQ\/MCTI\/MMULHERES N\u00ba 31\/2023. T\u00edtulo do projeto: Ci\u00eancia e Sociedade: o uso de temas da qu\u00edmica para a atra\u00e7\u00e3o de meninas para a \u00e1rea STEM.\u00a0 Coordenadora: Profa.\u00a0 Dra. M\u00e1rcia Foster Mesko.<\/span><\/p>\n<p><span style=\"font-weight: 400;\">CHAMADA CNPQ\/MCTI N\u00ba 42\/2024 &#8211; APOIO A CURSOS DE CURTA DURA\u00c7\u00c3O EM BIOTECNOLOGIA, NO \u00c2MBITO DO CENTRO LATINO AMERICANO DE BIOTECNOLOGIA &#8211; CABBIO.\u00a0 T\u00edtulo do projeto: Curso de biomodelos em biotecnologia gen\u00f4mica: integrando sa\u00fade humana, animal, ambiental e empreendedorismo. Coordenador: Prof. Dr. Vinicius Farias Campos.\u00a0<\/span><\/p>\n<p><span style=\"font-weight: 400;\">CHAMADA P\u00daBLICA MCTI\/FINEP\/FNDCT\/CT-INFRA EMERGENCIAL DO RIO GRANDE DO SUL &#8211; INFRA 2024. T\u00edtulo do projeto: Recupera\u00e7\u00e3o do Laborat\u00f3rio de Controle de Contaminantes em Biomateriais (LCCBio). Coordenadores: Profa. Dra. M\u00e1rcia Foster Mesko e Prof. Dr. Marcos Britto Correa.\u00a0<\/span><\/p>\n<p><span style=\"font-weight: 400;\">CHAMADA CNPQ\/MCTI\/FNDCT N\u00ba 22\/2024 &#8211; PROGRAMA CONHECIMENTO BRASIL &#8211; APOIO A PROJETOS EM REDE COM PESQUISADORES BRASILEIROS NO EXTERIOR. T\u00edtulo do Projeto:\u00a0 Estratifica\u00e7\u00e3o epigen\u00e9tica de meduloblastoma: desenvolvimento e implementa\u00e7\u00e3o de um protocolo latino-americano. Coordenador: Prof. Dr. Vinicius Farias Campos.<\/span><\/p>\n<p><span style=\"font-weight: 400;\">CHAMADA CNPQ \/ N\u00ba 009\/2024 -PROGRAMA DE MESTRADO E DOUTORADO PARA INOVA\u00c7\u00c3O \u2013 MAI\/DAI. T\u00edtulo do Projeto:\u00a0 Programa MAI-DAI &#8211; Universidade Federal de Pelotas. Coordenador: Prof. Dr. Vinicius Farias Campos.<\/span><\/p>\n<p><span style=\"font-weight: 400;\">EDITAL FAPERGS 06\/2024 &#8211; PROGRAMA DE PESQUISA E DESENVOLVIMENTO VOLTADO A DESASTRES CLIM\u00c1TICOS. Identifica\u00e7\u00e3o e consequ\u00eancias da contamina\u00e7\u00e3o do Sul da Laguna dos Patos ap\u00f3s evento clim\u00e1tico extremo e os impactos gen\u00f4micos e fisiol\u00f3gicos em zebrafish (Danio rerio) ap\u00f3s exposi\u00e7\u00e3o \u00e0 \u00e1gua ambiental. Coordenador: Prof. Dr. Vinicius Farias Campos.<\/span><\/p>\n<p><span style=\"font-weight: 400;\">EDITAL FAPERGS 06\/2024 &#8211; PROGRAMA DE PESQUISA E DESENVOLVIMENTO VOLTADO A DESASTRES CLIM\u00c1TICOS. T\u00edtulo do projeto: Sa\u00fade, meio ambiente e comunica\u00e7\u00e3o: desenvolvendo um modelo de economia sustent\u00e1vel baseado em biotecnologia para a reconstru\u00e7\u00e3o do RS. Coordenadora: Profa. Dra. Elizandra Braganhol.<\/span><span style=\"font-weight: 400;\">\u00a0<\/span><\/p>\n<p><span style=\"font-weight: 400;\">EDITAL FAPERGS 04\/2024 AUX\u00cdLIO EMERGENCIAL PARA MOBILIDADE DE ESTUDANTES DE DOUTORADO EM FUN\u00c7\u00c3O DA EMERG\u00caNCIA CLIM\u00c1TICA OCORRIDA NO RS. T\u00edtulo do Projeto: Avalia\u00e7\u00e3o dos efeitos do extrato de <\/span><i><span style=\"font-weight: 400;\">bauhinia forficata\u00a0 <\/span><\/i><span style=\"font-weight: 400;\">nos sistemas colin\u00e9rgico e purin\u00e9rgico e par\u00e2metros inflamat\u00f3rios em ratos com diabetes mellitus tipo 2. Coordenadora: Profa. Dra. Jucimara Baldissarelli.<\/span><\/p>\n<p><span style=\"font-weight: 400;\">EDITAL FAPERGS 04\/2024 AUX\u00cdLIO EMERGENCIAL PARA MOBILIDADE DE ESTUDANTES DE DOUTORADO EM FUN\u00c7\u00c3O DA EMERG\u00caNCIA CLIM\u00c1TICA OCORRIDA NO RS.T\u00edtulo do projeto: Biorrefinaria integral de microalgas: biotransforma\u00e7\u00e3o de \u00e1guas residuais em bioprodutos de alto valor agregado. Coordenador: Claudio Martin Pereira de Pereira.\u00a0<\/span><\/p>\n<p><span style=\"font-weight: 400;\">CHAMADA DE PROPOSTAS FAPERGS-FAPESP 2023. T\u00edtulo do projeto: Estudos avan\u00e7ados da distribui\u00e7\u00e3o elementar em tecidos biol\u00f3gicos: mecanismos envolvidos na dor oncol\u00f3gica e prospec\u00e7\u00e3o de alternativas terap\u00eauticas. Coordenadores: Profa. Dra. M\u00e1rcia Foster Mesko (FAPERGS) e\u00a0 Prof. Dr. Marcos Arruda (FAPESP).<\/span><\/p>\n<p><span style=\"font-weight: 400;\">EDITAL FAPERGS 09\/2023 &#8211; PROGRAMA PESQUISADOR GA\u00daCHO \u2013 PqG. T\u00edtulo do projeto: Potencial antitumoral de extrato padronizado de <\/span><i><span style=\"font-weight: 400;\">Rubus<\/span><\/i><span style=\"font-weight: 400;\"> sp. na forma livre e nanoencapsulada: estudo em linhagens celulares de glioma. Coordenadora: Profa. Dra. Francieli Moro Stefanello.<\/span><\/p>\n<p><span style=\"font-weight: 400;\">EDITAL FAPERGS 09\/2023 &#8211; PROGRAMA PESQUISADOR GA\u00daCHO \u2013 PqG. T\u00edtulo do projeto: Potencial terap\u00eautico de tiazolidinonas em mecanismos associados \u00e0 Doen\u00e7a de Alzheimer: avalia\u00e7\u00e3o em modelos de neuroinflama\u00e7\u00e3o e amn\u00e9sia em roedores. Coordenadora: Profa. Dra. Roselia Maria Spanevello.<\/span><\/p>\n<p><span style=\"font-weight: 400;\">EDITAL FAPERGS 09\/2023 &#8211; PROGRAMA PESQUISADOR GA\u00daCHO \u2013 PqG. T\u00edtulo do projeto: Investiga\u00e7\u00e3o do Potencial Terap\u00eautico de Nanoc\u00e1psulas de Curcumina em Doen\u00e7as Neurol\u00f3gicas e Neurops\u00edquicas em Roedores. Coordenadora: Profa. Dra. Cristiane Luchese.<\/span><\/p>\n<p><span style=\"font-weight: 400;\">EDITAL FAPERGS 09\/2023 &#8211; PROGRAMA PESQUISADOR GA\u00daCHO \u2013 PqG. T\u00edtulo do projeto: Determina\u00e7\u00e3o de halog\u00eanios e suas esp\u00e9cies bioacess\u00edveis e biodispon\u00edveis em organismos marinhos. Coordenadora: Profa. Dra. M\u00e1rcia Foster Mesko.<\/span><\/p>\n<p><span style=\"font-weight: 400;\">EDITAL FAPERGS 09\/2023 &#8211; PROGRAMA PESQUISADOR GA\u00daCHO \u2013 PqG. T\u00edtulo do projeto: Efeito das calorias prote\u00ednas e amino\u00e1cidos diet\u00e9ticos no envelhecimento ovariano de camundongos. Coordenador: Prof. Dr. Augusto Schneider.<\/span><span style=\"font-weight: 400;\">\u00a0<\/span><\/p>\n<p><span style=\"font-weight: 400;\">EDITAL FAPERGS 09\/2023 &#8211; PROGRAMA PESQUISADOR GA\u00daCHO \u2013 PqG. T\u00edtulo do projeto: Avalia\u00e7\u00e3o do efeito do tipo antidepressivo de selenobenzoatos em camundongos. Coordenador: Prof. Dr. C\u00e9sar Augusto Br\u00fcning.<\/span><\/p>\n<p><span style=\"font-weight: 400;\">EDITAL FAPERGS 09\/2023 &#8211; PROGRAMA PESQUISADOR GA\u00daCHO \u2013 PqG. Avalia\u00e7\u00e3o dos efeitos protetores de um composto 3-organoselenil benzofurano frente aos danos induzidos pela exposi\u00e7\u00e3o prolongada \u00e0 dexametasona em camundongos. Coordenadora: Profa. Dra. Cristiani Folharini Bortolatto.<\/span><\/p>\n<p><span style=\"font-weight: 400;\">EDITAL FAPERGS 08\/2023 AUX\u00cdLIO REC\u00c9M-DOUTOR ou REC\u00c9M-CONTRATADO \u2013 ARD\/ARC. T\u00edtulo do projeto: Perfil de metila\u00e7\u00e3o do DNA como preditor de susceptibilidade ou resili\u00eancia ao desenvolvimento da depress\u00e3o em roedores. Coordenador: Prof. Dr. Roberto Farina de Almeida.\u00a0<\/span><\/p>\n<p><span style=\"color: #0000ff;\"><strong>Projetos aprovados em 2023:<\/strong><\/span><\/p>\n<p><span style=\"font-weight: 400;\">EDITAL SBPC VAI \u00c0 ESCOLA 2023 &#8211; T\u00edtulo do projeto: Projeto Experi\u00eancias, experimentos e feira de ci\u00eancias como ferramentas para atrair novos talentos para a Qu\u00edmica. Coordenadora: Profa. Dra. M\u00e1rcia Foster Mesko.\u00a0<\/span><\/p>\n<p><span style=\"font-weight: 400;\">MCTI\/CNPQ 14\/2023 &#8211; APOIO A PROJETOS INTERNACIONAIS DE PESQUISA CIENT\u00cdFICA, TECNOL\u00d3GICA E DE INOVA\u00c7\u00c3O. T\u00edtulo do projeto:\u00a0 Advanced studies for the evaluation of elemental distribution in biological tissues: mechanisms involved in cancer pain and prospecting therapeutic alternatives. <\/span><span style=\"font-weight: 400;\">Coordenadora: <\/span><span style=\"font-weight: 400;\">Profa. Dra. <\/span><span style=\"font-weight: 400;\">Ethel Antunes Wilhelm.\u00a0<\/span><\/p>\n<p><span style=\"font-weight: 400;\">GLOBAL CONSORTIUM FOR REPRODUCTIVE LONGEVITY AND EQUALITY E BUCK INSTITUTE. T\u00edtulo do projeto: BCAAs regulate ovarian aging in response to diet composition and exercise. Coordenador: Prof. Dr. Augusto Schneider<\/span><\/p>\n<p><span style=\"font-weight: 400;\">EDITAL FAPERGS\/CNPq 07\/2022 &#8211; PROGRAMA DE APOIO \u00c0 FIXA\u00c7\u00c3O DE JOVENS DOUTORES NO BRASIL. T\u00edtulo do projeto: Investiga\u00e7\u00e3o das bases bioqu\u00edmicas moleculares e comportamentais da dermatite at\u00f3pica e comorbidades associadas: Pele como rota de administra\u00e7\u00e3o para novas abordagens terap\u00eauticas. Coordenadora: Profa. Dra. Ethel Antunes Wilhelm.<\/span><\/p>\n<p><span style=\"font-weight: 400;\">EDITAL FAPERGS\/CNPq 07\/2022 &#8211; PROGRAMA DE APOIO \u00c0 FIXA\u00c7\u00c3O DE JOVENS DOUTORES NO BRASIL. T\u00edtulo do projeto: Avalia\u00e7\u00e3o do potencial terap\u00eautico do \u00e1cido el\u00e1gico na neuroinflama\u00e7\u00e3o induzida por lipopolissacar\u00eddeo em cultura prim\u00e1ria de astr\u00f3citos. Coordenadora: Profa. Dra. Roselia Maria Spanevello.<\/span><\/p>\n<p><span style=\"font-weight: 400;\">EDITAL FAPERGS\/CNPq 07\/2022 &#8211; PROGRAMA DE APOIO \u00c0 FIXA\u00c7\u00c3O DE JOVENS DOUTORES NO BRASIL. T\u00edtulo do projeto: Plataforma Biotecnol\u00f3gica Oncopig Bladder Cancer (OBC): um modelo editado por CRISPRs\/Cas9. Coordenador: Prof. Dr. Tiago Veiras Collares.\u00a0<\/span><\/p>\n<p><span style=\"font-weight: 400;\">EDITAL FAPERGS\/CNPq 07\/2022 &#8211; PROGRAMA DE APOIO \u00c0 FIXA\u00c7\u00c3O DE JOVENS DOUTORES NO BRASIL. T\u00edtulo do projeto: Desenvolvimento de diagn\u00f3stico de fertilidade em bovinos baseado em microRNAs esperm\u00e1ticos. Coordenador: Prof. Dr. Vinicius Farias Campos.\u00a0<\/span><\/p>\n<p><span style=\"font-weight: 400;\">EDITAL FAPERGS\/FIOCRUZ 13\/2022 \u2013 REDE SA\u00daDE RS. T\u00edtulo do projeto: Avalia\u00e7\u00e3o do cen\u00e1rio de Resist\u00eancia Antimicrobiana (RAM) em hospitais universit\u00e1rios e uma proposta de tecnologias para preven\u00e7\u00e3o, controle e monitoramento das Infec\u00e7\u00f5es Relacionadas \u00e0 Assist\u00eancia \u00e0 Sa\u00fade (IRAS). Coordenador: Prof. Dr. Rafael Guerra Lund.\u00a0<\/span><\/p>\n<p><span style=\"font-weight: 400;\">CHAMADA P\u00daBLICA N\u00ba 068\/2022 &#8211; PROGRAMA MAI-DAI. T\u00edtulo do Projeto: Programa MAI-DAI Universidade Federal de Pelotas. Coordenador: Prof. Dr. Vinicius Farias Campos.\u00a0<\/span><\/p>\n<p style=\"text-align: justify;\"><span style=\"color: #0000ff;\"><strong>Projetos aprovados em 2022:<\/strong><\/span><\/p>\n<p><span style=\"font-weight: 400;\">CHAMADA CNPq\/MCTI\/FNDCT 22\/2022 &#8211; Programa MCTI de Inova\u00e7\u00e3o em Grafeno, Inova Grafeno -MCI. T\u00edtulo do projeto: Desenvolvimento de uma membrana de celulose bacteriana, \u00f3xido de grafeno e pent\u00f3xido de ni\u00f3bio para cicatriza\u00e7\u00e3o de pele. Coordenador: Prof. Dr. Rafael Guerra Lund.<\/span><\/p>\n<p><span style=\"font-weight: 400;\">EDITAL DESENVOLVIMENTO DE TESTES GEN\u00c9TICOS E DE BI\u00d3PSIA L\u00cdQUIDA APLICADOS \u00c0 SA\u00daDE HUMANA 2022 &#8211; CNPq\/MINIST\u00c9RIO DA SA\u00daDE &#8211; T\u00edtulo do projeto: MicroRNAs circulantes como progn\u00f3stico de s\u00edndrome metab\u00f3lica em mulheres na transi\u00e7\u00e3o para a menopausa. Coordenador: Prof. Dr. Augusto Schneider.\u00a0<\/span><\/p>\n<p><span style=\"font-weight: 400;\">CHAMADA P\u00daBLICA N\u00ba 068\/2022 &#8211; PROGRAMA MAI-DAI. T\u00edtulo do projeto: Programa MAI-DAI Universidade Federal de Pelotas. Coordenador: Prof. Dr. Vinicius Farias Campos.<\/span><\/p>\n<p><span style=\"font-weight: 400;\">EDITAL FAPERGS 02\/2022 &#8211; INOVA CLUSTERS TECNOL\u00d3GICOS. T\u00edtulo do projeto: Suplementos e bioprodutos derivados de fontes alternativas para o bem-estar animal. Coordenador: Prof. Dr. Claudio Martin Pereira de Pereira.<\/span><\/p>\n<p><span style=\"font-weight: 400;\">CNPQ\/MCTI\/CT-BIOTEC N\u00ba 31\/2022 &#8211; APOIO A PROJETOS DE PESQUISA, DESENVOLVIMENTO E INOVA\u00c7\u00c3O VOLTADOS \u00c0 BIOTECNOLOGIA E APLICADOS AOS TEMAS ATUAIS DE SA\u00daDE HUMANA, AGROPECU\u00c1RIA, MEIO AMBIENTE E IND\u00daSTRIA. T\u00edtulo do projeto: Desenvolvimento e valida\u00e7\u00e3o de diagn\u00f3stico de fertilidade em ruminantes baseados em microRNAs esperm\u00e1ticos. Coordenador: Prof. Dr. Vinicius Farias Campos.<\/span><\/p>\n<p><span style=\"font-weight: 400;\">EDITAL FAPERGS\/SICT 06\/2022 INOVA AGRO &#8211; T\u00edtulo do projeto: Desenvolvimento de diagn\u00f3stico de fertilidade em bovinos baseados em microRNAs. Coordenador: Prof. Dr. Vinicius Farias Campos.<\/span><\/p>\n<p><span style=\"color: #0000ff;\"><strong>Projetos aprovados em 2021:<\/strong><\/span><\/p>\n<p><span style=\"font-weight: 400;\">EDITAL N\u00ba 26\/2021 &#8211; PROGRAMA DE DOUTORADO SANDU\u00cdCHE NO EXTERIOR (PDSE). T\u00edtulo do projeto: Senesc\u00eancia celular e seu papel na fertilidade. Coordenador: Prof. Dr. Augusto Schneider.\u00a0<\/span><\/p>\n<p><span style=\"font-weight: 400;\">EDITAL 07\/2021 &#8211; PROGRAMA PESQUISADOR GA\u00daCHO &#8211; PqG. T\u00edtulo do projeto: Avalia\u00e7\u00e3o da contribui\u00e7\u00e3o do envelhecimento e do estresse na dor oncol\u00f3gica e comorbidades correlatas: prospec\u00e7\u00e3o de uma estrat\u00e9gia terap\u00eautica. Coordenadora: Profa. Dra. Ethel Antunes Wilhelm.<\/span><span style=\"font-weight: 400;\">\u00a0<\/span><\/p>\n<p><span style=\"font-weight: 400;\">CHAMADA UNIVERSAL 2021 \u2013 CNPq. T\u00edtulo do projeto: Desenvolvimento de m\u00e9todos de determina\u00e7\u00e3o elementar e bioimageamento em modelos pr\u00e9-cl\u00ednicos de dor oncol\u00f3gica: avalia\u00e7\u00e3o do envelhecimento como fator de risco. Coordenadora: Profa. Dra. M\u00e1rcia Foster Mesko.<\/span><\/p>\n<p><span style=\"font-weight: 400;\">EDITAL FAPERGS 10\/2020 &#8211; AUX\u00cdLIO REC\u00c9M-DOUTOR \u2013 ARD. T\u00edtulo do Projeto:\u00a0 Avalia\u00e7\u00e3o dos efeitos do resveratrol e do extrato de <\/span><i><span style=\"font-weight: 400;\">Vaccinium virgatum<\/span><\/i><span style=\"font-weight: 400;\"> nos sistemas purin\u00e9rgico e colin\u00e9rgico em sistema nervoso central e perif\u00e9rico de ratos com hipotireoidismo. Coordenadora: Profa. Dra. Jucimara Baldissarelli.<\/span><\/p>\n","protected":false},"excerpt":{"rendered":"<p>Projetos aprovados em 2024: PROGRAMA FUTURAS CIENTISTAS-CETENE\/MCTI-CNPQ 2023. T\u00edtulo do projeto:\u00a0 Futuras Cientistas na UFPel: Prospectando Jovens Talentos para a Qu\u00edmica e para a Constru\u00e7\u00e3o de uma Sociedade Diversa e mais Sustent\u00e1vel. Coordenadora:\u00a0 Profa. Dra M\u00e1rcia Foster Mesko. EDITAL APOIO A PROJETOS INTERNACIONAIS DE PESQUISA CIENT\u00cdFICA, TECNOL\u00d3GICA E DE INOVA\u00c7\u00c3O CNPq 2024 \u2013 T\u00edtulo do [&hellip;]<\/p>\n","protected":false},"author":131,"featured_media":0,"parent":0,"menu_order":0,"comment_status":"closed","ping_status":"closed","template":"","meta":{"footnotes":""},"class_list":["post-4607","page","type-page","status-publish","hentry"],"_links":{"self":[{"href":"https:\/\/wp.ufpel.edu.br\/ppgbbio\/wp-json\/wp\/v2\/pages\/4607","targetHints":{"allow":["GET"]}}],"collection":[{"href":"https:\/\/wp.ufpel.edu.br\/ppgbbio\/wp-json\/wp\/v2\/pages"}],"about":[{"href":"https:\/\/wp.ufpel.edu.br\/ppgbbio\/wp-json\/wp\/v2\/types\/page"}],"author":[{"embeddable":true,"href":"https:\/\/wp.ufpel.edu.br\/ppgbbio\/wp-json\/wp\/v2\/users\/131"}],"replies":[{"embeddable":true,"href":"https:\/\/wp.ufpel.edu.br\/ppgbbio\/wp-json\/wp\/v2\/comments?post=4607"}],"version-history":[{"count":18,"href":"https:\/\/wp.ufpel.edu.br\/ppgbbio\/wp-json\/wp\/v2\/pages\/4607\/revisions"}],"predecessor-version":[{"id":5799,"href":"https:\/\/wp.ufpel.edu.br\/ppgbbio\/wp-json\/wp\/v2\/pages\/4607\/revisions\/5799"}],"wp:attachment":[{"href":"https:\/\/wp.ufpel.edu.br\/ppgbbio\/wp-json\/wp\/v2\/media?parent=4607"}],"curies":[{"name":"wp","href":"https:\/\/api.w.org\/{rel}","templated":true}]}}