{"id":4558,"date":"2021-10-13T16:09:50","date_gmt":"2021-10-13T19:09:50","guid":{"rendered":"https:\/\/wp.ufpel.edu.br\/ppgbbio\/?page_id=4558"},"modified":"2025-05-20T23:00:55","modified_gmt":"2025-05-21T02:00:55","slug":"insercao-social","status":"publish","type":"page","link":"https:\/\/wp.ufpel.edu.br\/ppgbbio\/insercao-social\/","title":{"rendered":"Inser\u00e7\u00e3o Social"},"content":{"rendered":"<p>Diversas a\u00e7\u00f5es de inser\u00e7\u00e3o social t\u00eam sido desenvolvidas pelos docentes e discentes do PPGBBio, onde destacam-se:<\/p>\n<p>&#8211; Bioqu\u00edmica e Bioprospec\u00e7\u00e3o na escola<\/p>\n<p>&#8211; Neuroci\u00eancia na escola<\/p>\n<p>&#8211; Projeto Microbiota: Populariza\u00e7\u00e3o da Ci\u00eancia e Tecnologia na Educa\u00e7\u00e3o B\u00e1sica &#8211; Atividade com a comunidade relacionada: I Mostra de Ci\u00eancias do Col\u00e9gio Estadual Cassiano do Nascimento<\/p>\n<p>&#8211; Descobrindo a Ci\u00eancia na Escola, intercomunica\u00e7\u00e3o de saberes entre universidade e comunidade<\/p>\n<p>&#8211; Extens\u00e3o na UFPel &#8211; a\u00e7\u00f5es multidisciplinares e educacionais na comunidade<\/p>\n<p>&#8211; Promovendo educa\u00e7\u00e3o em sa\u00fade: da lavagem das m\u00e3os \u00e0 preven\u00e7\u00e3o de doen\u00e7as transmiss\u00edveis<\/p>\n<p>&#8211; Ressignificando a Bioqu\u00edmica: da sala de aula para pr\u00e1tica profissional<\/p>\n<p>&#8211; Estudo Transdisciplinar em Neuroci\u00eancias<\/p>\n","protected":false},"excerpt":{"rendered":"<p>Diversas a\u00e7\u00f5es de inser\u00e7\u00e3o social t\u00eam sido desenvolvidas pelos docentes e discentes do PPGBBio, onde destacam-se: &#8211; Bioqu\u00edmica e Bioprospec\u00e7\u00e3o na escola &#8211; Neuroci\u00eancia na escola &#8211; Projeto Microbiota: Populariza\u00e7\u00e3o da Ci\u00eancia e Tecnologia na Educa\u00e7\u00e3o B\u00e1sica &#8211; Atividade com a comunidade relacionada: I Mostra de Ci\u00eancias do Col\u00e9gio Estadual Cassiano do Nascimento &#8211; Descobrindo [&hellip;]<\/p>\n","protected":false},"author":131,"featured_media":0,"parent":0,"menu_order":0,"comment_status":"closed","ping_status":"closed","template":"","meta":{"footnotes":""},"class_list":["post-4558","page","type-page","status-publish","hentry"],"_links":{"self":[{"href":"https:\/\/wp.ufpel.edu.br\/ppgbbio\/wp-json\/wp\/v2\/pages\/4558","targetHints":{"allow":["GET"]}}],"collection":[{"href":"https:\/\/wp.ufpel.edu.br\/ppgbbio\/wp-json\/wp\/v2\/pages"}],"about":[{"href":"https:\/\/wp.ufpel.edu.br\/ppgbbio\/wp-json\/wp\/v2\/types\/page"}],"author":[{"embeddable":true,"href":"https:\/\/wp.ufpel.edu.br\/ppgbbio\/wp-json\/wp\/v2\/users\/131"}],"replies":[{"embeddable":true,"href":"https:\/\/wp.ufpel.edu.br\/ppgbbio\/wp-json\/wp\/v2\/comments?post=4558"}],"version-history":[{"count":3,"href":"https:\/\/wp.ufpel.edu.br\/ppgbbio\/wp-json\/wp\/v2\/pages\/4558\/revisions"}],"predecessor-version":[{"id":6021,"href":"https:\/\/wp.ufpel.edu.br\/ppgbbio\/wp-json\/wp\/v2\/pages\/4558\/revisions\/6021"}],"wp:attachment":[{"href":"https:\/\/wp.ufpel.edu.br\/ppgbbio\/wp-json\/wp\/v2\/media?parent=4558"}],"curies":[{"name":"wp","href":"https:\/\/api.w.org\/{rel}","templated":true}]}}