{"id":4457,"date":"2021-09-28T22:27:24","date_gmt":"2021-09-29T01:27:24","guid":{"rendered":"https:\/\/wp.ufpel.edu.br\/ppgbbio\/?page_id=4457"},"modified":"2021-09-28T22:27:24","modified_gmt":"2021-09-29T01:27:24","slug":"estudiantes-de-egreso","status":"publish","type":"page","link":"https:\/\/wp.ufpel.edu.br\/ppgbbio\/estudiantes-de-egreso\/","title":{"rendered":"Estudiantes de egreso"},"content":{"rendered":"<p>Nota: se puede acceder a las tesis y disertaciones a trav\u00e9s del Cat\u00e1logo de Tesis y Disertaciones de CAPES y los respectivos Curr\u00edculos Lattes a trav\u00e9s del nombre del estudiante.<\/p>\n<table width=\"732\">\n<tbody>\n<tr>\n<td colspan=\"2\" width=\"252\"><strong>Maestr\u00eda:<\/strong><\/td>\n<td rowspan=\"90\" width=\"43\"><\/td>\n<td colspan=\"2\" width=\"358\"><strong>Doctorado:<\/strong><\/td>\n<\/tr>\n<tr>\n<td width=\"53\">A\u00f1o<\/td>\n<td width=\"192\">Alumno<\/td>\n<td width=\"162\">A\u00f1o<\/td>\n<td width=\"189\">Alumno<\/td>\n<\/tr>\n<tr>\n<td width=\"53\">2012<\/td>\n<td width=\"192\"><a href=\"http:\/\/lattes.cnpq.br\/6702581189621673\">Alice Kunzler<\/a><\/td>\n<td width=\"162\">2018<\/td>\n<td width=\"189\"><a href=\"http:\/\/lattes.cnpq.br\/6129633718740607\">Pathise Souto Oliveira<\/a><\/td>\n<\/tr>\n<tr>\n<td width=\"53\">2012<\/td>\n<td width=\"192\"><a href=\"http:\/\/lattes.cnpq.br\/6695760594606821\">Gabriela Henriques Marques<\/a><\/td>\n<td width=\"162\">2018<\/td>\n<td width=\"189\"><a href=\"http:\/\/lattes.cnpq.br\/4110651831002820\">Fernanda Severo Sabedra Sousa<\/a><\/td>\n<\/tr>\n<tr>\n<td width=\"53\">2013<\/td>\n<td width=\"192\"><a href=\"http:\/\/lattes.cnpq.br\/7307170084094109\">Daiane Einhardt Blank<\/a><\/td>\n<td width=\"162\">2018<\/td>\n<td width=\"189\"><a href=\"http:\/\/lattes.cnpq.br\/0933549165155709\">Simone Muniz Pacheco<\/a><\/td>\n<\/tr>\n<tr>\n<td width=\"53\">2013<\/td>\n<td width=\"192\"><a href=\"http:\/\/lattes.cnpq.br\/2844080060170066\">Elita Ferreira Silveira<\/a><\/td>\n<td width=\"162\">2018<\/td>\n<td width=\"189\"><a href=\"http:\/\/lattes.cnpq.br\/4231755252706403\">Juliana Leitzke Santos de Souza<\/a><\/td>\n<\/tr>\n<tr>\n<td width=\"53\">2013<\/td>\n<td width=\"192\"><a href=\"http:\/\/lattes.cnpq.br\/7912799857584041\">Gabriela H\u00f6rnke Alves<\/a><\/td>\n<td width=\"162\">2019<\/td>\n<td width=\"189\"><a href=\"http:\/\/lattes.cnpq.br\/3245584770296570\">Marco Aur\u00e9lio Ziemann dos Santos<\/a><\/td>\n<\/tr>\n<tr>\n<td width=\"53\">2013<\/td>\n<td width=\"192\"><a href=\"http:\/\/lattes.cnpq.br\/3313996391381397\">Jos\u00e9 Coan Campos Junior<\/a><\/td>\n<td width=\"162\">2019<\/td>\n<td width=\"189\"><a href=\"http:\/\/lattes.cnpq.br\/1649754237967611\">Mayara Sandrielly Pereira Soares<\/a><\/td>\n<\/tr>\n<tr>\n<td width=\"53\">2013<\/td>\n<td width=\"192\"><a href=\"http:\/\/lattes.cnpq.br\/4231755252706403\">Juliana Leitzke Santos de Souza<\/a><\/td>\n<td width=\"162\">2019<\/td>\n<td width=\"189\"><a href=\"http:\/\/lattes.cnpq.br\/6684456899833522\">Anelise Barth<\/a><\/td>\n<\/tr>\n<tr>\n<td width=\"53\">2013<\/td>\n<td width=\"192\"><a href=\"http:\/\/lattes.cnpq.br\/0714688014937602\">Liz\u00e2ngela Rosa Ferreira<\/a><\/td>\n<td width=\"162\">2019<\/td>\n<td width=\"189\"><a href=\"http:\/\/lattes.cnpq.br\/2992191308490917\">Mariana Freire Barbieri Gerzson<\/a><\/td>\n<\/tr>\n<tr>\n<td width=\"53\">2013<\/td>\n<td width=\"192\"><a href=\"http:\/\/lattes.cnpq.br\/4495829765553628\">Lucimar Marques Pinto Brod<\/a><\/td>\n<td width=\"162\">2019<\/td>\n<td width=\"189\"><a href=\"http:\/\/lattes.cnpq.br\/7018173337030830\">Caril Constante do Amaral<\/a><\/td>\n<\/tr>\n<tr>\n<td width=\"53\">2013<\/td>\n<td width=\"192\"><a href=\"http:\/\/lattes.cnpq.br\/7807429029277141\">Marcelo Zanusso Costa<\/a><\/td>\n<td width=\"162\">2019<\/td>\n<td width=\"189\"><a href=\"http:\/\/lattes.cnpq.br\/4227235826115062\">Daniel Schuch da Silva<\/a><\/td>\n<\/tr>\n<tr>\n<td width=\"53\">2013<\/td>\n<td width=\"192\"><a href=\"http:\/\/lattes.cnpq.br\/3245584770296570\">Marco Aur\u00e9lio Ziemann dos Santos<\/a><\/td>\n<td width=\"162\">2019<\/td>\n<td width=\"189\"><a href=\"http:\/\/lattes.cnpq.br\/0398020251761637\">Paola dos Santos Soares<\/a><\/td>\n<\/tr>\n<tr>\n<td width=\"53\">2013<\/td>\n<td width=\"192\"><a href=\"http:\/\/lattes.cnpq.br\/3307891511863229\">Marilia D\u2019Avila Farias<\/a><\/td>\n<td width=\"162\">2020<\/td>\n<td width=\"189\"><a href=\"http:\/\/lattes.cnpq.br\/0865862208780165\">Alana de Vasconcelos<\/a><\/td>\n<\/tr>\n<tr>\n<td width=\"53\">2013<\/td>\n<td width=\"192\"><a href=\"http:\/\/lattes.cnpq.br\/8912363350257626\">Patr\u00edcia Jacob Santos<\/a><\/td>\n<td width=\"162\">2020<\/td>\n<td width=\"189\"><a href=\"http:\/\/lattes.cnpq.br\/1779599543899214\">Caroline Crespo da Costa<\/a><\/td>\n<\/tr>\n<tr>\n<td width=\"53\">2013<\/td>\n<td width=\"192\"><a href=\"http:\/\/lattes.cnpq.br\/0895810783957619\">Rafael da Fonseca Prietsch<\/a><\/td>\n<td width=\"162\">2020<\/td>\n<td width=\"189\"><a href=\"http:\/\/lattes.cnpq.br\/0103199649303002\">Fernanda Cardoso Teixeira<\/a><\/td>\n<\/tr>\n<tr>\n<td width=\"53\">2013<\/td>\n<td width=\"192\"><a href=\"http:\/\/lattes.cnpq.br\/9366450697468113\">Roberto Schenkel da Cruz<\/a><\/td>\n<td width=\"162\">2020<\/td>\n<td width=\"189\"><a href=\"http:\/\/lattes.cnpq.br\/0423715274647017\">Gabriela Klein Couto<\/a><\/td>\n<\/tr>\n<tr>\n<td width=\"53\">2013<\/td>\n<td width=\"192\"><a href=\"http:\/\/lattes.cnpq.br\/2113070754671778\">Rodrigo da Silva Rodrigues<\/a><\/td>\n<td width=\"162\">2020<\/td>\n<td width=\"189\"><a href=\"http:\/\/lattes.cnpq.br\/3892444455576033\">Ivandra Ign\u00eas de Santi<\/a><\/td>\n<\/tr>\n<tr>\n<td width=\"53\">2014<\/td>\n<td width=\"192\"><a href=\"http:\/\/lattes.cnpq.br\/7182210820441712\">Cristina Hallal de Freitas<\/a><\/td>\n<td width=\"162\">2020<\/td>\n<td width=\"189\"><a href=\"http:\/\/lattes.cnpq.br\/3313996391381397\">Jos\u00e9 Coan Campos J\u00fanior<\/a><\/td>\n<\/tr>\n<tr>\n<td width=\"53\">2014<\/td>\n<td width=\"192\"><a href=\"http:\/\/lattes.cnpq.br\/4353010556156202\">Elise Beck da Motta<\/a><\/td>\n<td width=\"162\">2021<\/td>\n<td width=\"189\"><a href=\"http:\/\/lattes.cnpq.br\/6569786670857310\">V\u00e2nia Machado Recart<\/a><\/td>\n<\/tr>\n<tr>\n<td width=\"53\">2014<\/td>\n<td width=\"192\"><a href=\"http:\/\/lattes.cnpq.br\/0103199649303002\">Fernanda Cardoso Teixeira<\/a><\/td>\n<td width=\"162\">2021<\/td>\n<td width=\"189\"><a href=\"http:\/\/lattes.cnpq.br\/5409361390945855\">Mikaela Peglow Pinz<\/a><\/td>\n<\/tr>\n<tr>\n<td width=\"53\">2014<\/td>\n<td width=\"192\"><a href=\"http:\/\/lattes.cnpq.br\/6496786321004266\">Marina Ritter<\/a><\/td>\n<td width=\"162\">2021<\/td>\n<td width=\"189\"><a href=\"http:\/\/lattes.cnpq.br\/2130232650674650\">Ane Gabriela Vogt<\/a><\/td>\n<\/tr>\n<tr>\n<td width=\"53\">2014<\/td>\n<td width=\"192\"><a href=\"http:\/\/lattes.cnpq.br\/4259193564509484\">Marisani Bierhals Perleberg<\/a><\/td>\n<td width=\"162\">2021<\/td>\n<td width=\"189\"><a href=\"http:\/\/lattes.cnpq.br\/2552577806175093\">Ang\u00e9lica Schiavom dos Reis<\/a><\/td>\n<\/tr>\n<tr>\n<td width=\"53\">2014<\/td>\n<td width=\"192\"><a href=\"http:\/\/lattes.cnpq.br\/0283889698833531\">Mauricio Machado Ferreira<\/a><\/td>\n<td width=\"162\"><\/td>\n<td width=\"189\"><\/td>\n<\/tr>\n<tr>\n<td width=\"53\">2014<\/td>\n<td width=\"192\"><a href=\"http:\/\/lattes.cnpq.br\/6646421454088600\">Priscila Oliveira de Souza<\/a><\/td>\n<td width=\"162\"><\/td>\n<td width=\"189\"><\/td>\n<\/tr>\n<tr>\n<td width=\"53\">2014<\/td>\n<td width=\"192\"><a href=\"http:\/\/lattes.cnpq.br\/0086452164040819\">Roberta Foerstnow Szczepaniak<\/a><\/td>\n<td width=\"162\"><\/td>\n<td width=\"189\"><\/td>\n<\/tr>\n<tr>\n<td width=\"53\">2014<\/td>\n<td width=\"192\"><a href=\"http:\/\/lattes.cnpq.br\/2617388977505949\">Rodrigo Stauffert dos Santos<\/a><\/td>\n<td width=\"162\"><\/td>\n<td width=\"189\"><\/td>\n<\/tr>\n<tr>\n<td width=\"53\">2014<\/td>\n<td width=\"192\"><a href=\"http:\/\/lattes.cnpq.br\/8891205701317574\">Rosiane Mastelari Martins<\/a><\/td>\n<td width=\"162\"><\/td>\n<td width=\"189\"><\/td>\n<\/tr>\n<tr>\n<td width=\"53\">2015<\/td>\n<td width=\"192\"><a href=\"http:\/\/lattes.cnpq.br\/2890944472514667\">Andr\u00e9s Felipe Gil Rave<\/a><\/td>\n<td width=\"162\"><\/td>\n<td width=\"189\"><\/td>\n<\/tr>\n<tr>\n<td width=\"53\">2015<\/td>\n<td width=\"192\"><a href=\"http:\/\/lattes.cnpq.br\/2936149551684441\">Arthur Hip\u00f3lito da Silva Neves<\/a><\/td>\n<td width=\"162\"><\/td>\n<td width=\"189\"><\/td>\n<\/tr>\n<tr>\n<td width=\"53\">2015<\/td>\n<td width=\"192\"><a href=\"http:\/\/lattes.cnpq.br\/7776928048794987\">Bruna Silveira Pacheco<\/a><\/td>\n<td width=\"162\"><\/td>\n<td width=\"189\"><\/td>\n<\/tr>\n<tr>\n<td width=\"53\">2015<\/td>\n<td width=\"192\"><a href=\"http:\/\/lattes.cnpq.br\/3221601562441595\">Camila Francine Paes Nunes<\/a><\/td>\n<td width=\"162\"><\/td>\n<td width=\"189\"><\/td>\n<\/tr>\n<tr>\n<td width=\"53\">2015<\/td>\n<td width=\"192\"><a href=\"http:\/\/lattes.cnpq.br\/2387940734677065\">Carlus Augustu Tavares do Couto<\/a><\/td>\n<td width=\"162\"><\/td>\n<td width=\"189\"><\/td>\n<\/tr>\n<tr>\n<td width=\"53\">2015<\/td>\n<td width=\"192\"><a href=\"http:\/\/lattes.cnpq.br\/6470222289708676\">Caroline Tuchtenhagen Rockembach<\/a><\/td>\n<td width=\"162\"><\/td>\n<td width=\"189\"><\/td>\n<\/tr>\n<tr>\n<td width=\"53\">2015<\/td>\n<td width=\"192\"><a href=\"http:\/\/lattes.cnpq.br\/4730414285108023\">Chayane Porto Flores<\/a><\/td>\n<td width=\"162\"><\/td>\n<td width=\"189\"><\/td>\n<\/tr>\n<tr>\n<td width=\"53\">2015<\/td>\n<td width=\"192\"><a href=\"http:\/\/lattes.cnpq.br\/8222424033943862\">Greice Hartwig Schwanke Peil<\/a><\/td>\n<td width=\"162\"><\/td>\n<td width=\"189\"><\/td>\n<\/tr>\n<tr>\n<td width=\"53\">2015<\/td>\n<td width=\"192\"><a href=\"http:\/\/lattes.cnpq.br\/8408633367843610\">Isis Gon\u00e7alves Toralles<\/a><\/td>\n<td width=\"162\"><\/td>\n<td width=\"189\"><\/td>\n<\/tr>\n<tr>\n<td width=\"53\">2015<\/td>\n<td width=\"192\"><a href=\"http:\/\/lattes.cnpq.br\/7328512654236121\">Lien Mapelli dos Santos<\/a><\/td>\n<td width=\"162\"><\/td>\n<td width=\"189\"><\/td>\n<\/tr>\n<tr>\n<td width=\"53\">2015<\/td>\n<td width=\"192\"><a href=\"http:\/\/lattes.cnpq.br\/6129633718740607\">Pathise Souto Oliveira<\/a><\/td>\n<td width=\"162\"><\/td>\n<td width=\"189\"><\/td>\n<\/tr>\n<tr>\n<td width=\"53\">2015<\/td>\n<td width=\"192\"><a href=\"http:\/\/lattes.cnpq.br\/5800817900502346\">Rosaria Helena Machado Azambuja<\/a><\/td>\n<td width=\"162\"><\/td>\n<td width=\"189\"><\/td>\n<\/tr>\n<tr>\n<td width=\"53\">2015<\/td>\n<td width=\"192\"><a href=\"http:\/\/lattes.cnpq.br\/5000947936271263\">Victoria de Moraes Gon\u00e7alves<\/a><\/td>\n<td width=\"162\"><\/td>\n<td width=\"189\"><\/td>\n<\/tr>\n<tr>\n<td width=\"53\">2016<\/td>\n<td width=\"192\"><a href=\"http:\/\/lattes.cnpq.br\/4227235826115062\">Daniel Schuch da Silva<\/a><\/td>\n<td width=\"162\"><\/td>\n<td width=\"189\"><\/td>\n<\/tr>\n<tr>\n<td width=\"53\">2016<\/td>\n<td width=\"192\"><a href=\"http:\/\/lattes.cnpq.br\/4189011953825514\">Fabiane Knepper Zehetmeyr Fernandes<\/a><\/td>\n<td width=\"162\"><\/td>\n<td width=\"189\"><\/td>\n<\/tr>\n<tr>\n<td width=\"53\">2016<\/td>\n<td width=\"192\"><a href=\"http:\/\/lattes.cnpq.br\/4110651831002820\">Fernanda Severo Sabedra Sousa<\/a><\/td>\n<td width=\"162\"><\/td>\n<td width=\"189\"><\/td>\n<\/tr>\n<tr>\n<td width=\"53\">2016<\/td>\n<td width=\"192\"><a href=\"http:\/\/lattes.cnpq.br\/2881758916799440\">Francine Toralles Darley<\/a><\/td>\n<td width=\"162\"><\/td>\n<td width=\"189\"><\/td>\n<\/tr>\n<tr>\n<td width=\"53\">2016<\/td>\n<td width=\"192\"><a href=\"http:\/\/lattes.cnpq.br\/1082007701338280\">Gabriela Nogueira Debom<\/a><\/td>\n<td width=\"162\"><\/td>\n<td width=\"189\"><\/td>\n<\/tr>\n<tr>\n<td width=\"53\">2016<\/td>\n<td width=\"192\"><a href=\"http:\/\/lattes.cnpq.br\/4339018871508065\">Gabriele dos Anjos Berwaldt<\/a><\/td>\n<td width=\"162\"><\/td>\n<td width=\"189\"><\/td>\n<\/tr>\n<tr>\n<td width=\"53\">2016<\/td>\n<td width=\"192\"><a href=\"http:\/\/lattes.cnpq.br\/3892444455576033\">Ivandra Ign\u00eas de Santi<\/a><\/td>\n<td width=\"162\"><\/td>\n<td width=\"189\"><\/td>\n<\/tr>\n<tr>\n<td width=\"53\">2016<\/td>\n<td width=\"192\"><a href=\"http:\/\/lattes.cnpq.br\/9481524585841024\">Juliana Hofstatter Azambuja<\/a><\/td>\n<td width=\"162\"><\/td>\n<td width=\"189\"><\/td>\n<\/tr>\n<tr>\n<td width=\"53\">2016<\/td>\n<td width=\"192\"><a href=\"http:\/\/lattes.cnpq.br\/2607947427999542\">Kennia de Cassia Araujo Galdino<\/a><\/td>\n<td width=\"162\"><\/td>\n<td width=\"189\"><\/td>\n<\/tr>\n<tr>\n<td width=\"53\">2016<\/td>\n<td width=\"192\"><a href=\"http:\/\/lattes.cnpq.br\/8795600303455216\">M\u00e1rcia Juciele da Rocha<\/a><\/td>\n<td width=\"162\"><\/td>\n<td width=\"189\"><\/td>\n<\/tr>\n<tr>\n<td width=\"53\">2016<\/td>\n<td width=\"192\"><a href=\"http:\/\/lattes.cnpq.br\/4206156257342544\">Maria Antonieta Machado Pereira Silva<\/a><\/td>\n<td width=\"162\"><\/td>\n<td width=\"189\"><\/td>\n<\/tr>\n<tr>\n<td width=\"53\">2016<\/td>\n<td width=\"192\"><a href=\"http:\/\/lattes.cnpq.br\/1649754237967611\">Mayara Sandrielly Pereira Soares<\/a><\/td>\n<td width=\"162\"><\/td>\n<td width=\"189\"><\/td>\n<\/tr>\n<tr>\n<td width=\"53\">2016<\/td>\n<td width=\"192\"><a href=\"http:\/\/lattes.cnpq.br\/7485709085513646\">Priscila Centeno Crespo<\/a><\/td>\n<td width=\"162\"><\/td>\n<td width=\"189\"><\/td>\n<\/tr>\n<tr>\n<td width=\"53\">2016<\/td>\n<td width=\"192\"><a href=\"http:\/\/lattes.cnpq.br\/4412010585219215\">Rafael Oliv\u00e9 Leite<\/a><\/td>\n<td width=\"162\"><\/td>\n<td width=\"189\"><\/td>\n<\/tr>\n<tr>\n<td width=\"53\">2016<\/td>\n<td width=\"192\"><a href=\"http:\/\/lattes.cnpq.br\/5949659907535051\">Sabrina Pereira Silva<\/a><\/td>\n<td width=\"162\"><\/td>\n<td width=\"189\"><\/td>\n<\/tr>\n<tr>\n<td width=\"53\">2016<\/td>\n<td width=\"192\"><a href=\"http:\/\/lattes.cnpq.br\/6789388864798069\">Silvana Pereira de Souza<\/a><\/td>\n<td width=\"162\"><\/td>\n<td width=\"189\"><\/td>\n<\/tr>\n<tr>\n<td width=\"53\">2016<\/td>\n<td width=\"192\"><a href=\"http:\/\/lattes.cnpq.br\/4539145331410274\">Soliane Carra Perera<\/a><\/td>\n<td width=\"162\"><\/td>\n<td width=\"189\"><\/td>\n<\/tr>\n<tr>\n<td width=\"53\">2016<\/td>\n<td width=\"192\"><a href=\"http:\/\/lattes.cnpq.br\/5239376894893581\">Vanessa Duarte Gon\u00e7alves da Silva<\/a><\/td>\n<td width=\"162\"><\/td>\n<td width=\"189\"><\/td>\n<\/tr>\n<tr>\n<td width=\"53\">2016<\/td>\n<td width=\"192\"><a href=\"http:\/\/lattes.cnpq.br\/8686763246904685\">Yohana Melania L\u00f3pez Hern\u00e1ndez<\/a><\/td>\n<td width=\"162\"><\/td>\n<td width=\"189\"><\/td>\n<\/tr>\n<tr>\n<td width=\"53\">2017<\/td>\n<td width=\"192\"><a href=\"http:\/\/lattes.cnpq.br\/0892840745357297\">Daniela Coelho dos Santos<\/a><\/td>\n<td width=\"162\"><\/td>\n<td width=\"189\"><\/td>\n<\/tr>\n<tr>\n<td width=\"53\">2017<\/td>\n<td width=\"192\"><a href=\"http:\/\/lattes.cnpq.br\/2764821962882344\">Douglas Mroginski Weber<\/a><\/td>\n<td width=\"162\"><\/td>\n<td width=\"189\"><\/td>\n<\/tr>\n<tr>\n<td width=\"53\">2017<\/td>\n<td width=\"192\"><a href=\"http:\/\/lattes.cnpq.br\/1462396393870584\">Juliane de Souza Cardoso<\/a><\/td>\n<td width=\"162\"><\/td>\n<td width=\"189\"><\/td>\n<\/tr>\n<tr>\n<td width=\"53\">2017<\/td>\n<td width=\"192\"><a href=\"http:\/\/lattes.cnpq.br\/6356990655064336\">Lara Rodrigues Schneider<\/a><\/td>\n<td width=\"162\"><\/td>\n<td width=\"189\"><\/td>\n<\/tr>\n<tr>\n<td width=\"53\">2017<\/td>\n<td width=\"192\"><a href=\"http:\/\/lattes.cnpq.br\/3348303213250360\">Nat\u00e1lia Porto Flores<\/a><\/td>\n<td width=\"162\"><\/td>\n<td width=\"189\"><\/td>\n<\/tr>\n<tr>\n<td width=\"53\">2017<\/td>\n<td width=\"192\"><a href=\"http:\/\/lattes.cnpq.br\/4453786597559942\">Paula Polvora Victoria<\/a><\/td>\n<td width=\"162\"><\/td>\n<td width=\"189\"><\/td>\n<\/tr>\n<tr>\n<td width=\"53\">2017<\/td>\n<td width=\"192\"><a href=\"http:\/\/lattes.cnpq.br\/9848649263938658\">Paloma Taborda Birmann<\/a><\/td>\n<td width=\"162\"><\/td>\n<td width=\"189\"><\/td>\n<\/tr>\n<tr>\n<td width=\"53\">2017<\/td>\n<td width=\"192\"><a href=\"http:\/\/lattes.cnpq.br\/0398020251761637\">Paola dos Santos Soares<\/a><\/td>\n<td width=\"162\"><\/td>\n<td width=\"189\"><\/td>\n<\/tr>\n<tr>\n<td width=\"53\">2017<\/td>\n<td width=\"192\"><a href=\"http:\/\/lattes.cnpq.br\/2130232650674650\">Ane Gabriela Vogt<\/a><\/td>\n<td width=\"162\"><\/td>\n<td width=\"189\"><\/td>\n<\/tr>\n<tr>\n<td width=\"53\">2017<\/td>\n<td width=\"192\"><a href=\"http:\/\/lattes.cnpq.br\/7064686650881946\">Priscila Treptow Ramos<\/a><\/td>\n<td width=\"162\"><\/td>\n<td width=\"189\"><\/td>\n<\/tr>\n<tr>\n<td width=\"53\">2017<\/td>\n<td width=\"192\"><a href=\"http:\/\/lattes.cnpq.br\/2552577806175093\">Ang\u00e9lica Schiavom dos Reis<\/a><\/td>\n<td width=\"162\"><\/td>\n<td width=\"189\"><\/td>\n<\/tr>\n<tr>\n<td width=\"53\">2018<\/td>\n<td width=\"192\"><a href=\"http:\/\/lattes.cnpq.br\/2688607932672495\">Fernanda Kegles<\/a><\/td>\n<td width=\"162\"><\/td>\n<td width=\"189\"><\/td>\n<\/tr>\n<tr>\n<td width=\"53\">2018<\/td>\n<td width=\"192\"><a href=\"http:\/\/lattes.cnpq.br\/5409361390945855\">Mikaela Peglow Pinz<\/a><\/td>\n<td width=\"162\"><\/td>\n<td width=\"189\"><\/td>\n<\/tr>\n<tr>\n<td width=\"53\">2018<\/td>\n<td width=\"192\"><a href=\"http:\/\/lattes.cnpq.br\/9680216084697064\">Nathalia Stark Pedra<\/a><\/td>\n<td width=\"162\"><\/td>\n<td width=\"189\"><\/td>\n<\/tr>\n<tr>\n<td width=\"53\">2018<\/td>\n<td width=\"192\"><a href=\"http:\/\/lattes.cnpq.br\/6106609460181783\">Jana\u00edna Xavier da Silveira<\/a><\/td>\n<td width=\"162\"><\/td>\n<td width=\"189\"><\/td>\n<\/tr>\n<tr>\n<td width=\"53\">2018<\/td>\n<td width=\"192\"><a href=\"http:\/\/lattes.cnpq.br\/2512223195142582\">Vanessa Plasse Ramos<\/a><\/td>\n<td width=\"162\"><\/td>\n<td width=\"189\"><\/td>\n<\/tr>\n<tr>\n<td width=\"53\">2018<\/td>\n<td width=\"192\"><a href=\"http:\/\/lattes.cnpq.br\/6242985331356872\">Luiza Spohr<\/a><\/td>\n<td width=\"162\"><\/td>\n<td width=\"189\"><\/td>\n<\/tr>\n<tr>\n<td width=\"53\">2018<\/td>\n<td width=\"192\"><a href=\"http:\/\/lattes.cnpq.br\/6908486471502109\">Alessandra Cortes Teotonio<\/a><\/td>\n<td width=\"162\"><\/td>\n<td width=\"189\"><\/td>\n<\/tr>\n<tr>\n<td width=\"53\">2018<\/td>\n<td width=\"192\"><a href=\"http:\/\/lattes.cnpq.br\/2271536005202373\">Julia Eisenhardt de Mello<\/a><\/td>\n<td width=\"162\"><\/td>\n<td width=\"189\"><\/td>\n<\/tr>\n<tr>\n<td width=\"53\">2018<\/td>\n<td width=\"192\"><a href=\"http:\/\/lattes.cnpq.br\/7414364556054442\">Caroline Carapina da Silva<\/a><\/td>\n<td width=\"162\"><\/td>\n<td width=\"189\"><\/td>\n<\/tr>\n<tr>\n<td width=\"53\">2018<\/td>\n<td width=\"192\"><a href=\"http:\/\/lattes.cnpq.br\/8375421929763888\">Edila Maria Kickh\u00f6fel Ferrer<\/a><\/td>\n<td width=\"162\"><\/td>\n<td width=\"189\"><\/td>\n<\/tr>\n<tr>\n<td width=\"53\">2018<\/td>\n<td width=\"192\"><a href=\"http:\/\/lattes.cnpq.br\/7450268228501222\">Bruno Nunes da Rosa<\/a><\/td>\n<td width=\"162\"><\/td>\n<td width=\"189\"><\/td>\n<\/tr>\n<tr>\n<td width=\"53\">2019<\/td>\n<td width=\"192\"><a href=\"http:\/\/lattes.cnpq.br\/1547545515254751\">Guilherme Teixeira Voss<\/a><\/td>\n<td width=\"162\"><\/td>\n<td width=\"189\"><\/td>\n<\/tr>\n<tr>\n<td width=\"53\">2019<\/td>\n<td width=\"192\"><a href=\"http:\/\/lattes.cnpq.br\/8052235333192453\">Nat\u00e1lia Pontes Bona<\/a><\/td>\n<td width=\"162\"><\/td>\n<td width=\"189\"><\/td>\n<\/tr>\n<tr>\n<td width=\"53\">2019<\/td>\n<td width=\"192\"><a href=\"http:\/\/lattes.cnpq.br\/8065773569833954\">Gabriela Terra Rassier<\/a><\/td>\n<td width=\"162\"><\/td>\n<td width=\"189\"><\/td>\n<\/tr>\n<tr>\n<td width=\"53\">2019<\/td>\n<td width=\"192\"><a href=\"http:\/\/lattes.cnpq.br\/4384282724618281\">Marisa Castro Jara<\/a><\/td>\n<td width=\"162\"><\/td>\n<td width=\"189\"><\/td>\n<\/tr>\n<tr>\n<td width=\"53\">2019<\/td>\n<td width=\"192\"><a href=\"http:\/\/lattes.cnpq.br\/7214267661054265\">Tha\u00eds Scolari Franceschi<\/a><\/td>\n<td width=\"162\"><\/td>\n<td width=\"189\"><\/td>\n<\/tr>\n<tr>\n<td width=\"53\">2019<\/td>\n<td width=\"192\"><a href=\"http:\/\/lattes.cnpq.br\/1898414452881911\">Renata Leivas de Oliveira<\/a><\/td>\n<td width=\"162\"><\/td>\n<td width=\"189\"><\/td>\n<\/tr>\n<tr>\n<td width=\"53\">2019<\/td>\n<td width=\"192\"><a href=\"http:\/\/lattes.cnpq.br\/9589510852210106\">Bruna da Silveira de Mattos<\/a><\/td>\n<td width=\"162\"><\/td>\n<td width=\"189\"><\/td>\n<\/tr>\n<tr>\n<td width=\"53\">2019<\/td>\n<td width=\"192\"><a href=\"http:\/\/lattes.cnpq.br\/0588896785990840\">Camila de David Martini<\/a><\/td>\n<td width=\"162\"><\/td>\n<td width=\"189\"><\/td>\n<\/tr>\n<tr>\n<td width=\"53\">2019<\/td>\n<td width=\"192\"><a href=\"http:\/\/lattes.cnpq.br\/9813362951857164\">J\u00e9ssica Iara Gall<\/a><\/td>\n<td width=\"43\"><\/td>\n<td width=\"162\"><\/td>\n<td width=\"189\"><\/td>\n<\/tr>\n<tr>\n<td width=\"53\">2019<\/td>\n<td width=\"192\"><a href=\"http:\/\/lattes.cnpq.br\/6009157525976013\">Nat\u00e1lia Tavares Nonemacher<\/a><\/td>\n<td width=\"43\"><\/td>\n<td width=\"162\"><\/td>\n<td width=\"189\"><\/td>\n<\/tr>\n<tr>\n<td width=\"53\">2020<\/td>\n<td width=\"192\"><a href=\"http:\/\/lattes.cnpq.br\/0164796919029566\">Ja\u00edni Janke Paltian<\/a><\/td>\n<td width=\"43\"><\/td>\n<td width=\"162\"><\/td>\n<td width=\"189\"><\/td>\n<\/tr>\n<tr>\n<td width=\"53\">2020<\/td>\n<td width=\"192\"><a href=\"http:\/\/lattes.cnpq.br\/1396931884403339\">Karina Pereira Luduvico<\/a><\/td>\n<td width=\"43\"><\/td>\n<td width=\"162\"><\/td>\n<td width=\"189\"><\/td>\n<\/tr>\n<tr>\n<td width=\"53\">2020<\/td>\n<td width=\"192\"><a href=\"http:\/\/lattes.cnpq.br\/1214453286508995\">Lucas Moraes Berneira<\/a><\/td>\n<td width=\"43\"><\/td>\n<td width=\"162\"><\/td>\n<td width=\"189\"><\/td>\n<\/tr>\n<tr>\n<td width=\"53\">2020<\/td>\n<td width=\"192\"><a href=\"http:\/\/lattes.cnpq.br\/5380144798370223\">Melinda Gomes Victor<\/a><\/td>\n<td width=\"43\"><\/td>\n<td width=\"162\"><\/td>\n<td width=\"189\"><\/td>\n<\/tr>\n<tr>\n<td width=\"53\">2020<\/td>\n<td width=\"192\"><a href=\"http:\/\/lattes.cnpq.br\/3768148468731390\">Caren Aline Ramson da Fonseca<\/a><\/td>\n<td width=\"43\"><\/td>\n<td width=\"162\"><\/td>\n<td width=\"189\"><\/td>\n<\/tr>\n<tr>\n<td width=\"53\">2020<\/td>\n<td width=\"192\"><a href=\"http:\/\/lattes.cnpq.br\/5925597997757086\">Milena Mattes Cerveira<\/a><\/td>\n<td width=\"43\"><\/td>\n<td width=\"162\"><\/td>\n<td width=\"189\"><\/td>\n<\/tr>\n<tr>\n<td width=\"53\">2020<\/td>\n<td width=\"192\"><a href=\"http:\/\/lattes.cnpq.br\/3934644844193604\">Karline da Costa Rodrigues<\/a><\/td>\n<td width=\"43\"><\/td>\n<td width=\"162\"><\/td>\n<td width=\"189\"><\/td>\n<\/tr>\n<tr>\n<td width=\"53\">2020<\/td>\n<td width=\"192\"><a href=\"http:\/\/lattes.cnpq.br\/1509174352471221\">Carla Marcelino Trassante<\/a><\/td>\n<td width=\"43\"><\/td>\n<td width=\"162\"><\/td>\n<td width=\"189\"><\/td>\n<\/tr>\n<tr>\n<td width=\"53\">2021<\/td>\n<td width=\"192\"><a href=\"http:\/\/lattes.cnpq.br\/7051447051659734\">Bernardo de Moraes Meine<\/a><\/td>\n<td width=\"43\"><\/td>\n<td width=\"162\"><\/td>\n<td width=\"189\"><\/td>\n<\/tr>\n<tr>\n<td width=\"53\">2021<\/td>\n<td width=\"192\"><a href=\"http:\/\/lattes.cnpq.br\/6458633095193774\">Ta\u00eds da Silva Teixeira Rech<\/a><\/td>\n<td width=\"43\"><\/td>\n<td width=\"162\"><\/td>\n<td width=\"189\"><\/td>\n<\/tr>\n<tr>\n<td width=\"53\">2021<\/td>\n<td width=\"192\"><a href=\"http:\/\/lattes.cnpq.br\/8141384559511524\">Rosana Basso Kraus<\/a><\/td>\n<td width=\"43\"><\/td>\n<td width=\"162\"><\/td>\n<td width=\"189\"><\/td>\n<\/tr>\n<tr>\n<td width=\"53\">2021<\/td>\n<td width=\"192\"><a href=\"http:\/\/lattes.cnpq.br\/2024236283810577\">Bruna Caetano Moreira<\/a><\/td>\n<td width=\"43\"><\/td>\n<td width=\"162\"><\/td>\n<td width=\"189\"><\/td>\n<\/tr>\n<tr>\n<td width=\"53\">2021<\/td>\n<td width=\"192\"><a href=\"http:\/\/lattes.cnpq.br\/2732854228687071\">Fernando Lopez Alvez<\/a><\/td>\n<td width=\"43\"><\/td>\n<td width=\"162\"><\/td>\n<td width=\"189\"><\/td>\n<\/tr>\n<tr>\n<td width=\"53\">2021<\/td>\n<td width=\"192\"><a href=\"http:\/\/lattes.cnpq.br\/5454284748381641\">Estela Hartwig Ribeiro<\/a><\/td>\n<td width=\"43\"><\/td>\n<td width=\"162\"><\/td>\n<td width=\"189\"><\/td>\n<\/tr>\n<tr>\n<td width=\"53\">2021<\/td>\n<td width=\"192\"><a href=\"http:\/\/lattes.cnpq.br\/4182767795934439\">Nati\u00e9li Machado Gon\u00e7alves<\/a><\/td>\n<td width=\"43\"><\/td>\n<td width=\"162\"><\/td>\n<td width=\"189\"><\/td>\n<\/tr>\n<\/tbody>\n<\/table>\n<p>&nbsp;<\/p>\n","protected":false},"excerpt":{"rendered":"<p>Nota: se puede acceder a las tesis y disertaciones a trav\u00e9s del Cat\u00e1logo de Tesis y Disertaciones de CAPES y los respectivos Curr\u00edculos Lattes a trav\u00e9s del nombre del estudiante. Maestr\u00eda: Doctorado: A\u00f1o Alumno A\u00f1o Alumno 2012 Alice Kunzler 2018 Pathise Souto Oliveira 2012 Gabriela Henriques Marques 2018 Fernanda Severo Sabedra Sousa 2013 Daiane Einhardt [&hellip;]<\/p>\n","protected":false},"author":131,"featured_media":0,"parent":0,"menu_order":0,"comment_status":"closed","ping_status":"closed","template":"","meta":{"footnotes":""},"class_list":["post-4457","page","type-page","status-publish","hentry"],"_links":{"self":[{"href":"https:\/\/wp.ufpel.edu.br\/ppgbbio\/wp-json\/wp\/v2\/pages\/4457","targetHints":{"allow":["GET"]}}],"collection":[{"href":"https:\/\/wp.ufpel.edu.br\/ppgbbio\/wp-json\/wp\/v2\/pages"}],"about":[{"href":"https:\/\/wp.ufpel.edu.br\/ppgbbio\/wp-json\/wp\/v2\/types\/page"}],"author":[{"embeddable":true,"href":"https:\/\/wp.ufpel.edu.br\/ppgbbio\/wp-json\/wp\/v2\/users\/131"}],"replies":[{"embeddable":true,"href":"https:\/\/wp.ufpel.edu.br\/ppgbbio\/wp-json\/wp\/v2\/comments?post=4457"}],"version-history":[{"count":1,"href":"https:\/\/wp.ufpel.edu.br\/ppgbbio\/wp-json\/wp\/v2\/pages\/4457\/revisions"}],"predecessor-version":[{"id":4459,"href":"https:\/\/wp.ufpel.edu.br\/ppgbbio\/wp-json\/wp\/v2\/pages\/4457\/revisions\/4459"}],"wp:attachment":[{"href":"https:\/\/wp.ufpel.edu.br\/ppgbbio\/wp-json\/wp\/v2\/media?parent=4457"}],"curies":[{"name":"wp","href":"https:\/\/api.w.org\/{rel}","templated":true}]}}