{"id":4399,"date":"2021-09-28T16:49:03","date_gmt":"2021-09-28T19:49:03","guid":{"rendered":"https:\/\/wp.ufpel.edu.br\/ppgbbio\/?page_id=4399"},"modified":"2021-10-27T10:59:12","modified_gmt":"2021-10-27T13:59:12","slug":"lineas-de-busqueda","status":"publish","type":"page","link":"https:\/\/wp.ufpel.edu.br\/ppgbbio\/lineas-de-busqueda\/","title":{"rendered":"L\u00edneas de b\u00fasqueda"},"content":{"rendered":"<p style=\"text-align: justify\">Bioensayos<\/p>\n<p style=\"text-align: justify\">Descripci\u00f3n:<\/p>\n<p style=\"text-align: justify\">Se trata de estudios dirigidos a la evaluaci\u00f3n biol\u00f3gica \/ farmacol\u00f3gica de sustancias de origen natural y \/ o sint\u00e9tico en diferentes modelos experimentales, como modelos animales de enfermedades neurol\u00f3gicas, metab\u00f3licas e inflamatorias. Esta l\u00ednea de investigaci\u00f3n tambi\u00e9n tiene como objetivo identificar potenciales agentes antioxidantes, antineopl\u00e1sicos, antivirales, antibacterianos, antif\u00fangicos, antiparasitarios, entre otros de importancia en el \u00e1rea de la salud humana y animal.<\/p>\n<p style=\"text-align: justify\">Fecha de inicio: 01\/01\/2013<\/p>\n<p style=\"text-align: justify\">SUSTANCIAS BIOACTIVAS<\/p>\n<p style=\"text-align: justify\">Descripci\u00f3n:<\/p>\n<p style=\"text-align: justify\">Aplicaci\u00f3n de estudios de modelizaci\u00f3n molecular y herramientas de qu\u00edmica medicinal, como bioisosterismo, hibridaci\u00f3n y simplificaci\u00f3n molecular, para la planificaci\u00f3n y obtenci\u00f3n de sustancias sint\u00e9ticas o semisint\u00e9ticas con potencial acci\u00f3n bioqu\u00edmica, farmacol\u00f3gica y \/ o toxicol\u00f3gica. La l\u00ednea implica la s\u00edntesis org\u00e1nica de sustancias con potencial acci\u00f3n biol\u00f3gica.<\/p>\n<p style=\"text-align: justify\">Fecha de inicio: 03\/03\/2015<\/p>\n<p style=\"text-align: justify\">TOXICOLOG\u00cdA<\/p>\n<p style=\"text-align: justify\">Descripci\u00f3n:<\/p>\n<p style=\"text-align: justify\">La l\u00ednea busca estudiar la protecci\u00f3n del medio ambiente a trav\u00e9s de temas de contaminaci\u00f3n ambiental por sustancias qu\u00edmicas y f\u00edsicas, y el conocimiento del impacto ambiental, y sus relaciones directas e indirectas. Tambi\u00e9n tiene como objetivo estudios de sustancias menos agresivas para el ser humano, que no ofrecen efectos citot\u00f3xicos o mut\u00e1genos a los organismos vivos, o que puedan biorremediar el medio ambiente y estudios de contaminantes interferentes y contaminantes. Adem\u00e1s, estudia el desarrollo de m\u00e9todos anal\u00edticos para la determinaci\u00f3n de metales y no metales de inter\u00e9s nutricional o toxicol\u00f3gico, as\u00ed como el desarrollo de m\u00e9todos de an\u00e1lisis de especiaci\u00f3n qu\u00edmica aplicados a la toxicolog\u00eda.<\/p>\n<p style=\"text-align: justify\">Fecha de inicio: 01\/01\/2013<\/p>\n","protected":false},"excerpt":{"rendered":"<p>Bioensayos Descripci\u00f3n: Se trata de estudios dirigidos a la evaluaci\u00f3n biol\u00f3gica \/ farmacol\u00f3gica de sustancias de origen natural y \/ o sint\u00e9tico en diferentes modelos experimentales, como modelos animales de enfermedades neurol\u00f3gicas, metab\u00f3licas e inflamatorias. Esta l\u00ednea de investigaci\u00f3n tambi\u00e9n tiene como objetivo identificar potenciales agentes antioxidantes, antineopl\u00e1sicos, antivirales, antibacterianos, antif\u00fangicos, antiparasitarios, entre otros de [&hellip;]<\/p>\n","protected":false},"author":131,"featured_media":0,"parent":0,"menu_order":0,"comment_status":"closed","ping_status":"closed","template":"","meta":{"footnotes":""},"class_list":["post-4399","page","type-page","status-publish","hentry"],"_links":{"self":[{"href":"https:\/\/wp.ufpel.edu.br\/ppgbbio\/wp-json\/wp\/v2\/pages\/4399","targetHints":{"allow":["GET"]}}],"collection":[{"href":"https:\/\/wp.ufpel.edu.br\/ppgbbio\/wp-json\/wp\/v2\/pages"}],"about":[{"href":"https:\/\/wp.ufpel.edu.br\/ppgbbio\/wp-json\/wp\/v2\/types\/page"}],"author":[{"embeddable":true,"href":"https:\/\/wp.ufpel.edu.br\/ppgbbio\/wp-json\/wp\/v2\/users\/131"}],"replies":[{"embeddable":true,"href":"https:\/\/wp.ufpel.edu.br\/ppgbbio\/wp-json\/wp\/v2\/comments?post=4399"}],"version-history":[{"count":2,"href":"https:\/\/wp.ufpel.edu.br\/ppgbbio\/wp-json\/wp\/v2\/pages\/4399\/revisions"}],"predecessor-version":[{"id":4623,"href":"https:\/\/wp.ufpel.edu.br\/ppgbbio\/wp-json\/wp\/v2\/pages\/4399\/revisions\/4623"}],"wp:attachment":[{"href":"https:\/\/wp.ufpel.edu.br\/ppgbbio\/wp-json\/wp\/v2\/media?parent=4399"}],"curies":[{"name":"wp","href":"https:\/\/api.w.org\/{rel}","templated":true}]}}