{"id":4331,"date":"2021-09-28T11:48:27","date_gmt":"2021-09-28T14:48:27","guid":{"rendered":"https:\/\/wp.ufpel.edu.br\/ppgbbio\/?page_id=4331"},"modified":"2021-09-28T11:48:27","modified_gmt":"2021-09-28T14:48:27","slug":"coordinaciones-anteriores","status":"publish","type":"page","link":"https:\/\/wp.ufpel.edu.br\/ppgbbio\/coordinaciones-anteriores\/","title":{"rendered":"Coordinaciones anteriores"},"content":{"rendered":"<p>2011: Coordinador &#8211; Claudio Martin Pereira de Pereira<\/p>\n<p>2012: Coordinador &#8211; Wilson Jo\u00e3o Cunico Filho y Coordinador adjunto &#8211; Claudio Martin Pereira de Pereira<\/p>\n<p>2014: Coordinador &#8211; Wilson Jo\u00e3o Cunico Filho y Coordinador adjunto &#8211; Roselia Maria Spanevello<\/p>\n<p>2016: Coordinadora &#8211; M\u00e1rcia Foster Mesko y Coordinadora adjunta &#8211; Ethel Antunes Wilhelm<\/p>\n<p>2018: Coordinadora &#8211; M\u00e1rcia Foster Mesko y Coordinadora adjunta &#8211; Ethel Antunes Wilhelm<\/p>\n<p>2020: Coordinadora &#8211; Ethel Antunes Wilhelm y Coordinadora adjunta &#8211; M\u00e1rcia Foster Mesko<\/p>\n","protected":false},"excerpt":{"rendered":"<p>2011: Coordinador &#8211; Claudio Martin Pereira de Pereira 2012: Coordinador &#8211; Wilson Jo\u00e3o Cunico Filho y Coordinador adjunto &#8211; Claudio Martin Pereira de Pereira 2014: Coordinador &#8211; Wilson Jo\u00e3o Cunico Filho y Coordinador adjunto &#8211; Roselia Maria Spanevello 2016: Coordinadora &#8211; M\u00e1rcia Foster Mesko y Coordinadora adjunta &#8211; Ethel Antunes Wilhelm 2018: Coordinadora &#8211; M\u00e1rcia [&hellip;]<\/p>\n","protected":false},"author":131,"featured_media":0,"parent":0,"menu_order":0,"comment_status":"closed","ping_status":"closed","template":"","meta":{"footnotes":""},"class_list":["post-4331","page","type-page","status-publish","hentry"],"_links":{"self":[{"href":"https:\/\/wp.ufpel.edu.br\/ppgbbio\/wp-json\/wp\/v2\/pages\/4331","targetHints":{"allow":["GET"]}}],"collection":[{"href":"https:\/\/wp.ufpel.edu.br\/ppgbbio\/wp-json\/wp\/v2\/pages"}],"about":[{"href":"https:\/\/wp.ufpel.edu.br\/ppgbbio\/wp-json\/wp\/v2\/types\/page"}],"author":[{"embeddable":true,"href":"https:\/\/wp.ufpel.edu.br\/ppgbbio\/wp-json\/wp\/v2\/users\/131"}],"replies":[{"embeddable":true,"href":"https:\/\/wp.ufpel.edu.br\/ppgbbio\/wp-json\/wp\/v2\/comments?post=4331"}],"version-history":[{"count":1,"href":"https:\/\/wp.ufpel.edu.br\/ppgbbio\/wp-json\/wp\/v2\/pages\/4331\/revisions"}],"predecessor-version":[{"id":4333,"href":"https:\/\/wp.ufpel.edu.br\/ppgbbio\/wp-json\/wp\/v2\/pages\/4331\/revisions\/4333"}],"wp:attachment":[{"href":"https:\/\/wp.ufpel.edu.br\/ppgbbio\/wp-json\/wp\/v2\/media?parent=4331"}],"curies":[{"name":"wp","href":"https:\/\/api.w.org\/{rel}","templated":true}]}}