{"id":4280,"date":"2021-09-28T10:23:06","date_gmt":"2021-09-28T13:23:06","guid":{"rendered":"https:\/\/wp.ufpel.edu.br\/ppgbbio\/?page_id=4280"},"modified":"2021-09-28T10:23:06","modified_gmt":"2021-09-28T13:23:06","slug":"historico-do-programa","status":"publish","type":"page","link":"https:\/\/wp.ufpel.edu.br\/ppgbbio\/historico-do-programa\/","title":{"rendered":"Hist\u00f3rico do Programa"},"content":{"rendered":"<div id=\"single\">\n<div class=\"wrapper\">\n<div id=\"single_content\">\n<section id=\"single_post\">\n<article id=\"single_post_inside\" class=\"single_post_inside\">\n<p style=\"text-align: justify\">O Programa de P\u00f3s-gradua\u00e7\u00e3o em Bioqu\u00edmica e Bioprospec\u00e7\u00e3o (PPGBBio) iniciou suas atividades em 2011, em n\u00edvel de mestrado com nota CAPES 3, apresentando duas Linhas de Pesquisa: Bioensaios e Toxicologia. No final de 2014, a CAPES aprovou a amplia\u00e7\u00e3o do programa para o n\u00edvel de Doutorado e, desta forma, em 2015 ocorreu o ingresso da primeira turma. Com o in\u00edcio do programa de doutorado foi criada uma nova linha de pesquisa denominada Subst\u00e2ncias Bioativas.<\/p>\n<p style=\"text-align: justify\">Dentro deste contexto, o objetivo do PPGBBio \u00e9 formar recursos humanos qualificados, que estejam atualizados e instrumentalizados para enfrentar o desafio de participar ativamente do processo ensino-aprendizagem e da constru\u00e7\u00e3o de conhecimento com base em evid\u00eancias. Ressalta-se a import\u00e2ncia do desenvolvimento destas linhas de pesquisa na UFPel, tendo em vista que est\u00e3o contemplados aspectos relevantes como a valoriza\u00e7\u00e3o das fontes naturais de mat\u00e9rias-primas, o desenvolvimento de novos f\u00e1rmacos e materiais, o desenvolvimento de m\u00e9todos de an\u00e1lise e a caracteriza\u00e7\u00e3o de subst\u00e2ncias, entre outros, que podem ser estudados em modelos experimentais\u00a0<em>in vitro e\/ou in vivo<\/em>. Desta forma, as linhas de pesquisa do programa possuem interliga\u00e7\u00e3o, caracterizando a interdisciplinaridade do curso.<\/p>\n<p style=\"text-align: justify\">O corpo docente permanente do programa constitui-se por docentes com forma\u00e7\u00e3o nas \u00e1reas de biologia, bioqu\u00edmica, biotecnologia, farm\u00e1cia, medicina veterin\u00e1ria, odontologia e qu\u00edmica. A maioria destes docentes realizou sua forma\u00e7\u00e3o em Programas de P\u00f3s-Gradua\u00e7\u00e3o conceituados e consolidados da Universidade Federal de Santa Maria (UFSM), Universidade Federal do Rio Grande do Sul (UFRGS), Universidade Estadual de Campinas (UNICAMP) e da pr\u00f3pria UFPel.<\/p>\n<p style=\"text-align: justify\">O PPGBBio tem por finalidade a forma\u00e7\u00e3o acad\u00eamica qualificada de mestres e doutores com uma vis\u00e3o integrada e multidisciplinar. Busca-se a forma\u00e7\u00e3o de profissionais aptos a produzir e disseminar conhecimento, realizar pesquisa de interesse cient\u00edfico e\/ou tecnol\u00f3gico, elaborar e executar projetos, al\u00e9m de capacitar para o gerenciamento de trabalho em equipe e estimular o empreendedorismo. O programa permite capacitar alunos de gradua\u00e7\u00e3o e p\u00f3s-gradua\u00e7\u00e3o de cursos da UFPel, bem como de outras institui\u00e7\u00f5es de ensino, com a forma\u00e7\u00e3o voltada para a pesquisa, desenvolvimento tecnol\u00f3gico e inova\u00e7\u00e3o na \u00e1rea de Ci\u00eancias Biol\u00f3gicas II.<\/p>\n<p style=\"text-align: justify\">Especificamente, o egresso da Linha 1 \u2013 Bioensaios, obter\u00e1 o conhecimento para a realiza\u00e7\u00e3o de ensaios bioqu\u00edmicos que envolvam a a\u00e7\u00e3o biol\u00f3gica de produtos de origem sint\u00e9tica e\/ou natural. O egresso da Linha 2 \u2013 Toxicologia, ter\u00e1 o conhecimento em toxicologia no sentido de avalia\u00e7\u00e3o de subst\u00e2ncias naturais e\/ou sint\u00e9ticas no seu aspecto tecnol\u00f3gico e a determina\u00e7\u00e3o do impacto ambiental de subst\u00e2ncias. O egresso da Linha 3 \u2013 Subst\u00e2ncias Bioativas, ter\u00e1 o conhecimento do planejamento e obten\u00e7\u00e3o de subst\u00e2ncias qu\u00edmicas com potencial a\u00e7\u00e3o bioqu\u00edmica, biol\u00f3gica e farmacol\u00f3gica, atrav\u00e9s do desenvolvimento de produtos de aplica\u00e7\u00e3o no setor da sa\u00fade, alimentos ou farmac\u00eautico. Assim, pode-se destacar que:<\/p>\n<p style=\"text-align: justify\">\u2013 O Mestre egresso das distintas linhas do PPGBBio estar\u00e1 apto a ingressar em cursos de doutorado, bem como a atuar no ensino, pesquisa, extens\u00e3o e inova\u00e7\u00e3o tecnol\u00f3gica na \u00e1rea de conhecimento. Al\u00e9m disso, o mestre poder\u00e1 contribuir atendendo as demandas da sociedade e comunidade cient\u00edfica.<\/p>\n<p style=\"text-align: justify\">\u2013 O Doutor egresso das distintas linhas do PPGBBio estar\u00e1 apto a atuar na coordena\u00e7\u00e3o de atividades de ensino, pesquisa, inova\u00e7\u00e3o tecnol\u00f3gica e extens\u00e3o no Brasil e no exterior, assim como produzir e divulgar conhecimentos na \u00e1rea de bioqu\u00edmica e bioprospec\u00e7\u00e3o. Ainda, o egresso poder\u00e1 atuar na ind\u00fastria e\/ou em institui\u00e7\u00f5es de ensino e pesquisa, transmitindo o conhecimento adquirido \u00e0 sociedade e comunidade cient\u00edfica em geral.<\/p>\n<\/article>\n<\/section>\n<\/div>\n<\/div>\n<\/div>\n","protected":false},"excerpt":{"rendered":"<p>O Programa de P\u00f3s-gradua\u00e7\u00e3o em Bioqu\u00edmica e Bioprospec\u00e7\u00e3o (PPGBBio) iniciou suas atividades em 2011, em n\u00edvel de mestrado com nota CAPES 3, apresentando duas Linhas de Pesquisa: Bioensaios e Toxicologia. No final de 2014, a CAPES aprovou a amplia\u00e7\u00e3o do programa para o n\u00edvel de Doutorado e, desta forma, em 2015 ocorreu o ingresso da [&hellip;]<\/p>\n","protected":false},"author":131,"featured_media":0,"parent":0,"menu_order":0,"comment_status":"closed","ping_status":"closed","template":"","meta":{"footnotes":""},"class_list":["post-4280","page","type-page","status-publish","hentry"],"_links":{"self":[{"href":"https:\/\/wp.ufpel.edu.br\/ppgbbio\/wp-json\/wp\/v2\/pages\/4280","targetHints":{"allow":["GET"]}}],"collection":[{"href":"https:\/\/wp.ufpel.edu.br\/ppgbbio\/wp-json\/wp\/v2\/pages"}],"about":[{"href":"https:\/\/wp.ufpel.edu.br\/ppgbbio\/wp-json\/wp\/v2\/types\/page"}],"author":[{"embeddable":true,"href":"https:\/\/wp.ufpel.edu.br\/ppgbbio\/wp-json\/wp\/v2\/users\/131"}],"replies":[{"embeddable":true,"href":"https:\/\/wp.ufpel.edu.br\/ppgbbio\/wp-json\/wp\/v2\/comments?post=4280"}],"version-history":[{"count":1,"href":"https:\/\/wp.ufpel.edu.br\/ppgbbio\/wp-json\/wp\/v2\/pages\/4280\/revisions"}],"predecessor-version":[{"id":4282,"href":"https:\/\/wp.ufpel.edu.br\/ppgbbio\/wp-json\/wp\/v2\/pages\/4280\/revisions\/4282"}],"wp:attachment":[{"href":"https:\/\/wp.ufpel.edu.br\/ppgbbio\/wp-json\/wp\/v2\/media?parent=4280"}],"curies":[{"name":"wp","href":"https:\/\/api.w.org\/{rel}","templated":true}]}}