{"id":4273,"date":"2021-09-28T10:20:24","date_gmt":"2021-09-28T13:20:24","guid":{"rendered":"https:\/\/wp.ufpel.edu.br\/ppgbbio\/?page_id=4273"},"modified":"2021-09-28T10:20:24","modified_gmt":"2021-09-28T13:20:24","slug":"plan-de-desarrollo-institucional","status":"publish","type":"page","link":"https:\/\/wp.ufpel.edu.br\/ppgbbio\/plan-de-desarrollo-institucional\/","title":{"rendered":"Plan de desarrollo institucional"},"content":{"rendered":"<p><a href=\"https:\/\/wp.ufpel.edu.br\/ppgbbio\/files\/2021\/09\/PDI-UFPel-2015-2020-2.pdf\">PDI-UFPel-2015-2020<\/a><\/p>\n<p><a href=\"https:\/\/wp.ufpel.edu.br\/ppgbbio\/files\/2021\/09\/Resolucao-46-CONSUN-2.pdf\">Resolucao-46-CONSUN<\/a><\/p>\n<p>La elaboraci\u00f3n del pr\u00f3ximo PDI se est\u00e1 realizando de manera participativa y descentralizada, de acuerdo con la metodolog\u00eda aprobada por CONSUN: https:\/\/wp.ufpel.edu.br\/pdi\/<\/p>\n","protected":false},"excerpt":{"rendered":"<p>PDI-UFPel-2015-2020 Resolucao-46-CONSUN La elaboraci\u00f3n del pr\u00f3ximo PDI se est\u00e1 realizando de manera participativa y descentralizada, de acuerdo con la metodolog\u00eda aprobada por CONSUN: https:\/\/wp.ufpel.edu.br\/pdi\/<\/p>\n","protected":false},"author":131,"featured_media":0,"parent":0,"menu_order":0,"comment_status":"closed","ping_status":"closed","template":"","meta":{"footnotes":""},"class_list":["post-4273","page","type-page","status-publish","hentry"],"_links":{"self":[{"href":"https:\/\/wp.ufpel.edu.br\/ppgbbio\/wp-json\/wp\/v2\/pages\/4273","targetHints":{"allow":["GET"]}}],"collection":[{"href":"https:\/\/wp.ufpel.edu.br\/ppgbbio\/wp-json\/wp\/v2\/pages"}],"about":[{"href":"https:\/\/wp.ufpel.edu.br\/ppgbbio\/wp-json\/wp\/v2\/types\/page"}],"author":[{"embeddable":true,"href":"https:\/\/wp.ufpel.edu.br\/ppgbbio\/wp-json\/wp\/v2\/users\/131"}],"replies":[{"embeddable":true,"href":"https:\/\/wp.ufpel.edu.br\/ppgbbio\/wp-json\/wp\/v2\/comments?post=4273"}],"version-history":[{"count":1,"href":"https:\/\/wp.ufpel.edu.br\/ppgbbio\/wp-json\/wp\/v2\/pages\/4273\/revisions"}],"predecessor-version":[{"id":4277,"href":"https:\/\/wp.ufpel.edu.br\/ppgbbio\/wp-json\/wp\/v2\/pages\/4273\/revisions\/4277"}],"wp:attachment":[{"href":"https:\/\/wp.ufpel.edu.br\/ppgbbio\/wp-json\/wp\/v2\/media?parent=4273"}],"curies":[{"name":"wp","href":"https:\/\/api.w.org\/{rel}","templated":true}]}}