{"id":4233,"date":"2021-09-28T00:22:41","date_gmt":"2021-09-28T03:22:41","guid":{"rendered":"https:\/\/wp.ufpel.edu.br\/ppgbbio\/?page_id=4233"},"modified":"2021-09-30T16:58:42","modified_gmt":"2021-09-30T19:58:42","slug":"proyectos-impulsados-en-el-cuatrienio","status":"publish","type":"page","link":"https:\/\/wp.ufpel.edu.br\/ppgbbio\/proyectos-impulsados-en-el-cuatrienio\/","title":{"rendered":"Proyectos impulsados en el cuatrienio 2016-2020"},"content":{"rendered":"<p style=\"text-align: justify\">&#8211; A continuaci\u00f3n se muestra la lista de proyectos aprobados en 2020:<\/p>\n<p style=\"text-align: justify\">Aviso FAPERGS 06\/2020 &#8211; Ciencia y tecnolog\u00eda en la lucha contra COVID-19: RT-LAMP: m\u00e9todo molecular alternativo para el seguimiento de infecciones por COVID-19 en profesionales de la salud en el sur de Brasil (2020). Coordinador: Rodrigo de Almeida Vaucher. Valor aprobado: 57.819,20<\/p>\n<p style=\"text-align: justify\">CALL FAPERGS \/ MS \/ CNPq 08\/2020 &#8211; PPSUS: Oncobank y Oncovid: seguimiento gen\u00f3mico de SARS-CoV-2 y perfil gen\u00e9tico de pacientes con c\u00e1ncer y profesionales de la salud en la pandemia de COVID-19. Coordinador: Tiago Collares. Valor aprobado: R $ 140.000,00<\/p>\n<p style=\"text-align: justify\">&#8211; A continuaci\u00f3n se muestra la lista de proyectos aprobados en 2019:<\/p>\n<p style=\"text-align: justify\">FAPERGS<\/p>\n<p style=\"text-align: justify\">Organizaci\u00f3n de Eventos de Ayuda Edital: Elas na Ci\u00eancia: UFPel discutiendo los desaf\u00edos y perspectivas para la inclusi\u00f3n de nuevos talentos. Coordinadora: M\u00e1rcia F. Mesko<\/p>\n<p style=\"text-align: justify\">Ayuda Edital Organizaci\u00f3n de Eventos: VII Simposio de Biotecnolog\u00eda: Interacci\u00f3n entre Estudios de Grado y Postgrado en Biotecnolog\u00eda en la UFPel. Coordinador: Lucielli Savegnago<\/p>\n<p style=\"text-align: justify\">Aviso P\u00fablico Investigador Ga\u00facho Gama A: Matrices de dentina como fuente de prote\u00ednas para uso en ingenier\u00eda de tejidos. Coordinadora: Adriana Fernandes da Silva<\/p>\n<p style=\"text-align: justify\">Aviso P\u00fablico Investigador Ga\u00facho V\u00eda A: Prospecci\u00f3n de una nueva estrategia terap\u00e9utica para la comorbilidad de la depresi\u00f3n y el d\u00e9ficit cognitivo \/ enfermedad de Alzheimer utilizando un derivado de quinolina: implicaci\u00f3n de mol\u00e9culas de se\u00f1alizaci\u00f3n celular y de los sistemas colin\u00e9rgico y monoamin\u00e9rgico. Coordinadora: Cristiane Luchese<\/p>\n<p style=\"text-align: justify\">Aviso P\u00fablico Investigador Ga\u00facho Track A: Investigaci\u00f3n de los efectos de extractos de frutas nativas sobre alteraciones bioqu\u00edmicas y moleculares en un modelo experimental de diabetes tipo 2. Coordinador: Francieli M. Stefanello<\/p>\n<p style=\"text-align: justify\">Aviso P\u00fablico Investigador Ga\u00facho V\u00eda B: Estrategias para la determinaci\u00f3n de no metales en muestras biol\u00f3gicas de origen humano utilizando los principios de la qu\u00edmica anal\u00edtica verde. Coordinadora: M\u00e1rcia F. Mesko<\/p>\n<p style=\"text-align: justify\">Aviso P\u00fablico Investigador Ga\u00facho V\u00eda B: Efectos del tratamiento con inosina sobre par\u00e1metros conductuales y bioqu\u00edmicos en modelos experimentales in vitro e in vivo para la enfermedad de Alzheimer. Coordinadora: Roselia M. Spanevello<\/p>\n<p style=\"text-align: justify\">Aviso p\u00fablico FAPERGS-FAPESP 06\/2019: Melanomas orales caninos y humanos: Identificaci\u00f3n del perfil de mutaciones mediante secuenciaci\u00f3n del exoma y evaluaci\u00f3n de terapias innovadoras mediante t\u00e9cnicas de edici\u00f3n del genoma y BCG recombinante. Coordinador: Tiago Collares<\/p>\n<p style=\"text-align: justify\">Editais FAPERGS-FAPESP 06\/2019: Edici\u00f3n del genoma del pez cebra mediante CRISPR \/ Cas9 para generar un modelo traslacional de regeneraci\u00f3n tisular. Coordinador: Campus Vin\u00edcius\u00a0Edital FAPERGS \/ CAPES 06\/2018: Senescencia celular y su papel en el envejecimiento ov\u00e1rico en ratones. Coordinador: Augusto Schneider<\/p>\n<p style=\"text-align: justify\">Aviso FAPERGS \/ CAPES 06\/2018: Internacionalizaci\u00f3n del Postgrado en Biotecnolog\u00eda de la UFPel mediante la colaboraci\u00f3n con el grupo de investigaci\u00f3n &#8220;Oxidaci\u00f3n de prote\u00ednas en la fisiopatolog\u00eda de enfermedades&#8221;. Coordinador: Lucielli Savegnago<\/p>\n<p style=\"text-align: justify\">Aviso FAPERGS \/ CAPES 06\/2018: Investigaci\u00f3n, Desarrollo Tecnol\u00f3gico e Innovaci\u00f3n a trav\u00e9s de colaboraciones PPGBiotecnologia UFPel- Brasil y Universidad de Illinois &#8211; USA en Biotecnolog\u00eda del C\u00e1ncer. Coordinador: Tiago Collares<\/p>\n<p style=\"text-align: justify\">&#8211; A continuaci\u00f3n se muestra la lista de proyectos aprobados en 2018:\u00a0FAPERGS\u00a0.<\/p>\n<p style=\"text-align: justify\">Aviso a favor del equipo: reparaci\u00f3n del espectrofot\u00f3metro de fluorescencia Cary Eclipse. Coordinadora: Ethel A. Wilhelm<\/p>\n<p style=\"text-align: justify\">. Organizaci\u00f3n del Evento de Asistencia<\/p>\n<p style=\"text-align: justify\">Edital: 2\u00ba Taller de Bioqu\u00edmica y Bioprospecci\u00f3n. Coordinadora: M\u00e1rcia F. Mesko<\/p>\n<p style=\"text-align: justify\">CNPq &#8211; Universal<\/p>\n<p style=\"text-align: justify\">. Evaluaci\u00f3n de un derivado de quinolina en la d\u00edada entre depresi\u00f3n y enfermedad de Alzheimer. Coordinador: Lucielli Savegnago\u00a0.<\/p>\n<p style=\"text-align: justify\">Investigaci\u00f3n del papel del envejecimiento y las enzimas antioxidantes en la neuropat\u00eda inducida por quimioterapia: uso de compuestos org\u00e1nicos de selenio como alternativa terap\u00e9utica. Coordinadora: Ethel A. Wilhelm<\/p>\n<p style=\"text-align: justify\">. Evaluaci\u00f3n de la harina de boniato (papa Ipomoea) para la alimentaci\u00f3n de rumiantes. Coordinador: Francisco B. Del Pino<\/p>\n<p style=\"text-align: justify\">. Efectos del diselenuro de pcloro-difenilo sobre la conducta alimentaria compulsiva en ratones. Coordinador: Cristiani F. Bortolatto<\/p>\n<p style=\"text-align: justify\">. Evaluaci\u00f3n del potencial farmacol\u00f3gico de selenopropargil benzamidas en modelos de rat\u00f3n de dolor y depresi\u00f3n. Coordinador: C\u00e9sar A. Br\u00fcning<\/p>\n<p style=\"text-align: justify\">CNPq &#8211; Ni\u00f1as en Ciencias Exactas, Ingenier\u00eda y Computaci\u00f3n<\/p>\n<p style=\"text-align: justify\">. Chicas en la ciencia: utilizando temas motivadores para atraer nuevos talentos a la qu\u00edmica. Coordinadora: M\u00e1rcia F. Mesko<\/p>\n<p style=\"text-align: justify\">CNPq &#8211; apoyo a la organizaci\u00f3n de eventos<\/p>\n<p style=\"text-align: justify\">.2\u00ba Taller de Bioqu\u00edmica y Bioprospecci\u00f3n. Coordinadora: M\u00e1rcia F. Mesko<\/p>\n<p style=\"text-align: justify\">L&#8217;Or\u00e9al &#8211; Academia Brasile\u00f1a de Ciencias &#8211; UNESCO<\/p>\n<p style=\"text-align: justify\">. Investigaci\u00f3n del papel del envejecimiento en la neuropat\u00eda inducida por quimioterapia: prote\u00ednas antioxidantes como diana terap\u00e9utica. Coordinadora: Ethel A. Wilhelm<\/p>\n<p style=\"text-align: justify\">&#8211; A continuaci\u00f3n se muestra la lista de proyectos aprobados en 2017:<\/p>\n<p style=\"text-align: justify\">FAPERGS &#8211; PqG<\/p>\n<p style=\"text-align: justify\">. An\u00e1logos de curcumina monocarbonilo: s\u00edntesis y evaluaci\u00f3n antitumoral. Coordinador: Claudio M. P. de Pereira\u00a0. Desarrollo de una formulaci\u00f3n sostenida de butafosfano para rumiantes. Coordinador: Francisco B. Del Pino\u00a0.<\/p>\n<p style=\"text-align: justify\">Investigaci\u00f3n del papel del envejecimiento en la neuropat\u00eda inducida por quimioterapia: 7-cloro-4- (fenilseleno) quinolina como alternativa terap\u00e9utica. Coordinadora: Ethel A. Wilhelm<\/p>\n<p style=\"text-align: justify\">. Evaluaci\u00f3n de la actividad antidepresiva y los mecanismos de acci\u00f3n de las imidazopiridinas que contienen selenio en modelos animales. Coordinador: Lucielli Savegnago<\/p>\n<p style=\"text-align: justify\">. Caracterizaci\u00f3n f\u00edsico-mec\u00e1nica y potencial biol\u00f3gico de materiales dentales que contienen extracto pirole\u00f1oso. Coordinador: Rafael Lund\u00a0. OncopigCell Biotech Screening: I + D de un sistema biol\u00f3gico alternativo para el estudio del c\u00e1ncer y la nanotoxicolog\u00eda. Coordinador: Tiago V. Collares<\/p>\n<p style=\"text-align: justify\">. Actividad antimicrobiana, antioxidante, antiinflamatoria y sin\u00e9rgica de los aceites esenciales y sus principales constituyentes frente a Candida albicans y Pseudomonas aeroginosa P01 en biopel\u00edculas formadas en material m\u00e9dico hospitalario. Coordinador: Rodrigo Vaucher<\/p>\n<p style=\"text-align: justify\">. S\u00edntesis de derivados sint\u00e9ticos de 2,4-tiazolidindiona y acci\u00f3n como inhibidores de la enzima COX-2. Coordinador: Wilson J. Cunico\u00a0. Selecci\u00f3n gen\u00f3mica en tilapia: validaci\u00f3n de marcadores epigen\u00e9ticos de microARN para tolerancia al fr\u00edo. Coordinador: Campos Vin\u00edcius F.\u00a0CNPq &#8211; Universal<\/p>\n<p style=\"text-align: justify\">. An\u00e1lisis del efecto de la 7-cloro-4- (fenilseleno) quinolina sobre las enfermedades neurodegenerativas: un estudio precl\u00ednico en ratones. Coordinadora: Cristiane Luchese<\/p>\n<p style=\"text-align: justify\">. Desarrollo de m\u00e9todos anal\u00edticos para la determinaci\u00f3n de no metales en alimentos. Coordinadora: Marcia F. Mesko<\/p>\n<p style=\"text-align: justify\">. Gen\u00f3mica aplicada a la acuicultura: clonaci\u00f3n, secuenciaci\u00f3n y evaluaci\u00f3n de genes de referencia para qPCR en kingfish (Odontesthes spp.). Coordinador: Campos Vin\u00edcius F.<\/p>\n","protected":false},"excerpt":{"rendered":"<p>&#8211; A continuaci\u00f3n se muestra la lista de proyectos aprobados en 2020: Aviso FAPERGS 06\/2020 &#8211; Ciencia y tecnolog\u00eda en la lucha contra COVID-19: RT-LAMP: m\u00e9todo molecular alternativo para el seguimiento de infecciones por COVID-19 en profesionales de la salud en el sur de Brasil (2020). Coordinador: Rodrigo de Almeida Vaucher. Valor aprobado: 57.819,20 CALL [&hellip;]<\/p>\n","protected":false},"author":131,"featured_media":0,"parent":0,"menu_order":0,"comment_status":"closed","ping_status":"closed","template":"","meta":{"footnotes":""},"class_list":["post-4233","page","type-page","status-publish","hentry"],"_links":{"self":[{"href":"https:\/\/wp.ufpel.edu.br\/ppgbbio\/wp-json\/wp\/v2\/pages\/4233","targetHints":{"allow":["GET"]}}],"collection":[{"href":"https:\/\/wp.ufpel.edu.br\/ppgbbio\/wp-json\/wp\/v2\/pages"}],"about":[{"href":"https:\/\/wp.ufpel.edu.br\/ppgbbio\/wp-json\/wp\/v2\/types\/page"}],"author":[{"embeddable":true,"href":"https:\/\/wp.ufpel.edu.br\/ppgbbio\/wp-json\/wp\/v2\/users\/131"}],"replies":[{"embeddable":true,"href":"https:\/\/wp.ufpel.edu.br\/ppgbbio\/wp-json\/wp\/v2\/comments?post=4233"}],"version-history":[{"count":4,"href":"https:\/\/wp.ufpel.edu.br\/ppgbbio\/wp-json\/wp\/v2\/pages\/4233\/revisions"}],"predecessor-version":[{"id":4481,"href":"https:\/\/wp.ufpel.edu.br\/ppgbbio\/wp-json\/wp\/v2\/pages\/4233\/revisions\/4481"}],"wp:attachment":[{"href":"https:\/\/wp.ufpel.edu.br\/ppgbbio\/wp-json\/wp\/v2\/media?parent=4233"}],"curies":[{"name":"wp","href":"https:\/\/api.w.org\/{rel}","templated":true}]}}