{"id":4211,"date":"2021-09-27T22:31:06","date_gmt":"2021-09-28T01:31:06","guid":{"rendered":"https:\/\/wp.ufpel.edu.br\/ppgbbio\/?page_id=4211"},"modified":"2021-10-29T14:29:09","modified_gmt":"2021-10-29T17:29:09","slug":"objetivos-y-mision","status":"publish","type":"page","link":"https:\/\/wp.ufpel.edu.br\/ppgbbio\/objetivos-y-mision\/","title":{"rendered":"Objetivos y misi\u00f3n"},"content":{"rendered":"<p style=\"text-align: justify\">Objetivo general:<\/p>\n<p style=\"text-align: justify\">El Programa de Posgrado en Bioqu\u00edmica y Bioprospecci\u00f3n (PPGBBio), en l\u00ednea con el Proyecto de Desarrollo Institucional (PDI) de la UFPel, tiene como objetivo la formaci\u00f3n de recursos humanos calificados para la investigaci\u00f3n y la docencia, as\u00ed como para el desarrollo tecnol\u00f3gico y la innovaci\u00f3n.<\/p>\n<p style=\"text-align: justify\">Objetivos espec\u00edficos:<\/p>\n<ul>\n<li style=\"text-align: justify\">Calificar a los estudiantes para preparar y ejecutar proyectos, orientar a los estudiantes de pregrado, adem\u00e1s de producir y difundir conocimientos dentro del \u00e1rea del programa, permitiendo el otorgamiento de una Maestr\u00eda y \/ o Doctorado en Ciencias con concentraci\u00f3n en Bioqu\u00edmica y Bioprospecci\u00f3n.<\/li>\n<li style=\"text-align: justify\">Calificar a los egresados \u200b\u200bdel M\u00e1ster en PPGBBio, capacit\u00e1ndolos para ingresar a cursos de doctorado, as\u00ed como para actuar en la docencia e investigaci\u00f3n en el \u00e1rea del conocimiento.Formar m\u00e9dicos calificados para la inserci\u00f3n en Instituciones de Docencia, Investigaci\u00f3n y Extensi\u00f3n y en Centros de Investigaci\u00f3n en Brasil y en el exterior.<\/li>\n<li style=\"text-align: justify\">Producir y difundir conocimientos en el \u00e1rea de Bioqu\u00edmica y Bioprospecci\u00f3n en forma de art\u00edculos cient\u00edficos, libros, cap\u00edtulos de libros y \/ o patentes.Transmitir el conocimiento adquirido a trav\u00e9s de la investigaci\u00f3n y \/ o innovaci\u00f3n a la comunidad a trav\u00e9s de proyectos de extensi\u00f3n, desarrollo de materiales cient\u00edfico-pedag\u00f3gicos y atenci\u00f3n a la educaci\u00f3n b\u00e1sica.<\/li>\n<li style=\"text-align: justify\">Brindar un ambiente adecuado para las actividades de los estudiantes de pregrado y posgrado de diferentes \u00e1reas, a trav\u00e9s de su inclusi\u00f3n en los grupos de investigaci\u00f3n del PPGBBio como una forma de incrementar su formaci\u00f3n acad\u00e9mica de manera interdisciplinaria.<\/li>\n<li style=\"text-align: justify\">Cumplir con los objetivos propuestos por el PDI de la UFPel en cuanto a la formaci\u00f3n de recurso humano calificado y mejora de la infraestructura existente para las actividades de docencia e investigaci\u00f3n.<\/li>\n<\/ul>\n<p>&nbsp;<\/p>\n<p style=\"text-align: justify\"><strong>Misi\u00f3n\u00a0<\/strong><\/p>\n<p style=\"text-align: justify\">El Programa de Postgrado en Bioqu\u00edmica y Bioprospecci\u00f3n (PPGBBio) tiene como misi\u00f3n la formaci\u00f3n acad\u00e9mica calificada de maestros y doctores con una visi\u00f3n integrada y multidisciplinar.\u00a0Dentro de la misi\u00f3n y objetivos de PPGBBio, el objetivo es formar profesionales capaces de producir y difundir conocimiento, realizar investigaciones de inter\u00e9s cient\u00edfico y \/ o tecnol\u00f3gico, elaborar y ejecutar proyectos, adem\u00e1s de formaci\u00f3n para la gesti\u00f3n del trabajo en equipo y estimular el emprendimiento.<\/p>\n<p style=\"text-align: justify\">El programa permite la formaci\u00f3n de estudiantes de pregrado y posgrado de los cursos de la UFPel, as\u00ed como de otras instituciones educativas, con formaci\u00f3n enfocada a la investigaci\u00f3n, el desarrollo tecnol\u00f3gico y la innovaci\u00f3n en el \u00e1rea de Ciencias Biol\u00f3gicas II.<\/p>\n<p style=\"text-align: justify\">En concreto, el egresado de la L\u00ednea 1 &#8211; Bioensayos, obtendr\u00e1 los conocimientos para realizar ensayos bioqu\u00edmicos que impliquen la acci\u00f3n biol\u00f3gica de productos de origen sint\u00e9tico y \/ o natural.<\/p>\n<p style=\"text-align: justify\">El egresado de la L\u00ednea 2 &#8211; Toxicolog\u00eda, tendr\u00e1 conocimientos en toxicolog\u00eda en el sentido de evaluar sustancias naturales y \/ o sint\u00e9ticas en su aspecto tecnol\u00f3gico y determinar el impacto ambiental de sustancias.<\/p>\n<p style=\"text-align: justify\">El egresado de la L\u00ednea 3 &#8211; Sustancias Bioactivas, tendr\u00e1 los conocimientos de planificaci\u00f3n y obtenci\u00f3n de sustancias qu\u00edmicas con potencial acci\u00f3n bioqu\u00edmica, biol\u00f3gica y farmacol\u00f3gica, mediante el desarrollo de productos para su aplicaci\u00f3n en el sector sanitario, alimentario o farmac\u00e9utico. As\u00ed, se puede destacar que:<\/p>\n<p style=\"text-align: justify\">&#8211; El M\u00e1ster egresado de las diferentes l\u00edneas del PPGBBio podr\u00e1 ingresar a cursos de doctorado, as\u00ed como actuar en la docencia, investigaci\u00f3n, extensi\u00f3n e innovaci\u00f3n tecnol\u00f3gica en el \u00e1rea del conocimiento. Adem\u00e1s, el m\u00e1ster podr\u00e1 contribuir satisfaciendo las demandas de la sociedad y la comunidad cient\u00edfica.<\/p>\n<p style=\"text-align: justify\">&#8211; El Doctor egresado de las diferentes l\u00edneas del PPGBBio podr\u00e1 actuar en la coordinaci\u00f3n de actividades de docencia, investigaci\u00f3n, innovaci\u00f3n tecnol\u00f3gica y extensi\u00f3n en Brasil y en el exterior, as\u00ed como producir y difundir conocimiento en el \u00e1rea de bioqu\u00edmica y bioprospecci\u00f3n. . Adem\u00e1s, los egresados \u200b\u200bpueden trabajar en la industria y \/ o en instituciones de docencia e investigaci\u00f3n, transmitiendo los conocimientos adquiridos a la sociedad y la comunidad cient\u00edfica en general.<\/p>\n","protected":false},"excerpt":{"rendered":"<p>Objetivo general: El Programa de Posgrado en Bioqu\u00edmica y Bioprospecci\u00f3n (PPGBBio), en l\u00ednea con el Proyecto de Desarrollo Institucional (PDI) de la UFPel, tiene como objetivo la formaci\u00f3n de recursos humanos calificados para la investigaci\u00f3n y la docencia, as\u00ed como para el desarrollo tecnol\u00f3gico y la innovaci\u00f3n. Objetivos espec\u00edficos: Calificar a los estudiantes para preparar [&hellip;]<\/p>\n","protected":false},"author":131,"featured_media":0,"parent":0,"menu_order":0,"comment_status":"closed","ping_status":"closed","template":"","meta":{"footnotes":""},"class_list":["post-4211","page","type-page","status-publish","hentry"],"_links":{"self":[{"href":"https:\/\/wp.ufpel.edu.br\/ppgbbio\/wp-json\/wp\/v2\/pages\/4211","targetHints":{"allow":["GET"]}}],"collection":[{"href":"https:\/\/wp.ufpel.edu.br\/ppgbbio\/wp-json\/wp\/v2\/pages"}],"about":[{"href":"https:\/\/wp.ufpel.edu.br\/ppgbbio\/wp-json\/wp\/v2\/types\/page"}],"author":[{"embeddable":true,"href":"https:\/\/wp.ufpel.edu.br\/ppgbbio\/wp-json\/wp\/v2\/users\/131"}],"replies":[{"embeddable":true,"href":"https:\/\/wp.ufpel.edu.br\/ppgbbio\/wp-json\/wp\/v2\/comments?post=4211"}],"version-history":[{"count":6,"href":"https:\/\/wp.ufpel.edu.br\/ppgbbio\/wp-json\/wp\/v2\/pages\/4211\/revisions"}],"predecessor-version":[{"id":4661,"href":"https:\/\/wp.ufpel.edu.br\/ppgbbio\/wp-json\/wp\/v2\/pages\/4211\/revisions\/4661"}],"wp:attachment":[{"href":"https:\/\/wp.ufpel.edu.br\/ppgbbio\/wp-json\/wp\/v2\/media?parent=4211"}],"curies":[{"name":"wp","href":"https:\/\/api.w.org\/{rel}","templated":true}]}}