{"id":4151,"date":"2021-09-24T11:27:17","date_gmt":"2021-09-24T14:27:17","guid":{"rendered":"https:\/\/wp.ufpel.edu.br\/ppgbbio\/?page_id=4151"},"modified":"2021-09-24T11:27:17","modified_gmt":"2021-09-24T14:27:17","slug":"plano-de-desenvolvimento-institucional","status":"publish","type":"page","link":"https:\/\/wp.ufpel.edu.br\/ppgbbio\/plano-de-desenvolvimento-institucional\/","title":{"rendered":"Plano de Desenvolvimento Institucional"},"content":{"rendered":"<p><a href=\"https:\/\/wp.ufpel.edu.br\/ppgbbio\/files\/2021\/09\/PDI-UFPel-2015-2020.pdf\">PDI-UFPel-2015-2020<\/a><\/p>\n<p><a href=\"https:\/\/wp.ufpel.edu.br\/ppgbbio\/files\/2021\/09\/Resolucao-46-CONSUN.pdf\">Resolucao-46-CONSUN<\/a><\/p>\n<p style=\"text-align: justify\">A elabora\u00e7\u00e3o do pr\u00f3ximo PDI est\u00e1 sendo feita de forma participativa e descentralizada, conforme a metodologia aprovada pelo CONSUN:\u00a0<a href=\"https:\/\/wp.ufpel.edu.br\/pdi\/\" target=\"_blank\" rel=\"nofollow noopener\" data-saferedirecturl=\"https:\/\/www.google.com\/url?q=https:\/\/wp.ufpel.edu.br\/pdi\/&amp;source=gmail&amp;ust=1632573413040000&amp;usg=AFQjCNF1liw8cTVx4BHzNrRXIZS90cZ5Xg\">https:\/\/wp.ufpel.edu.br\/pdi\/<\/a><\/p>\n<p>&nbsp;<\/p>\n","protected":false},"excerpt":{"rendered":"<p>PDI-UFPel-2015-2020 Resolucao-46-CONSUN A elabora\u00e7\u00e3o do pr\u00f3ximo PDI est\u00e1 sendo feita de forma participativa e descentralizada, conforme a metodologia aprovada pelo CONSUN:\u00a0https:\/\/wp.ufpel.edu.br\/pdi\/ &nbsp;<\/p>\n","protected":false},"author":131,"featured_media":0,"parent":0,"menu_order":0,"comment_status":"closed","ping_status":"closed","template":"","meta":{"footnotes":""},"class_list":["post-4151","page","type-page","status-publish","hentry"],"_links":{"self":[{"href":"https:\/\/wp.ufpel.edu.br\/ppgbbio\/wp-json\/wp\/v2\/pages\/4151","targetHints":{"allow":["GET"]}}],"collection":[{"href":"https:\/\/wp.ufpel.edu.br\/ppgbbio\/wp-json\/wp\/v2\/pages"}],"about":[{"href":"https:\/\/wp.ufpel.edu.br\/ppgbbio\/wp-json\/wp\/v2\/types\/page"}],"author":[{"embeddable":true,"href":"https:\/\/wp.ufpel.edu.br\/ppgbbio\/wp-json\/wp\/v2\/users\/131"}],"replies":[{"embeddable":true,"href":"https:\/\/wp.ufpel.edu.br\/ppgbbio\/wp-json\/wp\/v2\/comments?post=4151"}],"version-history":[{"count":2,"href":"https:\/\/wp.ufpel.edu.br\/ppgbbio\/wp-json\/wp\/v2\/pages\/4151\/revisions"}],"predecessor-version":[{"id":4156,"href":"https:\/\/wp.ufpel.edu.br\/ppgbbio\/wp-json\/wp\/v2\/pages\/4151\/revisions\/4156"}],"wp:attachment":[{"href":"https:\/\/wp.ufpel.edu.br\/ppgbbio\/wp-json\/wp\/v2\/media?parent=4151"}],"curies":[{"name":"wp","href":"https:\/\/api.w.org\/{rel}","templated":true}]}}