{"id":4042,"date":"2021-08-13T12:44:28","date_gmt":"2021-08-13T15:44:28","guid":{"rendered":"https:\/\/wp.ufpel.edu.br\/ppgbbio\/?page_id=4042"},"modified":"2024-04-12T18:36:17","modified_gmt":"2024-04-12T21:36:17","slug":"colegiado-e-comissoes","status":"publish","type":"page","link":"https:\/\/wp.ufpel.edu.br\/ppgbbio\/colegiado-e-comissoes\/","title":{"rendered":"Colegiado e comiss\u00f5es"},"content":{"rendered":"<p><a href=\"https:\/\/wp.ufpel.edu.br\/ppgbbio\/files\/2022\/05\/Colegiado-2022.pdf\">Colegiado 2022<\/a><\/p>\n<p><a href=\"https:\/\/wp.ufpel.edu.br\/ppgbbio\/files\/2022\/05\/Comissao-de-Aproveitamento-de-Creditos_2022.pdf\">Comiss\u00e3o de Aproveitamento de Cr\u00e9ditos_2022<\/a><\/p>\n<p><a href=\"https:\/\/wp.ufpel.edu.br\/ppgbbio\/files\/2022\/05\/Comissao-de-Autoavaliacao-e-Planejamento_2022.pdf\">Comiss\u00e3o de Autoavalia\u00e7\u00e3o e Planejamento_<\/a><a href=\"https:\/\/wp.ufpel.edu.br\/ppgbbio\/files\/2022\/05\/Comissao-de-Autoavaliacao-e-Planejamento_2022.pdf\">2022<\/a><\/p>\n<p><a href=\"https:\/\/wp.ufpel.edu.br\/ppgbbio\/files\/2022\/05\/Comissao-de-Avaliacao-do-Regimento_2022.pdf\">Comiss\u00e3o de Avalia\u00e7\u00e3o do Regimento_2022<\/a><\/p>\n<p><a href=\"https:\/\/wp.ufpel.edu.br\/ppgbbio\/files\/2022\/05\/Comissao-de-Bolsas_2022.pdf\">Comiss\u00e3o de Bolsas_2022<\/a><\/p>\n<p><a href=\"https:\/\/wp.ufpel.edu.br\/ppgbbio\/files\/2022\/05\/Comissao-de-Credenciamento_2022.pdf\">Comiss\u00e3o de Credenciamento_2022<\/a><\/p>\n<p><a href=\"https:\/\/wp.ufpel.edu.br\/ppgbbio\/files\/2024\/04\/SEI_23110.015812_2022_21.pdf\">Comiss\u00e3o de Divulga\u00e7\u00e3o_2022<\/a><\/p>\n<p>&nbsp;<\/p>\n<p>&nbsp;<\/p>\n<p>&nbsp;<\/p>\n<p>&nbsp;<\/p>\n","protected":false},"excerpt":{"rendered":"<p>Colegiado 2022 Comiss\u00e3o de Aproveitamento de Cr\u00e9ditos_2022 Comiss\u00e3o de Autoavalia\u00e7\u00e3o e Planejamento_2022 Comiss\u00e3o de Avalia\u00e7\u00e3o do Regimento_2022 Comiss\u00e3o de Bolsas_2022 Comiss\u00e3o de Credenciamento_2022 Comiss\u00e3o de Divulga\u00e7\u00e3o_2022 &nbsp; &nbsp; &nbsp; &nbsp;<\/p>\n","protected":false},"author":131,"featured_media":0,"parent":0,"menu_order":0,"comment_status":"closed","ping_status":"closed","template":"","meta":{"footnotes":""},"class_list":["post-4042","page","type-page","status-publish","hentry"],"_links":{"self":[{"href":"https:\/\/wp.ufpel.edu.br\/ppgbbio\/wp-json\/wp\/v2\/pages\/4042","targetHints":{"allow":["GET"]}}],"collection":[{"href":"https:\/\/wp.ufpel.edu.br\/ppgbbio\/wp-json\/wp\/v2\/pages"}],"about":[{"href":"https:\/\/wp.ufpel.edu.br\/ppgbbio\/wp-json\/wp\/v2\/types\/page"}],"author":[{"embeddable":true,"href":"https:\/\/wp.ufpel.edu.br\/ppgbbio\/wp-json\/wp\/v2\/users\/131"}],"replies":[{"embeddable":true,"href":"https:\/\/wp.ufpel.edu.br\/ppgbbio\/wp-json\/wp\/v2\/comments?post=4042"}],"version-history":[{"count":5,"href":"https:\/\/wp.ufpel.edu.br\/ppgbbio\/wp-json\/wp\/v2\/pages\/4042\/revisions"}],"predecessor-version":[{"id":5375,"href":"https:\/\/wp.ufpel.edu.br\/ppgbbio\/wp-json\/wp\/v2\/pages\/4042\/revisions\/5375"}],"wp:attachment":[{"href":"https:\/\/wp.ufpel.edu.br\/ppgbbio\/wp-json\/wp\/v2\/media?parent=4042"}],"curies":[{"name":"wp","href":"https:\/\/api.w.org\/{rel}","templated":true}]}}