{"id":4023,"date":"2021-08-12T15:32:21","date_gmt":"2021-08-12T18:32:21","guid":{"rendered":"https:\/\/wp.ufpel.edu.br\/ppgbbio\/?page_id=4023"},"modified":"2021-10-01T15:18:25","modified_gmt":"2021-10-01T18:18:25","slug":"alunos","status":"publish","type":"page","link":"https:\/\/wp.ufpel.edu.br\/ppgbbio\/alunos\/","title":{"rendered":"Alunos"},"content":{"rendered":"<p style=\"text-align: justify\">Conhe\u00e7a os alunos que fizeram parte da hist\u00f3ria do PPGBBio e os que cursam atualmente a p\u00f3s-gradua\u00e7\u00e3o <em>Stricto Sensu<\/em> nos n\u00edveis de Mestrado e Doutorado do nosso Programa.<\/p>\n","protected":false},"excerpt":{"rendered":"<p>Conhe\u00e7a os alunos que fizeram parte da hist\u00f3ria do PPGBBio e os que cursam atualmente a p\u00f3s-gradua\u00e7\u00e3o Stricto Sensu nos n\u00edveis de Mestrado e Doutorado do nosso Programa.<\/p>\n","protected":false},"author":131,"featured_media":0,"parent":0,"menu_order":0,"comment_status":"closed","ping_status":"closed","template":"","meta":{"footnotes":""},"class_list":["post-4023","page","type-page","status-publish","hentry"],"_links":{"self":[{"href":"https:\/\/wp.ufpel.edu.br\/ppgbbio\/wp-json\/wp\/v2\/pages\/4023","targetHints":{"allow":["GET"]}}],"collection":[{"href":"https:\/\/wp.ufpel.edu.br\/ppgbbio\/wp-json\/wp\/v2\/pages"}],"about":[{"href":"https:\/\/wp.ufpel.edu.br\/ppgbbio\/wp-json\/wp\/v2\/types\/page"}],"author":[{"embeddable":true,"href":"https:\/\/wp.ufpel.edu.br\/ppgbbio\/wp-json\/wp\/v2\/users\/131"}],"replies":[{"embeddable":true,"href":"https:\/\/wp.ufpel.edu.br\/ppgbbio\/wp-json\/wp\/v2\/comments?post=4023"}],"version-history":[{"count":3,"href":"https:\/\/wp.ufpel.edu.br\/ppgbbio\/wp-json\/wp\/v2\/pages\/4023\/revisions"}],"predecessor-version":[{"id":4520,"href":"https:\/\/wp.ufpel.edu.br\/ppgbbio\/wp-json\/wp\/v2\/pages\/4023\/revisions\/4520"}],"wp:attachment":[{"href":"https:\/\/wp.ufpel.edu.br\/ppgbbio\/wp-json\/wp\/v2\/media?parent=4023"}],"curies":[{"name":"wp","href":"https:\/\/api.w.org\/{rel}","templated":true}]}}